{"id":1879,"date":"2017-03-08T10:32:57","date_gmt":"2017-03-08T09:32:57","guid":{"rendered":"http:\/\/bigbags.com\/?page_id=1879\/"},"modified":"2020-06-16T09:54:54","modified_gmt":"2020-06-16T07:54:54","slug":"sostenibilitat","status":"publish","type":"page","link":"https:\/\/bigbags.com\/ca\/sostenibilitat\/","title":{"rendered":"Sostenibilitat"},"content":{"rendered":"<h1>Sostenibilitat<\/h1>\n<p class=\"lead\">Cap companyia pot construir una reputaci\u00f3 a partir de promeses, sin\u00f3 sobre les accions que ja ha demostrat. Fem el que fem, intentem fer-ho b\u00e9.<\/p>\n<p>La nostra visi\u00f3 \u00e9s incloure totes les parts interessades en la nostra missi\u00f3 per proveir solucions d\u2019embalatge sostenibles, tot minimitzant l\u2019impacte sobre el medi ambient i el desaprofitament de recursos amb valor, i enriquint les comunitats on operem, per deixar un m\u00f3n millor que les generacions futures puguin gaudir.<\/p>\n<p>&nbsp;<\/p>\n<p>Junt amb els nostres socis, busquem contribuir als Objectius de desenvolupament sostenible en assegurar:<\/p>\n<ul>\n<li>Una cadena de subministrament sostenible, incloses fonts d\u2019assortiment i producci\u00f3 sostenible<\/li>\n<li>El benestar de la nostra gent i les comunitats on operem<\/li>\n<li>La minimitzaci\u00f3 de l\u2019impacte sobre el medi ambient<\/li>\n<li>Solucions d\u2019embalatge i innovaci\u00f3 sostenibles<\/li>\n<\/ul>\n<p>Col\u00b7laborem amb els nostres consumidors compartint valors, est\u00e0ndards i responsabilitats per assegurar que tota la cadena compleix amb les demandes de sostenibilitat del mercat. Intentem satisfer o superar les expectacions de l\u2019usuari final i lliurar un avantatge competitiu.<\/p>\n<p>El 2016, LC\u00a0Packaging va fundar la fundaci\u00f3 <a href=\"http:\/\/www.lcsupportsfoundation.com\/#first\">LC\u00a0Supports Foundation<\/a>. L\u2019objectiu d\u2019aquesta fundaci\u00f3 \u00e9s contribuir a la millora del benestar i el medi ambient dels pa\u00efsos i les comunitats on LC\u00a0Packaging est\u00e0 establerta.<\/p>\n<p>Les certificacions de LC\u00a0Packaging inclouen SA\u00a08000, EcoVadis Gold, ISO\u00a014001 i OHSAS\u00a018001 i som membres de Global Compact de les Nacions Unides. Podeu trobar m\u00e9s informaci\u00f3 sobre <a href=\"https:\/\/www.lcpackaging.com\/es\/sustainability-lc\/sustainability-lc-packaging\/\">sostenibilitat <\/a>en la nostra web corporativa.<\/p>\n<hr \/>\n<h2><\/h2>\n<h2>V\u00eddeo de LC Packaging sobre sostenibilitat<\/h2>\n<p><iframe loading=\"lazy\" src=\"https:\/\/www.youtube.com\/embed\/Y0HjsysGXpo\" width=\"100%\" height=\"444\" frameborder=\"0\" allowfullscreen=\"allowfullscreen\"><\/iframe><\/p>\n","protected":false},"excerpt":{"rendered":"<p>Sostenibilitat La nostra visi\u00f3 \u00e9s incloure totes les parts interessades en la nostra missi\u00f3 per proveir solucions d\u2019embalatge sostenibles, tot minimitzant l\u2019impacte sobre el medi ambient i el desaprofitament de recursos amb valor, i enriquint les comunitats on operem, per deixar un m\u00f3n millor que les generacions futures puguin gaudir. &nbsp; Junt amb els nostres [&hellip;]<\/p>\n","protected":false},"author":1,"featured_media":0,"parent":0,"menu_order":0,"comment_status":"closed","ping_status":"closed","template":"","meta":{"inline_featured_image":false},"yoast_head":"<!-- This site is optimized with the Yoast SEO plugin v18.6 - https:\/\/yoast.com\/wordpress\/plugins\/seo\/ -->\n<title>Sostenibilitat &ndash; Bigbags.com<\/title>\n<meta name=\"robots\" content=\"index, follow, max-snippet:-1, max-image-preview:large, max-video-preview:-1\" \/>\n<link rel=\"canonical\" href=\"https:\/\/bigbags.com\/ca\/sostenibilitat\/\" \/>\n<meta property=\"og:locale\" content=\"ca_ES\" \/>\n<meta property=\"og:type\" content=\"article\" \/>\n<meta property=\"og:title\" content=\"Sostenibilitat &ndash; Bigbags.com\" \/>\n<meta property=\"og:description\" content=\"Sostenibilitat La nostra visi\u00f3 \u00e9s incloure totes les parts interessades en la nostra missi\u00f3 per proveir solucions d\u2019embalatge sostenibles, tot minimitzant l\u2019impacte sobre el medi ambient i el desaprofitament de recursos amb valor, i enriquint les comunitats on operem, per deixar un m\u00f3n millor que les generacions futures puguin gaudir. &nbsp; Junt amb els nostres [&hellip;]\" \/>\n<meta property=\"og:url\" content=\"https:\/\/bigbags.com\/ca\/sostenibilitat\/\" \/>\n<meta property=\"og:site_name\" content=\"Bigbags.com\" \/>\n<meta property=\"article:modified_time\" content=\"2020-06-16T07:54:54+00:00\" \/>\n<meta name=\"twitter:card\" content=\"summary\" \/>\n<meta name=\"twitter:label1\" content=\"Temps estimat de lectura\" \/>\n\t<meta name=\"twitter:data1\" content=\"1 minut\" \/>\n<script type=\"application\/ld+json\" class=\"yoast-schema-graph\">{\"@context\":\"https:\/\/schema.org\",\"@graph\":[{\"@type\":\"WebSite\",\"@id\":\"https:\/\/bigbags.com\/#website\",\"url\":\"https:\/\/bigbags.com\/\",\"name\":\"Bigbags.com\",\"description\":\"En nog een WordPress site\",\"potentialAction\":[{\"@type\":\"SearchAction\",\"target\":{\"@type\":\"EntryPoint\",\"urlTemplate\":\"https:\/\/bigbags.com\/?s={search_term_string}\"},\"query-input\":\"required name=search_term_string\"}],\"inLanguage\":\"ca\"},{\"@type\":\"WebPage\",\"@id\":\"https:\/\/bigbags.com\/ca\/sostenibilitat\/#webpage\",\"url\":\"https:\/\/bigbags.com\/ca\/sostenibilitat\/\",\"name\":\"Sostenibilitat &ndash; Bigbags.com\",\"isPartOf\":{\"@id\":\"https:\/\/bigbags.com\/#website\"},\"datePublished\":\"2017-03-08T09:32:57+00:00\",\"dateModified\":\"2020-06-16T07:54:54+00:00\",\"breadcrumb\":{\"@id\":\"https:\/\/bigbags.com\/ca\/sostenibilitat\/#breadcrumb\"},\"inLanguage\":\"ca\",\"potentialAction\":[{\"@type\":\"ReadAction\",\"target\":[\"https:\/\/bigbags.com\/ca\/sostenibilitat\/\"]}]},{\"@type\":\"BreadcrumbList\",\"@id\":\"https:\/\/bigbags.com\/ca\/sostenibilitat\/#breadcrumb\",\"itemListElement\":[{\"@type\":\"ListItem\",\"position\":1,\"name\":\"Home\",\"item\":\"https:\/\/bigbags.com\/ca\/\"},{\"@type\":\"ListItem\",\"position\":2,\"name\":\"Sostenibilitat\"}]}]}<\/script>\n<!-- \/ Yoast SEO plugin. -->","yoast_head_json":{"title":"Sostenibilitat &ndash; Bigbags.com","robots":{"index":"index","follow":"follow","max-snippet":"max-snippet:-1","max-image-preview":"max-image-preview:large","max-video-preview":"max-video-preview:-1"},"canonical":"https:\/\/bigbags.com\/ca\/sostenibilitat\/","og_locale":"ca_ES","og_type":"article","og_title":"Sostenibilitat &ndash; Bigbags.com","og_description":"Sostenibilitat La nostra visi\u00f3 \u00e9s incloure totes les parts interessades en la nostra missi\u00f3 per proveir solucions d\u2019embalatge sostenibles, tot minimitzant l\u2019impacte sobre el medi ambient i el desaprofitament de recursos amb valor, i enriquint les comunitats on operem, per deixar un m\u00f3n millor que les generacions futures puguin gaudir. &nbsp; Junt amb els nostres [&hellip;]","og_url":"https:\/\/bigbags.com\/ca\/sostenibilitat\/","og_site_name":"Bigbags.com","article_modified_time":"2020-06-16T07:54:54+00:00","twitter_card":"summary","twitter_misc":{"Temps estimat de lectura":"1 minut"},"schema":{"@context":"https:\/\/schema.org","@graph":[{"@type":"WebSite","@id":"https:\/\/bigbags.com\/#website","url":"https:\/\/bigbags.com\/","name":"Bigbags.com","description":"En nog een WordPress site","potentialAction":[{"@type":"SearchAction","target":{"@type":"EntryPoint","urlTemplate":"https:\/\/bigbags.com\/?s={search_term_string}"},"query-input":"required name=search_term_string"}],"inLanguage":"ca"},{"@type":"WebPage","@id":"https:\/\/bigbags.com\/ca\/sostenibilitat\/#webpage","url":"https:\/\/bigbags.com\/ca\/sostenibilitat\/","name":"Sostenibilitat &ndash; Bigbags.com","isPartOf":{"@id":"https:\/\/bigbags.com\/#website"},"datePublished":"2017-03-08T09:32:57+00:00","dateModified":"2020-06-16T07:54:54+00:00","breadcrumb":{"@id":"https:\/\/bigbags.com\/ca\/sostenibilitat\/#breadcrumb"},"inLanguage":"ca","potentialAction":[{"@type":"ReadAction","target":["https:\/\/bigbags.com\/ca\/sostenibilitat\/"]}]},{"@type":"BreadcrumbList","@id":"https:\/\/bigbags.com\/ca\/sostenibilitat\/#breadcrumb","itemListElement":[{"@type":"ListItem","position":1,"name":"Home","item":"https:\/\/bigbags.com\/ca\/"},{"@type":"ListItem","position":2,"name":"Sostenibilitat"}]}]}},"_links":{"self":[{"href":"https:\/\/bigbags.com\/ca\/wp-json\/wp\/v2\/pages\/1879"}],"collection":[{"href":"https:\/\/bigbags.com\/ca\/wp-json\/wp\/v2\/pages"}],"about":[{"href":"https:\/\/bigbags.com\/ca\/wp-json\/wp\/v2\/types\/page"}],"author":[{"embeddable":true,"href":"https:\/\/bigbags.com\/ca\/wp-json\/wp\/v2\/users\/1"}],"replies":[{"embeddable":true,"href":"https:\/\/bigbags.com\/ca\/wp-json\/wp\/v2\/comments?post=1879"}],"version-history":[{"count":3,"href":"https:\/\/bigbags.com\/ca\/wp-json\/wp\/v2\/pages\/1879\/revisions"}],"predecessor-version":[{"id":2669,"href":"https:\/\/bigbags.com\/ca\/wp-json\/wp\/v2\/pages\/1879\/revisions\/2669"}],"wp:attachment":[{"href":"https:\/\/bigbags.com\/ca\/wp-json\/wp\/v2\/media?parent=1879"}],"curies":[{"name":"wp","href":"https:\/\/api.w.org\/{rel}","templated":true}]}}