{"id":1885,"date":"2017-03-08T10:37:47","date_gmt":"2017-03-08T09:37:47","guid":{"rendered":"http:\/\/bigbags.com\/?page_id=1885\/"},"modified":"2017-03-14T15:44:10","modified_gmt":"2017-03-14T14:44:10","slug":"els-avantatges-dun-big-bag","status":"publish","type":"page","link":"https:\/\/bigbags.com\/ca\/per-que-escollir-els-nostres-big-bags\/els-avantatges-dun-big-bag\/","title":{"rendered":"Els avantatges d\u2019un Big\u00a0Bag"},"content":{"rendered":"<h2>Els avantatges d\u2019un Big\u00a0Bag<\/h2>\n<p class=\"lead\">Els sacs grans Big Bags \u2014tamb\u00e9 coneguts com FIBC, bulk bags (sacs per a mercaderies a granel) i jumbo bags (sacs extragrans)\u2014 s\u00f3n la soluci\u00f3 perfecta per a l\u2019emmagatzematge temporal i el transport de mercaderies seques a granel. Aix\u00f2 inclou productes en pols, minerals met\u00e0l\u00b7lics, conglomerats i altres mercaderies. Els avantatges dels Big Bags d\u2019una ullada:<\/p>\n<ul>\n<li>Embalatge molt rendible<\/li>\n<li>F\u00e0cil de manipular: optimaci\u00f3 de la log\u00edstica dels vostres consumidors<\/li>\n<li>Compliment total amb els estrictes est\u00e0ndards d\u2019higiene per a productes alimentaris i farmac\u00e8utics<\/li>\n<li>Segur per a carregar fins a mil vegades el seu propi pes<\/li>\n<li>No necessita embalatge secundari<\/li>\n<li>Pes redu\u00eft, espai m\u00ednim: gran estalvi en emmagatzematge<\/li>\n<li>Bosses estampades com a publicitat m\u00f2bil o per indicar informaci\u00f3 essencial del producte<\/li>\n<li>Contribuci\u00f3 a la reducci\u00f3 de residus<\/li>\n<li><a href=\"http:\/\/www.worldbag.com\/es\/\">Reciclatge i recondicionament<\/a><\/li>\n<li>Els Big\u00a0Bags es poden personalitzar segons requisits espec\u00edfics<\/li>\n<\/ul>\n","protected":false},"excerpt":{"rendered":"<p>Els avantatges d\u2019un Big\u00a0Bag Embalatge molt rendible F\u00e0cil de manipular: optimaci\u00f3 de la log\u00edstica dels vostres consumidors Compliment total amb els estrictes est\u00e0ndards d\u2019higiene per a productes alimentaris i farmac\u00e8utics Segur per a carregar fins a mil vegades el seu propi pes No necessita embalatge secundari Pes redu\u00eft, espai m\u00ednim: gran estalvi en emmagatzematge Bosses [&hellip;]<\/p>\n","protected":false},"author":1,"featured_media":0,"parent":1882,"menu_order":0,"comment_status":"closed","ping_status":"closed","template":"","meta":{"inline_featured_image":false},"yoast_head":"<!-- This site is optimized with the Yoast SEO plugin v18.6 - https:\/\/yoast.com\/wordpress\/plugins\/seo\/ -->\n<title>Els avantatges d\u2019un Big\u00a0Bag &ndash; Bigbags.com<\/title>\n<meta name=\"robots\" content=\"index, follow, max-snippet:-1, max-image-preview:large, max-video-preview:-1\" \/>\n<link rel=\"canonical\" href=\"https:\/\/bigbags.com\/ca\/per-que-escollir-els-nostres-big-bags\/els-avantatges-dun-big-bag\/\" \/>\n<meta property=\"og:locale\" content=\"ca_ES\" \/>\n<meta property=\"og:type\" content=\"article\" \/>\n<meta property=\"og:title\" content=\"Els avantatges d\u2019un Big\u00a0Bag &ndash; Bigbags.com\" \/>\n<meta property=\"og:description\" content=\"Els avantatges d\u2019un Big\u00a0Bag Embalatge molt rendible F\u00e0cil de manipular: optimaci\u00f3 de la log\u00edstica dels vostres consumidors Compliment total amb els estrictes est\u00e0ndards d\u2019higiene per a productes alimentaris i farmac\u00e8utics Segur per a carregar fins a mil vegades el seu propi pes No necessita embalatge secundari Pes redu\u00eft, espai m\u00ednim: gran estalvi en emmagatzematge Bosses [&hellip;]\" \/>\n<meta property=\"og:url\" content=\"https:\/\/bigbags.com\/ca\/per-que-escollir-els-nostres-big-bags\/els-avantatges-dun-big-bag\/\" \/>\n<meta property=\"og:site_name\" content=\"Bigbags.com\" \/>\n<meta property=\"article:modified_time\" content=\"2017-03-14T14:44:10+00:00\" \/>\n<meta name=\"twitter:card\" content=\"summary\" \/>\n<meta name=\"twitter:label1\" content=\"Temps estimat de lectura\" \/>\n\t<meta name=\"twitter:data1\" content=\"1 minut\" \/>\n<script type=\"application\/ld+json\" class=\"yoast-schema-graph\">{\"@context\":\"https:\/\/schema.org\",\"@graph\":[{\"@type\":\"WebSite\",\"@id\":\"https:\/\/bigbags.com\/#website\",\"url\":\"https:\/\/bigbags.com\/\",\"name\":\"Bigbags.com\",\"description\":\"En nog een WordPress site\",\"potentialAction\":[{\"@type\":\"SearchAction\",\"target\":{\"@type\":\"EntryPoint\",\"urlTemplate\":\"https:\/\/bigbags.com\/?s={search_term_string}\"},\"query-input\":\"required name=search_term_string\"}],\"inLanguage\":\"ca\"},{\"@type\":\"WebPage\",\"@id\":\"https:\/\/bigbags.com\/ca\/per-que-escollir-els-nostres-big-bags\/els-avantatges-dun-big-bag\/#webpage\",\"url\":\"https:\/\/bigbags.com\/ca\/per-que-escollir-els-nostres-big-bags\/els-avantatges-dun-big-bag\/\",\"name\":\"Els avantatges d\u2019un Big\u00a0Bag &ndash; Bigbags.com\",\"isPartOf\":{\"@id\":\"https:\/\/bigbags.com\/#website\"},\"datePublished\":\"2017-03-08T09:37:47+00:00\",\"dateModified\":\"2017-03-14T14:44:10+00:00\",\"breadcrumb\":{\"@id\":\"https:\/\/bigbags.com\/ca\/per-que-escollir-els-nostres-big-bags\/els-avantatges-dun-big-bag\/#breadcrumb\"},\"inLanguage\":\"ca\",\"potentialAction\":[{\"@type\":\"ReadAction\",\"target\":[\"https:\/\/bigbags.com\/ca\/per-que-escollir-els-nostres-big-bags\/els-avantatges-dun-big-bag\/\"]}]},{\"@type\":\"BreadcrumbList\",\"@id\":\"https:\/\/bigbags.com\/ca\/per-que-escollir-els-nostres-big-bags\/els-avantatges-dun-big-bag\/#breadcrumb\",\"itemListElement\":[{\"@type\":\"ListItem\",\"position\":1,\"name\":\"Home\",\"item\":\"https:\/\/bigbags.com\/ca\/\"},{\"@type\":\"ListItem\",\"position\":2,\"name\":\"Per qu\u00e8 nostres Big\u00a0Bags?\",\"item\":\"https:\/\/bigbags.com\/ca\/per-que-escollir-els-nostres-big-bags\/\"},{\"@type\":\"ListItem\",\"position\":3,\"name\":\"Els avantatges d\u2019un Big\u00a0Bag\"}]}]}<\/script>\n<!-- \/ Yoast SEO plugin. -->","yoast_head_json":{"title":"Els avantatges d\u2019un Big\u00a0Bag &ndash; Bigbags.com","robots":{"index":"index","follow":"follow","max-snippet":"max-snippet:-1","max-image-preview":"max-image-preview:large","max-video-preview":"max-video-preview:-1"},"canonical":"https:\/\/bigbags.com\/ca\/per-que-escollir-els-nostres-big-bags\/els-avantatges-dun-big-bag\/","og_locale":"ca_ES","og_type":"article","og_title":"Els avantatges d\u2019un Big\u00a0Bag &ndash; Bigbags.com","og_description":"Els avantatges d\u2019un Big\u00a0Bag Embalatge molt rendible F\u00e0cil de manipular: optimaci\u00f3 de la log\u00edstica dels vostres consumidors Compliment total amb els estrictes est\u00e0ndards d\u2019higiene per a productes alimentaris i farmac\u00e8utics Segur per a carregar fins a mil vegades el seu propi pes No necessita embalatge secundari Pes redu\u00eft, espai m\u00ednim: gran estalvi en emmagatzematge Bosses [&hellip;]","og_url":"https:\/\/bigbags.com\/ca\/per-que-escollir-els-nostres-big-bags\/els-avantatges-dun-big-bag\/","og_site_name":"Bigbags.com","article_modified_time":"2017-03-14T14:44:10+00:00","twitter_card":"summary","twitter_misc":{"Temps estimat de lectura":"1 minut"},"schema":{"@context":"https:\/\/schema.org","@graph":[{"@type":"WebSite","@id":"https:\/\/bigbags.com\/#website","url":"https:\/\/bigbags.com\/","name":"Bigbags.com","description":"En nog een WordPress site","potentialAction":[{"@type":"SearchAction","target":{"@type":"EntryPoint","urlTemplate":"https:\/\/bigbags.com\/?s={search_term_string}"},"query-input":"required name=search_term_string"}],"inLanguage":"ca"},{"@type":"WebPage","@id":"https:\/\/bigbags.com\/ca\/per-que-escollir-els-nostres-big-bags\/els-avantatges-dun-big-bag\/#webpage","url":"https:\/\/bigbags.com\/ca\/per-que-escollir-els-nostres-big-bags\/els-avantatges-dun-big-bag\/","name":"Els avantatges d\u2019un Big\u00a0Bag &ndash; Bigbags.com","isPartOf":{"@id":"https:\/\/bigbags.com\/#website"},"datePublished":"2017-03-08T09:37:47+00:00","dateModified":"2017-03-14T14:44:10+00:00","breadcrumb":{"@id":"https:\/\/bigbags.com\/ca\/per-que-escollir-els-nostres-big-bags\/els-avantatges-dun-big-bag\/#breadcrumb"},"inLanguage":"ca","potentialAction":[{"@type":"ReadAction","target":["https:\/\/bigbags.com\/ca\/per-que-escollir-els-nostres-big-bags\/els-avantatges-dun-big-bag\/"]}]},{"@type":"BreadcrumbList","@id":"https:\/\/bigbags.com\/ca\/per-que-escollir-els-nostres-big-bags\/els-avantatges-dun-big-bag\/#breadcrumb","itemListElement":[{"@type":"ListItem","position":1,"name":"Home","item":"https:\/\/bigbags.com\/ca\/"},{"@type":"ListItem","position":2,"name":"Per qu\u00e8 nostres Big\u00a0Bags?","item":"https:\/\/bigbags.com\/ca\/per-que-escollir-els-nostres-big-bags\/"},{"@type":"ListItem","position":3,"name":"Els avantatges d\u2019un Big\u00a0Bag"}]}]}},"_links":{"self":[{"href":"https:\/\/bigbags.com\/ca\/wp-json\/wp\/v2\/pages\/1885"}],"collection":[{"href":"https:\/\/bigbags.com\/ca\/wp-json\/wp\/v2\/pages"}],"about":[{"href":"https:\/\/bigbags.com\/ca\/wp-json\/wp\/v2\/types\/page"}],"author":[{"embeddable":true,"href":"https:\/\/bigbags.com\/ca\/wp-json\/wp\/v2\/users\/1"}],"replies":[{"embeddable":true,"href":"https:\/\/bigbags.com\/ca\/wp-json\/wp\/v2\/comments?post=1885"}],"version-history":[{"count":1,"href":"https:\/\/bigbags.com\/ca\/wp-json\/wp\/v2\/pages\/1885\/revisions"}],"predecessor-version":[{"id":1887,"href":"https:\/\/bigbags.com\/ca\/wp-json\/wp\/v2\/pages\/1885\/revisions\/1887"}],"up":[{"embeddable":true,"href":"https:\/\/bigbags.com\/ca\/wp-json\/wp\/v2\/pages\/1882"}],"wp:attachment":[{"href":"https:\/\/bigbags.com\/ca\/wp-json\/wp\/v2\/media?parent=1885"}],"curies":[{"name":"wp","href":"https:\/\/api.w.org\/{rel}","templated":true}]}}