{"id":1891,"date":"2017-03-08T11:36:43","date_gmt":"2017-03-08T10:36:43","guid":{"rendered":"http:\/\/bigbags.com\/?page_id=1891\/"},"modified":"2017-03-16T17:21:27","modified_gmt":"2017-03-16T16:21:27","slug":"consells-dels-nostres-experts-per-treballar-amb-big-bags","status":"publish","type":"page","link":"https:\/\/bigbags.com\/ca\/per-que-escollir-els-nostres-big-bags\/consells-dels-nostres-experts-per-treballar-amb-big-bags\/","title":{"rendered":"Consells dels nostres experts per treballar amb Big\u00a0Bags"},"content":{"rendered":"<h2>Consells dels nostres experts en Big Bags<\/h2>\n<p class=\"lead\">La popularitat dels Big Bags (sacs per a mercaderies a granel, sacs extragrans, FIBC) continua creixent.<\/p>\n<p>S\u00f3n tan vers\u00e0tils que no \u00e9s sorprenent: un Big Bag t\u00e9 molts usos i pot carregar mil vegades el seu propis pes, fins un m\u00e0xim de 2.500 kg per sac. A LC Packaging entenem com cap altre la import\u00e0ncia d\u2019ajudar els nostres clients a usar, transportar, carregar i descarregar els Big Bags de manera correcta i segura. Per obtenir el m\u00e0xim benefici dels Big Bags, els nostres experts us donen els seg\u00fcent consells:<\/p>\n<p><a class=\"btn btnfilled\" href=\"http:\/\/bigbags.com\/ca\/contacte\/\"> Contacteu amb el nostre experts<\/a><\/p>\n<p>&nbsp;<\/p>\n","protected":false},"excerpt":{"rendered":"<p>Consells dels nostres experts en Big Bags S\u00f3n tan vers\u00e0tils que no \u00e9s sorprenent: un Big Bag t\u00e9 molts usos i pot carregar mil vegades el seu propis pes, fins un m\u00e0xim de 2.500 kg per sac. A LC Packaging entenem com cap altre la import\u00e0ncia d\u2019ajudar els nostres clients a usar, transportar, carregar i [&hellip;]<\/p>\n","protected":false},"author":1,"featured_media":0,"parent":1882,"menu_order":0,"comment_status":"closed","ping_status":"closed","template":"page-tips.php","meta":{"inline_featured_image":false},"yoast_head":"<!-- This site is optimized with the Yoast SEO plugin v18.6 - https:\/\/yoast.com\/wordpress\/plugins\/seo\/ -->\n<title>Consells dels nostres experts per treballar amb Big\u00a0Bags &ndash; Bigbags.com<\/title>\n<meta name=\"robots\" content=\"index, follow, max-snippet:-1, max-image-preview:large, max-video-preview:-1\" \/>\n<link rel=\"canonical\" href=\"https:\/\/bigbags.com\/ca\/per-que-escollir-els-nostres-big-bags\/consells-dels-nostres-experts-per-treballar-amb-big-bags\/\" \/>\n<meta property=\"og:locale\" content=\"ca_ES\" \/>\n<meta property=\"og:type\" content=\"article\" \/>\n<meta property=\"og:title\" content=\"Consells dels nostres experts per treballar amb Big\u00a0Bags &ndash; Bigbags.com\" \/>\n<meta property=\"og:description\" content=\"Consells dels nostres experts en Big Bags S\u00f3n tan vers\u00e0tils que no \u00e9s sorprenent: un Big Bag t\u00e9 molts usos i pot carregar mil vegades el seu propis pes, fins un m\u00e0xim de 2.500 kg per sac. A LC Packaging entenem com cap altre la import\u00e0ncia d\u2019ajudar els nostres clients a usar, transportar, carregar i [&hellip;]\" \/>\n<meta property=\"og:url\" content=\"https:\/\/bigbags.com\/ca\/per-que-escollir-els-nostres-big-bags\/consells-dels-nostres-experts-per-treballar-amb-big-bags\/\" \/>\n<meta property=\"og:site_name\" content=\"Bigbags.com\" \/>\n<meta property=\"article:modified_time\" content=\"2017-03-16T16:21:27+00:00\" \/>\n<meta name=\"twitter:card\" content=\"summary\" \/>\n<meta name=\"twitter:label1\" content=\"Temps estimat de lectura\" \/>\n\t<meta name=\"twitter:data1\" content=\"1 minut\" \/>\n<script type=\"application\/ld+json\" class=\"yoast-schema-graph\">{\"@context\":\"https:\/\/schema.org\",\"@graph\":[{\"@type\":\"WebSite\",\"@id\":\"https:\/\/bigbags.com\/#website\",\"url\":\"https:\/\/bigbags.com\/\",\"name\":\"Bigbags.com\",\"description\":\"En nog een WordPress site\",\"potentialAction\":[{\"@type\":\"SearchAction\",\"target\":{\"@type\":\"EntryPoint\",\"urlTemplate\":\"https:\/\/bigbags.com\/?s={search_term_string}\"},\"query-input\":\"required name=search_term_string\"}],\"inLanguage\":\"ca\"},{\"@type\":\"WebPage\",\"@id\":\"https:\/\/bigbags.com\/ca\/per-que-escollir-els-nostres-big-bags\/consells-dels-nostres-experts-per-treballar-amb-big-bags\/#webpage\",\"url\":\"https:\/\/bigbags.com\/ca\/per-que-escollir-els-nostres-big-bags\/consells-dels-nostres-experts-per-treballar-amb-big-bags\/\",\"name\":\"Consells dels nostres experts per treballar amb Big\u00a0Bags &ndash; Bigbags.com\",\"isPartOf\":{\"@id\":\"https:\/\/bigbags.com\/#website\"},\"datePublished\":\"2017-03-08T10:36:43+00:00\",\"dateModified\":\"2017-03-16T16:21:27+00:00\",\"breadcrumb\":{\"@id\":\"https:\/\/bigbags.com\/ca\/per-que-escollir-els-nostres-big-bags\/consells-dels-nostres-experts-per-treballar-amb-big-bags\/#breadcrumb\"},\"inLanguage\":\"ca\",\"potentialAction\":[{\"@type\":\"ReadAction\",\"target\":[\"https:\/\/bigbags.com\/ca\/per-que-escollir-els-nostres-big-bags\/consells-dels-nostres-experts-per-treballar-amb-big-bags\/\"]}]},{\"@type\":\"BreadcrumbList\",\"@id\":\"https:\/\/bigbags.com\/ca\/per-que-escollir-els-nostres-big-bags\/consells-dels-nostres-experts-per-treballar-amb-big-bags\/#breadcrumb\",\"itemListElement\":[{\"@type\":\"ListItem\",\"position\":1,\"name\":\"Home\",\"item\":\"https:\/\/bigbags.com\/ca\/\"},{\"@type\":\"ListItem\",\"position\":2,\"name\":\"Per qu\u00e8 nostres Big\u00a0Bags?\",\"item\":\"https:\/\/bigbags.com\/ca\/per-que-escollir-els-nostres-big-bags\/\"},{\"@type\":\"ListItem\",\"position\":3,\"name\":\"Consells dels nostres experts per treballar amb Big\u00a0Bags\"}]}]}<\/script>\n<!-- \/ Yoast SEO plugin. -->","yoast_head_json":{"title":"Consells dels nostres experts per treballar amb Big\u00a0Bags &ndash; Bigbags.com","robots":{"index":"index","follow":"follow","max-snippet":"max-snippet:-1","max-image-preview":"max-image-preview:large","max-video-preview":"max-video-preview:-1"},"canonical":"https:\/\/bigbags.com\/ca\/per-que-escollir-els-nostres-big-bags\/consells-dels-nostres-experts-per-treballar-amb-big-bags\/","og_locale":"ca_ES","og_type":"article","og_title":"Consells dels nostres experts per treballar amb Big\u00a0Bags &ndash; Bigbags.com","og_description":"Consells dels nostres experts en Big Bags S\u00f3n tan vers\u00e0tils que no \u00e9s sorprenent: un Big Bag t\u00e9 molts usos i pot carregar mil vegades el seu propis pes, fins un m\u00e0xim de 2.500 kg per sac. A LC Packaging entenem com cap altre la import\u00e0ncia d\u2019ajudar els nostres clients a usar, transportar, carregar i [&hellip;]","og_url":"https:\/\/bigbags.com\/ca\/per-que-escollir-els-nostres-big-bags\/consells-dels-nostres-experts-per-treballar-amb-big-bags\/","og_site_name":"Bigbags.com","article_modified_time":"2017-03-16T16:21:27+00:00","twitter_card":"summary","twitter_misc":{"Temps estimat de lectura":"1 minut"},"schema":{"@context":"https:\/\/schema.org","@graph":[{"@type":"WebSite","@id":"https:\/\/bigbags.com\/#website","url":"https:\/\/bigbags.com\/","name":"Bigbags.com","description":"En nog een WordPress site","potentialAction":[{"@type":"SearchAction","target":{"@type":"EntryPoint","urlTemplate":"https:\/\/bigbags.com\/?s={search_term_string}"},"query-input":"required name=search_term_string"}],"inLanguage":"ca"},{"@type":"WebPage","@id":"https:\/\/bigbags.com\/ca\/per-que-escollir-els-nostres-big-bags\/consells-dels-nostres-experts-per-treballar-amb-big-bags\/#webpage","url":"https:\/\/bigbags.com\/ca\/per-que-escollir-els-nostres-big-bags\/consells-dels-nostres-experts-per-treballar-amb-big-bags\/","name":"Consells dels nostres experts per treballar amb Big\u00a0Bags &ndash; Bigbags.com","isPartOf":{"@id":"https:\/\/bigbags.com\/#website"},"datePublished":"2017-03-08T10:36:43+00:00","dateModified":"2017-03-16T16:21:27+00:00","breadcrumb":{"@id":"https:\/\/bigbags.com\/ca\/per-que-escollir-els-nostres-big-bags\/consells-dels-nostres-experts-per-treballar-amb-big-bags\/#breadcrumb"},"inLanguage":"ca","potentialAction":[{"@type":"ReadAction","target":["https:\/\/bigbags.com\/ca\/per-que-escollir-els-nostres-big-bags\/consells-dels-nostres-experts-per-treballar-amb-big-bags\/"]}]},{"@type":"BreadcrumbList","@id":"https:\/\/bigbags.com\/ca\/per-que-escollir-els-nostres-big-bags\/consells-dels-nostres-experts-per-treballar-amb-big-bags\/#breadcrumb","itemListElement":[{"@type":"ListItem","position":1,"name":"Home","item":"https:\/\/bigbags.com\/ca\/"},{"@type":"ListItem","position":2,"name":"Per qu\u00e8 nostres Big\u00a0Bags?","item":"https:\/\/bigbags.com\/ca\/per-que-escollir-els-nostres-big-bags\/"},{"@type":"ListItem","position":3,"name":"Consells dels nostres experts per treballar amb Big\u00a0Bags"}]}]}},"_links":{"self":[{"href":"https:\/\/bigbags.com\/ca\/wp-json\/wp\/v2\/pages\/1891"}],"collection":[{"href":"https:\/\/bigbags.com\/ca\/wp-json\/wp\/v2\/pages"}],"about":[{"href":"https:\/\/bigbags.com\/ca\/wp-json\/wp\/v2\/types\/page"}],"author":[{"embeddable":true,"href":"https:\/\/bigbags.com\/ca\/wp-json\/wp\/v2\/users\/1"}],"replies":[{"embeddable":true,"href":"https:\/\/bigbags.com\/ca\/wp-json\/wp\/v2\/comments?post=1891"}],"version-history":[{"count":2,"href":"https:\/\/bigbags.com\/ca\/wp-json\/wp\/v2\/pages\/1891\/revisions"}],"predecessor-version":[{"id":2157,"href":"https:\/\/bigbags.com\/ca\/wp-json\/wp\/v2\/pages\/1891\/revisions\/2157"}],"up":[{"embeddable":true,"href":"https:\/\/bigbags.com\/ca\/wp-json\/wp\/v2\/pages\/1882"}],"wp:attachment":[{"href":"https:\/\/bigbags.com\/ca\/wp-json\/wp\/v2\/media?parent=1891"}],"curies":[{"name":"wp","href":"https:\/\/api.w.org\/{rel}","templated":true}]}}