{"id":1575,"date":"2017-01-23T12:34:21","date_gmt":"2017-01-23T11:34:21","guid":{"rendered":"http:\/\/bigbags.com\/?page_id=1575\/"},"modified":"2018-12-17T14:48:07","modified_gmt":"2018-12-17T13:48:07","slug":"kontakt","status":"publish","type":"page","link":"https:\/\/bigbags.com\/de\/kontakt\/","title":{"rendered":"Kontakt"},"content":{"rendered":"<h2>Kontaktieren Sie uns f\u00fcr weitere Informationen.<\/h2>\n<p class=\"lead\">Mit unserer bew\u00e4hrten Erfolgsbilanz stellen wir sicher, dass wir f\u00fcr unsere Kunden jeden beliebigen Big Bag f\u00fcr s\u00e4mtliche Anwendungszwecke entwickeln, herstellen und liefern k\u00f6nnen.<\/p>\n<p>Bitte f\u00fcllen Sie das Kontaktformular aus, um einen Kostenvoranschlag anzufordern oder sich beraten zu lassen. Unsere Big Bag-Experten werden Ihre Anfrage schnellstm\u00f6glich bearbeiten.<\/p>\n<p><iframe loading=\"lazy\" src=\"http:\/\/analytics-eu.clickdimensions.com\/lcpackagingnl-aodhd\/pages\/fgnwn1heeipfwanorj9vg.html\" allowtransparency=\"true\" width=\"100%\" height=\"500px\" type=\"text\/html\" frameborder=\"0\" style=\"border:0\"><\/iframe><\/p>\n","protected":false},"excerpt":{"rendered":"<p>Kontaktieren Sie uns f\u00fcr weitere Informationen. Bitte f\u00fcllen Sie das Kontaktformular aus, um einen Kostenvoranschlag anzufordern oder sich beraten zu lassen. Unsere Big Bag-Experten werden Ihre Anfrage schnellstm\u00f6glich bearbeiten.<\/p>\n","protected":false},"author":1,"featured_media":583,"parent":0,"menu_order":0,"comment_status":"closed","ping_status":"closed","template":"","meta":{"inline_featured_image":false},"yoast_head":"<!-- This site is optimized with the Yoast SEO plugin v18.6 - https:\/\/yoast.com\/wordpress\/plugins\/seo\/ -->\n<title>Kontakt &ndash; Bigbags.com<\/title>\n<meta name=\"robots\" content=\"index, follow, max-snippet:-1, max-image-preview:large, max-video-preview:-1\" \/>\n<link rel=\"canonical\" href=\"https:\/\/bigbags.com\/de\/kontakt\/\" \/>\n<meta property=\"og:locale\" content=\"de_DE\" \/>\n<meta property=\"og:type\" content=\"article\" \/>\n<meta property=\"og:title\" content=\"Kontakt &ndash; Bigbags.com\" \/>\n<meta property=\"og:description\" content=\"Kontaktieren Sie uns f\u00fcr weitere Informationen. Bitte f\u00fcllen Sie das Kontaktformular aus, um einen Kostenvoranschlag anzufordern oder sich beraten zu lassen. Unsere Big Bag-Experten werden Ihre Anfrage schnellstm\u00f6glich bearbeiten.\" \/>\n<meta property=\"og:url\" content=\"https:\/\/bigbags.com\/de\/kontakt\/\" \/>\n<meta property=\"og:site_name\" content=\"Bigbags.com\" \/>\n<meta property=\"article:modified_time\" content=\"2018-12-17T13:48:07+00:00\" \/>\n<meta name=\"twitter:card\" content=\"summary\" \/>\n<meta name=\"twitter:image\" content=\"https:\/\/bigbags.com\/wp-content\/uploads\/2016\/12\/contact-1.svg\" \/>\n<script type=\"application\/ld+json\" class=\"yoast-schema-graph\">{\"@context\":\"https:\/\/schema.org\",\"@graph\":[{\"@type\":\"WebSite\",\"@id\":\"https:\/\/bigbags.com\/#website\",\"url\":\"https:\/\/bigbags.com\/\",\"name\":\"Bigbags.com\",\"description\":\"En nog een WordPress site\",\"potentialAction\":[{\"@type\":\"SearchAction\",\"target\":{\"@type\":\"EntryPoint\",\"urlTemplate\":\"https:\/\/bigbags.com\/?s={search_term_string}\"},\"query-input\":\"required name=search_term_string\"}],\"inLanguage\":\"de\"},{\"@type\":\"ImageObject\",\"@id\":\"https:\/\/bigbags.com\/de\/kontakt\/#primaryimage\",\"inLanguage\":\"de\",\"url\":\"https:\/\/bigbags.com\/wp-content\/uploads\/2016\/12\/contact-1.svg\",\"contentUrl\":\"https:\/\/bigbags.com\/wp-content\/uploads\/2016\/12\/contact-1.svg\"},{\"@type\":\"WebPage\",\"@id\":\"https:\/\/bigbags.com\/de\/kontakt\/#webpage\",\"url\":\"https:\/\/bigbags.com\/de\/kontakt\/\",\"name\":\"Kontakt &ndash; Bigbags.com\",\"isPartOf\":{\"@id\":\"https:\/\/bigbags.com\/#website\"},\"primaryImageOfPage\":{\"@id\":\"https:\/\/bigbags.com\/de\/kontakt\/#primaryimage\"},\"datePublished\":\"2017-01-23T11:34:21+00:00\",\"dateModified\":\"2018-12-17T13:48:07+00:00\",\"breadcrumb\":{\"@id\":\"https:\/\/bigbags.com\/de\/kontakt\/#breadcrumb\"},\"inLanguage\":\"de\",\"potentialAction\":[{\"@type\":\"ReadAction\",\"target\":[\"https:\/\/bigbags.com\/de\/kontakt\/\"]}]},{\"@type\":\"BreadcrumbList\",\"@id\":\"https:\/\/bigbags.com\/de\/kontakt\/#breadcrumb\",\"itemListElement\":[{\"@type\":\"ListItem\",\"position\":1,\"name\":\"Home\",\"item\":\"https:\/\/bigbags.com\/de\/\"},{\"@type\":\"ListItem\",\"position\":2,\"name\":\"Kontakt\"}]}]}<\/script>\n<!-- \/ Yoast SEO plugin. -->","yoast_head_json":{"title":"Kontakt &ndash; Bigbags.com","robots":{"index":"index","follow":"follow","max-snippet":"max-snippet:-1","max-image-preview":"max-image-preview:large","max-video-preview":"max-video-preview:-1"},"canonical":"https:\/\/bigbags.com\/de\/kontakt\/","og_locale":"de_DE","og_type":"article","og_title":"Kontakt &ndash; Bigbags.com","og_description":"Kontaktieren Sie uns f\u00fcr weitere Informationen. Bitte f\u00fcllen Sie das Kontaktformular aus, um einen Kostenvoranschlag anzufordern oder sich beraten zu lassen. Unsere Big Bag-Experten werden Ihre Anfrage schnellstm\u00f6glich bearbeiten.","og_url":"https:\/\/bigbags.com\/de\/kontakt\/","og_site_name":"Bigbags.com","article_modified_time":"2018-12-17T13:48:07+00:00","twitter_card":"summary","twitter_image":"https:\/\/bigbags.com\/wp-content\/uploads\/2016\/12\/contact-1.svg","schema":{"@context":"https:\/\/schema.org","@graph":[{"@type":"WebSite","@id":"https:\/\/bigbags.com\/#website","url":"https:\/\/bigbags.com\/","name":"Bigbags.com","description":"En nog een WordPress site","potentialAction":[{"@type":"SearchAction","target":{"@type":"EntryPoint","urlTemplate":"https:\/\/bigbags.com\/?s={search_term_string}"},"query-input":"required name=search_term_string"}],"inLanguage":"de"},{"@type":"ImageObject","@id":"https:\/\/bigbags.com\/de\/kontakt\/#primaryimage","inLanguage":"de","url":"https:\/\/bigbags.com\/wp-content\/uploads\/2016\/12\/contact-1.svg","contentUrl":"https:\/\/bigbags.com\/wp-content\/uploads\/2016\/12\/contact-1.svg"},{"@type":"WebPage","@id":"https:\/\/bigbags.com\/de\/kontakt\/#webpage","url":"https:\/\/bigbags.com\/de\/kontakt\/","name":"Kontakt &ndash; Bigbags.com","isPartOf":{"@id":"https:\/\/bigbags.com\/#website"},"primaryImageOfPage":{"@id":"https:\/\/bigbags.com\/de\/kontakt\/#primaryimage"},"datePublished":"2017-01-23T11:34:21+00:00","dateModified":"2018-12-17T13:48:07+00:00","breadcrumb":{"@id":"https:\/\/bigbags.com\/de\/kontakt\/#breadcrumb"},"inLanguage":"de","potentialAction":[{"@type":"ReadAction","target":["https:\/\/bigbags.com\/de\/kontakt\/"]}]},{"@type":"BreadcrumbList","@id":"https:\/\/bigbags.com\/de\/kontakt\/#breadcrumb","itemListElement":[{"@type":"ListItem","position":1,"name":"Home","item":"https:\/\/bigbags.com\/de\/"},{"@type":"ListItem","position":2,"name":"Kontakt"}]}]}},"_links":{"self":[{"href":"https:\/\/bigbags.com\/de\/wp-json\/wp\/v2\/pages\/1575"}],"collection":[{"href":"https:\/\/bigbags.com\/de\/wp-json\/wp\/v2\/pages"}],"about":[{"href":"https:\/\/bigbags.com\/de\/wp-json\/wp\/v2\/types\/page"}],"author":[{"embeddable":true,"href":"https:\/\/bigbags.com\/de\/wp-json\/wp\/v2\/users\/1"}],"replies":[{"embeddable":true,"href":"https:\/\/bigbags.com\/de\/wp-json\/wp\/v2\/comments?post=1575"}],"version-history":[{"count":4,"href":"https:\/\/bigbags.com\/de\/wp-json\/wp\/v2\/pages\/1575\/revisions"}],"predecessor-version":[{"id":2614,"href":"https:\/\/bigbags.com\/de\/wp-json\/wp\/v2\/pages\/1575\/revisions\/2614"}],"wp:featuredmedia":[{"embeddable":true,"href":"https:\/\/bigbags.com\/de\/wp-json\/wp\/v2\/media\/583"}],"wp:attachment":[{"href":"https:\/\/bigbags.com\/de\/wp-json\/wp\/v2\/media?parent=1575"}],"curies":[{"name":"wp","href":"https:\/\/api.w.org\/{rel}","templated":true}]}}