{"id":1588,"date":"2017-01-23T12:30:52","date_gmt":"2017-01-23T11:30:52","guid":{"rendered":"http:\/\/bigbags.com\/?page_id=1588\/"},"modified":"2017-01-23T12:30:52","modified_gmt":"2017-01-23T11:30:52","slug":"qualitaetssicherung","status":"publish","type":"page","link":"https:\/\/bigbags.com\/de\/qualitaetssicherung\/","title":{"rendered":"Qualit\u00e4tssicherung"},"content":{"rendered":"<h1>Qualit\u00e4tssicherung<\/h1>\n<p class=\"lead\">Bei LC Packaging ist Qualit\u00e4t unser bestes Gesch\u00e4ftsmodell. Qualit\u00e4t bedeutet viel mehr als die St\u00e4rke unserer Verpackungen: Es geht um ein Gesamtpaket.<\/p>\n<p>Das beinhaltet die Materialien, die wir verwenden, die Qualit\u00e4t von Transport und Lagerung sowie die Qualit\u00e4t des Services, den wir anbieten, aber auch die Arbeitsbedingungen, unter denen unsere Verpackungen hergestellt werden, und die Verkleinerung unseres \u00f6kologischen Fu\u00dfabdrucks. Unsere zust\u00e4ndige Qualit\u00e4tsabteilung gew\u00e4hrleistet die Sicherung der Qualit\u00e4t unter allen Aspekten unserer T\u00e4tigkeit. In puncto Qualit\u00e4t bieten wir unseren Kunden:<\/p>\n<ul>\n<li>Einen hohen Qualit\u00e4tsstandard dank einer engagierten Qualit\u00e4tsabteilung.<\/li>\n<li>Die Einhaltung einer Vielzahl erforderlicher Standards.<\/li>\n<li>Zus\u00e4tzliche und noch h\u00f6here Qualit\u00e4tsstandards in der gesamten Kette.<\/li>\n<li>Qualit\u00e4tsberatung zur Erf\u00fcllung Ihres Qualit\u00e4tsprogramms.<\/li>\n<\/ul>\n<p>Wir bei LC Packaging verf\u00fcgen \u00fcber alle erforderlichen Zertifikate, um den richtigen Big\u00a0Bag f\u00fcr jede Branche zu bieten. Dar\u00fcber hinaus erf\u00fcllen unsere Organisation und unsere Verpackungen alle gesetzlichen Bestimmungen und Sicherheitsanforderungen im Rahmen der europ\u00e4ischen Standards.<\/p>\n<p>Weitere Informationen zu unseren <a href=\"http:\/\/de.lcpackaging.com\/konstante-qualit%C3%A4t\">Sicherheitsanforderungen und Zertifikaten<\/a> finden Sie auf der Webseite unseres Unternehmens.<\/p>\n","protected":false},"excerpt":{"rendered":"<p>Qualit\u00e4tssicherung Das beinhaltet die Materialien, die wir verwenden, die Qualit\u00e4t von Transport und Lagerung sowie die Qualit\u00e4t des Services, den wir anbieten, aber auch die Arbeitsbedingungen, unter denen unsere Verpackungen hergestellt werden, und die Verkleinerung unseres \u00f6kologischen Fu\u00dfabdrucks. Unsere zust\u00e4ndige Qualit\u00e4tsabteilung gew\u00e4hrleistet die Sicherung der Qualit\u00e4t unter allen Aspekten unserer T\u00e4tigkeit. In puncto Qualit\u00e4t bieten [&hellip;]<\/p>\n","protected":false},"author":1,"featured_media":0,"parent":0,"menu_order":0,"comment_status":"closed","ping_status":"closed","template":"","meta":{"inline_featured_image":false},"yoast_head":"<!-- This site is optimized with the Yoast SEO plugin v18.6 - https:\/\/yoast.com\/wordpress\/plugins\/seo\/ -->\n<title>Qualit\u00e4tssicherung &ndash; Bigbags.com<\/title>\n<meta name=\"robots\" content=\"index, follow, max-snippet:-1, max-image-preview:large, max-video-preview:-1\" \/>\n<link rel=\"canonical\" href=\"https:\/\/bigbags.com\/de\/qualitaetssicherung\/\" \/>\n<meta property=\"og:locale\" content=\"de_DE\" \/>\n<meta property=\"og:type\" content=\"article\" \/>\n<meta property=\"og:title\" content=\"Qualit\u00e4tssicherung &ndash; Bigbags.com\" \/>\n<meta property=\"og:description\" content=\"Qualit\u00e4tssicherung Das beinhaltet die Materialien, die wir verwenden, die Qualit\u00e4t von Transport und Lagerung sowie die Qualit\u00e4t des Services, den wir anbieten, aber auch die Arbeitsbedingungen, unter denen unsere Verpackungen hergestellt werden, und die Verkleinerung unseres \u00f6kologischen Fu\u00dfabdrucks. Unsere zust\u00e4ndige Qualit\u00e4tsabteilung gew\u00e4hrleistet die Sicherung der Qualit\u00e4t unter allen Aspekten unserer T\u00e4tigkeit. In puncto Qualit\u00e4t bieten [&hellip;]\" \/>\n<meta property=\"og:url\" content=\"https:\/\/bigbags.com\/de\/qualitaetssicherung\/\" \/>\n<meta property=\"og:site_name\" content=\"Bigbags.com\" \/>\n<meta name=\"twitter:card\" content=\"summary\" \/>\n<meta name=\"twitter:label1\" content=\"Gesch\u00e4tzte Lesezeit\" \/>\n\t<meta name=\"twitter:data1\" content=\"1\u00a0Minute\" \/>\n<script type=\"application\/ld+json\" class=\"yoast-schema-graph\">{\"@context\":\"https:\/\/schema.org\",\"@graph\":[{\"@type\":\"WebSite\",\"@id\":\"https:\/\/bigbags.com\/#website\",\"url\":\"https:\/\/bigbags.com\/\",\"name\":\"Bigbags.com\",\"description\":\"En nog een WordPress site\",\"potentialAction\":[{\"@type\":\"SearchAction\",\"target\":{\"@type\":\"EntryPoint\",\"urlTemplate\":\"https:\/\/bigbags.com\/?s={search_term_string}\"},\"query-input\":\"required name=search_term_string\"}],\"inLanguage\":\"de\"},{\"@type\":\"WebPage\",\"@id\":\"https:\/\/bigbags.com\/de\/qualitaetssicherung\/#webpage\",\"url\":\"https:\/\/bigbags.com\/de\/qualitaetssicherung\/\",\"name\":\"Qualit\u00e4tssicherung &ndash; Bigbags.com\",\"isPartOf\":{\"@id\":\"https:\/\/bigbags.com\/#website\"},\"datePublished\":\"2017-01-23T11:30:52+00:00\",\"dateModified\":\"2017-01-23T11:30:52+00:00\",\"breadcrumb\":{\"@id\":\"https:\/\/bigbags.com\/de\/qualitaetssicherung\/#breadcrumb\"},\"inLanguage\":\"de\",\"potentialAction\":[{\"@type\":\"ReadAction\",\"target\":[\"https:\/\/bigbags.com\/de\/qualitaetssicherung\/\"]}]},{\"@type\":\"BreadcrumbList\",\"@id\":\"https:\/\/bigbags.com\/de\/qualitaetssicherung\/#breadcrumb\",\"itemListElement\":[{\"@type\":\"ListItem\",\"position\":1,\"name\":\"Home\",\"item\":\"https:\/\/bigbags.com\/de\/\"},{\"@type\":\"ListItem\",\"position\":2,\"name\":\"Qualit\u00e4tssicherung\"}]}]}<\/script>\n<!-- \/ Yoast SEO plugin. -->","yoast_head_json":{"title":"Qualit\u00e4tssicherung &ndash; Bigbags.com","robots":{"index":"index","follow":"follow","max-snippet":"max-snippet:-1","max-image-preview":"max-image-preview:large","max-video-preview":"max-video-preview:-1"},"canonical":"https:\/\/bigbags.com\/de\/qualitaetssicherung\/","og_locale":"de_DE","og_type":"article","og_title":"Qualit\u00e4tssicherung &ndash; Bigbags.com","og_description":"Qualit\u00e4tssicherung Das beinhaltet die Materialien, die wir verwenden, die Qualit\u00e4t von Transport und Lagerung sowie die Qualit\u00e4t des Services, den wir anbieten, aber auch die Arbeitsbedingungen, unter denen unsere Verpackungen hergestellt werden, und die Verkleinerung unseres \u00f6kologischen Fu\u00dfabdrucks. Unsere zust\u00e4ndige Qualit\u00e4tsabteilung gew\u00e4hrleistet die Sicherung der Qualit\u00e4t unter allen Aspekten unserer T\u00e4tigkeit. In puncto Qualit\u00e4t bieten [&hellip;]","og_url":"https:\/\/bigbags.com\/de\/qualitaetssicherung\/","og_site_name":"Bigbags.com","twitter_card":"summary","twitter_misc":{"Gesch\u00e4tzte Lesezeit":"1\u00a0Minute"},"schema":{"@context":"https:\/\/schema.org","@graph":[{"@type":"WebSite","@id":"https:\/\/bigbags.com\/#website","url":"https:\/\/bigbags.com\/","name":"Bigbags.com","description":"En nog een WordPress site","potentialAction":[{"@type":"SearchAction","target":{"@type":"EntryPoint","urlTemplate":"https:\/\/bigbags.com\/?s={search_term_string}"},"query-input":"required name=search_term_string"}],"inLanguage":"de"},{"@type":"WebPage","@id":"https:\/\/bigbags.com\/de\/qualitaetssicherung\/#webpage","url":"https:\/\/bigbags.com\/de\/qualitaetssicherung\/","name":"Qualit\u00e4tssicherung &ndash; Bigbags.com","isPartOf":{"@id":"https:\/\/bigbags.com\/#website"},"datePublished":"2017-01-23T11:30:52+00:00","dateModified":"2017-01-23T11:30:52+00:00","breadcrumb":{"@id":"https:\/\/bigbags.com\/de\/qualitaetssicherung\/#breadcrumb"},"inLanguage":"de","potentialAction":[{"@type":"ReadAction","target":["https:\/\/bigbags.com\/de\/qualitaetssicherung\/"]}]},{"@type":"BreadcrumbList","@id":"https:\/\/bigbags.com\/de\/qualitaetssicherung\/#breadcrumb","itemListElement":[{"@type":"ListItem","position":1,"name":"Home","item":"https:\/\/bigbags.com\/de\/"},{"@type":"ListItem","position":2,"name":"Qualit\u00e4tssicherung"}]}]}},"_links":{"self":[{"href":"https:\/\/bigbags.com\/de\/wp-json\/wp\/v2\/pages\/1588"}],"collection":[{"href":"https:\/\/bigbags.com\/de\/wp-json\/wp\/v2\/pages"}],"about":[{"href":"https:\/\/bigbags.com\/de\/wp-json\/wp\/v2\/types\/page"}],"author":[{"embeddable":true,"href":"https:\/\/bigbags.com\/de\/wp-json\/wp\/v2\/users\/1"}],"replies":[{"embeddable":true,"href":"https:\/\/bigbags.com\/de\/wp-json\/wp\/v2\/comments?post=1588"}],"version-history":[{"count":2,"href":"https:\/\/bigbags.com\/de\/wp-json\/wp\/v2\/pages\/1588\/revisions"}],"predecessor-version":[{"id":1602,"href":"https:\/\/bigbags.com\/de\/wp-json\/wp\/v2\/pages\/1588\/revisions\/1602"}],"wp:attachment":[{"href":"https:\/\/bigbags.com\/de\/wp-json\/wp\/v2\/media?parent=1588"}],"curies":[{"name":"wp","href":"https:\/\/api.w.org\/{rel}","templated":true}]}}