{"id":1591,"date":"2017-01-23T12:33:51","date_gmt":"2017-01-23T11:33:51","guid":{"rendered":"http:\/\/bigbags.com\/?page_id=1591\/"},"modified":"2017-01-23T12:33:51","modified_gmt":"2017-01-23T11:33:51","slug":"nachhaltigkeit","status":"publish","type":"page","link":"https:\/\/bigbags.com\/de\/nachhaltigkeit\/","title":{"rendered":"Nachhaltigkeit"},"content":{"rendered":"<h1>Nachhaltigkeit<\/h1>\n<p class=\"lead\">Kein Unternehmen kann seine Reputation darauf aufbauen, was es in Zukunft einmal tun wird, sondern nur darauf, was es bereits erreicht hat. Was auch immer wir tun, wir versuchen, es richtig zu machen.<\/p>\n<p>Unsere Vision ist es, alle unsere Stakeholder in unser Bem\u00fchen darum einzubeziehen, nachhaltige Verpackungsl\u00f6sungen bereitzustellen, dabei die Auswirkungen auf die Umwelt und die Verschwendung wertvoller Produkte zu minimieren und gleichzeitig einen Mehrwert f\u00fcr die Gruppen zu schaffen, in denen wir t\u00e4tig sind, damit die n\u00e4chsten Generationen in den Genuss einer besseren Welt kommen.<\/p>\n<p>Gemeinsam mit unseren Partnern streben wir an, zum Erreichen der Ziele f\u00fcr nachhaltige Entwicklung beizutragen, indem wir folgende Punkte gew\u00e4hrleisten:<\/p>\n<ul>\n<li>Eine nachhaltige Versorgungskette, einschlie\u00dflich nachhaltiger Beschaffung und Produktion.<\/li>\n<li>Das Wohlergehen unserer Mitarbeiter und der Gruppen, in denen wir t\u00e4tig sind.<\/li>\n<li>Die Minimierung unseres Einflusses auf die Umwelt.<\/li>\n<li>Nachhaltige Verpackungsl\u00f6sungen und Innovation.<\/li>\n<\/ul>\n<p>Wir gehen mit unseren Kunden eine Partnerschaft hinsichtlich gemeinsamer Werte, Standards und Verantwortlichkeiten ein, damit die gesamte Kette den Marktanforderungen zur Nachhaltigkeit gerecht wird. Unser Ziel ist es, die Erwartungen der Endbenutzer zu erf\u00fcllen oder zu \u00fcbertreffen und ihnen einen Wettbewerbsvorteil zu bieten.<\/p>\n<p>Im Jahr 2016 hat LC Packaging die <a href=\"http:\/\/www.lcsupportsfoundation.com\/#first\">LC Supports Foundation<\/a> gegr\u00fcndet. Ziel dieser gemeinn\u00fctzigen Stiftung ist es, zur Verbesserung des Wohlergehens und der Umwelt in den L\u00e4ndern und Kommunen, in denen LC Packaging aktiv ist, beizutragen.<\/p>\n<p>LC Packaging ist unter anderem gem\u00e4\u00df SA\u00a08000, EcoVadis, ISO\u00a014001 und OHSAS\u00a018001 zertifiziert. Dar\u00fcber hinaus sind wir stolz auf unsere Teilnahme an der UNO-Initiative Global Compact. Weitere Informationen zu <a href=\"http:\/\/de.lcpackaging.com\/nachhaltigkeit\">Nachhaltigkeit <\/a>finden Sie auf der Webseite unseres Unternehmens.<\/p>\n<hr \/>\n<h2><\/h2>\n<h2>Video zu Nachhaltigkeit bei LC Packaging<\/h2>\n<p><iframe loading=\"lazy\" src=\"https:\/\/www.youtube.com\/embed\/Y0HjsysGXpo\" width=\"100%\" height=\"444\" frameborder=\"0\" allowfullscreen=\"allowfullscreen\"><\/iframe><\/p>\n","protected":false},"excerpt":{"rendered":"<p>Nachhaltigkeit Unsere Vision ist es, alle unsere Stakeholder in unser Bem\u00fchen darum einzubeziehen, nachhaltige Verpackungsl\u00f6sungen bereitzustellen, dabei die Auswirkungen auf die Umwelt und die Verschwendung wertvoller Produkte zu minimieren und gleichzeitig einen Mehrwert f\u00fcr die Gruppen zu schaffen, in denen wir t\u00e4tig sind, damit die n\u00e4chsten Generationen in den Genuss einer besseren Welt kommen. Gemeinsam [&hellip;]<\/p>\n","protected":false},"author":1,"featured_media":0,"parent":0,"menu_order":0,"comment_status":"closed","ping_status":"closed","template":"","meta":{"inline_featured_image":false},"yoast_head":"<!-- This site is optimized with the Yoast SEO plugin v18.6 - https:\/\/yoast.com\/wordpress\/plugins\/seo\/ -->\n<title>Nachhaltigkeit &ndash; Bigbags.com<\/title>\n<meta name=\"robots\" content=\"index, follow, max-snippet:-1, max-image-preview:large, max-video-preview:-1\" \/>\n<link rel=\"canonical\" href=\"https:\/\/bigbags.com\/de\/nachhaltigkeit\/\" \/>\n<meta property=\"og:locale\" content=\"de_DE\" \/>\n<meta property=\"og:type\" content=\"article\" \/>\n<meta property=\"og:title\" content=\"Nachhaltigkeit &ndash; Bigbags.com\" \/>\n<meta property=\"og:description\" content=\"Nachhaltigkeit Unsere Vision ist es, alle unsere Stakeholder in unser Bem\u00fchen darum einzubeziehen, nachhaltige Verpackungsl\u00f6sungen bereitzustellen, dabei die Auswirkungen auf die Umwelt und die Verschwendung wertvoller Produkte zu minimieren und gleichzeitig einen Mehrwert f\u00fcr die Gruppen zu schaffen, in denen wir t\u00e4tig sind, damit die n\u00e4chsten Generationen in den Genuss einer besseren Welt kommen. Gemeinsam [&hellip;]\" \/>\n<meta property=\"og:url\" content=\"https:\/\/bigbags.com\/de\/nachhaltigkeit\/\" \/>\n<meta property=\"og:site_name\" content=\"Bigbags.com\" \/>\n<meta name=\"twitter:card\" content=\"summary\" \/>\n<meta name=\"twitter:label1\" content=\"Gesch\u00e4tzte Lesezeit\" \/>\n\t<meta name=\"twitter:data1\" content=\"1\u00a0Minute\" \/>\n<script type=\"application\/ld+json\" class=\"yoast-schema-graph\">{\"@context\":\"https:\/\/schema.org\",\"@graph\":[{\"@type\":\"WebSite\",\"@id\":\"https:\/\/bigbags.com\/#website\",\"url\":\"https:\/\/bigbags.com\/\",\"name\":\"Bigbags.com\",\"description\":\"En nog een WordPress site\",\"potentialAction\":[{\"@type\":\"SearchAction\",\"target\":{\"@type\":\"EntryPoint\",\"urlTemplate\":\"https:\/\/bigbags.com\/?s={search_term_string}\"},\"query-input\":\"required name=search_term_string\"}],\"inLanguage\":\"de\"},{\"@type\":\"WebPage\",\"@id\":\"https:\/\/bigbags.com\/de\/nachhaltigkeit\/#webpage\",\"url\":\"https:\/\/bigbags.com\/de\/nachhaltigkeit\/\",\"name\":\"Nachhaltigkeit &ndash; Bigbags.com\",\"isPartOf\":{\"@id\":\"https:\/\/bigbags.com\/#website\"},\"datePublished\":\"2017-01-23T11:33:51+00:00\",\"dateModified\":\"2017-01-23T11:33:51+00:00\",\"breadcrumb\":{\"@id\":\"https:\/\/bigbags.com\/de\/nachhaltigkeit\/#breadcrumb\"},\"inLanguage\":\"de\",\"potentialAction\":[{\"@type\":\"ReadAction\",\"target\":[\"https:\/\/bigbags.com\/de\/nachhaltigkeit\/\"]}]},{\"@type\":\"BreadcrumbList\",\"@id\":\"https:\/\/bigbags.com\/de\/nachhaltigkeit\/#breadcrumb\",\"itemListElement\":[{\"@type\":\"ListItem\",\"position\":1,\"name\":\"Home\",\"item\":\"https:\/\/bigbags.com\/de\/\"},{\"@type\":\"ListItem\",\"position\":2,\"name\":\"Nachhaltigkeit\"}]}]}<\/script>\n<!-- \/ Yoast SEO plugin. -->","yoast_head_json":{"title":"Nachhaltigkeit &ndash; Bigbags.com","robots":{"index":"index","follow":"follow","max-snippet":"max-snippet:-1","max-image-preview":"max-image-preview:large","max-video-preview":"max-video-preview:-1"},"canonical":"https:\/\/bigbags.com\/de\/nachhaltigkeit\/","og_locale":"de_DE","og_type":"article","og_title":"Nachhaltigkeit &ndash; Bigbags.com","og_description":"Nachhaltigkeit Unsere Vision ist es, alle unsere Stakeholder in unser Bem\u00fchen darum einzubeziehen, nachhaltige Verpackungsl\u00f6sungen bereitzustellen, dabei die Auswirkungen auf die Umwelt und die Verschwendung wertvoller Produkte zu minimieren und gleichzeitig einen Mehrwert f\u00fcr die Gruppen zu schaffen, in denen wir t\u00e4tig sind, damit die n\u00e4chsten Generationen in den Genuss einer besseren Welt kommen. Gemeinsam [&hellip;]","og_url":"https:\/\/bigbags.com\/de\/nachhaltigkeit\/","og_site_name":"Bigbags.com","twitter_card":"summary","twitter_misc":{"Gesch\u00e4tzte Lesezeit":"1\u00a0Minute"},"schema":{"@context":"https:\/\/schema.org","@graph":[{"@type":"WebSite","@id":"https:\/\/bigbags.com\/#website","url":"https:\/\/bigbags.com\/","name":"Bigbags.com","description":"En nog een WordPress site","potentialAction":[{"@type":"SearchAction","target":{"@type":"EntryPoint","urlTemplate":"https:\/\/bigbags.com\/?s={search_term_string}"},"query-input":"required name=search_term_string"}],"inLanguage":"de"},{"@type":"WebPage","@id":"https:\/\/bigbags.com\/de\/nachhaltigkeit\/#webpage","url":"https:\/\/bigbags.com\/de\/nachhaltigkeit\/","name":"Nachhaltigkeit &ndash; Bigbags.com","isPartOf":{"@id":"https:\/\/bigbags.com\/#website"},"datePublished":"2017-01-23T11:33:51+00:00","dateModified":"2017-01-23T11:33:51+00:00","breadcrumb":{"@id":"https:\/\/bigbags.com\/de\/nachhaltigkeit\/#breadcrumb"},"inLanguage":"de","potentialAction":[{"@type":"ReadAction","target":["https:\/\/bigbags.com\/de\/nachhaltigkeit\/"]}]},{"@type":"BreadcrumbList","@id":"https:\/\/bigbags.com\/de\/nachhaltigkeit\/#breadcrumb","itemListElement":[{"@type":"ListItem","position":1,"name":"Home","item":"https:\/\/bigbags.com\/de\/"},{"@type":"ListItem","position":2,"name":"Nachhaltigkeit"}]}]}},"_links":{"self":[{"href":"https:\/\/bigbags.com\/de\/wp-json\/wp\/v2\/pages\/1591"}],"collection":[{"href":"https:\/\/bigbags.com\/de\/wp-json\/wp\/v2\/pages"}],"about":[{"href":"https:\/\/bigbags.com\/de\/wp-json\/wp\/v2\/types\/page"}],"author":[{"embeddable":true,"href":"https:\/\/bigbags.com\/de\/wp-json\/wp\/v2\/users\/1"}],"replies":[{"embeddable":true,"href":"https:\/\/bigbags.com\/de\/wp-json\/wp\/v2\/comments?post=1591"}],"version-history":[{"count":1,"href":"https:\/\/bigbags.com\/de\/wp-json\/wp\/v2\/pages\/1591\/revisions"}],"predecessor-version":[{"id":1593,"href":"https:\/\/bigbags.com\/de\/wp-json\/wp\/v2\/pages\/1591\/revisions\/1593"}],"wp:attachment":[{"href":"https:\/\/bigbags.com\/de\/wp-json\/wp\/v2\/media?parent=1591"}],"curies":[{"name":"wp","href":"https:\/\/api.w.org\/{rel}","templated":true}]}}