{"id":1599,"date":"2017-01-23T12:31:44","date_gmt":"2017-01-23T11:31:44","guid":{"rendered":"http:\/\/bigbags.com\/?page_id=1599\/"},"modified":"2017-01-23T12:31:44","modified_gmt":"2017-01-23T11:31:44","slug":"die-vorteile-eines-big-bags","status":"publish","type":"page","link":"https:\/\/bigbags.com\/de\/warum-unsere-big-bags\/die-vorteile-eines-big-bags\/","title":{"rendered":"Die Vorteile eines Big Bags"},"content":{"rendered":"<h2>Die Vorteile eines Big Bags<\/h2>\n<p class=\"lead\">Big Bags \u2013 auch FIBCs, Bulk Bags oder Jumbo Bags genannt \u2013 sind die ideale L\u00f6sung f\u00fcr die vor\u00fcbergehende Aufbewahrung und den Transport trockener Sch\u00fcttgutprodukte. Dazu geh\u00f6ren Pulver, Mineralerze, Aggregate und andere Inhaltsstoffe. Die Vorteile von Big Bags auf einen Blick:<\/p>\n<ul>\n<li>H\u00f6chst kosteneffiziente Verpackung<\/li>\n<li>Leichte Handhabung \u2013 optimiert Ihre Kundenlogistik<\/li>\n<li>Erf\u00fcllen die strengen Hygienevorschriften f\u00fcr Lebensmittel- und Pharma-Anwendungen in vollem Umfang<\/li>\n<li>Tragen sicher das bis zu Tausendfache ihres Eigengewichts<\/li>\n<li>Keine Umverpackungen erforderlich<\/li>\n<li>Geringes Gewicht, minimaler Platzbedarf\u00a0\u2013 Einsparungen bei der Lagerung<\/li>\n<li>Bedruckte Bags als mobile Werbung und\/oder zur Wiedergabe wichtiger Produktinformationen<\/li>\n<li>Beitrag zur Minimierung von Abfallstr\u00f6men<\/li>\n<li><a href=\"http:\/\/www.worldbag.com\/de\/\">Recycling und Aufarbeitung<\/a><\/li>\n<li>Big Bags lassen sich genau an Ihre spezifischen Bed\u00fcrfnisse anpassen<\/li>\n<\/ul>\n","protected":false},"excerpt":{"rendered":"<p>Die Vorteile eines Big Bags H\u00f6chst kosteneffiziente Verpackung Leichte Handhabung \u2013 optimiert Ihre Kundenlogistik Erf\u00fcllen die strengen Hygienevorschriften f\u00fcr Lebensmittel- und Pharma-Anwendungen in vollem Umfang Tragen sicher das bis zu Tausendfache ihres Eigengewichts Keine Umverpackungen erforderlich Geringes Gewicht, minimaler Platzbedarf\u00a0\u2013 Einsparungen bei der Lagerung Bedruckte Bags als mobile Werbung und\/oder zur Wiedergabe wichtiger Produktinformationen Beitrag [&hellip;]<\/p>\n","protected":false},"author":1,"featured_media":0,"parent":1594,"menu_order":0,"comment_status":"closed","ping_status":"closed","template":"","meta":{"inline_featured_image":false},"yoast_head":"<!-- This site is optimized with the Yoast SEO plugin v18.6 - https:\/\/yoast.com\/wordpress\/plugins\/seo\/ -->\n<title>Die Vorteile eines Big Bags &ndash; Bigbags.com<\/title>\n<meta name=\"robots\" content=\"index, follow, max-snippet:-1, max-image-preview:large, max-video-preview:-1\" \/>\n<link rel=\"canonical\" href=\"https:\/\/bigbags.com\/de\/warum-unsere-big-bags\/die-vorteile-eines-big-bags\/\" \/>\n<meta property=\"og:locale\" content=\"de_DE\" \/>\n<meta property=\"og:type\" content=\"article\" \/>\n<meta property=\"og:title\" content=\"Die Vorteile eines Big Bags &ndash; Bigbags.com\" \/>\n<meta property=\"og:description\" content=\"Die Vorteile eines Big Bags H\u00f6chst kosteneffiziente Verpackung Leichte Handhabung \u2013 optimiert Ihre Kundenlogistik Erf\u00fcllen die strengen Hygienevorschriften f\u00fcr Lebensmittel- und Pharma-Anwendungen in vollem Umfang Tragen sicher das bis zu Tausendfache ihres Eigengewichts Keine Umverpackungen erforderlich Geringes Gewicht, minimaler Platzbedarf\u00a0\u2013 Einsparungen bei der Lagerung Bedruckte Bags als mobile Werbung und\/oder zur Wiedergabe wichtiger Produktinformationen Beitrag [&hellip;]\" \/>\n<meta property=\"og:url\" content=\"https:\/\/bigbags.com\/de\/warum-unsere-big-bags\/die-vorteile-eines-big-bags\/\" \/>\n<meta property=\"og:site_name\" content=\"Bigbags.com\" \/>\n<meta name=\"twitter:card\" content=\"summary\" \/>\n<meta name=\"twitter:label1\" content=\"Gesch\u00e4tzte Lesezeit\" \/>\n\t<meta name=\"twitter:data1\" content=\"1\u00a0Minute\" \/>\n<script type=\"application\/ld+json\" class=\"yoast-schema-graph\">{\"@context\":\"https:\/\/schema.org\",\"@graph\":[{\"@type\":\"WebSite\",\"@id\":\"https:\/\/bigbags.com\/#website\",\"url\":\"https:\/\/bigbags.com\/\",\"name\":\"Bigbags.com\",\"description\":\"En nog een WordPress site\",\"potentialAction\":[{\"@type\":\"SearchAction\",\"target\":{\"@type\":\"EntryPoint\",\"urlTemplate\":\"https:\/\/bigbags.com\/?s={search_term_string}\"},\"query-input\":\"required name=search_term_string\"}],\"inLanguage\":\"de\"},{\"@type\":\"WebPage\",\"@id\":\"https:\/\/bigbags.com\/de\/warum-unsere-big-bags\/die-vorteile-eines-big-bags\/#webpage\",\"url\":\"https:\/\/bigbags.com\/de\/warum-unsere-big-bags\/die-vorteile-eines-big-bags\/\",\"name\":\"Die Vorteile eines Big Bags &ndash; Bigbags.com\",\"isPartOf\":{\"@id\":\"https:\/\/bigbags.com\/#website\"},\"datePublished\":\"2017-01-23T11:31:44+00:00\",\"dateModified\":\"2017-01-23T11:31:44+00:00\",\"breadcrumb\":{\"@id\":\"https:\/\/bigbags.com\/de\/warum-unsere-big-bags\/die-vorteile-eines-big-bags\/#breadcrumb\"},\"inLanguage\":\"de\",\"potentialAction\":[{\"@type\":\"ReadAction\",\"target\":[\"https:\/\/bigbags.com\/de\/warum-unsere-big-bags\/die-vorteile-eines-big-bags\/\"]}]},{\"@type\":\"BreadcrumbList\",\"@id\":\"https:\/\/bigbags.com\/de\/warum-unsere-big-bags\/die-vorteile-eines-big-bags\/#breadcrumb\",\"itemListElement\":[{\"@type\":\"ListItem\",\"position\":1,\"name\":\"Home\",\"item\":\"https:\/\/bigbags.com\/de\/\"},{\"@type\":\"ListItem\",\"position\":2,\"name\":\"Warum unsere Big Bags\",\"item\":\"https:\/\/bigbags.com\/de\/warum-unsere-big-bags\/\"},{\"@type\":\"ListItem\",\"position\":3,\"name\":\"Die Vorteile eines Big Bags\"}]}]}<\/script>\n<!-- \/ Yoast SEO plugin. -->","yoast_head_json":{"title":"Die Vorteile eines Big Bags &ndash; Bigbags.com","robots":{"index":"index","follow":"follow","max-snippet":"max-snippet:-1","max-image-preview":"max-image-preview:large","max-video-preview":"max-video-preview:-1"},"canonical":"https:\/\/bigbags.com\/de\/warum-unsere-big-bags\/die-vorteile-eines-big-bags\/","og_locale":"de_DE","og_type":"article","og_title":"Die Vorteile eines Big Bags &ndash; Bigbags.com","og_description":"Die Vorteile eines Big Bags H\u00f6chst kosteneffiziente Verpackung Leichte Handhabung \u2013 optimiert Ihre Kundenlogistik Erf\u00fcllen die strengen Hygienevorschriften f\u00fcr Lebensmittel- und Pharma-Anwendungen in vollem Umfang Tragen sicher das bis zu Tausendfache ihres Eigengewichts Keine Umverpackungen erforderlich Geringes Gewicht, minimaler Platzbedarf\u00a0\u2013 Einsparungen bei der Lagerung Bedruckte Bags als mobile Werbung und\/oder zur Wiedergabe wichtiger Produktinformationen Beitrag [&hellip;]","og_url":"https:\/\/bigbags.com\/de\/warum-unsere-big-bags\/die-vorteile-eines-big-bags\/","og_site_name":"Bigbags.com","twitter_card":"summary","twitter_misc":{"Gesch\u00e4tzte Lesezeit":"1\u00a0Minute"},"schema":{"@context":"https:\/\/schema.org","@graph":[{"@type":"WebSite","@id":"https:\/\/bigbags.com\/#website","url":"https:\/\/bigbags.com\/","name":"Bigbags.com","description":"En nog een WordPress site","potentialAction":[{"@type":"SearchAction","target":{"@type":"EntryPoint","urlTemplate":"https:\/\/bigbags.com\/?s={search_term_string}"},"query-input":"required name=search_term_string"}],"inLanguage":"de"},{"@type":"WebPage","@id":"https:\/\/bigbags.com\/de\/warum-unsere-big-bags\/die-vorteile-eines-big-bags\/#webpage","url":"https:\/\/bigbags.com\/de\/warum-unsere-big-bags\/die-vorteile-eines-big-bags\/","name":"Die Vorteile eines Big Bags &ndash; Bigbags.com","isPartOf":{"@id":"https:\/\/bigbags.com\/#website"},"datePublished":"2017-01-23T11:31:44+00:00","dateModified":"2017-01-23T11:31:44+00:00","breadcrumb":{"@id":"https:\/\/bigbags.com\/de\/warum-unsere-big-bags\/die-vorteile-eines-big-bags\/#breadcrumb"},"inLanguage":"de","potentialAction":[{"@type":"ReadAction","target":["https:\/\/bigbags.com\/de\/warum-unsere-big-bags\/die-vorteile-eines-big-bags\/"]}]},{"@type":"BreadcrumbList","@id":"https:\/\/bigbags.com\/de\/warum-unsere-big-bags\/die-vorteile-eines-big-bags\/#breadcrumb","itemListElement":[{"@type":"ListItem","position":1,"name":"Home","item":"https:\/\/bigbags.com\/de\/"},{"@type":"ListItem","position":2,"name":"Warum unsere Big Bags","item":"https:\/\/bigbags.com\/de\/warum-unsere-big-bags\/"},{"@type":"ListItem","position":3,"name":"Die Vorteile eines Big Bags"}]}]}},"_links":{"self":[{"href":"https:\/\/bigbags.com\/de\/wp-json\/wp\/v2\/pages\/1599"}],"collection":[{"href":"https:\/\/bigbags.com\/de\/wp-json\/wp\/v2\/pages"}],"about":[{"href":"https:\/\/bigbags.com\/de\/wp-json\/wp\/v2\/types\/page"}],"author":[{"embeddable":true,"href":"https:\/\/bigbags.com\/de\/wp-json\/wp\/v2\/users\/1"}],"replies":[{"embeddable":true,"href":"https:\/\/bigbags.com\/de\/wp-json\/wp\/v2\/comments?post=1599"}],"version-history":[{"count":1,"href":"https:\/\/bigbags.com\/de\/wp-json\/wp\/v2\/pages\/1599\/revisions"}],"predecessor-version":[{"id":1601,"href":"https:\/\/bigbags.com\/de\/wp-json\/wp\/v2\/pages\/1599\/revisions\/1601"}],"up":[{"embeddable":true,"href":"https:\/\/bigbags.com\/de\/wp-json\/wp\/v2\/pages\/1594"}],"wp:attachment":[{"href":"https:\/\/bigbags.com\/de\/wp-json\/wp\/v2\/media?parent=1599"}],"curies":[{"name":"wp","href":"https:\/\/api.w.org\/{rel}","templated":true}]}}