{"id":1606,"date":"2017-01-23T12:29:06","date_gmt":"2017-01-23T11:29:06","guid":{"rendered":"http:\/\/bigbags.com\/?page_id=1606\/"},"modified":"2017-03-16T17:23:30","modified_gmt":"2017-03-16T16:23:30","slug":"unsere-expertentipps-zur-handhabung-von-big-bags","status":"publish","type":"page","link":"https:\/\/bigbags.com\/de\/warum-unsere-big-bags\/unsere-expertentipps-zur-handhabung-von-big-bags\/","title":{"rendered":"Unsere Expertentipps zur Handhabung von Big Bags"},"content":{"rendered":"<h2>Tipps von unseren Big Bag-Experten<\/h2>\n<p class=\"lead\">Big Bags (Bulk Bags, FIBCs, Jumbo Bags) erfreuen sich zunehmender Beliebtheit.<\/p>\n<p>Dank ihrer gro\u00dfen Vielseitigkeit \u00fcberrascht das auch nicht: Ein FIBC kann auf zahlreiche unterschiedliche Weisen verwendet werden und das Tausendfache seines Eigengewichts tragen, bis zu etwa 2.500 kg pro FIBC. Wir von LC Packaging sind uns wie kein anderer der Tatsache bewusst, wie wichtig es ist, dass unsere Kunden ihre FIBCs korrekt verwenden und somit Sicherheit bei Transport, Beladen und Entladen gew\u00e4hrleistet wird. Damit Sie die Vorteile von Big Bags optimal nutzen k\u00f6nnen, haben unsere Experten die folgenden Tipps f\u00fcr Sie notiert:<\/p>\n<p><a class=\"btn btnfilled\" href=\"http:\/\/bigbags.com\/de\/kontakt\/\"> Wenden Sie sich an unsere Experten<\/a><\/p>\n","protected":false},"excerpt":{"rendered":"<p>Tipps von unseren Big Bag-Experten Dank ihrer gro\u00dfen Vielseitigkeit \u00fcberrascht das auch nicht: Ein FIBC kann auf zahlreiche unterschiedliche Weisen verwendet werden und das Tausendfache seines Eigengewichts tragen, bis zu etwa 2.500 kg pro FIBC. Wir von LC Packaging sind uns wie kein anderer der Tatsache bewusst, wie wichtig es ist, dass unsere Kunden ihre [&hellip;]<\/p>\n","protected":false},"author":1,"featured_media":0,"parent":1594,"menu_order":0,"comment_status":"closed","ping_status":"closed","template":"page-tips.php","meta":{"inline_featured_image":false},"yoast_head":"<!-- This site is optimized with the Yoast SEO plugin v18.6 - https:\/\/yoast.com\/wordpress\/plugins\/seo\/ -->\n<title>Unsere Expertentipps zur Handhabung von Big Bags &ndash; Bigbags.com<\/title>\n<meta name=\"robots\" content=\"index, follow, max-snippet:-1, max-image-preview:large, max-video-preview:-1\" \/>\n<link rel=\"canonical\" href=\"https:\/\/bigbags.com\/de\/warum-unsere-big-bags\/unsere-expertentipps-zur-handhabung-von-big-bags\/\" \/>\n<meta property=\"og:locale\" content=\"de_DE\" \/>\n<meta property=\"og:type\" content=\"article\" \/>\n<meta property=\"og:title\" content=\"Unsere Expertentipps zur Handhabung von Big Bags &ndash; Bigbags.com\" \/>\n<meta property=\"og:description\" content=\"Tipps von unseren Big Bag-Experten Dank ihrer gro\u00dfen Vielseitigkeit \u00fcberrascht das auch nicht: Ein FIBC kann auf zahlreiche unterschiedliche Weisen verwendet werden und das Tausendfache seines Eigengewichts tragen, bis zu etwa 2.500 kg pro FIBC. Wir von LC Packaging sind uns wie kein anderer der Tatsache bewusst, wie wichtig es ist, dass unsere Kunden ihre [&hellip;]\" \/>\n<meta property=\"og:url\" content=\"https:\/\/bigbags.com\/de\/warum-unsere-big-bags\/unsere-expertentipps-zur-handhabung-von-big-bags\/\" \/>\n<meta property=\"og:site_name\" content=\"Bigbags.com\" \/>\n<meta property=\"article:modified_time\" content=\"2017-03-16T16:23:30+00:00\" \/>\n<meta name=\"twitter:card\" content=\"summary\" \/>\n<meta name=\"twitter:label1\" content=\"Gesch\u00e4tzte Lesezeit\" \/>\n\t<meta name=\"twitter:data1\" content=\"1\u00a0Minute\" \/>\n<script type=\"application\/ld+json\" class=\"yoast-schema-graph\">{\"@context\":\"https:\/\/schema.org\",\"@graph\":[{\"@type\":\"WebSite\",\"@id\":\"https:\/\/bigbags.com\/#website\",\"url\":\"https:\/\/bigbags.com\/\",\"name\":\"Bigbags.com\",\"description\":\"En nog een WordPress site\",\"potentialAction\":[{\"@type\":\"SearchAction\",\"target\":{\"@type\":\"EntryPoint\",\"urlTemplate\":\"https:\/\/bigbags.com\/?s={search_term_string}\"},\"query-input\":\"required name=search_term_string\"}],\"inLanguage\":\"de\"},{\"@type\":\"WebPage\",\"@id\":\"https:\/\/bigbags.com\/de\/warum-unsere-big-bags\/unsere-expertentipps-zur-handhabung-von-big-bags\/#webpage\",\"url\":\"https:\/\/bigbags.com\/de\/warum-unsere-big-bags\/unsere-expertentipps-zur-handhabung-von-big-bags\/\",\"name\":\"Unsere Expertentipps zur Handhabung von Big Bags &ndash; Bigbags.com\",\"isPartOf\":{\"@id\":\"https:\/\/bigbags.com\/#website\"},\"datePublished\":\"2017-01-23T11:29:06+00:00\",\"dateModified\":\"2017-03-16T16:23:30+00:00\",\"breadcrumb\":{\"@id\":\"https:\/\/bigbags.com\/de\/warum-unsere-big-bags\/unsere-expertentipps-zur-handhabung-von-big-bags\/#breadcrumb\"},\"inLanguage\":\"de\",\"potentialAction\":[{\"@type\":\"ReadAction\",\"target\":[\"https:\/\/bigbags.com\/de\/warum-unsere-big-bags\/unsere-expertentipps-zur-handhabung-von-big-bags\/\"]}]},{\"@type\":\"BreadcrumbList\",\"@id\":\"https:\/\/bigbags.com\/de\/warum-unsere-big-bags\/unsere-expertentipps-zur-handhabung-von-big-bags\/#breadcrumb\",\"itemListElement\":[{\"@type\":\"ListItem\",\"position\":1,\"name\":\"Home\",\"item\":\"https:\/\/bigbags.com\/de\/\"},{\"@type\":\"ListItem\",\"position\":2,\"name\":\"Warum unsere Big Bags\",\"item\":\"https:\/\/bigbags.com\/de\/warum-unsere-big-bags\/\"},{\"@type\":\"ListItem\",\"position\":3,\"name\":\"Unsere Expertentipps zur Handhabung von Big Bags\"}]}]}<\/script>\n<!-- \/ Yoast SEO plugin. -->","yoast_head_json":{"title":"Unsere Expertentipps zur Handhabung von Big Bags &ndash; Bigbags.com","robots":{"index":"index","follow":"follow","max-snippet":"max-snippet:-1","max-image-preview":"max-image-preview:large","max-video-preview":"max-video-preview:-1"},"canonical":"https:\/\/bigbags.com\/de\/warum-unsere-big-bags\/unsere-expertentipps-zur-handhabung-von-big-bags\/","og_locale":"de_DE","og_type":"article","og_title":"Unsere Expertentipps zur Handhabung von Big Bags &ndash; Bigbags.com","og_description":"Tipps von unseren Big Bag-Experten Dank ihrer gro\u00dfen Vielseitigkeit \u00fcberrascht das auch nicht: Ein FIBC kann auf zahlreiche unterschiedliche Weisen verwendet werden und das Tausendfache seines Eigengewichts tragen, bis zu etwa 2.500 kg pro FIBC. Wir von LC Packaging sind uns wie kein anderer der Tatsache bewusst, wie wichtig es ist, dass unsere Kunden ihre [&hellip;]","og_url":"https:\/\/bigbags.com\/de\/warum-unsere-big-bags\/unsere-expertentipps-zur-handhabung-von-big-bags\/","og_site_name":"Bigbags.com","article_modified_time":"2017-03-16T16:23:30+00:00","twitter_card":"summary","twitter_misc":{"Gesch\u00e4tzte Lesezeit":"1\u00a0Minute"},"schema":{"@context":"https:\/\/schema.org","@graph":[{"@type":"WebSite","@id":"https:\/\/bigbags.com\/#website","url":"https:\/\/bigbags.com\/","name":"Bigbags.com","description":"En nog een WordPress site","potentialAction":[{"@type":"SearchAction","target":{"@type":"EntryPoint","urlTemplate":"https:\/\/bigbags.com\/?s={search_term_string}"},"query-input":"required name=search_term_string"}],"inLanguage":"de"},{"@type":"WebPage","@id":"https:\/\/bigbags.com\/de\/warum-unsere-big-bags\/unsere-expertentipps-zur-handhabung-von-big-bags\/#webpage","url":"https:\/\/bigbags.com\/de\/warum-unsere-big-bags\/unsere-expertentipps-zur-handhabung-von-big-bags\/","name":"Unsere Expertentipps zur Handhabung von Big Bags &ndash; Bigbags.com","isPartOf":{"@id":"https:\/\/bigbags.com\/#website"},"datePublished":"2017-01-23T11:29:06+00:00","dateModified":"2017-03-16T16:23:30+00:00","breadcrumb":{"@id":"https:\/\/bigbags.com\/de\/warum-unsere-big-bags\/unsere-expertentipps-zur-handhabung-von-big-bags\/#breadcrumb"},"inLanguage":"de","potentialAction":[{"@type":"ReadAction","target":["https:\/\/bigbags.com\/de\/warum-unsere-big-bags\/unsere-expertentipps-zur-handhabung-von-big-bags\/"]}]},{"@type":"BreadcrumbList","@id":"https:\/\/bigbags.com\/de\/warum-unsere-big-bags\/unsere-expertentipps-zur-handhabung-von-big-bags\/#breadcrumb","itemListElement":[{"@type":"ListItem","position":1,"name":"Home","item":"https:\/\/bigbags.com\/de\/"},{"@type":"ListItem","position":2,"name":"Warum unsere Big Bags","item":"https:\/\/bigbags.com\/de\/warum-unsere-big-bags\/"},{"@type":"ListItem","position":3,"name":"Unsere Expertentipps zur Handhabung von Big Bags"}]}]}},"_links":{"self":[{"href":"https:\/\/bigbags.com\/de\/wp-json\/wp\/v2\/pages\/1606"}],"collection":[{"href":"https:\/\/bigbags.com\/de\/wp-json\/wp\/v2\/pages"}],"about":[{"href":"https:\/\/bigbags.com\/de\/wp-json\/wp\/v2\/types\/page"}],"author":[{"embeddable":true,"href":"https:\/\/bigbags.com\/de\/wp-json\/wp\/v2\/users\/1"}],"replies":[{"embeddable":true,"href":"https:\/\/bigbags.com\/de\/wp-json\/wp\/v2\/comments?post=1606"}],"version-history":[{"count":3,"href":"https:\/\/bigbags.com\/de\/wp-json\/wp\/v2\/pages\/1606\/revisions"}],"predecessor-version":[{"id":2393,"href":"https:\/\/bigbags.com\/de\/wp-json\/wp\/v2\/pages\/1606\/revisions\/2393"}],"up":[{"embeddable":true,"href":"https:\/\/bigbags.com\/de\/wp-json\/wp\/v2\/pages\/1594"}],"wp:attachment":[{"href":"https:\/\/bigbags.com\/de\/wp-json\/wp\/v2\/media?parent=1606"}],"curies":[{"name":"wp","href":"https:\/\/api.w.org\/{rel}","templated":true}]}}