{"id":1639,"date":"2017-01-23T14:42:49","date_gmt":"2017-01-23T13:42:49","guid":{"rendered":"http:\/\/bigbags.com\/?page_id=1639\/"},"modified":"2018-12-17T14:55:42","modified_gmt":"2018-12-17T13:55:42","slug":"contacto","status":"publish","type":"page","link":"https:\/\/bigbags.com\/es\/contacto\/","title":{"rendered":"Contacto"},"content":{"rendered":"<h2>Para m\u00e1s informaci\u00f3n, p\u00f3ngase en contacto con nosotros<\/h2>\n<p class=\"lead\">Gracias a nuestra experiencia demostrada, garantizamos a nuestros clientes el dise\u00f1o, producci\u00f3n y entrega de cualquier Big Bag que puedan necesitar para sus prop\u00f3sitos.<\/p>\n<p>Rellene el formulario de contacto para solicitar un presupuesto o pedir asesoramiento. Nuestros expertos en Big Bags responder\u00e1n a su petici\u00f3n a la mayor brevedad posible.<\/p>\n<p><iframe loading=\"lazy\" src=\"http:\/\/analytics-eu.clickdimensions.com\/lcpackagingnl-aodhd\/pages\/vktid1heeipiqanorj6qw.html\" allowtransparency=\"true\" width=\"100%\" height=\"500px\" type=\"text\/html\" frameborder=\"0\" style=\"border:0\"><\/iframe><\/p>\n","protected":false},"excerpt":{"rendered":"<p>Para m\u00e1s informaci\u00f3n, p\u00f3ngase en contacto con nosotros Rellene el formulario de contacto para solicitar un presupuesto o pedir asesoramiento. Nuestros expertos en Big Bags responder\u00e1n a su petici\u00f3n a la mayor brevedad posible.<\/p>\n","protected":false},"author":1,"featured_media":583,"parent":0,"menu_order":0,"comment_status":"closed","ping_status":"closed","template":"","meta":{"inline_featured_image":false},"yoast_head":"<!-- This site is optimized with the Yoast SEO plugin v18.6 - https:\/\/yoast.com\/wordpress\/plugins\/seo\/ -->\n<title>Contacto &ndash; Bigbags.com<\/title>\n<meta name=\"robots\" content=\"index, follow, max-snippet:-1, max-image-preview:large, max-video-preview:-1\" \/>\n<link rel=\"canonical\" href=\"https:\/\/bigbags.com\/es\/contacto\/\" \/>\n<meta property=\"og:locale\" content=\"es_ES\" \/>\n<meta property=\"og:type\" content=\"article\" \/>\n<meta property=\"og:title\" content=\"Contacto &ndash; Bigbags.com\" \/>\n<meta property=\"og:description\" content=\"Para m\u00e1s informaci\u00f3n, p\u00f3ngase en contacto con nosotros Rellene el formulario de contacto para solicitar un presupuesto o pedir asesoramiento. Nuestros expertos en Big Bags responder\u00e1n a su petici\u00f3n a la mayor brevedad posible.\" \/>\n<meta property=\"og:url\" content=\"https:\/\/bigbags.com\/es\/contacto\/\" \/>\n<meta property=\"og:site_name\" content=\"Bigbags.com\" \/>\n<meta property=\"article:modified_time\" content=\"2018-12-17T13:55:42+00:00\" \/>\n<meta name=\"twitter:card\" content=\"summary\" \/>\n<meta name=\"twitter:image\" content=\"https:\/\/bigbags.com\/wp-content\/uploads\/2016\/12\/contact-1.svg\" \/>\n<script type=\"application\/ld+json\" class=\"yoast-schema-graph\">{\"@context\":\"https:\/\/schema.org\",\"@graph\":[{\"@type\":\"WebSite\",\"@id\":\"https:\/\/bigbags.com\/#website\",\"url\":\"https:\/\/bigbags.com\/\",\"name\":\"Bigbags.com\",\"description\":\"En nog een WordPress site\",\"potentialAction\":[{\"@type\":\"SearchAction\",\"target\":{\"@type\":\"EntryPoint\",\"urlTemplate\":\"https:\/\/bigbags.com\/?s={search_term_string}\"},\"query-input\":\"required name=search_term_string\"}],\"inLanguage\":\"es\"},{\"@type\":\"ImageObject\",\"@id\":\"https:\/\/bigbags.com\/es\/contacto\/#primaryimage\",\"inLanguage\":\"es\",\"url\":\"https:\/\/bigbags.com\/wp-content\/uploads\/2016\/12\/contact-1.svg\",\"contentUrl\":\"https:\/\/bigbags.com\/wp-content\/uploads\/2016\/12\/contact-1.svg\"},{\"@type\":\"WebPage\",\"@id\":\"https:\/\/bigbags.com\/es\/contacto\/#webpage\",\"url\":\"https:\/\/bigbags.com\/es\/contacto\/\",\"name\":\"Contacto &ndash; Bigbags.com\",\"isPartOf\":{\"@id\":\"https:\/\/bigbags.com\/#website\"},\"primaryImageOfPage\":{\"@id\":\"https:\/\/bigbags.com\/es\/contacto\/#primaryimage\"},\"datePublished\":\"2017-01-23T13:42:49+00:00\",\"dateModified\":\"2018-12-17T13:55:42+00:00\",\"breadcrumb\":{\"@id\":\"https:\/\/bigbags.com\/es\/contacto\/#breadcrumb\"},\"inLanguage\":\"es\",\"potentialAction\":[{\"@type\":\"ReadAction\",\"target\":[\"https:\/\/bigbags.com\/es\/contacto\/\"]}]},{\"@type\":\"BreadcrumbList\",\"@id\":\"https:\/\/bigbags.com\/es\/contacto\/#breadcrumb\",\"itemListElement\":[{\"@type\":\"ListItem\",\"position\":1,\"name\":\"Home\",\"item\":\"https:\/\/bigbags.com\/es\/\"},{\"@type\":\"ListItem\",\"position\":2,\"name\":\"Contacto\"}]}]}<\/script>\n<!-- \/ Yoast SEO plugin. -->","yoast_head_json":{"title":"Contacto &ndash; Bigbags.com","robots":{"index":"index","follow":"follow","max-snippet":"max-snippet:-1","max-image-preview":"max-image-preview:large","max-video-preview":"max-video-preview:-1"},"canonical":"https:\/\/bigbags.com\/es\/contacto\/","og_locale":"es_ES","og_type":"article","og_title":"Contacto &ndash; Bigbags.com","og_description":"Para m\u00e1s informaci\u00f3n, p\u00f3ngase en contacto con nosotros Rellene el formulario de contacto para solicitar un presupuesto o pedir asesoramiento. Nuestros expertos en Big Bags responder\u00e1n a su petici\u00f3n a la mayor brevedad posible.","og_url":"https:\/\/bigbags.com\/es\/contacto\/","og_site_name":"Bigbags.com","article_modified_time":"2018-12-17T13:55:42+00:00","twitter_card":"summary","twitter_image":"https:\/\/bigbags.com\/wp-content\/uploads\/2016\/12\/contact-1.svg","schema":{"@context":"https:\/\/schema.org","@graph":[{"@type":"WebSite","@id":"https:\/\/bigbags.com\/#website","url":"https:\/\/bigbags.com\/","name":"Bigbags.com","description":"En nog een WordPress site","potentialAction":[{"@type":"SearchAction","target":{"@type":"EntryPoint","urlTemplate":"https:\/\/bigbags.com\/?s={search_term_string}"},"query-input":"required name=search_term_string"}],"inLanguage":"es"},{"@type":"ImageObject","@id":"https:\/\/bigbags.com\/es\/contacto\/#primaryimage","inLanguage":"es","url":"https:\/\/bigbags.com\/wp-content\/uploads\/2016\/12\/contact-1.svg","contentUrl":"https:\/\/bigbags.com\/wp-content\/uploads\/2016\/12\/contact-1.svg"},{"@type":"WebPage","@id":"https:\/\/bigbags.com\/es\/contacto\/#webpage","url":"https:\/\/bigbags.com\/es\/contacto\/","name":"Contacto &ndash; Bigbags.com","isPartOf":{"@id":"https:\/\/bigbags.com\/#website"},"primaryImageOfPage":{"@id":"https:\/\/bigbags.com\/es\/contacto\/#primaryimage"},"datePublished":"2017-01-23T13:42:49+00:00","dateModified":"2018-12-17T13:55:42+00:00","breadcrumb":{"@id":"https:\/\/bigbags.com\/es\/contacto\/#breadcrumb"},"inLanguage":"es","potentialAction":[{"@type":"ReadAction","target":["https:\/\/bigbags.com\/es\/contacto\/"]}]},{"@type":"BreadcrumbList","@id":"https:\/\/bigbags.com\/es\/contacto\/#breadcrumb","itemListElement":[{"@type":"ListItem","position":1,"name":"Home","item":"https:\/\/bigbags.com\/es\/"},{"@type":"ListItem","position":2,"name":"Contacto"}]}]}},"_links":{"self":[{"href":"https:\/\/bigbags.com\/es\/wp-json\/wp\/v2\/pages\/1639"}],"collection":[{"href":"https:\/\/bigbags.com\/es\/wp-json\/wp\/v2\/pages"}],"about":[{"href":"https:\/\/bigbags.com\/es\/wp-json\/wp\/v2\/types\/page"}],"author":[{"embeddable":true,"href":"https:\/\/bigbags.com\/es\/wp-json\/wp\/v2\/users\/1"}],"replies":[{"embeddable":true,"href":"https:\/\/bigbags.com\/es\/wp-json\/wp\/v2\/comments?post=1639"}],"version-history":[{"count":5,"href":"https:\/\/bigbags.com\/es\/wp-json\/wp\/v2\/pages\/1639\/revisions"}],"predecessor-version":[{"id":2623,"href":"https:\/\/bigbags.com\/es\/wp-json\/wp\/v2\/pages\/1639\/revisions\/2623"}],"wp:featuredmedia":[{"embeddable":true,"href":"https:\/\/bigbags.com\/es\/wp-json\/wp\/v2\/media\/583"}],"wp:attachment":[{"href":"https:\/\/bigbags.com\/es\/wp-json\/wp\/v2\/media?parent=1639"}],"curies":[{"name":"wp","href":"https:\/\/api.w.org\/{rel}","templated":true}]}}