{"id":1650,"date":"2017-01-23T15:51:57","date_gmt":"2017-01-23T14:51:57","guid":{"rendered":"http:\/\/bigbags.com\/?page_id=1650\/"},"modified":"2017-01-31T15:24:58","modified_gmt":"2017-01-31T14:24:58","slug":"normativa-de-calidad","status":"publish","type":"page","link":"https:\/\/bigbags.com\/es\/normativa-de-calidad\/","title":{"rendered":"Calidad"},"content":{"rendered":"<h1>Normativa de calidad<\/h1>\n<p class=\"lead\">En LC Packaging creemos que la calidad es el mejor modelo de negocio. La calidad es mucho m\u00e1s que la fuerza de nuestro embalaje: es el paquete completo.<\/p>\n<p>Est\u00e1 en los materiales que usamos, en la calidad del transporte y almacenamiento, y en la calidad del servicio que ofrecemos, pero tambi\u00e9n en las condiciones laborales bajo las que se producen nuestros embalajes y en la reducci\u00f3n de nuestra huella medioambiental. Nuestro Departamento de Calidad especializado garantiza que cumplimos estrictamente con la calidad en todos sus aspectos. Cuando hablamos de calidad, ofrecemos a nuestros clientes:<\/p>\n<ul>\n<li>Calidad excelente gracias a un Departamento de Calidad especializado.<\/li>\n<li>Cumplimiento de una amplia normativa de est\u00e1ndares de calidad.<\/li>\n<li>Ampliaci\u00f3n y mejora de los est\u00e1ndares de calidad en toda la cadena.<\/li>\n<li>Asesoramiento para que usted cumpla con su programa de calidad.<\/li>\n<\/ul>\n<p>En LC Packaging contamos con todos los certificados necesarios que nos permiten proporcionar el Big Bag m\u00e1s adecuado para cada industria. Adem\u00e1s, nuestra organizaci\u00f3n y sistemas de embalaje cumplen con todas las regulaciones y normas de seguridad exigidas por las leyes y normativas europeas.<\/p>\n<p>Puede encontrar m\u00e1s informaci\u00f3n sobre nuestros <a href=\"http:\/\/es.lcpackaging.com\/alta-calidad-constante\">requisitos y certificados de seguridad<\/a> en nuestra p\u00e1gina web corporativa.<\/p>\n<h2><\/h2>\n","protected":false},"excerpt":{"rendered":"<p>Normativa de calidad Est\u00e1 en los materiales que usamos, en la calidad del transporte y almacenamiento, y en la calidad del servicio que ofrecemos, pero tambi\u00e9n en las condiciones laborales bajo las que se producen nuestros embalajes y en la reducci\u00f3n de nuestra huella medioambiental. Nuestro Departamento de Calidad especializado garantiza que cumplimos estrictamente con [&hellip;]<\/p>\n","protected":false},"author":1,"featured_media":0,"parent":0,"menu_order":0,"comment_status":"closed","ping_status":"closed","template":"","meta":{"inline_featured_image":false},"yoast_head":"<!-- This site is optimized with the Yoast SEO plugin v18.6 - https:\/\/yoast.com\/wordpress\/plugins\/seo\/ -->\n<title>Calidad &ndash; Bigbags.com<\/title>\n<meta name=\"robots\" content=\"index, follow, max-snippet:-1, max-image-preview:large, max-video-preview:-1\" \/>\n<link rel=\"canonical\" href=\"https:\/\/bigbags.com\/es\/normativa-de-calidad\/\" \/>\n<meta property=\"og:locale\" content=\"es_ES\" \/>\n<meta property=\"og:type\" content=\"article\" \/>\n<meta property=\"og:title\" content=\"Calidad &ndash; Bigbags.com\" \/>\n<meta property=\"og:description\" content=\"Normativa de calidad Est\u00e1 en los materiales que usamos, en la calidad del transporte y almacenamiento, y en la calidad del servicio que ofrecemos, pero tambi\u00e9n en las condiciones laborales bajo las que se producen nuestros embalajes y en la reducci\u00f3n de nuestra huella medioambiental. Nuestro Departamento de Calidad especializado garantiza que cumplimos estrictamente con [&hellip;]\" \/>\n<meta property=\"og:url\" content=\"https:\/\/bigbags.com\/es\/normativa-de-calidad\/\" \/>\n<meta property=\"og:site_name\" content=\"Bigbags.com\" \/>\n<meta property=\"article:modified_time\" content=\"2017-01-31T14:24:58+00:00\" \/>\n<meta name=\"twitter:card\" content=\"summary\" \/>\n<meta name=\"twitter:label1\" content=\"Tiempo de lectura\" \/>\n\t<meta name=\"twitter:data1\" content=\"1 minuto\" \/>\n<script type=\"application\/ld+json\" class=\"yoast-schema-graph\">{\"@context\":\"https:\/\/schema.org\",\"@graph\":[{\"@type\":\"WebSite\",\"@id\":\"https:\/\/bigbags.com\/#website\",\"url\":\"https:\/\/bigbags.com\/\",\"name\":\"Bigbags.com\",\"description\":\"En nog een WordPress site\",\"potentialAction\":[{\"@type\":\"SearchAction\",\"target\":{\"@type\":\"EntryPoint\",\"urlTemplate\":\"https:\/\/bigbags.com\/?s={search_term_string}\"},\"query-input\":\"required name=search_term_string\"}],\"inLanguage\":\"es\"},{\"@type\":\"WebPage\",\"@id\":\"https:\/\/bigbags.com\/es\/normativa-de-calidad\/#webpage\",\"url\":\"https:\/\/bigbags.com\/es\/normativa-de-calidad\/\",\"name\":\"Calidad &ndash; Bigbags.com\",\"isPartOf\":{\"@id\":\"https:\/\/bigbags.com\/#website\"},\"datePublished\":\"2017-01-23T14:51:57+00:00\",\"dateModified\":\"2017-01-31T14:24:58+00:00\",\"breadcrumb\":{\"@id\":\"https:\/\/bigbags.com\/es\/normativa-de-calidad\/#breadcrumb\"},\"inLanguage\":\"es\",\"potentialAction\":[{\"@type\":\"ReadAction\",\"target\":[\"https:\/\/bigbags.com\/es\/normativa-de-calidad\/\"]}]},{\"@type\":\"BreadcrumbList\",\"@id\":\"https:\/\/bigbags.com\/es\/normativa-de-calidad\/#breadcrumb\",\"itemListElement\":[{\"@type\":\"ListItem\",\"position\":1,\"name\":\"Home\",\"item\":\"https:\/\/bigbags.com\/es\/\"},{\"@type\":\"ListItem\",\"position\":2,\"name\":\"Calidad\"}]}]}<\/script>\n<!-- \/ Yoast SEO plugin. -->","yoast_head_json":{"title":"Calidad &ndash; Bigbags.com","robots":{"index":"index","follow":"follow","max-snippet":"max-snippet:-1","max-image-preview":"max-image-preview:large","max-video-preview":"max-video-preview:-1"},"canonical":"https:\/\/bigbags.com\/es\/normativa-de-calidad\/","og_locale":"es_ES","og_type":"article","og_title":"Calidad &ndash; Bigbags.com","og_description":"Normativa de calidad Est\u00e1 en los materiales que usamos, en la calidad del transporte y almacenamiento, y en la calidad del servicio que ofrecemos, pero tambi\u00e9n en las condiciones laborales bajo las que se producen nuestros embalajes y en la reducci\u00f3n de nuestra huella medioambiental. Nuestro Departamento de Calidad especializado garantiza que cumplimos estrictamente con [&hellip;]","og_url":"https:\/\/bigbags.com\/es\/normativa-de-calidad\/","og_site_name":"Bigbags.com","article_modified_time":"2017-01-31T14:24:58+00:00","twitter_card":"summary","twitter_misc":{"Tiempo de lectura":"1 minuto"},"schema":{"@context":"https:\/\/schema.org","@graph":[{"@type":"WebSite","@id":"https:\/\/bigbags.com\/#website","url":"https:\/\/bigbags.com\/","name":"Bigbags.com","description":"En nog een WordPress site","potentialAction":[{"@type":"SearchAction","target":{"@type":"EntryPoint","urlTemplate":"https:\/\/bigbags.com\/?s={search_term_string}"},"query-input":"required name=search_term_string"}],"inLanguage":"es"},{"@type":"WebPage","@id":"https:\/\/bigbags.com\/es\/normativa-de-calidad\/#webpage","url":"https:\/\/bigbags.com\/es\/normativa-de-calidad\/","name":"Calidad &ndash; Bigbags.com","isPartOf":{"@id":"https:\/\/bigbags.com\/#website"},"datePublished":"2017-01-23T14:51:57+00:00","dateModified":"2017-01-31T14:24:58+00:00","breadcrumb":{"@id":"https:\/\/bigbags.com\/es\/normativa-de-calidad\/#breadcrumb"},"inLanguage":"es","potentialAction":[{"@type":"ReadAction","target":["https:\/\/bigbags.com\/es\/normativa-de-calidad\/"]}]},{"@type":"BreadcrumbList","@id":"https:\/\/bigbags.com\/es\/normativa-de-calidad\/#breadcrumb","itemListElement":[{"@type":"ListItem","position":1,"name":"Home","item":"https:\/\/bigbags.com\/es\/"},{"@type":"ListItem","position":2,"name":"Calidad"}]}]}},"_links":{"self":[{"href":"https:\/\/bigbags.com\/es\/wp-json\/wp\/v2\/pages\/1650"}],"collection":[{"href":"https:\/\/bigbags.com\/es\/wp-json\/wp\/v2\/pages"}],"about":[{"href":"https:\/\/bigbags.com\/es\/wp-json\/wp\/v2\/types\/page"}],"author":[{"embeddable":true,"href":"https:\/\/bigbags.com\/es\/wp-json\/wp\/v2\/users\/1"}],"replies":[{"embeddable":true,"href":"https:\/\/bigbags.com\/es\/wp-json\/wp\/v2\/comments?post=1650"}],"version-history":[{"count":2,"href":"https:\/\/bigbags.com\/es\/wp-json\/wp\/v2\/pages\/1650\/revisions"}],"predecessor-version":[{"id":1850,"href":"https:\/\/bigbags.com\/es\/wp-json\/wp\/v2\/pages\/1650\/revisions\/1850"}],"wp:attachment":[{"href":"https:\/\/bigbags.com\/es\/wp-json\/wp\/v2\/media?parent=1650"}],"curies":[{"name":"wp","href":"https:\/\/api.w.org\/{rel}","templated":true}]}}