{"id":1661,"date":"2017-01-23T16:10:31","date_gmt":"2017-01-23T15:10:31","guid":{"rendered":"http:\/\/bigbags.com\/?page_id=1661\/"},"modified":"2017-04-24T11:32:28","modified_gmt":"2017-04-24T09:32:28","slug":"las-ventajas-del-big-bag","status":"publish","type":"page","link":"https:\/\/bigbags.com\/es\/por-que-elegir-nuestros-big-bags\/las-ventajas-del-big-bag\/","title":{"rendered":"Ventajas del big bag"},"content":{"rendered":"<h2><strong>Ventajas del big bag<\/strong><\/h2>\n<p class=\"lead\">Los big bags, tambi\u00e9n llamados FIBC, bulk bags o jumbo bags, son la soluci\u00f3n ideal para el almacenaje temporal y el transporte de productos secos a granel. Entre estos productos est\u00e1n incluidas mercanc\u00edas en polvo, minerales, compuestos y otras sustancias. Las ventajas del big bag a primera vista:<\/p>\n<ul>\n<li>Embalaje altamente rentable<\/li>\n<li>F\u00e1cil de manejar: optimiza la log\u00edstica de sus clientes<\/li>\n<li>Cumplimiento de los m\u00e1s estrictos est\u00e1ndares higi\u00e9nicos para aplicaciones alimentarias y farmac\u00e9uticas<\/li>\n<li>Soportan hasta mil veces su propio peso<\/li>\n<li>Sin necesidad de embalajes secundarios<\/li>\n<li>Bajo peso, volumen m\u00ednimo: ahorro en espacio de almacenaje<\/li>\n<li>Puede usar los sacos impresos como promoci\u00f3n m\u00f3vil o para mencionar informaci\u00f3n de sus productos<\/li>\n<li>Ayudan a minimizar desperdicios<\/li>\n<li><a href=\"http:\/\/www.worldbag.com\/es\/\">Reciclaje y reacondicionamiento<\/a><\/li>\n<li>Los Big Bags se pueden personalizar seg\u00fan sus requisitos espec\u00edficos<\/li>\n<\/ul>\n","protected":false},"excerpt":{"rendered":"<p>Ventajas del big bag Embalaje altamente rentable F\u00e1cil de manejar: optimiza la log\u00edstica de sus clientes Cumplimiento de los m\u00e1s estrictos est\u00e1ndares higi\u00e9nicos para aplicaciones alimentarias y farmac\u00e9uticas Soportan hasta mil veces su propio peso Sin necesidad de embalajes secundarios Bajo peso, volumen m\u00ednimo: ahorro en espacio de almacenaje Puede usar los sacos impresos como [&hellip;]<\/p>\n","protected":false},"author":1,"featured_media":0,"parent":1658,"menu_order":0,"comment_status":"closed","ping_status":"closed","template":"","meta":{"inline_featured_image":false},"yoast_head":"<!-- This site is optimized with the Yoast SEO plugin v18.6 - https:\/\/yoast.com\/wordpress\/plugins\/seo\/ -->\n<title>Ventajas del big bag &ndash; Bigbags.com<\/title>\n<meta name=\"robots\" content=\"index, follow, max-snippet:-1, max-image-preview:large, max-video-preview:-1\" \/>\n<link rel=\"canonical\" href=\"https:\/\/bigbags.com\/es\/por-que-elegir-nuestros-big-bags\/las-ventajas-del-big-bag\/\" \/>\n<meta property=\"og:locale\" content=\"es_ES\" \/>\n<meta property=\"og:type\" content=\"article\" \/>\n<meta property=\"og:title\" content=\"Ventajas del big bag &ndash; Bigbags.com\" \/>\n<meta property=\"og:description\" content=\"Ventajas del big bag Embalaje altamente rentable F\u00e1cil de manejar: optimiza la log\u00edstica de sus clientes Cumplimiento de los m\u00e1s estrictos est\u00e1ndares higi\u00e9nicos para aplicaciones alimentarias y farmac\u00e9uticas Soportan hasta mil veces su propio peso Sin necesidad de embalajes secundarios Bajo peso, volumen m\u00ednimo: ahorro en espacio de almacenaje Puede usar los sacos impresos como [&hellip;]\" \/>\n<meta property=\"og:url\" content=\"https:\/\/bigbags.com\/es\/por-que-elegir-nuestros-big-bags\/las-ventajas-del-big-bag\/\" \/>\n<meta property=\"og:site_name\" content=\"Bigbags.com\" \/>\n<meta property=\"article:modified_time\" content=\"2017-04-24T09:32:28+00:00\" \/>\n<meta name=\"twitter:card\" content=\"summary\" \/>\n<meta name=\"twitter:label1\" content=\"Tiempo de lectura\" \/>\n\t<meta name=\"twitter:data1\" content=\"1 minuto\" \/>\n<script type=\"application\/ld+json\" class=\"yoast-schema-graph\">{\"@context\":\"https:\/\/schema.org\",\"@graph\":[{\"@type\":\"WebSite\",\"@id\":\"https:\/\/bigbags.com\/#website\",\"url\":\"https:\/\/bigbags.com\/\",\"name\":\"Bigbags.com\",\"description\":\"En nog een WordPress site\",\"potentialAction\":[{\"@type\":\"SearchAction\",\"target\":{\"@type\":\"EntryPoint\",\"urlTemplate\":\"https:\/\/bigbags.com\/?s={search_term_string}\"},\"query-input\":\"required name=search_term_string\"}],\"inLanguage\":\"es\"},{\"@type\":\"WebPage\",\"@id\":\"https:\/\/bigbags.com\/es\/por-que-elegir-nuestros-big-bags\/las-ventajas-del-big-bag\/#webpage\",\"url\":\"https:\/\/bigbags.com\/es\/por-que-elegir-nuestros-big-bags\/las-ventajas-del-big-bag\/\",\"name\":\"Ventajas del big bag &ndash; Bigbags.com\",\"isPartOf\":{\"@id\":\"https:\/\/bigbags.com\/#website\"},\"datePublished\":\"2017-01-23T15:10:31+00:00\",\"dateModified\":\"2017-04-24T09:32:28+00:00\",\"breadcrumb\":{\"@id\":\"https:\/\/bigbags.com\/es\/por-que-elegir-nuestros-big-bags\/las-ventajas-del-big-bag\/#breadcrumb\"},\"inLanguage\":\"es\",\"potentialAction\":[{\"@type\":\"ReadAction\",\"target\":[\"https:\/\/bigbags.com\/es\/por-que-elegir-nuestros-big-bags\/las-ventajas-del-big-bag\/\"]}]},{\"@type\":\"BreadcrumbList\",\"@id\":\"https:\/\/bigbags.com\/es\/por-que-elegir-nuestros-big-bags\/las-ventajas-del-big-bag\/#breadcrumb\",\"itemListElement\":[{\"@type\":\"ListItem\",\"position\":1,\"name\":\"Home\",\"item\":\"https:\/\/bigbags.com\/es\/\"},{\"@type\":\"ListItem\",\"position\":2,\"name\":\"\u00bfPor qu\u00e9 Big Bags?\",\"item\":\"https:\/\/bigbags.com\/es\/por-que-elegir-nuestros-big-bags\/\"},{\"@type\":\"ListItem\",\"position\":3,\"name\":\"Ventajas del big bag\"}]}]}<\/script>\n<!-- \/ Yoast SEO plugin. -->","yoast_head_json":{"title":"Ventajas del big bag &ndash; Bigbags.com","robots":{"index":"index","follow":"follow","max-snippet":"max-snippet:-1","max-image-preview":"max-image-preview:large","max-video-preview":"max-video-preview:-1"},"canonical":"https:\/\/bigbags.com\/es\/por-que-elegir-nuestros-big-bags\/las-ventajas-del-big-bag\/","og_locale":"es_ES","og_type":"article","og_title":"Ventajas del big bag &ndash; Bigbags.com","og_description":"Ventajas del big bag Embalaje altamente rentable F\u00e1cil de manejar: optimiza la log\u00edstica de sus clientes Cumplimiento de los m\u00e1s estrictos est\u00e1ndares higi\u00e9nicos para aplicaciones alimentarias y farmac\u00e9uticas Soportan hasta mil veces su propio peso Sin necesidad de embalajes secundarios Bajo peso, volumen m\u00ednimo: ahorro en espacio de almacenaje Puede usar los sacos impresos como [&hellip;]","og_url":"https:\/\/bigbags.com\/es\/por-que-elegir-nuestros-big-bags\/las-ventajas-del-big-bag\/","og_site_name":"Bigbags.com","article_modified_time":"2017-04-24T09:32:28+00:00","twitter_card":"summary","twitter_misc":{"Tiempo de lectura":"1 minuto"},"schema":{"@context":"https:\/\/schema.org","@graph":[{"@type":"WebSite","@id":"https:\/\/bigbags.com\/#website","url":"https:\/\/bigbags.com\/","name":"Bigbags.com","description":"En nog een WordPress site","potentialAction":[{"@type":"SearchAction","target":{"@type":"EntryPoint","urlTemplate":"https:\/\/bigbags.com\/?s={search_term_string}"},"query-input":"required name=search_term_string"}],"inLanguage":"es"},{"@type":"WebPage","@id":"https:\/\/bigbags.com\/es\/por-que-elegir-nuestros-big-bags\/las-ventajas-del-big-bag\/#webpage","url":"https:\/\/bigbags.com\/es\/por-que-elegir-nuestros-big-bags\/las-ventajas-del-big-bag\/","name":"Ventajas del big bag &ndash; Bigbags.com","isPartOf":{"@id":"https:\/\/bigbags.com\/#website"},"datePublished":"2017-01-23T15:10:31+00:00","dateModified":"2017-04-24T09:32:28+00:00","breadcrumb":{"@id":"https:\/\/bigbags.com\/es\/por-que-elegir-nuestros-big-bags\/las-ventajas-del-big-bag\/#breadcrumb"},"inLanguage":"es","potentialAction":[{"@type":"ReadAction","target":["https:\/\/bigbags.com\/es\/por-que-elegir-nuestros-big-bags\/las-ventajas-del-big-bag\/"]}]},{"@type":"BreadcrumbList","@id":"https:\/\/bigbags.com\/es\/por-que-elegir-nuestros-big-bags\/las-ventajas-del-big-bag\/#breadcrumb","itemListElement":[{"@type":"ListItem","position":1,"name":"Home","item":"https:\/\/bigbags.com\/es\/"},{"@type":"ListItem","position":2,"name":"\u00bfPor qu\u00e9 Big Bags?","item":"https:\/\/bigbags.com\/es\/por-que-elegir-nuestros-big-bags\/"},{"@type":"ListItem","position":3,"name":"Ventajas del big bag"}]}]}},"_links":{"self":[{"href":"https:\/\/bigbags.com\/es\/wp-json\/wp\/v2\/pages\/1661"}],"collection":[{"href":"https:\/\/bigbags.com\/es\/wp-json\/wp\/v2\/pages"}],"about":[{"href":"https:\/\/bigbags.com\/es\/wp-json\/wp\/v2\/types\/page"}],"author":[{"embeddable":true,"href":"https:\/\/bigbags.com\/es\/wp-json\/wp\/v2\/users\/1"}],"replies":[{"embeddable":true,"href":"https:\/\/bigbags.com\/es\/wp-json\/wp\/v2\/comments?post=1661"}],"version-history":[{"count":4,"href":"https:\/\/bigbags.com\/es\/wp-json\/wp\/v2\/pages\/1661\/revisions"}],"predecessor-version":[{"id":2531,"href":"https:\/\/bigbags.com\/es\/wp-json\/wp\/v2\/pages\/1661\/revisions\/2531"}],"up":[{"embeddable":true,"href":"https:\/\/bigbags.com\/es\/wp-json\/wp\/v2\/pages\/1658"}],"wp:attachment":[{"href":"https:\/\/bigbags.com\/es\/wp-json\/wp\/v2\/media?parent=1661"}],"curies":[{"name":"wp","href":"https:\/\/api.w.org\/{rel}","templated":true}]}}