{"id":1482,"date":"2017-01-16T13:23:58","date_gmt":"2017-01-16T12:23:58","guid":{"rendered":"http:\/\/bigbags.com\/?page_id=1482\/"},"modified":"2018-12-17T14:45:25","modified_gmt":"2018-12-17T13:45:25","slug":"contact","status":"publish","type":"page","link":"https:\/\/bigbags.com\/fr\/contact\/","title":{"rendered":"Contact"},"content":{"rendered":"<h2>Contactez-nous pour plus d\u2019informations<\/h2>\n<p class=\"lead\">Gr\u00e2ce \u00e0 notre exp\u00e9rience av\u00e9r\u00e9e, nous concevons, produisons et fournissons les big bags dont nos clients ont besoin, \u00e0 toutes les fins possibles.<\/p>\n<p>Veuillez compl\u00e9ter le formulaire de contact pour demander un devis ou nous demander conseil. Nos sp\u00e9cialistes en big bag r\u00e9pondront \u00e0 votre demande d\u00e8s que possible.<\/p>\n<p><iframe loading=\"lazy\" src=\"http:\/\/analytics-eu.clickdimensions.com\/lcpackagingnl-aodhd\/pages\/b7tvap1heeipfganorjwew.html\" allowtransparency=\"true\" width=\"100%\" height=\"500px\" type=\"text\/html\" frameborder=\"0\" style=\"border:0\"><\/iframe><\/p>\n","protected":false},"excerpt":{"rendered":"<p>Contactez-nous pour plus d\u2019informations Veuillez compl\u00e9ter le formulaire de contact pour demander un devis ou nous demander conseil. Nos sp\u00e9cialistes en big bag r\u00e9pondront \u00e0 votre demande d\u00e8s que possible.<\/p>\n","protected":false},"author":1,"featured_media":583,"parent":0,"menu_order":0,"comment_status":"closed","ping_status":"closed","template":"","meta":{"inline_featured_image":false},"yoast_head":"<!-- This site is optimized with the Yoast SEO plugin v18.6 - https:\/\/yoast.com\/wordpress\/plugins\/seo\/ -->\n<title>Contact &ndash; Bigbags.com<\/title>\n<meta name=\"robots\" content=\"index, follow, max-snippet:-1, max-image-preview:large, max-video-preview:-1\" \/>\n<link rel=\"canonical\" href=\"https:\/\/bigbags.com\/fr\/contact\/\" \/>\n<meta property=\"og:locale\" content=\"fr_FR\" \/>\n<meta property=\"og:type\" content=\"article\" \/>\n<meta property=\"og:title\" content=\"Contact &ndash; Bigbags.com\" \/>\n<meta property=\"og:description\" content=\"Contactez-nous pour plus d\u2019informations Veuillez compl\u00e9ter le formulaire de contact pour demander un devis ou nous demander conseil. Nos sp\u00e9cialistes en big bag r\u00e9pondront \u00e0 votre demande d\u00e8s que possible.\" \/>\n<meta property=\"og:url\" content=\"https:\/\/bigbags.com\/fr\/contact\/\" \/>\n<meta property=\"og:site_name\" content=\"Bigbags.com\" \/>\n<meta property=\"article:modified_time\" content=\"2018-12-17T13:45:25+00:00\" \/>\n<meta name=\"twitter:card\" content=\"summary\" \/>\n<meta name=\"twitter:image\" content=\"https:\/\/bigbags.com\/wp-content\/uploads\/2016\/12\/contact-1.svg\" \/>\n<script type=\"application\/ld+json\" class=\"yoast-schema-graph\">{\"@context\":\"https:\/\/schema.org\",\"@graph\":[{\"@type\":\"WebSite\",\"@id\":\"https:\/\/bigbags.com\/#website\",\"url\":\"https:\/\/bigbags.com\/\",\"name\":\"Bigbags.com\",\"description\":\"En nog een WordPress site\",\"potentialAction\":[{\"@type\":\"SearchAction\",\"target\":{\"@type\":\"EntryPoint\",\"urlTemplate\":\"https:\/\/bigbags.com\/?s={search_term_string}\"},\"query-input\":\"required name=search_term_string\"}],\"inLanguage\":\"fr-FR\"},{\"@type\":\"ImageObject\",\"@id\":\"https:\/\/bigbags.com\/fr\/contact\/#primaryimage\",\"inLanguage\":\"fr-FR\",\"url\":\"https:\/\/bigbags.com\/wp-content\/uploads\/2016\/12\/contact-1.svg\",\"contentUrl\":\"https:\/\/bigbags.com\/wp-content\/uploads\/2016\/12\/contact-1.svg\"},{\"@type\":\"WebPage\",\"@id\":\"https:\/\/bigbags.com\/fr\/contact\/#webpage\",\"url\":\"https:\/\/bigbags.com\/fr\/contact\/\",\"name\":\"Contact &ndash; Bigbags.com\",\"isPartOf\":{\"@id\":\"https:\/\/bigbags.com\/#website\"},\"primaryImageOfPage\":{\"@id\":\"https:\/\/bigbags.com\/fr\/contact\/#primaryimage\"},\"datePublished\":\"2017-01-16T12:23:58+00:00\",\"dateModified\":\"2018-12-17T13:45:25+00:00\",\"breadcrumb\":{\"@id\":\"https:\/\/bigbags.com\/fr\/contact\/#breadcrumb\"},\"inLanguage\":\"fr-FR\",\"potentialAction\":[{\"@type\":\"ReadAction\",\"target\":[\"https:\/\/bigbags.com\/fr\/contact\/\"]}]},{\"@type\":\"BreadcrumbList\",\"@id\":\"https:\/\/bigbags.com\/fr\/contact\/#breadcrumb\",\"itemListElement\":[{\"@type\":\"ListItem\",\"position\":1,\"name\":\"Home\",\"item\":\"https:\/\/bigbags.com\/fr\/\"},{\"@type\":\"ListItem\",\"position\":2,\"name\":\"Contact\"}]}]}<\/script>\n<!-- \/ Yoast SEO plugin. -->","yoast_head_json":{"title":"Contact &ndash; Bigbags.com","robots":{"index":"index","follow":"follow","max-snippet":"max-snippet:-1","max-image-preview":"max-image-preview:large","max-video-preview":"max-video-preview:-1"},"canonical":"https:\/\/bigbags.com\/fr\/contact\/","og_locale":"fr_FR","og_type":"article","og_title":"Contact &ndash; Bigbags.com","og_description":"Contactez-nous pour plus d\u2019informations Veuillez compl\u00e9ter le formulaire de contact pour demander un devis ou nous demander conseil. Nos sp\u00e9cialistes en big bag r\u00e9pondront \u00e0 votre demande d\u00e8s que possible.","og_url":"https:\/\/bigbags.com\/fr\/contact\/","og_site_name":"Bigbags.com","article_modified_time":"2018-12-17T13:45:25+00:00","twitter_card":"summary","twitter_image":"https:\/\/bigbags.com\/wp-content\/uploads\/2016\/12\/contact-1.svg","schema":{"@context":"https:\/\/schema.org","@graph":[{"@type":"WebSite","@id":"https:\/\/bigbags.com\/#website","url":"https:\/\/bigbags.com\/","name":"Bigbags.com","description":"En nog een WordPress site","potentialAction":[{"@type":"SearchAction","target":{"@type":"EntryPoint","urlTemplate":"https:\/\/bigbags.com\/?s={search_term_string}"},"query-input":"required name=search_term_string"}],"inLanguage":"fr-FR"},{"@type":"ImageObject","@id":"https:\/\/bigbags.com\/fr\/contact\/#primaryimage","inLanguage":"fr-FR","url":"https:\/\/bigbags.com\/wp-content\/uploads\/2016\/12\/contact-1.svg","contentUrl":"https:\/\/bigbags.com\/wp-content\/uploads\/2016\/12\/contact-1.svg"},{"@type":"WebPage","@id":"https:\/\/bigbags.com\/fr\/contact\/#webpage","url":"https:\/\/bigbags.com\/fr\/contact\/","name":"Contact &ndash; Bigbags.com","isPartOf":{"@id":"https:\/\/bigbags.com\/#website"},"primaryImageOfPage":{"@id":"https:\/\/bigbags.com\/fr\/contact\/#primaryimage"},"datePublished":"2017-01-16T12:23:58+00:00","dateModified":"2018-12-17T13:45:25+00:00","breadcrumb":{"@id":"https:\/\/bigbags.com\/fr\/contact\/#breadcrumb"},"inLanguage":"fr-FR","potentialAction":[{"@type":"ReadAction","target":["https:\/\/bigbags.com\/fr\/contact\/"]}]},{"@type":"BreadcrumbList","@id":"https:\/\/bigbags.com\/fr\/contact\/#breadcrumb","itemListElement":[{"@type":"ListItem","position":1,"name":"Home","item":"https:\/\/bigbags.com\/fr\/"},{"@type":"ListItem","position":2,"name":"Contact"}]}]}},"_links":{"self":[{"href":"https:\/\/bigbags.com\/fr\/wp-json\/wp\/v2\/pages\/1482"}],"collection":[{"href":"https:\/\/bigbags.com\/fr\/wp-json\/wp\/v2\/pages"}],"about":[{"href":"https:\/\/bigbags.com\/fr\/wp-json\/wp\/v2\/types\/page"}],"author":[{"embeddable":true,"href":"https:\/\/bigbags.com\/fr\/wp-json\/wp\/v2\/users\/1"}],"replies":[{"embeddable":true,"href":"https:\/\/bigbags.com\/fr\/wp-json\/wp\/v2\/comments?post=1482"}],"version-history":[{"count":5,"href":"https:\/\/bigbags.com\/fr\/wp-json\/wp\/v2\/pages\/1482\/revisions"}],"predecessor-version":[{"id":2613,"href":"https:\/\/bigbags.com\/fr\/wp-json\/wp\/v2\/pages\/1482\/revisions\/2613"}],"wp:featuredmedia":[{"embeddable":true,"href":"https:\/\/bigbags.com\/fr\/wp-json\/wp\/v2\/media\/583"}],"wp:attachment":[{"href":"https:\/\/bigbags.com\/fr\/wp-json\/wp\/v2\/media?parent=1482"}],"curies":[{"name":"wp","href":"https:\/\/api.w.org\/{rel}","templated":true}]}}