{"id":1490,"date":"2022-02-16T16:22:40","date_gmt":"2022-02-16T15:22:40","guid":{"rendered":"http:\/\/bigbags.com\/?page_id=1490\/"},"modified":"2022-02-16T17:23:46","modified_gmt":"2022-02-16T16:23:46","slug":"conformite-en-termes-de-qualite","status":"publish","type":"page","link":"https:\/\/bigbags.com\/fr\/conformite-en-termes-de-qualite\/","title":{"rendered":"Conformit\u00e9 en termes de qualit\u00e9"},"content":{"rendered":"<h1>Conformit\u00e9 en\u00a0termes\u00a0de\u00a0qualit\u00e9<\/h1>\n<p class=\"lead\">Chez LC Packaging, la qualit\u00e9 est notre meilleur mod\u00e8le commercial. Il s\u2019agit de bien plus que la simple solidit\u00e9 de nos emballages : La qualit\u00e9 englobe toute la solution.<\/p>\n<p>La qualit\u00e9 r\u00e9side dans les mat\u00e9riaux que nous utilisons, dans les moyens de transport et de stockage, et le service que nous offrons, mais aussi dans les conditions de travail utilis\u00e9es pour produire nos emballages et dans les efforts visant \u00e0 r\u00e9duire l\u2019impact sur l\u2019environnement. Notre service Qualit\u00e9 d\u00e9di\u00e9 garantit notre conformit\u00e9 aux normes de qualit\u00e9s les plus strictes concernant chacun des aspects. Lorsqu\u2019il s\u2019agit de qualit\u00e9, nous offrons \u00e0 nos clients\u00a0:<\/p>\n<ul>\n<li>l\u2019excellence gr\u00e2ce au service Qualit\u00e9 sp\u00e9cialis\u00e9<\/li>\n<li>le respect d\u2019un portefeuille complet de normes<\/li>\n<li>des normes de qualit\u00e9 \u00e9tendues et am\u00e9lior\u00e9es tout au long de la cha\u00eene<\/li>\n<li>des conseils de qualit\u00e9 pour satisfaire \u00e0 votre programme de qualit\u00e9<\/li>\n<\/ul>\n<p>Chez LC Packaging, nous disposons de tous les certificats pour fournir le bon big bag \u00e0 chaque industrie. De plus, notre organisation et nos emballages sont conformes \u00e0 l\u2019ensemble des r\u00e9glementations et des exigences de s\u00e9curit\u00e9 reprises par les normes europ\u00e9ennes.<\/p>\n<p>Vous pourrez trouver plus d\u2019informations sur les exigences de <a href=\"https:\/\/www.lcpackaging.com\/fr\/downloads\/certificates\/\">s\u00e9curit\u00e9 et les certificats<\/a> sur le site Internet de notre entreprise.<\/p>\n","protected":false},"excerpt":{"rendered":"<p>Conformit\u00e9 en\u00a0termes\u00a0de\u00a0qualit\u00e9 La qualit\u00e9 r\u00e9side dans les mat\u00e9riaux que nous utilisons, dans les moyens de transport et de stockage, et le service que nous offrons, mais aussi dans les conditions de travail utilis\u00e9es pour produire nos emballages et dans les efforts visant \u00e0 r\u00e9duire l\u2019impact sur l\u2019environnement. Notre service Qualit\u00e9 d\u00e9di\u00e9 garantit notre conformit\u00e9 aux [&hellip;]<\/p>\n","protected":false},"author":1,"featured_media":0,"parent":0,"menu_order":0,"comment_status":"closed","ping_status":"closed","template":"","meta":{"inline_featured_image":false},"yoast_head":"<!-- This site is optimized with the Yoast SEO plugin v18.6 - https:\/\/yoast.com\/wordpress\/plugins\/seo\/ -->\n<title>Conformit\u00e9 en termes de qualit\u00e9 &ndash; Bigbags.com<\/title>\n<meta name=\"robots\" content=\"index, follow, max-snippet:-1, max-image-preview:large, max-video-preview:-1\" \/>\n<link rel=\"canonical\" href=\"https:\/\/bigbags.com\/fr\/conformite-en-termes-de-qualite\/\" \/>\n<meta property=\"og:locale\" content=\"fr_FR\" \/>\n<meta property=\"og:type\" content=\"article\" \/>\n<meta property=\"og:title\" content=\"Conformit\u00e9 en termes de qualit\u00e9 &ndash; Bigbags.com\" \/>\n<meta property=\"og:description\" content=\"Conformit\u00e9 en\u00a0termes\u00a0de\u00a0qualit\u00e9 La qualit\u00e9 r\u00e9side dans les mat\u00e9riaux que nous utilisons, dans les moyens de transport et de stockage, et le service que nous offrons, mais aussi dans les conditions de travail utilis\u00e9es pour produire nos emballages et dans les efforts visant \u00e0 r\u00e9duire l\u2019impact sur l\u2019environnement. Notre service Qualit\u00e9 d\u00e9di\u00e9 garantit notre conformit\u00e9 aux [&hellip;]\" \/>\n<meta property=\"og:url\" content=\"https:\/\/bigbags.com\/fr\/conformite-en-termes-de-qualite\/\" \/>\n<meta property=\"og:site_name\" content=\"Bigbags.com\" \/>\n<meta property=\"article:modified_time\" content=\"2022-02-16T16:23:46+00:00\" \/>\n<meta name=\"twitter:card\" content=\"summary\" \/>\n<meta name=\"twitter:label1\" content=\"Dur\u00e9e de lecture estim\u00e9e\" \/>\n\t<meta name=\"twitter:data1\" content=\"1 minute\" \/>\n<script type=\"application\/ld+json\" class=\"yoast-schema-graph\">{\"@context\":\"https:\/\/schema.org\",\"@graph\":[{\"@type\":\"WebSite\",\"@id\":\"https:\/\/bigbags.com\/#website\",\"url\":\"https:\/\/bigbags.com\/\",\"name\":\"Bigbags.com\",\"description\":\"En nog een WordPress site\",\"potentialAction\":[{\"@type\":\"SearchAction\",\"target\":{\"@type\":\"EntryPoint\",\"urlTemplate\":\"https:\/\/bigbags.com\/?s={search_term_string}\"},\"query-input\":\"required name=search_term_string\"}],\"inLanguage\":\"fr-FR\"},{\"@type\":\"WebPage\",\"@id\":\"https:\/\/bigbags.com\/fr\/conformite-en-termes-de-qualite\/#webpage\",\"url\":\"https:\/\/bigbags.com\/fr\/conformite-en-termes-de-qualite\/\",\"name\":\"Conformit\u00e9 en termes de qualit\u00e9 &ndash; Bigbags.com\",\"isPartOf\":{\"@id\":\"https:\/\/bigbags.com\/#website\"},\"datePublished\":\"2022-02-16T15:22:40+00:00\",\"dateModified\":\"2022-02-16T16:23:46+00:00\",\"breadcrumb\":{\"@id\":\"https:\/\/bigbags.com\/fr\/conformite-en-termes-de-qualite\/#breadcrumb\"},\"inLanguage\":\"fr-FR\",\"potentialAction\":[{\"@type\":\"ReadAction\",\"target\":[\"https:\/\/bigbags.com\/fr\/conformite-en-termes-de-qualite\/\"]}]},{\"@type\":\"BreadcrumbList\",\"@id\":\"https:\/\/bigbags.com\/fr\/conformite-en-termes-de-qualite\/#breadcrumb\",\"itemListElement\":[{\"@type\":\"ListItem\",\"position\":1,\"name\":\"Home\",\"item\":\"https:\/\/bigbags.com\/fr\/\"},{\"@type\":\"ListItem\",\"position\":2,\"name\":\"Conformit\u00e9 en termes de qualit\u00e9\"}]}]}<\/script>\n<!-- \/ Yoast SEO plugin. -->","yoast_head_json":{"title":"Conformit\u00e9 en termes de qualit\u00e9 &ndash; Bigbags.com","robots":{"index":"index","follow":"follow","max-snippet":"max-snippet:-1","max-image-preview":"max-image-preview:large","max-video-preview":"max-video-preview:-1"},"canonical":"https:\/\/bigbags.com\/fr\/conformite-en-termes-de-qualite\/","og_locale":"fr_FR","og_type":"article","og_title":"Conformit\u00e9 en termes de qualit\u00e9 &ndash; Bigbags.com","og_description":"Conformit\u00e9 en\u00a0termes\u00a0de\u00a0qualit\u00e9 La qualit\u00e9 r\u00e9side dans les mat\u00e9riaux que nous utilisons, dans les moyens de transport et de stockage, et le service que nous offrons, mais aussi dans les conditions de travail utilis\u00e9es pour produire nos emballages et dans les efforts visant \u00e0 r\u00e9duire l\u2019impact sur l\u2019environnement. Notre service Qualit\u00e9 d\u00e9di\u00e9 garantit notre conformit\u00e9 aux [&hellip;]","og_url":"https:\/\/bigbags.com\/fr\/conformite-en-termes-de-qualite\/","og_site_name":"Bigbags.com","article_modified_time":"2022-02-16T16:23:46+00:00","twitter_card":"summary","twitter_misc":{"Dur\u00e9e de lecture estim\u00e9e":"1 minute"},"schema":{"@context":"https:\/\/schema.org","@graph":[{"@type":"WebSite","@id":"https:\/\/bigbags.com\/#website","url":"https:\/\/bigbags.com\/","name":"Bigbags.com","description":"En nog een WordPress site","potentialAction":[{"@type":"SearchAction","target":{"@type":"EntryPoint","urlTemplate":"https:\/\/bigbags.com\/?s={search_term_string}"},"query-input":"required name=search_term_string"}],"inLanguage":"fr-FR"},{"@type":"WebPage","@id":"https:\/\/bigbags.com\/fr\/conformite-en-termes-de-qualite\/#webpage","url":"https:\/\/bigbags.com\/fr\/conformite-en-termes-de-qualite\/","name":"Conformit\u00e9 en termes de qualit\u00e9 &ndash; Bigbags.com","isPartOf":{"@id":"https:\/\/bigbags.com\/#website"},"datePublished":"2022-02-16T15:22:40+00:00","dateModified":"2022-02-16T16:23:46+00:00","breadcrumb":{"@id":"https:\/\/bigbags.com\/fr\/conformite-en-termes-de-qualite\/#breadcrumb"},"inLanguage":"fr-FR","potentialAction":[{"@type":"ReadAction","target":["https:\/\/bigbags.com\/fr\/conformite-en-termes-de-qualite\/"]}]},{"@type":"BreadcrumbList","@id":"https:\/\/bigbags.com\/fr\/conformite-en-termes-de-qualite\/#breadcrumb","itemListElement":[{"@type":"ListItem","position":1,"name":"Home","item":"https:\/\/bigbags.com\/fr\/"},{"@type":"ListItem","position":2,"name":"Conformit\u00e9 en termes de qualit\u00e9"}]}]}},"_links":{"self":[{"href":"https:\/\/bigbags.com\/fr\/wp-json\/wp\/v2\/pages\/1490"}],"collection":[{"href":"https:\/\/bigbags.com\/fr\/wp-json\/wp\/v2\/pages"}],"about":[{"href":"https:\/\/bigbags.com\/fr\/wp-json\/wp\/v2\/types\/page"}],"author":[{"embeddable":true,"href":"https:\/\/bigbags.com\/fr\/wp-json\/wp\/v2\/users\/1"}],"replies":[{"embeddable":true,"href":"https:\/\/bigbags.com\/fr\/wp-json\/wp\/v2\/comments?post=1490"}],"version-history":[{"count":6,"href":"https:\/\/bigbags.com\/fr\/wp-json\/wp\/v2\/pages\/1490\/revisions"}],"predecessor-version":[{"id":5192,"href":"https:\/\/bigbags.com\/fr\/wp-json\/wp\/v2\/pages\/1490\/revisions\/5192"}],"wp:attachment":[{"href":"https:\/\/bigbags.com\/fr\/wp-json\/wp\/v2\/media?parent=1490"}],"curies":[{"name":"wp","href":"https:\/\/api.w.org\/{rel}","templated":true}]}}