{"id":1492,"date":"2022-02-16T16:25:21","date_gmt":"2022-02-16T15:25:21","guid":{"rendered":"http:\/\/bigbags.com\/?page_id=1492\/"},"modified":"2022-02-16T17:28:06","modified_gmt":"2022-02-16T16:28:06","slug":"developpement-durable","status":"publish","type":"page","link":"https:\/\/bigbags.com\/fr\/developpement-durable\/","title":{"rendered":"D\u00e9veloppement Durable"},"content":{"rendered":"<h1>D\u00e9velopment durable<\/h1>\n<p class=\"lead\">Aucune entreprise ne peut b\u00e2tir sa r\u00e9putation sur ce qu\u2019elle compte faire. Une r\u00e9putation se b\u00e2tit sur ce qui a d\u00e9j\u00e0 \u00e9t\u00e9 fait. Quoi que nous fassions, nous essayons de le faire le mieux possible.<\/p>\n<p>Notre vision consiste \u00e0 inclure toutes les parties prenantes dans notre qu\u00eate visant \u00e0 fournir des solutions de conditionnement durables, tout en minimisant l\u2019impact sur l\u2019environnement et les d\u00e9chets de produits de valeur et en enrichissant les communaut\u00e9s avec lesquelles nous travaillons, pour transmettre un monde meilleur aux g\u00e9n\u00e9rations suivantes.<\/p>\n<p>Avec nos partenaires, nous faisons tout notre possible pour contribuer aux Objectifs de D\u00e9veloppement Durable Mondiaux en garantissant\u00a0:<\/p>\n<ul>\n<li>Une cha\u00eene logistique durable, incluant des sources et une production durables<\/li>\n<li>Le bien-\u00eatre de nos employ\u00e9s et des communaut\u00e9s au sein desquelles nous travaillons<\/li>\n<li>En minimisant l\u2019impact sur l\u2019environnement<\/li>\n<li>Des innovations et des solutions de conditionnement durables<\/li>\n<\/ul>\n<p>Nous nous engageons dans un partenariat \u00e0 nos clients en termes de valeurs partag\u00e9es, de normes et de responsabilit\u00e9s afin de veiller \u00e0 ce que la cha\u00eene tout enti\u00e8re soit conforme \u00e0 la demande de d\u00e9veloppement durable du march\u00e9. Nous cherchons \u00e0 r\u00e9pondre et m\u00eame d\u00e9passer les attentes de l\u2019utilisateur final, et \u00e0 apporter un avantage comp\u00e9titif.<\/p>\n<p>En\u00a02016, LC Packaging a fond\u00e9 la <a href=\"http:\/\/www.lcsupportsfoundation.com\/#first\">Fondation LC Supports<\/a>. L\u2019objectif de cette fondation \u00e0 but caritatif est de contribuer \u00e0 am\u00e9liorer le bien-\u00eatre et l\u2019environnement des pays et des communaut\u00e9s locales au sein desquels LC Packaging op\u00e8re.<\/p>\n<p>La certification de LC Packaging inclut les normes SA 8000, EcoVadis, ISO 14001 et OHSAS 18001, et nous sommes fiers d\u2019\u00eatre membre du Pacte Mondial. Vous pouvez trouver plus d\u2019informations concernant le<a href=\"https:\/\/www.lcpackaging.com\/en\/sustainability-lc\/sustainability-lc-packaging\/\"> d\u00e9veloppement durable<\/a> sur le site Internet de notre entreprise.<\/p>\n<p>&nbsp;<\/p>\n<p>&nbsp;<\/p>\n<h2>Vid\u00e9o sur le d\u00e9veloppement durable LC Packaging<\/h2>\n<hr \/>\n<p>&nbsp;<\/p>\n<p><iframe loading=\"lazy\" src=\"https:\/\/www.youtube.com\/embed\/Y0HjsysGXpo\" width=\"100%\" height=\"444\" frameborder=\"0\" allowfullscreen=\"allowfullscreen\"><\/iframe><\/p>\n","protected":false},"excerpt":{"rendered":"<p>D\u00e9velopment durable Notre vision consiste \u00e0 inclure toutes les parties prenantes dans notre qu\u00eate visant \u00e0 fournir des solutions de conditionnement durables, tout en minimisant l\u2019impact sur l\u2019environnement et les d\u00e9chets de produits de valeur et en enrichissant les communaut\u00e9s avec lesquelles nous travaillons, pour transmettre un monde meilleur aux g\u00e9n\u00e9rations suivantes. Avec nos partenaires, [&hellip;]<\/p>\n","protected":false},"author":1,"featured_media":0,"parent":0,"menu_order":0,"comment_status":"closed","ping_status":"closed","template":"","meta":{"inline_featured_image":false},"yoast_head":"<!-- This site is optimized with the Yoast SEO plugin v18.6 - https:\/\/yoast.com\/wordpress\/plugins\/seo\/ -->\n<title>D\u00e9veloppement Durable &ndash; Bigbags.com<\/title>\n<meta name=\"robots\" content=\"index, follow, max-snippet:-1, max-image-preview:large, max-video-preview:-1\" \/>\n<link rel=\"canonical\" href=\"https:\/\/bigbags.com\/fr\/developpement-durable\/\" \/>\n<meta property=\"og:locale\" content=\"fr_FR\" \/>\n<meta property=\"og:type\" content=\"article\" \/>\n<meta property=\"og:title\" content=\"D\u00e9veloppement Durable &ndash; Bigbags.com\" \/>\n<meta property=\"og:description\" content=\"D\u00e9velopment durable Notre vision consiste \u00e0 inclure toutes les parties prenantes dans notre qu\u00eate visant \u00e0 fournir des solutions de conditionnement durables, tout en minimisant l\u2019impact sur l\u2019environnement et les d\u00e9chets de produits de valeur et en enrichissant les communaut\u00e9s avec lesquelles nous travaillons, pour transmettre un monde meilleur aux g\u00e9n\u00e9rations suivantes. Avec nos partenaires, [&hellip;]\" \/>\n<meta property=\"og:url\" content=\"https:\/\/bigbags.com\/fr\/developpement-durable\/\" \/>\n<meta property=\"og:site_name\" content=\"Bigbags.com\" \/>\n<meta property=\"article:modified_time\" content=\"2022-02-16T16:28:06+00:00\" \/>\n<meta name=\"twitter:card\" content=\"summary\" \/>\n<meta name=\"twitter:label1\" content=\"Dur\u00e9e de lecture estim\u00e9e\" \/>\n\t<meta name=\"twitter:data1\" content=\"2 minutes\" \/>\n<script type=\"application\/ld+json\" class=\"yoast-schema-graph\">{\"@context\":\"https:\/\/schema.org\",\"@graph\":[{\"@type\":\"WebSite\",\"@id\":\"https:\/\/bigbags.com\/#website\",\"url\":\"https:\/\/bigbags.com\/\",\"name\":\"Bigbags.com\",\"description\":\"En nog een WordPress site\",\"potentialAction\":[{\"@type\":\"SearchAction\",\"target\":{\"@type\":\"EntryPoint\",\"urlTemplate\":\"https:\/\/bigbags.com\/?s={search_term_string}\"},\"query-input\":\"required name=search_term_string\"}],\"inLanguage\":\"fr-FR\"},{\"@type\":\"WebPage\",\"@id\":\"https:\/\/bigbags.com\/fr\/developpement-durable\/#webpage\",\"url\":\"https:\/\/bigbags.com\/fr\/developpement-durable\/\",\"name\":\"D\u00e9veloppement Durable &ndash; Bigbags.com\",\"isPartOf\":{\"@id\":\"https:\/\/bigbags.com\/#website\"},\"datePublished\":\"2022-02-16T15:25:21+00:00\",\"dateModified\":\"2022-02-16T16:28:06+00:00\",\"breadcrumb\":{\"@id\":\"https:\/\/bigbags.com\/fr\/developpement-durable\/#breadcrumb\"},\"inLanguage\":\"fr-FR\",\"potentialAction\":[{\"@type\":\"ReadAction\",\"target\":[\"https:\/\/bigbags.com\/fr\/developpement-durable\/\"]}]},{\"@type\":\"BreadcrumbList\",\"@id\":\"https:\/\/bigbags.com\/fr\/developpement-durable\/#breadcrumb\",\"itemListElement\":[{\"@type\":\"ListItem\",\"position\":1,\"name\":\"Home\",\"item\":\"https:\/\/bigbags.com\/fr\/\"},{\"@type\":\"ListItem\",\"position\":2,\"name\":\"D\u00e9veloppement Durable\"}]}]}<\/script>\n<!-- \/ Yoast SEO plugin. -->","yoast_head_json":{"title":"D\u00e9veloppement Durable &ndash; Bigbags.com","robots":{"index":"index","follow":"follow","max-snippet":"max-snippet:-1","max-image-preview":"max-image-preview:large","max-video-preview":"max-video-preview:-1"},"canonical":"https:\/\/bigbags.com\/fr\/developpement-durable\/","og_locale":"fr_FR","og_type":"article","og_title":"D\u00e9veloppement Durable &ndash; Bigbags.com","og_description":"D\u00e9velopment durable Notre vision consiste \u00e0 inclure toutes les parties prenantes dans notre qu\u00eate visant \u00e0 fournir des solutions de conditionnement durables, tout en minimisant l\u2019impact sur l\u2019environnement et les d\u00e9chets de produits de valeur et en enrichissant les communaut\u00e9s avec lesquelles nous travaillons, pour transmettre un monde meilleur aux g\u00e9n\u00e9rations suivantes. Avec nos partenaires, [&hellip;]","og_url":"https:\/\/bigbags.com\/fr\/developpement-durable\/","og_site_name":"Bigbags.com","article_modified_time":"2022-02-16T16:28:06+00:00","twitter_card":"summary","twitter_misc":{"Dur\u00e9e de lecture estim\u00e9e":"2 minutes"},"schema":{"@context":"https:\/\/schema.org","@graph":[{"@type":"WebSite","@id":"https:\/\/bigbags.com\/#website","url":"https:\/\/bigbags.com\/","name":"Bigbags.com","description":"En nog een WordPress site","potentialAction":[{"@type":"SearchAction","target":{"@type":"EntryPoint","urlTemplate":"https:\/\/bigbags.com\/?s={search_term_string}"},"query-input":"required name=search_term_string"}],"inLanguage":"fr-FR"},{"@type":"WebPage","@id":"https:\/\/bigbags.com\/fr\/developpement-durable\/#webpage","url":"https:\/\/bigbags.com\/fr\/developpement-durable\/","name":"D\u00e9veloppement Durable &ndash; Bigbags.com","isPartOf":{"@id":"https:\/\/bigbags.com\/#website"},"datePublished":"2022-02-16T15:25:21+00:00","dateModified":"2022-02-16T16:28:06+00:00","breadcrumb":{"@id":"https:\/\/bigbags.com\/fr\/developpement-durable\/#breadcrumb"},"inLanguage":"fr-FR","potentialAction":[{"@type":"ReadAction","target":["https:\/\/bigbags.com\/fr\/developpement-durable\/"]}]},{"@type":"BreadcrumbList","@id":"https:\/\/bigbags.com\/fr\/developpement-durable\/#breadcrumb","itemListElement":[{"@type":"ListItem","position":1,"name":"Home","item":"https:\/\/bigbags.com\/fr\/"},{"@type":"ListItem","position":2,"name":"D\u00e9veloppement Durable"}]}]}},"_links":{"self":[{"href":"https:\/\/bigbags.com\/fr\/wp-json\/wp\/v2\/pages\/1492"}],"collection":[{"href":"https:\/\/bigbags.com\/fr\/wp-json\/wp\/v2\/pages"}],"about":[{"href":"https:\/\/bigbags.com\/fr\/wp-json\/wp\/v2\/types\/page"}],"author":[{"embeddable":true,"href":"https:\/\/bigbags.com\/fr\/wp-json\/wp\/v2\/users\/1"}],"replies":[{"embeddable":true,"href":"https:\/\/bigbags.com\/fr\/wp-json\/wp\/v2\/comments?post=1492"}],"version-history":[{"count":6,"href":"https:\/\/bigbags.com\/fr\/wp-json\/wp\/v2\/pages\/1492\/revisions"}],"predecessor-version":[{"id":5193,"href":"https:\/\/bigbags.com\/fr\/wp-json\/wp\/v2\/pages\/1492\/revisions\/5193"}],"wp:attachment":[{"href":"https:\/\/bigbags.com\/fr\/wp-json\/wp\/v2\/media?parent=1492"}],"curies":[{"name":"wp","href":"https:\/\/api.w.org\/{rel}","templated":true}]}}