{"id":1500,"date":"2017-01-16T13:29:26","date_gmt":"2017-01-16T12:29:26","guid":{"rendered":"http:\/\/bigbags.com\/?page_id=1500\/"},"modified":"2017-01-16T14:01:04","modified_gmt":"2017-01-16T13:01:04","slug":"les-avantages-dun-big-bag","status":"publish","type":"page","link":"https:\/\/bigbags.com\/fr\/pourquoi-nos-big-bags\/les-avantages-dun-big-bag\/","title":{"rendered":"Les avantages d\u2019un big bag"},"content":{"rendered":"<h2>Les avantages d\u2019un big bag<\/h2>\n<p>Les big bags, ou encore FIBC, Sacs de stockage en vrac et Big bags Chantier, repr\u00e9sentent la solution id\u00e9ale pour le stockage temporaire et le transport de marchandises s\u00e8ches en vrac. Qu\u2019il soit question de poudres, de minerais, de granulats ou d\u2019autres ingr\u00e9dients. Les avantages des big bags en un coup d\u2019\u0153il\u00a0:<\/p>\n<ul>\n<li>Emballages offrant un excellent rapport co\u00fbt\/efficacit\u00e9<\/li>\n<li>Faciles \u00e0 manipuler, ils optimisent la logistique de nos clients<\/li>\n<li>Enti\u00e8rement conformes aux normes d\u2019hygi\u00e8ne les plus strictes pour les applications alimentaires et pharmaceutiques<\/li>\n<li>Transportent en toute s\u00e9curit\u00e9 jusqu\u2019\u00e0 mille\u00a0fois leur propre poids<\/li>\n<li>Emballage secondaire superflu<\/li>\n<li>Poids r\u00e9duit, espace minimal\u00a0: \u00e9conomies sur le stockage en entrep\u00f4t<\/li>\n<li>Sacs imprim\u00e9s pour une promotion mobile et\/ou la mention d\u2019informations de produits essentielles<\/li>\n<li>Aident \u00e0 minimiser les flux de d\u00e9chets<\/li>\n<li><a href=\"http:\/\/www.worldbag.com\/fr\/\">Recyclage et reconditionnement<\/a><\/li>\n<li>Les big bags sont personnalisables en fonction de vos exigences sp\u00e9cifiques<\/li>\n<\/ul>\n","protected":false},"excerpt":{"rendered":"<p>Les avantages d\u2019un big bag Les big bags, ou encore FIBC, Sacs de stockage en vrac et Big bags Chantier, repr\u00e9sentent la solution id\u00e9ale pour le stockage temporaire et le transport de marchandises s\u00e8ches en vrac. Qu\u2019il soit question de poudres, de minerais, de granulats ou d\u2019autres ingr\u00e9dients. Les avantages des big bags en un [&hellip;]<\/p>\n","protected":false},"author":1,"featured_media":0,"parent":1497,"menu_order":0,"comment_status":"closed","ping_status":"closed","template":"","meta":{"inline_featured_image":false},"yoast_head":"<!-- This site is optimized with the Yoast SEO plugin v18.6 - https:\/\/yoast.com\/wordpress\/plugins\/seo\/ -->\n<title>Les avantages d\u2019un big bag &ndash; Bigbags.com<\/title>\n<meta name=\"robots\" content=\"index, follow, max-snippet:-1, max-image-preview:large, max-video-preview:-1\" \/>\n<link rel=\"canonical\" href=\"https:\/\/bigbags.com\/fr\/pourquoi-nos-big-bags\/les-avantages-dun-big-bag\/\" \/>\n<meta property=\"og:locale\" content=\"fr_FR\" \/>\n<meta property=\"og:type\" content=\"article\" \/>\n<meta property=\"og:title\" content=\"Les avantages d\u2019un big bag &ndash; Bigbags.com\" \/>\n<meta property=\"og:description\" content=\"Les avantages d\u2019un big bag Les big bags, ou encore FIBC, Sacs de stockage en vrac et Big bags Chantier, repr\u00e9sentent la solution id\u00e9ale pour le stockage temporaire et le transport de marchandises s\u00e8ches en vrac. Qu\u2019il soit question de poudres, de minerais, de granulats ou d\u2019autres ingr\u00e9dients. Les avantages des big bags en un [&hellip;]\" \/>\n<meta property=\"og:url\" content=\"https:\/\/bigbags.com\/fr\/pourquoi-nos-big-bags\/les-avantages-dun-big-bag\/\" \/>\n<meta property=\"og:site_name\" content=\"Bigbags.com\" \/>\n<meta property=\"article:modified_time\" content=\"2017-01-16T13:01:04+00:00\" \/>\n<meta name=\"twitter:card\" content=\"summary\" \/>\n<meta name=\"twitter:label1\" content=\"Dur\u00e9e de lecture estim\u00e9e\" \/>\n\t<meta name=\"twitter:data1\" content=\"1 minute\" \/>\n<script type=\"application\/ld+json\" class=\"yoast-schema-graph\">{\"@context\":\"https:\/\/schema.org\",\"@graph\":[{\"@type\":\"WebSite\",\"@id\":\"https:\/\/bigbags.com\/#website\",\"url\":\"https:\/\/bigbags.com\/\",\"name\":\"Bigbags.com\",\"description\":\"En nog een WordPress site\",\"potentialAction\":[{\"@type\":\"SearchAction\",\"target\":{\"@type\":\"EntryPoint\",\"urlTemplate\":\"https:\/\/bigbags.com\/?s={search_term_string}\"},\"query-input\":\"required name=search_term_string\"}],\"inLanguage\":\"fr-FR\"},{\"@type\":\"WebPage\",\"@id\":\"https:\/\/bigbags.com\/fr\/pourquoi-nos-big-bags\/les-avantages-dun-big-bag\/#webpage\",\"url\":\"https:\/\/bigbags.com\/fr\/pourquoi-nos-big-bags\/les-avantages-dun-big-bag\/\",\"name\":\"Les avantages d\u2019un big bag &ndash; Bigbags.com\",\"isPartOf\":{\"@id\":\"https:\/\/bigbags.com\/#website\"},\"datePublished\":\"2017-01-16T12:29:26+00:00\",\"dateModified\":\"2017-01-16T13:01:04+00:00\",\"breadcrumb\":{\"@id\":\"https:\/\/bigbags.com\/fr\/pourquoi-nos-big-bags\/les-avantages-dun-big-bag\/#breadcrumb\"},\"inLanguage\":\"fr-FR\",\"potentialAction\":[{\"@type\":\"ReadAction\",\"target\":[\"https:\/\/bigbags.com\/fr\/pourquoi-nos-big-bags\/les-avantages-dun-big-bag\/\"]}]},{\"@type\":\"BreadcrumbList\",\"@id\":\"https:\/\/bigbags.com\/fr\/pourquoi-nos-big-bags\/les-avantages-dun-big-bag\/#breadcrumb\",\"itemListElement\":[{\"@type\":\"ListItem\",\"position\":1,\"name\":\"Home\",\"item\":\"https:\/\/bigbags.com\/fr\/\"},{\"@type\":\"ListItem\",\"position\":2,\"name\":\"Pourquoi nos big bags\u00a0\",\"item\":\"https:\/\/bigbags.com\/fr\/pourquoi-nos-big-bags\/\"},{\"@type\":\"ListItem\",\"position\":3,\"name\":\"Les avantages d\u2019un big bag\"}]}]}<\/script>\n<!-- \/ Yoast SEO plugin. -->","yoast_head_json":{"title":"Les avantages d\u2019un big bag &ndash; Bigbags.com","robots":{"index":"index","follow":"follow","max-snippet":"max-snippet:-1","max-image-preview":"max-image-preview:large","max-video-preview":"max-video-preview:-1"},"canonical":"https:\/\/bigbags.com\/fr\/pourquoi-nos-big-bags\/les-avantages-dun-big-bag\/","og_locale":"fr_FR","og_type":"article","og_title":"Les avantages d\u2019un big bag &ndash; Bigbags.com","og_description":"Les avantages d\u2019un big bag Les big bags, ou encore FIBC, Sacs de stockage en vrac et Big bags Chantier, repr\u00e9sentent la solution id\u00e9ale pour le stockage temporaire et le transport de marchandises s\u00e8ches en vrac. Qu\u2019il soit question de poudres, de minerais, de granulats ou d\u2019autres ingr\u00e9dients. Les avantages des big bags en un [&hellip;]","og_url":"https:\/\/bigbags.com\/fr\/pourquoi-nos-big-bags\/les-avantages-dun-big-bag\/","og_site_name":"Bigbags.com","article_modified_time":"2017-01-16T13:01:04+00:00","twitter_card":"summary","twitter_misc":{"Dur\u00e9e de lecture estim\u00e9e":"1 minute"},"schema":{"@context":"https:\/\/schema.org","@graph":[{"@type":"WebSite","@id":"https:\/\/bigbags.com\/#website","url":"https:\/\/bigbags.com\/","name":"Bigbags.com","description":"En nog een WordPress site","potentialAction":[{"@type":"SearchAction","target":{"@type":"EntryPoint","urlTemplate":"https:\/\/bigbags.com\/?s={search_term_string}"},"query-input":"required name=search_term_string"}],"inLanguage":"fr-FR"},{"@type":"WebPage","@id":"https:\/\/bigbags.com\/fr\/pourquoi-nos-big-bags\/les-avantages-dun-big-bag\/#webpage","url":"https:\/\/bigbags.com\/fr\/pourquoi-nos-big-bags\/les-avantages-dun-big-bag\/","name":"Les avantages d\u2019un big bag &ndash; Bigbags.com","isPartOf":{"@id":"https:\/\/bigbags.com\/#website"},"datePublished":"2017-01-16T12:29:26+00:00","dateModified":"2017-01-16T13:01:04+00:00","breadcrumb":{"@id":"https:\/\/bigbags.com\/fr\/pourquoi-nos-big-bags\/les-avantages-dun-big-bag\/#breadcrumb"},"inLanguage":"fr-FR","potentialAction":[{"@type":"ReadAction","target":["https:\/\/bigbags.com\/fr\/pourquoi-nos-big-bags\/les-avantages-dun-big-bag\/"]}]},{"@type":"BreadcrumbList","@id":"https:\/\/bigbags.com\/fr\/pourquoi-nos-big-bags\/les-avantages-dun-big-bag\/#breadcrumb","itemListElement":[{"@type":"ListItem","position":1,"name":"Home","item":"https:\/\/bigbags.com\/fr\/"},{"@type":"ListItem","position":2,"name":"Pourquoi nos big bags\u00a0","item":"https:\/\/bigbags.com\/fr\/pourquoi-nos-big-bags\/"},{"@type":"ListItem","position":3,"name":"Les avantages d\u2019un big bag"}]}]}},"_links":{"self":[{"href":"https:\/\/bigbags.com\/fr\/wp-json\/wp\/v2\/pages\/1500"}],"collection":[{"href":"https:\/\/bigbags.com\/fr\/wp-json\/wp\/v2\/pages"}],"about":[{"href":"https:\/\/bigbags.com\/fr\/wp-json\/wp\/v2\/types\/page"}],"author":[{"embeddable":true,"href":"https:\/\/bigbags.com\/fr\/wp-json\/wp\/v2\/users\/1"}],"replies":[{"embeddable":true,"href":"https:\/\/bigbags.com\/fr\/wp-json\/wp\/v2\/comments?post=1500"}],"version-history":[{"count":2,"href":"https:\/\/bigbags.com\/fr\/wp-json\/wp\/v2\/pages\/1500\/revisions"}],"predecessor-version":[{"id":1542,"href":"https:\/\/bigbags.com\/fr\/wp-json\/wp\/v2\/pages\/1500\/revisions\/1542"}],"up":[{"embeddable":true,"href":"https:\/\/bigbags.com\/fr\/wp-json\/wp\/v2\/pages\/1497"}],"wp:attachment":[{"href":"https:\/\/bigbags.com\/fr\/wp-json\/wp\/v2\/media?parent=1500"}],"curies":[{"name":"wp","href":"https:\/\/api.w.org\/{rel}","templated":true}]}}