{"id":2235,"date":"2017-03-16T13:50:51","date_gmt":"2017-03-16T12:50:51","guid":{"rendered":"http:\/\/bigbags.com\/?page_id=2235\/"},"modified":"2018-10-24T15:42:27","modified_gmt":"2018-10-24T13:42:27","slug":"kontaktirajte","status":"publish","type":"page","link":"https:\/\/bigbags.com\/hr\/kontaktirajte\/","title":{"rendered":"Kontaktirajte"},"content":{"rendered":"<h2>Kontaktirajte nas za dodatne informacije<\/h2>\n<p class=\"lead\">S na\u0161im evidentiranim dokazima mo\u017eemo jam\u010diti na\u0161im klijentima da smo sposobni dizajnirati, proizvesti i isporu\u010diti bilo koju veliku vre\u0107u koju trebate za svakovrsne svrhe.<\/p>\n<p>Ispunite kontaktni obrazac kako biste zatra\u017eili ponudu ili nas pitali za savjet. Na\u0161i stru\u010dnjaci za velike vre\u0107e odgovorit \u0107e na va\u0161 zahtjev u najkra\u0107em mogu\u0107em roku.<\/p>\n<p><iframe loading=\"lazy\" src=\"http:\/\/analytics-eu.clickdimensions.com\/lcpackagingnl-aodhd\/pages\/6krlkvneeipawanorj6qw.html\" allowtransparency=\"true\" width=\"100%\" height=\"500px\" type=\"text\/html\" frameborder=\"0\" style=\"border:0\"><\/iframe><\/p>\n","protected":false},"excerpt":{"rendered":"<p>Kontaktirajte nas za dodatne informacije Ispunite kontaktni obrazac kako biste zatra\u017eili ponudu ili nas pitali za savjet. Na\u0161i stru\u010dnjaci za velike vre\u0107e odgovorit \u0107e na va\u0161 zahtjev u najkra\u0107em mogu\u0107em roku.<\/p>\n","protected":false},"author":1,"featured_media":583,"parent":0,"menu_order":0,"comment_status":"closed","ping_status":"closed","template":"","meta":{"inline_featured_image":false},"yoast_head":"<!-- This site is optimized with the Yoast SEO plugin v18.6 - https:\/\/yoast.com\/wordpress\/plugins\/seo\/ -->\n<title>Kontaktirajte &ndash; Bigbags.com<\/title>\n<meta name=\"robots\" content=\"index, follow, max-snippet:-1, max-image-preview:large, max-video-preview:-1\" \/>\n<link rel=\"canonical\" href=\"https:\/\/bigbags.com\/hr\/kontaktirajte\/\" \/>\n<meta property=\"og:locale\" content=\"hr_HR\" \/>\n<meta property=\"og:type\" content=\"article\" \/>\n<meta property=\"og:title\" content=\"Kontaktirajte &ndash; Bigbags.com\" \/>\n<meta property=\"og:description\" content=\"Kontaktirajte nas za dodatne informacije Ispunite kontaktni obrazac kako biste zatra\u017eili ponudu ili nas pitali za savjet. Na\u0161i stru\u010dnjaci za velike vre\u0107e odgovorit \u0107e na va\u0161 zahtjev u najkra\u0107em mogu\u0107em roku.\" \/>\n<meta property=\"og:url\" content=\"https:\/\/bigbags.com\/hr\/kontaktirajte\/\" \/>\n<meta property=\"og:site_name\" content=\"Bigbags.com\" \/>\n<meta property=\"article:modified_time\" content=\"2018-10-24T13:42:27+00:00\" \/>\n<meta name=\"twitter:card\" content=\"summary\" \/>\n<meta name=\"twitter:image\" content=\"https:\/\/bigbags.com\/wp-content\/uploads\/2016\/12\/contact-1.svg\" \/>\n<script type=\"application\/ld+json\" class=\"yoast-schema-graph\">{\"@context\":\"https:\/\/schema.org\",\"@graph\":[{\"@type\":\"WebSite\",\"@id\":\"https:\/\/bigbags.com\/#website\",\"url\":\"https:\/\/bigbags.com\/\",\"name\":\"Bigbags.com\",\"description\":\"En nog een WordPress site\",\"potentialAction\":[{\"@type\":\"SearchAction\",\"target\":{\"@type\":\"EntryPoint\",\"urlTemplate\":\"https:\/\/bigbags.com\/?s={search_term_string}\"},\"query-input\":\"required name=search_term_string\"}],\"inLanguage\":\"hr\"},{\"@type\":\"ImageObject\",\"@id\":\"https:\/\/bigbags.com\/hr\/kontaktirajte\/#primaryimage\",\"inLanguage\":\"hr\",\"url\":\"https:\/\/bigbags.com\/wp-content\/uploads\/2016\/12\/contact-1.svg\",\"contentUrl\":\"https:\/\/bigbags.com\/wp-content\/uploads\/2016\/12\/contact-1.svg\"},{\"@type\":\"WebPage\",\"@id\":\"https:\/\/bigbags.com\/hr\/kontaktirajte\/#webpage\",\"url\":\"https:\/\/bigbags.com\/hr\/kontaktirajte\/\",\"name\":\"Kontaktirajte &ndash; Bigbags.com\",\"isPartOf\":{\"@id\":\"https:\/\/bigbags.com\/#website\"},\"primaryImageOfPage\":{\"@id\":\"https:\/\/bigbags.com\/hr\/kontaktirajte\/#primaryimage\"},\"datePublished\":\"2017-03-16T12:50:51+00:00\",\"dateModified\":\"2018-10-24T13:42:27+00:00\",\"breadcrumb\":{\"@id\":\"https:\/\/bigbags.com\/hr\/kontaktirajte\/#breadcrumb\"},\"inLanguage\":\"hr\",\"potentialAction\":[{\"@type\":\"ReadAction\",\"target\":[\"https:\/\/bigbags.com\/hr\/kontaktirajte\/\"]}]},{\"@type\":\"BreadcrumbList\",\"@id\":\"https:\/\/bigbags.com\/hr\/kontaktirajte\/#breadcrumb\",\"itemListElement\":[{\"@type\":\"ListItem\",\"position\":1,\"name\":\"Home\",\"item\":\"https:\/\/bigbags.com\/hr\/\"},{\"@type\":\"ListItem\",\"position\":2,\"name\":\"Kontaktirajte\"}]}]}<\/script>\n<!-- \/ Yoast SEO plugin. -->","yoast_head_json":{"title":"Kontaktirajte &ndash; Bigbags.com","robots":{"index":"index","follow":"follow","max-snippet":"max-snippet:-1","max-image-preview":"max-image-preview:large","max-video-preview":"max-video-preview:-1"},"canonical":"https:\/\/bigbags.com\/hr\/kontaktirajte\/","og_locale":"hr_HR","og_type":"article","og_title":"Kontaktirajte &ndash; Bigbags.com","og_description":"Kontaktirajte nas za dodatne informacije Ispunite kontaktni obrazac kako biste zatra\u017eili ponudu ili nas pitali za savjet. Na\u0161i stru\u010dnjaci za velike vre\u0107e odgovorit \u0107e na va\u0161 zahtjev u najkra\u0107em mogu\u0107em roku.","og_url":"https:\/\/bigbags.com\/hr\/kontaktirajte\/","og_site_name":"Bigbags.com","article_modified_time":"2018-10-24T13:42:27+00:00","twitter_card":"summary","twitter_image":"https:\/\/bigbags.com\/wp-content\/uploads\/2016\/12\/contact-1.svg","schema":{"@context":"https:\/\/schema.org","@graph":[{"@type":"WebSite","@id":"https:\/\/bigbags.com\/#website","url":"https:\/\/bigbags.com\/","name":"Bigbags.com","description":"En nog een WordPress site","potentialAction":[{"@type":"SearchAction","target":{"@type":"EntryPoint","urlTemplate":"https:\/\/bigbags.com\/?s={search_term_string}"},"query-input":"required name=search_term_string"}],"inLanguage":"hr"},{"@type":"ImageObject","@id":"https:\/\/bigbags.com\/hr\/kontaktirajte\/#primaryimage","inLanguage":"hr","url":"https:\/\/bigbags.com\/wp-content\/uploads\/2016\/12\/contact-1.svg","contentUrl":"https:\/\/bigbags.com\/wp-content\/uploads\/2016\/12\/contact-1.svg"},{"@type":"WebPage","@id":"https:\/\/bigbags.com\/hr\/kontaktirajte\/#webpage","url":"https:\/\/bigbags.com\/hr\/kontaktirajte\/","name":"Kontaktirajte &ndash; Bigbags.com","isPartOf":{"@id":"https:\/\/bigbags.com\/#website"},"primaryImageOfPage":{"@id":"https:\/\/bigbags.com\/hr\/kontaktirajte\/#primaryimage"},"datePublished":"2017-03-16T12:50:51+00:00","dateModified":"2018-10-24T13:42:27+00:00","breadcrumb":{"@id":"https:\/\/bigbags.com\/hr\/kontaktirajte\/#breadcrumb"},"inLanguage":"hr","potentialAction":[{"@type":"ReadAction","target":["https:\/\/bigbags.com\/hr\/kontaktirajte\/"]}]},{"@type":"BreadcrumbList","@id":"https:\/\/bigbags.com\/hr\/kontaktirajte\/#breadcrumb","itemListElement":[{"@type":"ListItem","position":1,"name":"Home","item":"https:\/\/bigbags.com\/hr\/"},{"@type":"ListItem","position":2,"name":"Kontaktirajte"}]}]}},"_links":{"self":[{"href":"https:\/\/bigbags.com\/hr\/wp-json\/wp\/v2\/pages\/2235"}],"collection":[{"href":"https:\/\/bigbags.com\/hr\/wp-json\/wp\/v2\/pages"}],"about":[{"href":"https:\/\/bigbags.com\/hr\/wp-json\/wp\/v2\/types\/page"}],"author":[{"embeddable":true,"href":"https:\/\/bigbags.com\/hr\/wp-json\/wp\/v2\/users\/1"}],"replies":[{"embeddable":true,"href":"https:\/\/bigbags.com\/hr\/wp-json\/wp\/v2\/comments?post=2235"}],"version-history":[{"count":4,"href":"https:\/\/bigbags.com\/hr\/wp-json\/wp\/v2\/pages\/2235\/revisions"}],"predecessor-version":[{"id":2596,"href":"https:\/\/bigbags.com\/hr\/wp-json\/wp\/v2\/pages\/2235\/revisions\/2596"}],"wp:featuredmedia":[{"embeddable":true,"href":"https:\/\/bigbags.com\/hr\/wp-json\/wp\/v2\/media\/583"}],"wp:attachment":[{"href":"https:\/\/bigbags.com\/hr\/wp-json\/wp\/v2\/media?parent=2235"}],"curies":[{"name":"wp","href":"https:\/\/api.w.org\/{rel}","templated":true}]}}