{"id":2271,"date":"2017-03-16T14:53:48","date_gmt":"2017-03-16T13:53:48","guid":{"rendered":"http:\/\/bigbags.com\/?page_id=2271\/"},"modified":"2017-03-16T14:53:48","modified_gmt":"2017-03-16T13:53:48","slug":"odrzivost","status":"publish","type":"page","link":"https:\/\/bigbags.com\/hr\/odrzivost\/","title":{"rendered":"Odr\u017eivost"},"content":{"rendered":"<h1>Sustainability<\/h1>\n<p class=\"lead\">Ni jedna tvrtka ne mo\u017ee izgraditi reputaciju na onome \u0161to planira u\u010diniti, samo na onom \u0161to je ve\u0107 ostvarila. \u0160to god radimo, trudimo se napraviti to dobro.<\/p>\n<p>Na\u0161a je vizija uklju\u010diti dioni\u010dare u na\u0161u misiju pru\u017eanja odr\u017eivih rje\u0161enja pakiranja, smanjenja utjecaja na okoli\u0161 i gubitka dragocjenih proizvoda, te obogatiti zajednice u kojima radimo kako bismo ostavili bolji svijet u kojem \u0107e budu\u0107e generacije mo\u0107i u\u017eivati.<\/p>\n<p>&nbsp;<\/p>\n<p>Zajedno s na\u0161im partnerima nastojimo doprinijeti ciljevima Globalnog odr\u017eivog razvoja tako \u0161to osiguravamo:<\/p>\n<ul>\n<li>Odr\u017eivi lanac nabave, uklju\u010duju\u0107i odr\u017eive izvore i proizvodnju<\/li>\n<li>Dobrobit ljudi i zajednica u kojima poslujemo<\/li>\n<li>Smanjen utjecaj na okoli\u0161<\/li>\n<li>Odr\u017eiva rje\u0161enja pakiranja i inovacije<\/li>\n<\/ul>\n<p>&nbsp;<\/p>\n<p>Sura\u0111ujemo s na\u0161im klijentima u smislu zajedni\u010dkih vrijednosti, standarda i odgovornosti kako bismo osigurali da je cjelokupni lanac uskla\u0111en s tr\u017ei\u0161nim zahtjevima odr\u017eivosti. Nastojimo zadovoljiti ili nadma\u0161iti korisni\u010dka o\u010dekivanja te isporu\u010diti konkurentnu prednost.<\/p>\n<p>2016. godine, LC Packaging je osnovao zakladu <a href=\"http:\/\/www.lcsupportsfoundation.com\/#first\">LC Supports Foundation<\/a>. Cilj ove dobrotvorne zaklade je doprinositi pobolj\u0161anju dobrobiti i okoli\u0161a zemalja i lokalnih zajednica u kojima je tvrtka LC Packaging aktivna.<\/p>\n<p>Certifikat tvrtke LC Packaging uklju\u010duje standarde SA 8000, EcoVadis, ISO 14001 i OHSAS 18001, te smo ponosni \u010dlan organizacije UN Global Compact. Vi\u0161e informacija o <a href=\"http:\/\/lcpackaging.com\/sustainability-0\">odr\u017eivosti<\/a> mo\u017eete prona\u0107i na na\u0161oj korporativnoj mre\u017enoj stranici.<\/p>\n<hr \/>\n<h2><\/h2>\n<h2>Videozapis tvrtke LC Packaging o odr\u017eivosti<\/h2>\n<p><iframe loading=\"lazy\" src=\"https:\/\/www.youtube.com\/embed\/Y0HjsysGXpo\" width=\"100%\" height=\"444\" frameborder=\"0\" allowfullscreen=\"allowfullscreen\" data-mce-fragment=\"1\"><\/iframe><\/p>\n","protected":false},"excerpt":{"rendered":"<p>Sustainability Na\u0161a je vizija uklju\u010diti dioni\u010dare u na\u0161u misiju pru\u017eanja odr\u017eivih rje\u0161enja pakiranja, smanjenja utjecaja na okoli\u0161 i gubitka dragocjenih proizvoda, te obogatiti zajednice u kojima radimo kako bismo ostavili bolji svijet u kojem \u0107e budu\u0107e generacije mo\u0107i u\u017eivati. &nbsp; Zajedno s na\u0161im partnerima nastojimo doprinijeti ciljevima Globalnog odr\u017eivog razvoja tako \u0161to osiguravamo: Odr\u017eivi lanac [&hellip;]<\/p>\n","protected":false},"author":1,"featured_media":0,"parent":0,"menu_order":0,"comment_status":"closed","ping_status":"closed","template":"","meta":{"inline_featured_image":false},"yoast_head":"<!-- This site is optimized with the Yoast SEO plugin v18.6 - https:\/\/yoast.com\/wordpress\/plugins\/seo\/ -->\n<title>Odr\u017eivost &ndash; Bigbags.com<\/title>\n<meta name=\"robots\" content=\"index, follow, max-snippet:-1, max-image-preview:large, max-video-preview:-1\" \/>\n<link rel=\"canonical\" href=\"https:\/\/bigbags.com\/hr\/odrzivost\/\" \/>\n<meta property=\"og:locale\" content=\"hr_HR\" \/>\n<meta property=\"og:type\" content=\"article\" \/>\n<meta property=\"og:title\" content=\"Odr\u017eivost &ndash; Bigbags.com\" \/>\n<meta property=\"og:description\" content=\"Sustainability Na\u0161a je vizija uklju\u010diti dioni\u010dare u na\u0161u misiju pru\u017eanja odr\u017eivih rje\u0161enja pakiranja, smanjenja utjecaja na okoli\u0161 i gubitka dragocjenih proizvoda, te obogatiti zajednice u kojima radimo kako bismo ostavili bolji svijet u kojem \u0107e budu\u0107e generacije mo\u0107i u\u017eivati. &nbsp; Zajedno s na\u0161im partnerima nastojimo doprinijeti ciljevima Globalnog odr\u017eivog razvoja tako \u0161to osiguravamo: Odr\u017eivi lanac [&hellip;]\" \/>\n<meta property=\"og:url\" content=\"https:\/\/bigbags.com\/hr\/odrzivost\/\" \/>\n<meta property=\"og:site_name\" content=\"Bigbags.com\" \/>\n<meta name=\"twitter:card\" content=\"summary\" \/>\n<meta name=\"twitter:label1\" content=\"Procijenjeno vrijeme \u010ditanja\" \/>\n\t<meta name=\"twitter:data1\" content=\"1 minuta\" \/>\n<script type=\"application\/ld+json\" class=\"yoast-schema-graph\">{\"@context\":\"https:\/\/schema.org\",\"@graph\":[{\"@type\":\"WebSite\",\"@id\":\"https:\/\/bigbags.com\/#website\",\"url\":\"https:\/\/bigbags.com\/\",\"name\":\"Bigbags.com\",\"description\":\"En nog een WordPress site\",\"potentialAction\":[{\"@type\":\"SearchAction\",\"target\":{\"@type\":\"EntryPoint\",\"urlTemplate\":\"https:\/\/bigbags.com\/?s={search_term_string}\"},\"query-input\":\"required name=search_term_string\"}],\"inLanguage\":\"hr\"},{\"@type\":\"WebPage\",\"@id\":\"https:\/\/bigbags.com\/hr\/odrzivost\/#webpage\",\"url\":\"https:\/\/bigbags.com\/hr\/odrzivost\/\",\"name\":\"Odr\u017eivost &ndash; Bigbags.com\",\"isPartOf\":{\"@id\":\"https:\/\/bigbags.com\/#website\"},\"datePublished\":\"2017-03-16T13:53:48+00:00\",\"dateModified\":\"2017-03-16T13:53:48+00:00\",\"breadcrumb\":{\"@id\":\"https:\/\/bigbags.com\/hr\/odrzivost\/#breadcrumb\"},\"inLanguage\":\"hr\",\"potentialAction\":[{\"@type\":\"ReadAction\",\"target\":[\"https:\/\/bigbags.com\/hr\/odrzivost\/\"]}]},{\"@type\":\"BreadcrumbList\",\"@id\":\"https:\/\/bigbags.com\/hr\/odrzivost\/#breadcrumb\",\"itemListElement\":[{\"@type\":\"ListItem\",\"position\":1,\"name\":\"Home\",\"item\":\"https:\/\/bigbags.com\/hr\/\"},{\"@type\":\"ListItem\",\"position\":2,\"name\":\"Odr\u017eivost\"}]}]}<\/script>\n<!-- \/ Yoast SEO plugin. -->","yoast_head_json":{"title":"Odr\u017eivost &ndash; Bigbags.com","robots":{"index":"index","follow":"follow","max-snippet":"max-snippet:-1","max-image-preview":"max-image-preview:large","max-video-preview":"max-video-preview:-1"},"canonical":"https:\/\/bigbags.com\/hr\/odrzivost\/","og_locale":"hr_HR","og_type":"article","og_title":"Odr\u017eivost &ndash; Bigbags.com","og_description":"Sustainability Na\u0161a je vizija uklju\u010diti dioni\u010dare u na\u0161u misiju pru\u017eanja odr\u017eivih rje\u0161enja pakiranja, smanjenja utjecaja na okoli\u0161 i gubitka dragocjenih proizvoda, te obogatiti zajednice u kojima radimo kako bismo ostavili bolji svijet u kojem \u0107e budu\u0107e generacije mo\u0107i u\u017eivati. &nbsp; Zajedno s na\u0161im partnerima nastojimo doprinijeti ciljevima Globalnog odr\u017eivog razvoja tako \u0161to osiguravamo: Odr\u017eivi lanac [&hellip;]","og_url":"https:\/\/bigbags.com\/hr\/odrzivost\/","og_site_name":"Bigbags.com","twitter_card":"summary","twitter_misc":{"Procijenjeno vrijeme \u010ditanja":"1 minuta"},"schema":{"@context":"https:\/\/schema.org","@graph":[{"@type":"WebSite","@id":"https:\/\/bigbags.com\/#website","url":"https:\/\/bigbags.com\/","name":"Bigbags.com","description":"En nog een WordPress site","potentialAction":[{"@type":"SearchAction","target":{"@type":"EntryPoint","urlTemplate":"https:\/\/bigbags.com\/?s={search_term_string}"},"query-input":"required name=search_term_string"}],"inLanguage":"hr"},{"@type":"WebPage","@id":"https:\/\/bigbags.com\/hr\/odrzivost\/#webpage","url":"https:\/\/bigbags.com\/hr\/odrzivost\/","name":"Odr\u017eivost &ndash; Bigbags.com","isPartOf":{"@id":"https:\/\/bigbags.com\/#website"},"datePublished":"2017-03-16T13:53:48+00:00","dateModified":"2017-03-16T13:53:48+00:00","breadcrumb":{"@id":"https:\/\/bigbags.com\/hr\/odrzivost\/#breadcrumb"},"inLanguage":"hr","potentialAction":[{"@type":"ReadAction","target":["https:\/\/bigbags.com\/hr\/odrzivost\/"]}]},{"@type":"BreadcrumbList","@id":"https:\/\/bigbags.com\/hr\/odrzivost\/#breadcrumb","itemListElement":[{"@type":"ListItem","position":1,"name":"Home","item":"https:\/\/bigbags.com\/hr\/"},{"@type":"ListItem","position":2,"name":"Odr\u017eivost"}]}]}},"_links":{"self":[{"href":"https:\/\/bigbags.com\/hr\/wp-json\/wp\/v2\/pages\/2271"}],"collection":[{"href":"https:\/\/bigbags.com\/hr\/wp-json\/wp\/v2\/pages"}],"about":[{"href":"https:\/\/bigbags.com\/hr\/wp-json\/wp\/v2\/types\/page"}],"author":[{"embeddable":true,"href":"https:\/\/bigbags.com\/hr\/wp-json\/wp\/v2\/users\/1"}],"replies":[{"embeddable":true,"href":"https:\/\/bigbags.com\/hr\/wp-json\/wp\/v2\/comments?post=2271"}],"version-history":[{"count":1,"href":"https:\/\/bigbags.com\/hr\/wp-json\/wp\/v2\/pages\/2271\/revisions"}],"predecessor-version":[{"id":2276,"href":"https:\/\/bigbags.com\/hr\/wp-json\/wp\/v2\/pages\/2271\/revisions\/2276"}],"wp:attachment":[{"href":"https:\/\/bigbags.com\/hr\/wp-json\/wp\/v2\/media?parent=2271"}],"curies":[{"name":"wp","href":"https:\/\/api.w.org\/{rel}","templated":true}]}}