{"id":2300,"date":"2017-03-16T15:18:24","date_gmt":"2017-03-16T14:18:24","guid":{"rendered":"http:\/\/bigbags.com\/?page_id=2300\/"},"modified":"2017-03-16T15:23:26","modified_gmt":"2017-03-16T14:23:26","slug":"prednosti-velike-vrece","status":"publish","type":"page","link":"https:\/\/bigbags.com\/hr\/zasto-nase-velike-vrece\/prednosti-velike-vrece\/","title":{"rendered":"Prednosti velike vre\u0107e"},"content":{"rendered":"<h2>Prednosti velike vre\u0107e<\/h2>\n<p class=\"lead\">Velike vre\u0107e \u2013 koje se nazivaju FIBC vre\u0107e, vre\u0107e velike zapremine ili jumbo vre\u0107e \u2013 idealno su rje\u0161enje za privremenu pohranu i prijevoz suhih proizvoda velike zapremine. To uklju\u010duje pra\u0161ke, mineralne rude, agregate i druge sastojke. Prednosti velikih vre\u0107a ukratko:<\/p>\n<ul>\n<li>Iznimno isplativo pakiranje<\/li>\n<li>Jednostavno rukovanje \u2013 optimizira logistiku va\u0161eg klijenta<\/li>\n<li>U potpunosti uskla\u0111ene sa strogim higijenskim standardima za primjenu kod hrane i u farmaciji<\/li>\n<li>Sigurne za no\u0161enje te\u017eine do tisu\u0107u puta ve\u0107e od njihove vlastite<\/li>\n<li>Nema potrebe za sekundarnim pakiranjem<\/li>\n<li>Mala te\u017eina, minimalni prostor \u2013 u\u0161tedite na skladi\u0161tenju<\/li>\n<li>Vre\u0107e s otiskom kao pokretna promid\u017eba i\/ili prikaz bitnih informacija o proizvodu<\/li>\n<li>Poma\u017eu u smanjivanju istjecanja otpada<\/li>\n<li><a href=\"http:\/\/www.worldbag.com\/\" target=\"_blank\">Recikliranje i prerada<\/a><\/li>\n<li>Velike vre\u0107e mogu se prilagoditi va\u0161im specifi\u010dnim zahtjevima<\/li>\n<\/ul>\n","protected":false},"excerpt":{"rendered":"<p>Prednosti velike vre\u0107e Iznimno isplativo pakiranje Jednostavno rukovanje \u2013 optimizira logistiku va\u0161eg klijenta U potpunosti uskla\u0111ene sa strogim higijenskim standardima za primjenu kod hrane i u farmaciji Sigurne za no\u0161enje te\u017eine do tisu\u0107u puta ve\u0107e od njihove vlastite Nema potrebe za sekundarnim pakiranjem Mala te\u017eina, minimalni prostor \u2013 u\u0161tedite na skladi\u0161tenju Vre\u0107e s otiskom kao [&hellip;]<\/p>\n","protected":false},"author":1,"featured_media":0,"parent":2388,"menu_order":0,"comment_status":"closed","ping_status":"closed","template":"","meta":{"inline_featured_image":false},"yoast_head":"<!-- This site is optimized with the Yoast SEO plugin v18.6 - https:\/\/yoast.com\/wordpress\/plugins\/seo\/ -->\n<title>Prednosti velike vre\u0107e &ndash; Bigbags.com<\/title>\n<meta name=\"robots\" content=\"index, follow, max-snippet:-1, max-image-preview:large, max-video-preview:-1\" \/>\n<link rel=\"canonical\" href=\"https:\/\/bigbags.com\/hr\/zasto-nase-velike-vrece\/prednosti-velike-vrece\/\" \/>\n<meta property=\"og:locale\" content=\"hr_HR\" \/>\n<meta property=\"og:type\" content=\"article\" \/>\n<meta property=\"og:title\" content=\"Prednosti velike vre\u0107e &ndash; Bigbags.com\" \/>\n<meta property=\"og:description\" content=\"Prednosti velike vre\u0107e Iznimno isplativo pakiranje Jednostavno rukovanje \u2013 optimizira logistiku va\u0161eg klijenta U potpunosti uskla\u0111ene sa strogim higijenskim standardima za primjenu kod hrane i u farmaciji Sigurne za no\u0161enje te\u017eine do tisu\u0107u puta ve\u0107e od njihove vlastite Nema potrebe za sekundarnim pakiranjem Mala te\u017eina, minimalni prostor \u2013 u\u0161tedite na skladi\u0161tenju Vre\u0107e s otiskom kao [&hellip;]\" \/>\n<meta property=\"og:url\" content=\"https:\/\/bigbags.com\/hr\/zasto-nase-velike-vrece\/prednosti-velike-vrece\/\" \/>\n<meta property=\"og:site_name\" content=\"Bigbags.com\" \/>\n<meta property=\"article:modified_time\" content=\"2017-03-16T14:23:26+00:00\" \/>\n<meta name=\"twitter:card\" content=\"summary\" \/>\n<meta name=\"twitter:label1\" content=\"Procijenjeno vrijeme \u010ditanja\" \/>\n\t<meta name=\"twitter:data1\" content=\"1 minuta\" \/>\n<script type=\"application\/ld+json\" class=\"yoast-schema-graph\">{\"@context\":\"https:\/\/schema.org\",\"@graph\":[{\"@type\":\"WebSite\",\"@id\":\"https:\/\/bigbags.com\/#website\",\"url\":\"https:\/\/bigbags.com\/\",\"name\":\"Bigbags.com\",\"description\":\"En nog een WordPress site\",\"potentialAction\":[{\"@type\":\"SearchAction\",\"target\":{\"@type\":\"EntryPoint\",\"urlTemplate\":\"https:\/\/bigbags.com\/?s={search_term_string}\"},\"query-input\":\"required name=search_term_string\"}],\"inLanguage\":\"hr\"},{\"@type\":\"WebPage\",\"@id\":\"https:\/\/bigbags.com\/hr\/zasto-nase-velike-vrece\/prednosti-velike-vrece\/#webpage\",\"url\":\"https:\/\/bigbags.com\/hr\/zasto-nase-velike-vrece\/prednosti-velike-vrece\/\",\"name\":\"Prednosti velike vre\u0107e &ndash; Bigbags.com\",\"isPartOf\":{\"@id\":\"https:\/\/bigbags.com\/#website\"},\"datePublished\":\"2017-03-16T14:18:24+00:00\",\"dateModified\":\"2017-03-16T14:23:26+00:00\",\"breadcrumb\":{\"@id\":\"https:\/\/bigbags.com\/hr\/zasto-nase-velike-vrece\/prednosti-velike-vrece\/#breadcrumb\"},\"inLanguage\":\"hr\",\"potentialAction\":[{\"@type\":\"ReadAction\",\"target\":[\"https:\/\/bigbags.com\/hr\/zasto-nase-velike-vrece\/prednosti-velike-vrece\/\"]}]},{\"@type\":\"BreadcrumbList\",\"@id\":\"https:\/\/bigbags.com\/hr\/zasto-nase-velike-vrece\/prednosti-velike-vrece\/#breadcrumb\",\"itemListElement\":[{\"@type\":\"ListItem\",\"position\":1,\"name\":\"Home\",\"item\":\"https:\/\/bigbags.com\/hr\/\"},{\"@type\":\"ListItem\",\"position\":2,\"name\":\"Za\u0161to na\u0161e velike vre\u0107e\",\"item\":\"https:\/\/bigbags.com\/hr\/zasto-nase-velike-vrece\/\"},{\"@type\":\"ListItem\",\"position\":3,\"name\":\"Prednosti velike vre\u0107e\"}]}]}<\/script>\n<!-- \/ Yoast SEO plugin. -->","yoast_head_json":{"title":"Prednosti velike vre\u0107e &ndash; Bigbags.com","robots":{"index":"index","follow":"follow","max-snippet":"max-snippet:-1","max-image-preview":"max-image-preview:large","max-video-preview":"max-video-preview:-1"},"canonical":"https:\/\/bigbags.com\/hr\/zasto-nase-velike-vrece\/prednosti-velike-vrece\/","og_locale":"hr_HR","og_type":"article","og_title":"Prednosti velike vre\u0107e &ndash; Bigbags.com","og_description":"Prednosti velike vre\u0107e Iznimno isplativo pakiranje Jednostavno rukovanje \u2013 optimizira logistiku va\u0161eg klijenta U potpunosti uskla\u0111ene sa strogim higijenskim standardima za primjenu kod hrane i u farmaciji Sigurne za no\u0161enje te\u017eine do tisu\u0107u puta ve\u0107e od njihove vlastite Nema potrebe za sekundarnim pakiranjem Mala te\u017eina, minimalni prostor \u2013 u\u0161tedite na skladi\u0161tenju Vre\u0107e s otiskom kao [&hellip;]","og_url":"https:\/\/bigbags.com\/hr\/zasto-nase-velike-vrece\/prednosti-velike-vrece\/","og_site_name":"Bigbags.com","article_modified_time":"2017-03-16T14:23:26+00:00","twitter_card":"summary","twitter_misc":{"Procijenjeno vrijeme \u010ditanja":"1 minuta"},"schema":{"@context":"https:\/\/schema.org","@graph":[{"@type":"WebSite","@id":"https:\/\/bigbags.com\/#website","url":"https:\/\/bigbags.com\/","name":"Bigbags.com","description":"En nog een WordPress site","potentialAction":[{"@type":"SearchAction","target":{"@type":"EntryPoint","urlTemplate":"https:\/\/bigbags.com\/?s={search_term_string}"},"query-input":"required name=search_term_string"}],"inLanguage":"hr"},{"@type":"WebPage","@id":"https:\/\/bigbags.com\/hr\/zasto-nase-velike-vrece\/prednosti-velike-vrece\/#webpage","url":"https:\/\/bigbags.com\/hr\/zasto-nase-velike-vrece\/prednosti-velike-vrece\/","name":"Prednosti velike vre\u0107e &ndash; Bigbags.com","isPartOf":{"@id":"https:\/\/bigbags.com\/#website"},"datePublished":"2017-03-16T14:18:24+00:00","dateModified":"2017-03-16T14:23:26+00:00","breadcrumb":{"@id":"https:\/\/bigbags.com\/hr\/zasto-nase-velike-vrece\/prednosti-velike-vrece\/#breadcrumb"},"inLanguage":"hr","potentialAction":[{"@type":"ReadAction","target":["https:\/\/bigbags.com\/hr\/zasto-nase-velike-vrece\/prednosti-velike-vrece\/"]}]},{"@type":"BreadcrumbList","@id":"https:\/\/bigbags.com\/hr\/zasto-nase-velike-vrece\/prednosti-velike-vrece\/#breadcrumb","itemListElement":[{"@type":"ListItem","position":1,"name":"Home","item":"https:\/\/bigbags.com\/hr\/"},{"@type":"ListItem","position":2,"name":"Za\u0161to na\u0161e velike vre\u0107e","item":"https:\/\/bigbags.com\/hr\/zasto-nase-velike-vrece\/"},{"@type":"ListItem","position":3,"name":"Prednosti velike vre\u0107e"}]}]}},"_links":{"self":[{"href":"https:\/\/bigbags.com\/hr\/wp-json\/wp\/v2\/pages\/2300"}],"collection":[{"href":"https:\/\/bigbags.com\/hr\/wp-json\/wp\/v2\/pages"}],"about":[{"href":"https:\/\/bigbags.com\/hr\/wp-json\/wp\/v2\/types\/page"}],"author":[{"embeddable":true,"href":"https:\/\/bigbags.com\/hr\/wp-json\/wp\/v2\/users\/1"}],"replies":[{"embeddable":true,"href":"https:\/\/bigbags.com\/hr\/wp-json\/wp\/v2\/comments?post=2300"}],"version-history":[{"count":1,"href":"https:\/\/bigbags.com\/hr\/wp-json\/wp\/v2\/pages\/2300\/revisions"}],"predecessor-version":[{"id":2302,"href":"https:\/\/bigbags.com\/hr\/wp-json\/wp\/v2\/pages\/2300\/revisions\/2302"}],"up":[{"embeddable":true,"href":"https:\/\/bigbags.com\/hr\/wp-json\/wp\/v2\/pages\/2388"}],"wp:attachment":[{"href":"https:\/\/bigbags.com\/hr\/wp-json\/wp\/v2\/media?parent=2300"}],"curies":[{"name":"wp","href":"https:\/\/api.w.org\/{rel}","templated":true}]}}