{"id":1970,"date":"2017-03-09T16:00:01","date_gmt":"2017-03-09T15:00:01","guid":{"rendered":"http:\/\/bigbags.com\/?page_id=1970\/"},"modified":"2017-03-14T16:50:59","modified_gmt":"2017-03-14T15:50:59","slug":"minosegbiztonsagi-megfeleloseg","status":"publish","type":"page","link":"https:\/\/bigbags.com\/hu\/minosegbiztonsagi-megfeleloseg\/","title":{"rendered":"Min\u0151s\u00e9g"},"content":{"rendered":"<h1>Min\u0151s\u00e9gbiztons\u00e1gi megfelel\u0151s\u00e9g<\/h1>\n<p class=\"lead\">Az LC Packaging sz\u00e1m\u00e1ra a min\u0151s\u00e9g a legjobb \u00fczleti modell. A min\u0151s\u00e9g nem puszt\u00e1n az \u00e1ltalunk k\u00edn\u00e1lt csomagol\u00e1sok leger\u0151sebb eleme, hanem maga a teljes csomag.<\/p>\n<p>Ott van az \u00e1ltalunk felhaszn\u00e1lt alapanyagokban, a sz\u00e1ll\u00edt\u00e1s \u00e9s a t\u00e1rol\u00e1s min\u0151s\u00e9g\u00e9ben, vagy ak\u00e1r az \u00e1ltalunk biztos\u00edtott szolg\u00e1ltat\u00e1s sz\u00ednvonal\u00e1ban, ahogyan a csomagol\u00f3anyag l\u00e9trej\u00f6tt\u00e9nek k\u00f6r\u00fclm\u00e9nyeiben \u00e9s a k\u00f6rnyezeti \u00e1rtalmak cs\u00f6kkent\u00e9s\u00e9ben is. Kifejezetten min\u0151s\u00e9gbiztons\u00e1ggal foglalkoz\u00f3 r\u00e9szleg\u00fcnk biztos\u00edtja, hogy minden tekintetben megfelelj\u00fcnk a min\u0151s\u00e9gbiztons\u00e1gi el\u0151\u00edr\u00e1soknak. A min\u0151s\u00e9g ter\u00e9n az al\u00e1bbiakat k\u00edn\u00e1ljuk \u00fcgyfeleinknek:<\/p>\n<ul>\n<li>Min\u0151s\u00e9gbiztos\u00edt\u00e1si kiv\u00e1l\u00f3s\u00e1g a kifejezetten min\u0151s\u00e9g-ellen\u0151rz\u00e9ssel foglalkoz\u00f3 r\u00e9szlegen<\/li>\n<li>Megfelel\u0151s\u00e9g t\u00f6bbf\u00e9le k\u00f6telez\u0151en el\u0151\u00edrt min\u0151s\u00e9gbiztos\u00edt\u00e1si szabv\u00e1nynak<\/li>\n<li>Kiterjedtebb \u00e9s magasabb szint\u0171 min\u0151s\u00e9gi szabv\u00e1nyok a teljes l\u00e1ncban<\/li>\n<li>Min\u0151s\u00e9gbiztos\u00edt\u00e1si tan\u00e1csad\u00e1s az \u00d6n min\u0151s\u00e9gbiztos\u00edt\u00e1si programj\u00e1hoz<\/li>\n<\/ul>\n<p>Az LC Packaging minden sz\u00fcks\u00e9ges tan\u00fas\u00edtv\u00e1nnyal rendelkezik a k\u00fcl\u00f6nb\u00f6z\u0151 ipar\u00e1gaknak k\u00edn\u00e1lt bigbagek gy\u00e1rt\u00e1s\u00e1hoz. V\u00e1llalatunk \u00e9s csomagol\u00e1sunk ezenfel\u00fcl az uni\u00f3s szabv\u00e1nyok szerinti \u00f6sszes el\u0151\u00edr\u00e1snak \u00e9s biztons\u00e1gi k\u00f6vetelm\u00e9nynek megfelel.<\/p>\n<p>A <a href=\"http:\/\/hu.lcpackaging.com\/%C3%A1lland%C3%B3-min%C5%91s%C3%A9g\">biztons\u00e1gi el\u0151\u00edr\u00e1sokr\u00f3l \u00e9s tan\u00fas\u00edtv\u00e1nyokr\u00f3l<\/a> v\u00e1llalati webhely\u00fcnk tartalmaz tov\u00e1bbi inform\u00e1ci\u00f3t.<\/p>\n","protected":false},"excerpt":{"rendered":"<p>Min\u0151s\u00e9gbiztons\u00e1gi megfelel\u0151s\u00e9g Ott van az \u00e1ltalunk felhaszn\u00e1lt alapanyagokban, a sz\u00e1ll\u00edt\u00e1s \u00e9s a t\u00e1rol\u00e1s min\u0151s\u00e9g\u00e9ben, vagy ak\u00e1r az \u00e1ltalunk biztos\u00edtott szolg\u00e1ltat\u00e1s sz\u00ednvonal\u00e1ban, ahogyan a csomagol\u00f3anyag l\u00e9trej\u00f6tt\u00e9nek k\u00f6r\u00fclm\u00e9nyeiben \u00e9s a k\u00f6rnyezeti \u00e1rtalmak cs\u00f6kkent\u00e9s\u00e9ben is. Kifejezetten min\u0151s\u00e9gbiztons\u00e1ggal foglalkoz\u00f3 r\u00e9szleg\u00fcnk biztos\u00edtja, hogy minden tekintetben megfelelj\u00fcnk a min\u0151s\u00e9gbiztons\u00e1gi el\u0151\u00edr\u00e1soknak. A min\u0151s\u00e9g ter\u00e9n az al\u00e1bbiakat k\u00edn\u00e1ljuk \u00fcgyfeleinknek: Min\u0151s\u00e9gbiztos\u00edt\u00e1si kiv\u00e1l\u00f3s\u00e1g a kifejezetten [&hellip;]<\/p>\n","protected":false},"author":1,"featured_media":0,"parent":0,"menu_order":0,"comment_status":"closed","ping_status":"closed","template":"","meta":{"inline_featured_image":false},"yoast_head":"<!-- This site is optimized with the Yoast SEO plugin v18.6 - https:\/\/yoast.com\/wordpress\/plugins\/seo\/ -->\n<title>Min\u0151s\u00e9g &ndash; Bigbags.com<\/title>\n<meta name=\"robots\" content=\"index, follow, max-snippet:-1, max-image-preview:large, max-video-preview:-1\" \/>\n<link rel=\"canonical\" href=\"https:\/\/bigbags.com\/hu\/minosegbiztonsagi-megfeleloseg\/\" \/>\n<meta property=\"og:locale\" content=\"hu_HU\" \/>\n<meta property=\"og:type\" content=\"article\" \/>\n<meta property=\"og:title\" content=\"Min\u0151s\u00e9g &ndash; Bigbags.com\" \/>\n<meta property=\"og:description\" content=\"Min\u0151s\u00e9gbiztons\u00e1gi megfelel\u0151s\u00e9g Ott van az \u00e1ltalunk felhaszn\u00e1lt alapanyagokban, a sz\u00e1ll\u00edt\u00e1s \u00e9s a t\u00e1rol\u00e1s min\u0151s\u00e9g\u00e9ben, vagy ak\u00e1r az \u00e1ltalunk biztos\u00edtott szolg\u00e1ltat\u00e1s sz\u00ednvonal\u00e1ban, ahogyan a csomagol\u00f3anyag l\u00e9trej\u00f6tt\u00e9nek k\u00f6r\u00fclm\u00e9nyeiben \u00e9s a k\u00f6rnyezeti \u00e1rtalmak cs\u00f6kkent\u00e9s\u00e9ben is. Kifejezetten min\u0151s\u00e9gbiztons\u00e1ggal foglalkoz\u00f3 r\u00e9szleg\u00fcnk biztos\u00edtja, hogy minden tekintetben megfelelj\u00fcnk a min\u0151s\u00e9gbiztons\u00e1gi el\u0151\u00edr\u00e1soknak. A min\u0151s\u00e9g ter\u00e9n az al\u00e1bbiakat k\u00edn\u00e1ljuk \u00fcgyfeleinknek: Min\u0151s\u00e9gbiztos\u00edt\u00e1si kiv\u00e1l\u00f3s\u00e1g a kifejezetten [&hellip;]\" \/>\n<meta property=\"og:url\" content=\"https:\/\/bigbags.com\/hu\/minosegbiztonsagi-megfeleloseg\/\" \/>\n<meta property=\"og:site_name\" content=\"Bigbags.com\" \/>\n<meta property=\"article:modified_time\" content=\"2017-03-14T15:50:59+00:00\" \/>\n<meta name=\"twitter:card\" content=\"summary\" \/>\n<meta name=\"twitter:label1\" content=\"Becs\u00fclt olvas\u00e1si id\u0151\" \/>\n\t<meta name=\"twitter:data1\" content=\"1 perc\" \/>\n<script type=\"application\/ld+json\" class=\"yoast-schema-graph\">{\"@context\":\"https:\/\/schema.org\",\"@graph\":[{\"@type\":\"WebSite\",\"@id\":\"https:\/\/bigbags.com\/#website\",\"url\":\"https:\/\/bigbags.com\/\",\"name\":\"Bigbags.com\",\"description\":\"En nog een WordPress site\",\"potentialAction\":[{\"@type\":\"SearchAction\",\"target\":{\"@type\":\"EntryPoint\",\"urlTemplate\":\"https:\/\/bigbags.com\/?s={search_term_string}\"},\"query-input\":\"required name=search_term_string\"}],\"inLanguage\":\"hu\"},{\"@type\":\"WebPage\",\"@id\":\"https:\/\/bigbags.com\/hu\/minosegbiztonsagi-megfeleloseg\/#webpage\",\"url\":\"https:\/\/bigbags.com\/hu\/minosegbiztonsagi-megfeleloseg\/\",\"name\":\"Min\u0151s\u00e9g &ndash; Bigbags.com\",\"isPartOf\":{\"@id\":\"https:\/\/bigbags.com\/#website\"},\"datePublished\":\"2017-03-09T15:00:01+00:00\",\"dateModified\":\"2017-03-14T15:50:59+00:00\",\"breadcrumb\":{\"@id\":\"https:\/\/bigbags.com\/hu\/minosegbiztonsagi-megfeleloseg\/#breadcrumb\"},\"inLanguage\":\"hu\",\"potentialAction\":[{\"@type\":\"ReadAction\",\"target\":[\"https:\/\/bigbags.com\/hu\/minosegbiztonsagi-megfeleloseg\/\"]}]},{\"@type\":\"BreadcrumbList\",\"@id\":\"https:\/\/bigbags.com\/hu\/minosegbiztonsagi-megfeleloseg\/#breadcrumb\",\"itemListElement\":[{\"@type\":\"ListItem\",\"position\":1,\"name\":\"Home\",\"item\":\"https:\/\/bigbags.com\/hu\/\"},{\"@type\":\"ListItem\",\"position\":2,\"name\":\"Min\u0151s\u00e9g\"}]}]}<\/script>\n<!-- \/ Yoast SEO plugin. -->","yoast_head_json":{"title":"Min\u0151s\u00e9g &ndash; Bigbags.com","robots":{"index":"index","follow":"follow","max-snippet":"max-snippet:-1","max-image-preview":"max-image-preview:large","max-video-preview":"max-video-preview:-1"},"canonical":"https:\/\/bigbags.com\/hu\/minosegbiztonsagi-megfeleloseg\/","og_locale":"hu_HU","og_type":"article","og_title":"Min\u0151s\u00e9g &ndash; Bigbags.com","og_description":"Min\u0151s\u00e9gbiztons\u00e1gi megfelel\u0151s\u00e9g Ott van az \u00e1ltalunk felhaszn\u00e1lt alapanyagokban, a sz\u00e1ll\u00edt\u00e1s \u00e9s a t\u00e1rol\u00e1s min\u0151s\u00e9g\u00e9ben, vagy ak\u00e1r az \u00e1ltalunk biztos\u00edtott szolg\u00e1ltat\u00e1s sz\u00ednvonal\u00e1ban, ahogyan a csomagol\u00f3anyag l\u00e9trej\u00f6tt\u00e9nek k\u00f6r\u00fclm\u00e9nyeiben \u00e9s a k\u00f6rnyezeti \u00e1rtalmak cs\u00f6kkent\u00e9s\u00e9ben is. Kifejezetten min\u0151s\u00e9gbiztons\u00e1ggal foglalkoz\u00f3 r\u00e9szleg\u00fcnk biztos\u00edtja, hogy minden tekintetben megfelelj\u00fcnk a min\u0151s\u00e9gbiztons\u00e1gi el\u0151\u00edr\u00e1soknak. A min\u0151s\u00e9g ter\u00e9n az al\u00e1bbiakat k\u00edn\u00e1ljuk \u00fcgyfeleinknek: Min\u0151s\u00e9gbiztos\u00edt\u00e1si kiv\u00e1l\u00f3s\u00e1g a kifejezetten [&hellip;]","og_url":"https:\/\/bigbags.com\/hu\/minosegbiztonsagi-megfeleloseg\/","og_site_name":"Bigbags.com","article_modified_time":"2017-03-14T15:50:59+00:00","twitter_card":"summary","twitter_misc":{"Becs\u00fclt olvas\u00e1si id\u0151":"1 perc"},"schema":{"@context":"https:\/\/schema.org","@graph":[{"@type":"WebSite","@id":"https:\/\/bigbags.com\/#website","url":"https:\/\/bigbags.com\/","name":"Bigbags.com","description":"En nog een WordPress site","potentialAction":[{"@type":"SearchAction","target":{"@type":"EntryPoint","urlTemplate":"https:\/\/bigbags.com\/?s={search_term_string}"},"query-input":"required name=search_term_string"}],"inLanguage":"hu"},{"@type":"WebPage","@id":"https:\/\/bigbags.com\/hu\/minosegbiztonsagi-megfeleloseg\/#webpage","url":"https:\/\/bigbags.com\/hu\/minosegbiztonsagi-megfeleloseg\/","name":"Min\u0151s\u00e9g &ndash; Bigbags.com","isPartOf":{"@id":"https:\/\/bigbags.com\/#website"},"datePublished":"2017-03-09T15:00:01+00:00","dateModified":"2017-03-14T15:50:59+00:00","breadcrumb":{"@id":"https:\/\/bigbags.com\/hu\/minosegbiztonsagi-megfeleloseg\/#breadcrumb"},"inLanguage":"hu","potentialAction":[{"@type":"ReadAction","target":["https:\/\/bigbags.com\/hu\/minosegbiztonsagi-megfeleloseg\/"]}]},{"@type":"BreadcrumbList","@id":"https:\/\/bigbags.com\/hu\/minosegbiztonsagi-megfeleloseg\/#breadcrumb","itemListElement":[{"@type":"ListItem","position":1,"name":"Home","item":"https:\/\/bigbags.com\/hu\/"},{"@type":"ListItem","position":2,"name":"Min\u0151s\u00e9g"}]}]}},"_links":{"self":[{"href":"https:\/\/bigbags.com\/hu\/wp-json\/wp\/v2\/pages\/1970"}],"collection":[{"href":"https:\/\/bigbags.com\/hu\/wp-json\/wp\/v2\/pages"}],"about":[{"href":"https:\/\/bigbags.com\/hu\/wp-json\/wp\/v2\/types\/page"}],"author":[{"embeddable":true,"href":"https:\/\/bigbags.com\/hu\/wp-json\/wp\/v2\/users\/1"}],"replies":[{"embeddable":true,"href":"https:\/\/bigbags.com\/hu\/wp-json\/wp\/v2\/comments?post=1970"}],"version-history":[{"count":2,"href":"https:\/\/bigbags.com\/hu\/wp-json\/wp\/v2\/pages\/1970\/revisions"}],"predecessor-version":[{"id":2202,"href":"https:\/\/bigbags.com\/hu\/wp-json\/wp\/v2\/pages\/1970\/revisions\/2202"}],"wp:attachment":[{"href":"https:\/\/bigbags.com\/hu\/wp-json\/wp\/v2\/media?parent=1970"}],"curies":[{"name":"wp","href":"https:\/\/api.w.org\/{rel}","templated":true}]}}