{"id":1977,"date":"2017-03-10T16:30:57","date_gmt":"2017-03-10T15:30:57","guid":{"rendered":"http:\/\/bigbags.com\/?page_id=1977\/"},"modified":"2018-12-17T14:49:51","modified_gmt":"2018-12-17T13:49:51","slug":"kapcsolat","status":"publish","type":"page","link":"https:\/\/bigbags.com\/hu\/kapcsolat\/","title":{"rendered":"Kapcsolat"},"content":{"rendered":"<h2>Tov\u00e1bbi inform\u00e1ci\u00f3t t\u0151l\u00fcnk k\u00e9rhet<\/h2>\n<p class=\"lead\">Bizony\u00edtottan sikeres m\u00faltunknak k\u00f6sz\u00f6nhet\u0151en biztos\u00edtjuk \u00fcgyfeleinknek, hogy k\u00fcl\u00f6nb\u00f6z\u0151 c\u00e9loknak megfelel\u0151 bigbag zs\u00e1kokat tudunk sz\u00e1mukra tervezni, gy\u00e1rtani \u00e9s sz\u00e1ll\u00edtani.<\/p>\n<p>Ha \u00e1raj\u00e1nlatot vagy tan\u00e1csot szeretne k\u00e9rni, t\u00f6ltse ki a kapcsolatfelv\u00e9teli \u0171rlapot. Bigbag-szak\u00e9rt\u0151ink a lehet\u0151 leggyorsabban v\u00e1laszolnak k\u00e9rd\u00e9seire.<\/p>\n<p><iframe loading=\"lazy\" src=\"http:\/\/analytics-eu.clickdimensions.com\/lcpackagingnl-aodhd\/pages\/j2bfcf1heeipfganorjwew.html\" allowtransparency=\"true\" width=\"100%\" height=\"500px\" type=\"text\/html\" frameborder=\"0\" style=\"border:0\"><\/iframe><\/p>\n<p>&nbsp;<\/p>\n<p>&nbsp;<\/p>\n","protected":false},"excerpt":{"rendered":"<p>Tov\u00e1bbi inform\u00e1ci\u00f3t t\u0151l\u00fcnk k\u00e9rhet Ha \u00e1raj\u00e1nlatot vagy tan\u00e1csot szeretne k\u00e9rni, t\u00f6ltse ki a kapcsolatfelv\u00e9teli \u0171rlapot. Bigbag-szak\u00e9rt\u0151ink a lehet\u0151 leggyorsabban v\u00e1laszolnak k\u00e9rd\u00e9seire. &nbsp; &nbsp;<\/p>\n","protected":false},"author":1,"featured_media":583,"parent":0,"menu_order":0,"comment_status":"closed","ping_status":"closed","template":"","meta":{"inline_featured_image":false},"yoast_head":"<!-- This site is optimized with the Yoast SEO plugin v18.6 - https:\/\/yoast.com\/wordpress\/plugins\/seo\/ -->\n<title>Kapcsolat &ndash; Bigbags.com<\/title>\n<meta name=\"robots\" content=\"index, follow, max-snippet:-1, max-image-preview:large, max-video-preview:-1\" \/>\n<link rel=\"canonical\" href=\"https:\/\/bigbags.com\/hu\/kapcsolat\/\" \/>\n<meta property=\"og:locale\" content=\"hu_HU\" \/>\n<meta property=\"og:type\" content=\"article\" \/>\n<meta property=\"og:title\" content=\"Kapcsolat &ndash; Bigbags.com\" \/>\n<meta property=\"og:description\" content=\"Tov\u00e1bbi inform\u00e1ci\u00f3t t\u0151l\u00fcnk k\u00e9rhet Ha \u00e1raj\u00e1nlatot vagy tan\u00e1csot szeretne k\u00e9rni, t\u00f6ltse ki a kapcsolatfelv\u00e9teli \u0171rlapot. Bigbag-szak\u00e9rt\u0151ink a lehet\u0151 leggyorsabban v\u00e1laszolnak k\u00e9rd\u00e9seire. &nbsp; &nbsp;\" \/>\n<meta property=\"og:url\" content=\"https:\/\/bigbags.com\/hu\/kapcsolat\/\" \/>\n<meta property=\"og:site_name\" content=\"Bigbags.com\" \/>\n<meta property=\"article:modified_time\" content=\"2018-12-17T13:49:51+00:00\" \/>\n<meta name=\"twitter:card\" content=\"summary\" \/>\n<meta name=\"twitter:image\" content=\"https:\/\/bigbags.com\/wp-content\/uploads\/2016\/12\/contact-1.svg\" \/>\n<script type=\"application\/ld+json\" class=\"yoast-schema-graph\">{\"@context\":\"https:\/\/schema.org\",\"@graph\":[{\"@type\":\"WebSite\",\"@id\":\"https:\/\/bigbags.com\/#website\",\"url\":\"https:\/\/bigbags.com\/\",\"name\":\"Bigbags.com\",\"description\":\"En nog een WordPress site\",\"potentialAction\":[{\"@type\":\"SearchAction\",\"target\":{\"@type\":\"EntryPoint\",\"urlTemplate\":\"https:\/\/bigbags.com\/?s={search_term_string}\"},\"query-input\":\"required name=search_term_string\"}],\"inLanguage\":\"hu\"},{\"@type\":\"ImageObject\",\"@id\":\"https:\/\/bigbags.com\/hu\/kapcsolat\/#primaryimage\",\"inLanguage\":\"hu\",\"url\":\"https:\/\/bigbags.com\/wp-content\/uploads\/2016\/12\/contact-1.svg\",\"contentUrl\":\"https:\/\/bigbags.com\/wp-content\/uploads\/2016\/12\/contact-1.svg\"},{\"@type\":\"WebPage\",\"@id\":\"https:\/\/bigbags.com\/hu\/kapcsolat\/#webpage\",\"url\":\"https:\/\/bigbags.com\/hu\/kapcsolat\/\",\"name\":\"Kapcsolat &ndash; Bigbags.com\",\"isPartOf\":{\"@id\":\"https:\/\/bigbags.com\/#website\"},\"primaryImageOfPage\":{\"@id\":\"https:\/\/bigbags.com\/hu\/kapcsolat\/#primaryimage\"},\"datePublished\":\"2017-03-10T15:30:57+00:00\",\"dateModified\":\"2018-12-17T13:49:51+00:00\",\"breadcrumb\":{\"@id\":\"https:\/\/bigbags.com\/hu\/kapcsolat\/#breadcrumb\"},\"inLanguage\":\"hu\",\"potentialAction\":[{\"@type\":\"ReadAction\",\"target\":[\"https:\/\/bigbags.com\/hu\/kapcsolat\/\"]}]},{\"@type\":\"BreadcrumbList\",\"@id\":\"https:\/\/bigbags.com\/hu\/kapcsolat\/#breadcrumb\",\"itemListElement\":[{\"@type\":\"ListItem\",\"position\":1,\"name\":\"Home\",\"item\":\"https:\/\/bigbags.com\/hu\/\"},{\"@type\":\"ListItem\",\"position\":2,\"name\":\"Kapcsolat\"}]}]}<\/script>\n<!-- \/ Yoast SEO plugin. -->","yoast_head_json":{"title":"Kapcsolat &ndash; Bigbags.com","robots":{"index":"index","follow":"follow","max-snippet":"max-snippet:-1","max-image-preview":"max-image-preview:large","max-video-preview":"max-video-preview:-1"},"canonical":"https:\/\/bigbags.com\/hu\/kapcsolat\/","og_locale":"hu_HU","og_type":"article","og_title":"Kapcsolat &ndash; Bigbags.com","og_description":"Tov\u00e1bbi inform\u00e1ci\u00f3t t\u0151l\u00fcnk k\u00e9rhet Ha \u00e1raj\u00e1nlatot vagy tan\u00e1csot szeretne k\u00e9rni, t\u00f6ltse ki a kapcsolatfelv\u00e9teli \u0171rlapot. Bigbag-szak\u00e9rt\u0151ink a lehet\u0151 leggyorsabban v\u00e1laszolnak k\u00e9rd\u00e9seire. &nbsp; &nbsp;","og_url":"https:\/\/bigbags.com\/hu\/kapcsolat\/","og_site_name":"Bigbags.com","article_modified_time":"2018-12-17T13:49:51+00:00","twitter_card":"summary","twitter_image":"https:\/\/bigbags.com\/wp-content\/uploads\/2016\/12\/contact-1.svg","schema":{"@context":"https:\/\/schema.org","@graph":[{"@type":"WebSite","@id":"https:\/\/bigbags.com\/#website","url":"https:\/\/bigbags.com\/","name":"Bigbags.com","description":"En nog een WordPress site","potentialAction":[{"@type":"SearchAction","target":{"@type":"EntryPoint","urlTemplate":"https:\/\/bigbags.com\/?s={search_term_string}"},"query-input":"required name=search_term_string"}],"inLanguage":"hu"},{"@type":"ImageObject","@id":"https:\/\/bigbags.com\/hu\/kapcsolat\/#primaryimage","inLanguage":"hu","url":"https:\/\/bigbags.com\/wp-content\/uploads\/2016\/12\/contact-1.svg","contentUrl":"https:\/\/bigbags.com\/wp-content\/uploads\/2016\/12\/contact-1.svg"},{"@type":"WebPage","@id":"https:\/\/bigbags.com\/hu\/kapcsolat\/#webpage","url":"https:\/\/bigbags.com\/hu\/kapcsolat\/","name":"Kapcsolat &ndash; Bigbags.com","isPartOf":{"@id":"https:\/\/bigbags.com\/#website"},"primaryImageOfPage":{"@id":"https:\/\/bigbags.com\/hu\/kapcsolat\/#primaryimage"},"datePublished":"2017-03-10T15:30:57+00:00","dateModified":"2018-12-17T13:49:51+00:00","breadcrumb":{"@id":"https:\/\/bigbags.com\/hu\/kapcsolat\/#breadcrumb"},"inLanguage":"hu","potentialAction":[{"@type":"ReadAction","target":["https:\/\/bigbags.com\/hu\/kapcsolat\/"]}]},{"@type":"BreadcrumbList","@id":"https:\/\/bigbags.com\/hu\/kapcsolat\/#breadcrumb","itemListElement":[{"@type":"ListItem","position":1,"name":"Home","item":"https:\/\/bigbags.com\/hu\/"},{"@type":"ListItem","position":2,"name":"Kapcsolat"}]}]}},"_links":{"self":[{"href":"https:\/\/bigbags.com\/hu\/wp-json\/wp\/v2\/pages\/1977"}],"collection":[{"href":"https:\/\/bigbags.com\/hu\/wp-json\/wp\/v2\/pages"}],"about":[{"href":"https:\/\/bigbags.com\/hu\/wp-json\/wp\/v2\/types\/page"}],"author":[{"embeddable":true,"href":"https:\/\/bigbags.com\/hu\/wp-json\/wp\/v2\/users\/1"}],"replies":[{"embeddable":true,"href":"https:\/\/bigbags.com\/hu\/wp-json\/wp\/v2\/comments?post=1977"}],"version-history":[{"count":5,"href":"https:\/\/bigbags.com\/hu\/wp-json\/wp\/v2\/pages\/1977\/revisions"}],"predecessor-version":[{"id":2618,"href":"https:\/\/bigbags.com\/hu\/wp-json\/wp\/v2\/pages\/1977\/revisions\/2618"}],"wp:featuredmedia":[{"embeddable":true,"href":"https:\/\/bigbags.com\/hu\/wp-json\/wp\/v2\/media\/583"}],"wp:attachment":[{"href":"https:\/\/bigbags.com\/hu\/wp-json\/wp\/v2\/media?parent=1977"}],"curies":[{"name":"wp","href":"https:\/\/api.w.org\/{rel}","templated":true}]}}