{"id":1919,"date":"2017-03-10T16:50:57","date_gmt":"2017-03-10T15:50:57","guid":{"rendered":"http:\/\/bigbags.com\/?page_id=1919\/"},"modified":"2018-12-17T14:51:22","modified_gmt":"2018-12-17T13:51:22","slug":"contacto","status":"publish","type":"page","link":"https:\/\/bigbags.com\/pt-pt\/contacto\/","title":{"rendered":"Contacto"},"content":{"rendered":"<h2>Contacte-nos para obter mais informa\u00e7\u00f5es<\/h2>\n<p class=\"lead\">Gra\u00e7as \u00e0 nossa experi\u00eancia comprovada, podemos garantir aos nossos clientes que conseguimos conceber, produzir e fornecer qualquer big bag de que necessitem para todas as finalidades.<\/p>\n<p>Preencha o formul\u00e1rio de contacto para obter informa\u00e7\u00f5es sobre pre\u00e7os ou aconselhamento. Os nossos especialistas em big bags responder-lhe-\u00e3o o quanto antes.<\/p>\n<p><iframe loading=\"lazy\" src=\"http:\/\/analytics-eu.clickdimensions.com\/lcpackagingnl-aodhd\/pages\/mseg8f1heeipgganorebeg.html\" allowtransparency=\"true\" width=\"100%\" height=\"500px\" type=\"text\/html\" frameborder=\"0\" style=\"border:0\"><\/iframe><\/p>\n","protected":false},"excerpt":{"rendered":"<p>Contacte-nos para obter mais informa\u00e7\u00f5es Preencha o formul\u00e1rio de contacto para obter informa\u00e7\u00f5es sobre pre\u00e7os ou aconselhamento. Os nossos especialistas em big bags responder-lhe-\u00e3o o quanto antes.<\/p>\n","protected":false},"author":1,"featured_media":583,"parent":0,"menu_order":0,"comment_status":"closed","ping_status":"closed","template":"","meta":{"inline_featured_image":false},"yoast_head":"<!-- This site is optimized with the Yoast SEO plugin v18.6 - https:\/\/yoast.com\/wordpress\/plugins\/seo\/ -->\n<title>Contacto &ndash; Bigbags.com<\/title>\n<meta name=\"robots\" content=\"index, follow, max-snippet:-1, max-image-preview:large, max-video-preview:-1\" \/>\n<link rel=\"canonical\" href=\"https:\/\/bigbags.com\/pt-pt\/contacto\/\" \/>\n<meta property=\"og:locale\" content=\"pt_PT\" \/>\n<meta property=\"og:type\" content=\"article\" \/>\n<meta property=\"og:title\" content=\"Contacto &ndash; Bigbags.com\" \/>\n<meta property=\"og:description\" content=\"Contacte-nos para obter mais informa\u00e7\u00f5es Preencha o formul\u00e1rio de contacto para obter informa\u00e7\u00f5es sobre pre\u00e7os ou aconselhamento. Os nossos especialistas em big bags responder-lhe-\u00e3o o quanto antes.\" \/>\n<meta property=\"og:url\" content=\"https:\/\/bigbags.com\/pt-pt\/contacto\/\" \/>\n<meta property=\"og:site_name\" content=\"Bigbags.com\" \/>\n<meta property=\"article:modified_time\" content=\"2018-12-17T13:51:22+00:00\" \/>\n<meta name=\"twitter:card\" content=\"summary\" \/>\n<meta name=\"twitter:image\" content=\"https:\/\/bigbags.com\/wp-content\/uploads\/2016\/12\/contact-1.svg\" \/>\n<script type=\"application\/ld+json\" class=\"yoast-schema-graph\">{\"@context\":\"https:\/\/schema.org\",\"@graph\":[{\"@type\":\"WebSite\",\"@id\":\"https:\/\/bigbags.com\/#website\",\"url\":\"https:\/\/bigbags.com\/\",\"name\":\"Bigbags.com\",\"description\":\"En nog een WordPress site\",\"potentialAction\":[{\"@type\":\"SearchAction\",\"target\":{\"@type\":\"EntryPoint\",\"urlTemplate\":\"https:\/\/bigbags.com\/?s={search_term_string}\"},\"query-input\":\"required name=search_term_string\"}],\"inLanguage\":\"pt-PT\"},{\"@type\":\"ImageObject\",\"@id\":\"https:\/\/bigbags.com\/pt-pt\/contacto\/#primaryimage\",\"inLanguage\":\"pt-PT\",\"url\":\"https:\/\/bigbags.com\/wp-content\/uploads\/2016\/12\/contact-1.svg\",\"contentUrl\":\"https:\/\/bigbags.com\/wp-content\/uploads\/2016\/12\/contact-1.svg\"},{\"@type\":\"WebPage\",\"@id\":\"https:\/\/bigbags.com\/pt-pt\/contacto\/#webpage\",\"url\":\"https:\/\/bigbags.com\/pt-pt\/contacto\/\",\"name\":\"Contacto &ndash; Bigbags.com\",\"isPartOf\":{\"@id\":\"https:\/\/bigbags.com\/#website\"},\"primaryImageOfPage\":{\"@id\":\"https:\/\/bigbags.com\/pt-pt\/contacto\/#primaryimage\"},\"datePublished\":\"2017-03-10T15:50:57+00:00\",\"dateModified\":\"2018-12-17T13:51:22+00:00\",\"breadcrumb\":{\"@id\":\"https:\/\/bigbags.com\/pt-pt\/contacto\/#breadcrumb\"},\"inLanguage\":\"pt-PT\",\"potentialAction\":[{\"@type\":\"ReadAction\",\"target\":[\"https:\/\/bigbags.com\/pt-pt\/contacto\/\"]}]},{\"@type\":\"BreadcrumbList\",\"@id\":\"https:\/\/bigbags.com\/pt-pt\/contacto\/#breadcrumb\",\"itemListElement\":[{\"@type\":\"ListItem\",\"position\":1,\"name\":\"Home\",\"item\":\"https:\/\/bigbags.com\/pt-pt\/\"},{\"@type\":\"ListItem\",\"position\":2,\"name\":\"Contacto\"}]}]}<\/script>\n<!-- \/ Yoast SEO plugin. -->","yoast_head_json":{"title":"Contacto &ndash; Bigbags.com","robots":{"index":"index","follow":"follow","max-snippet":"max-snippet:-1","max-image-preview":"max-image-preview:large","max-video-preview":"max-video-preview:-1"},"canonical":"https:\/\/bigbags.com\/pt-pt\/contacto\/","og_locale":"pt_PT","og_type":"article","og_title":"Contacto &ndash; Bigbags.com","og_description":"Contacte-nos para obter mais informa\u00e7\u00f5es Preencha o formul\u00e1rio de contacto para obter informa\u00e7\u00f5es sobre pre\u00e7os ou aconselhamento. Os nossos especialistas em big bags responder-lhe-\u00e3o o quanto antes.","og_url":"https:\/\/bigbags.com\/pt-pt\/contacto\/","og_site_name":"Bigbags.com","article_modified_time":"2018-12-17T13:51:22+00:00","twitter_card":"summary","twitter_image":"https:\/\/bigbags.com\/wp-content\/uploads\/2016\/12\/contact-1.svg","schema":{"@context":"https:\/\/schema.org","@graph":[{"@type":"WebSite","@id":"https:\/\/bigbags.com\/#website","url":"https:\/\/bigbags.com\/","name":"Bigbags.com","description":"En nog een WordPress site","potentialAction":[{"@type":"SearchAction","target":{"@type":"EntryPoint","urlTemplate":"https:\/\/bigbags.com\/?s={search_term_string}"},"query-input":"required name=search_term_string"}],"inLanguage":"pt-PT"},{"@type":"ImageObject","@id":"https:\/\/bigbags.com\/pt-pt\/contacto\/#primaryimage","inLanguage":"pt-PT","url":"https:\/\/bigbags.com\/wp-content\/uploads\/2016\/12\/contact-1.svg","contentUrl":"https:\/\/bigbags.com\/wp-content\/uploads\/2016\/12\/contact-1.svg"},{"@type":"WebPage","@id":"https:\/\/bigbags.com\/pt-pt\/contacto\/#webpage","url":"https:\/\/bigbags.com\/pt-pt\/contacto\/","name":"Contacto &ndash; Bigbags.com","isPartOf":{"@id":"https:\/\/bigbags.com\/#website"},"primaryImageOfPage":{"@id":"https:\/\/bigbags.com\/pt-pt\/contacto\/#primaryimage"},"datePublished":"2017-03-10T15:50:57+00:00","dateModified":"2018-12-17T13:51:22+00:00","breadcrumb":{"@id":"https:\/\/bigbags.com\/pt-pt\/contacto\/#breadcrumb"},"inLanguage":"pt-PT","potentialAction":[{"@type":"ReadAction","target":["https:\/\/bigbags.com\/pt-pt\/contacto\/"]}]},{"@type":"BreadcrumbList","@id":"https:\/\/bigbags.com\/pt-pt\/contacto\/#breadcrumb","itemListElement":[{"@type":"ListItem","position":1,"name":"Home","item":"https:\/\/bigbags.com\/pt-pt\/"},{"@type":"ListItem","position":2,"name":"Contacto"}]}]}},"_links":{"self":[{"href":"https:\/\/bigbags.com\/pt-pt\/wp-json\/wp\/v2\/pages\/1919"}],"collection":[{"href":"https:\/\/bigbags.com\/pt-pt\/wp-json\/wp\/v2\/pages"}],"about":[{"href":"https:\/\/bigbags.com\/pt-pt\/wp-json\/wp\/v2\/types\/page"}],"author":[{"embeddable":true,"href":"https:\/\/bigbags.com\/pt-pt\/wp-json\/wp\/v2\/users\/1"}],"replies":[{"embeddable":true,"href":"https:\/\/bigbags.com\/pt-pt\/wp-json\/wp\/v2\/comments?post=1919"}],"version-history":[{"count":6,"href":"https:\/\/bigbags.com\/pt-pt\/wp-json\/wp\/v2\/pages\/1919\/revisions"}],"predecessor-version":[{"id":2617,"href":"https:\/\/bigbags.com\/pt-pt\/wp-json\/wp\/v2\/pages\/1919\/revisions\/2617"}],"wp:featuredmedia":[{"embeddable":true,"href":"https:\/\/bigbags.com\/pt-pt\/wp-json\/wp\/v2\/media\/583"}],"wp:attachment":[{"href":"https:\/\/bigbags.com\/pt-pt\/wp-json\/wp\/v2\/media?parent=1919"}],"curies":[{"name":"wp","href":"https:\/\/api.w.org\/{rel}","templated":true}]}}