{"id":1930,"date":"2017-03-08T16:41:42","date_gmt":"2017-03-08T15:41:42","guid":{"rendered":"http:\/\/bigbags.com\/?page_id=1930\/"},"modified":"2017-03-14T15:27:38","modified_gmt":"2017-03-14T14:27:38","slug":"conformidade-em-materia-de-qualidade","status":"publish","type":"page","link":"https:\/\/bigbags.com\/pt-pt\/conformidade-em-materia-de-qualidade\/","title":{"rendered":"Qualidade"},"content":{"rendered":"<h1>Conformidade em mat\u00e9ria de qualidade<\/h1>\n<p class=\"lead\">Na LC Packaging, a qualidade \u00e9 o nosso melhor modelo de neg\u00f3cio. A qualidade vai muito al\u00e9m da resist\u00eancia da nossa embalagem: \u00e9 o pacote completo.<\/p>\n<p>Na LC Packaging, a qualidade \u00e9 o nosso melhor modelo de neg\u00f3cio. A qualidade vai muito al\u00e9m da resist\u00eancia da nossa embalagem: \u00e9 o pacote completo.<\/p>\n<p>Est\u00e1 nos materiais que utilizamos, na qualidade do transporte e armazenamento e na qualidade do servi\u00e7o que prestamos, mas tamb\u00e9m nas condi\u00e7\u00f5es de trabalho nas quais as nossas embalagens s\u00e3o produzidas e na redu\u00e7\u00e3o da pegada ambiental. O nosso departamento de Qualidade garante que cumprimos rigorosamente todos os aspetos inerentes \u00e0 qualidade. Em mat\u00e9ria de qualidade, oferecemos aos nossos clientes:<\/p>\n<p>Qualidade de excel\u00eancia com o nosso departamento de Qualidade<br \/>\nCumprimos um portef\u00f3lio amplo de normas exigidas<br \/>\nNormas de qualidade mais abrangentes e melhoradas ao longo de toda a cadeia de fabrico e fornecimento<br \/>\nAconselhamento a n\u00edvel de qualidade de acordo com o seu programa de qualidade<\/p>\n<p>Na LC Packaging possu\u00edmos toda a certifica\u00e7\u00e3o necess\u00e1ria para fornecer o big bag adequado para todos os setores. Al\u00e9m disso, a nossa organiza\u00e7\u00e3o e embalagens cumprem toda a regulamenta\u00e7\u00e3o e requisitos em mat\u00e9ria de seguran\u00e7a no \u00e2mbito das normas europeias.<\/p>\n<p>Para mais informa\u00e7\u00f5es sobre a nossa <a href=\"http:\/\/pt.lcpackaging.com\/qualidade-sempre-elevada\">certifica\u00e7\u00e3o e requisitos em mat\u00e9ria de seguran\u00e7a<\/a>, consulte o site institucional.<\/p>\n","protected":false},"excerpt":{"rendered":"<p>Conformidade em mat\u00e9ria de qualidade Na LC Packaging, a qualidade \u00e9 o nosso melhor modelo de neg\u00f3cio. A qualidade vai muito al\u00e9m da resist\u00eancia da nossa embalagem: \u00e9 o pacote completo. Est\u00e1 nos materiais que utilizamos, na qualidade do transporte e armazenamento e na qualidade do servi\u00e7o que prestamos, mas tamb\u00e9m nas condi\u00e7\u00f5es de trabalho [&hellip;]<\/p>\n","protected":false},"author":1,"featured_media":0,"parent":0,"menu_order":0,"comment_status":"closed","ping_status":"closed","template":"","meta":{"inline_featured_image":false},"yoast_head":"<!-- This site is optimized with the Yoast SEO plugin v18.6 - https:\/\/yoast.com\/wordpress\/plugins\/seo\/ -->\n<title>Qualidade &ndash; Bigbags.com<\/title>\n<meta name=\"robots\" content=\"index, follow, max-snippet:-1, max-image-preview:large, max-video-preview:-1\" \/>\n<link rel=\"canonical\" href=\"https:\/\/bigbags.com\/pt-pt\/conformidade-em-materia-de-qualidade\/\" \/>\n<meta property=\"og:locale\" content=\"pt_PT\" \/>\n<meta property=\"og:type\" content=\"article\" \/>\n<meta property=\"og:title\" content=\"Qualidade &ndash; Bigbags.com\" \/>\n<meta property=\"og:description\" content=\"Conformidade em mat\u00e9ria de qualidade Na LC Packaging, a qualidade \u00e9 o nosso melhor modelo de neg\u00f3cio. A qualidade vai muito al\u00e9m da resist\u00eancia da nossa embalagem: \u00e9 o pacote completo. Est\u00e1 nos materiais que utilizamos, na qualidade do transporte e armazenamento e na qualidade do servi\u00e7o que prestamos, mas tamb\u00e9m nas condi\u00e7\u00f5es de trabalho [&hellip;]\" \/>\n<meta property=\"og:url\" content=\"https:\/\/bigbags.com\/pt-pt\/conformidade-em-materia-de-qualidade\/\" \/>\n<meta property=\"og:site_name\" content=\"Bigbags.com\" \/>\n<meta property=\"article:modified_time\" content=\"2017-03-14T14:27:38+00:00\" \/>\n<meta name=\"twitter:card\" content=\"summary\" \/>\n<meta name=\"twitter:label1\" content=\"Tempo estimado de leitura\" \/>\n\t<meta name=\"twitter:data1\" content=\"1 minuto\" \/>\n<script type=\"application\/ld+json\" class=\"yoast-schema-graph\">{\"@context\":\"https:\/\/schema.org\",\"@graph\":[{\"@type\":\"WebSite\",\"@id\":\"https:\/\/bigbags.com\/#website\",\"url\":\"https:\/\/bigbags.com\/\",\"name\":\"Bigbags.com\",\"description\":\"En nog een WordPress site\",\"potentialAction\":[{\"@type\":\"SearchAction\",\"target\":{\"@type\":\"EntryPoint\",\"urlTemplate\":\"https:\/\/bigbags.com\/?s={search_term_string}\"},\"query-input\":\"required name=search_term_string\"}],\"inLanguage\":\"pt-PT\"},{\"@type\":\"WebPage\",\"@id\":\"https:\/\/bigbags.com\/pt-pt\/conformidade-em-materia-de-qualidade\/#webpage\",\"url\":\"https:\/\/bigbags.com\/pt-pt\/conformidade-em-materia-de-qualidade\/\",\"name\":\"Qualidade &ndash; Bigbags.com\",\"isPartOf\":{\"@id\":\"https:\/\/bigbags.com\/#website\"},\"datePublished\":\"2017-03-08T15:41:42+00:00\",\"dateModified\":\"2017-03-14T14:27:38+00:00\",\"breadcrumb\":{\"@id\":\"https:\/\/bigbags.com\/pt-pt\/conformidade-em-materia-de-qualidade\/#breadcrumb\"},\"inLanguage\":\"pt-PT\",\"potentialAction\":[{\"@type\":\"ReadAction\",\"target\":[\"https:\/\/bigbags.com\/pt-pt\/conformidade-em-materia-de-qualidade\/\"]}]},{\"@type\":\"BreadcrumbList\",\"@id\":\"https:\/\/bigbags.com\/pt-pt\/conformidade-em-materia-de-qualidade\/#breadcrumb\",\"itemListElement\":[{\"@type\":\"ListItem\",\"position\":1,\"name\":\"Home\",\"item\":\"https:\/\/bigbags.com\/pt-pt\/\"},{\"@type\":\"ListItem\",\"position\":2,\"name\":\"Qualidade\"}]}]}<\/script>\n<!-- \/ Yoast SEO plugin. -->","yoast_head_json":{"title":"Qualidade &ndash; Bigbags.com","robots":{"index":"index","follow":"follow","max-snippet":"max-snippet:-1","max-image-preview":"max-image-preview:large","max-video-preview":"max-video-preview:-1"},"canonical":"https:\/\/bigbags.com\/pt-pt\/conformidade-em-materia-de-qualidade\/","og_locale":"pt_PT","og_type":"article","og_title":"Qualidade &ndash; Bigbags.com","og_description":"Conformidade em mat\u00e9ria de qualidade Na LC Packaging, a qualidade \u00e9 o nosso melhor modelo de neg\u00f3cio. A qualidade vai muito al\u00e9m da resist\u00eancia da nossa embalagem: \u00e9 o pacote completo. Est\u00e1 nos materiais que utilizamos, na qualidade do transporte e armazenamento e na qualidade do servi\u00e7o que prestamos, mas tamb\u00e9m nas condi\u00e7\u00f5es de trabalho [&hellip;]","og_url":"https:\/\/bigbags.com\/pt-pt\/conformidade-em-materia-de-qualidade\/","og_site_name":"Bigbags.com","article_modified_time":"2017-03-14T14:27:38+00:00","twitter_card":"summary","twitter_misc":{"Tempo estimado de leitura":"1 minuto"},"schema":{"@context":"https:\/\/schema.org","@graph":[{"@type":"WebSite","@id":"https:\/\/bigbags.com\/#website","url":"https:\/\/bigbags.com\/","name":"Bigbags.com","description":"En nog een WordPress site","potentialAction":[{"@type":"SearchAction","target":{"@type":"EntryPoint","urlTemplate":"https:\/\/bigbags.com\/?s={search_term_string}"},"query-input":"required name=search_term_string"}],"inLanguage":"pt-PT"},{"@type":"WebPage","@id":"https:\/\/bigbags.com\/pt-pt\/conformidade-em-materia-de-qualidade\/#webpage","url":"https:\/\/bigbags.com\/pt-pt\/conformidade-em-materia-de-qualidade\/","name":"Qualidade &ndash; Bigbags.com","isPartOf":{"@id":"https:\/\/bigbags.com\/#website"},"datePublished":"2017-03-08T15:41:42+00:00","dateModified":"2017-03-14T14:27:38+00:00","breadcrumb":{"@id":"https:\/\/bigbags.com\/pt-pt\/conformidade-em-materia-de-qualidade\/#breadcrumb"},"inLanguage":"pt-PT","potentialAction":[{"@type":"ReadAction","target":["https:\/\/bigbags.com\/pt-pt\/conformidade-em-materia-de-qualidade\/"]}]},{"@type":"BreadcrumbList","@id":"https:\/\/bigbags.com\/pt-pt\/conformidade-em-materia-de-qualidade\/#breadcrumb","itemListElement":[{"@type":"ListItem","position":1,"name":"Home","item":"https:\/\/bigbags.com\/pt-pt\/"},{"@type":"ListItem","position":2,"name":"Qualidade"}]}]}},"_links":{"self":[{"href":"https:\/\/bigbags.com\/pt-pt\/wp-json\/wp\/v2\/pages\/1930"}],"collection":[{"href":"https:\/\/bigbags.com\/pt-pt\/wp-json\/wp\/v2\/pages"}],"about":[{"href":"https:\/\/bigbags.com\/pt-pt\/wp-json\/wp\/v2\/types\/page"}],"author":[{"embeddable":true,"href":"https:\/\/bigbags.com\/pt-pt\/wp-json\/wp\/v2\/users\/1"}],"replies":[{"embeddable":true,"href":"https:\/\/bigbags.com\/pt-pt\/wp-json\/wp\/v2\/comments?post=1930"}],"version-history":[{"count":3,"href":"https:\/\/bigbags.com\/pt-pt\/wp-json\/wp\/v2\/pages\/1930\/revisions"}],"predecessor-version":[{"id":2152,"href":"https:\/\/bigbags.com\/pt-pt\/wp-json\/wp\/v2\/pages\/1930\/revisions\/2152"}],"wp:attachment":[{"href":"https:\/\/bigbags.com\/pt-pt\/wp-json\/wp\/v2\/media?parent=1930"}],"curies":[{"name":"wp","href":"https:\/\/api.w.org\/{rel}","templated":true}]}}