{"id":1933,"date":"2017-03-08T17:16:57","date_gmt":"2017-03-08T16:16:57","guid":{"rendered":"http:\/\/bigbags.com\/?page_id=1933\/"},"modified":"2017-03-14T14:39:52","modified_gmt":"2017-03-14T13:39:52","slug":"sustentabilidade","status":"publish","type":"page","link":"https:\/\/bigbags.com\/pt-pt\/sustentabilidade\/","title":{"rendered":"Sustentabilidade"},"content":{"rendered":"<h1>Sustentabilidade<\/h1>\n<p class=\"lead\">Nenhuma empresa pode cimentar uma reputa\u00e7\u00e3o com base naquilo que vai fazer, apenas nas metas que j\u00e1 alcan\u00e7ou. Em tudo o que fazemos, empenhamo-nos por faz\u00ea-lo bem.<\/p>\n<p>Propomo-nos envolver todas as partes interessadas na nossa miss\u00e3o de oferecer solu\u00e7\u00f5es de embalagem sustent\u00e1veis, minimizando o impacto ambiental e o desperd\u00edcio de produtos de valor e enriquecendo as comunidades nas quais trabalhamos, a fim de deixar um legado melhor para as gera\u00e7\u00f5es futuras.<\/p>\n<p>Trabalhamos, juntamente com os nossos parceiros, para alcan\u00e7ar os nossos Objetivos de Desenvolvimento Global Sustent\u00e1vel, garantindo:<\/p>\n<ul>\n<li>Uma cadeia de fornecimento sustent\u00e1vel, incluindo contrata\u00e7\u00e3o e produ\u00e7\u00e3o sustent\u00e1veis<\/li>\n<li>O bem-estar das pessoas e comunidades nas quais trabalhamos<\/li>\n<li>Um impacto ambiental reduzido<\/li>\n<li>Inova\u00e7\u00e3o e solu\u00e7\u00f5es de embalagem sustent\u00e1veis<\/li>\n<\/ul>\n<p>Estabelecemos uma parceria com os nossos clientes em mat\u00e9ria de partilha de valores, padr\u00f5es e responsabilidades a fim de assegurar que toda a cadeia de fornecimento cumpre os requisitos do mercado em mat\u00e9ria de sustentabilidade. Envidamos esfor\u00e7os para cumprir ou superar as expetativas do utilizador final e apresentar vantagens competitivas.<\/p>\n<p>Em 2016, a LC Packaging fundou a <a href=\"http:\/\/www.lcsupportsfoundation.com\/#first\">LC Supports Foundation<\/a>. Esta funda\u00e7\u00e3o beneficente visa contribuir para o bem-estar e o ambiente dos pa\u00edses e comunidades locais nos quais a LC Packaging est\u00e1 ativa.<\/p>\n<p>A certifica\u00e7\u00e3o da LC Packaging inclui: SA 8000, EcoVadis, ISO 14001 e OHSAS 18001. Somos tamb\u00e9m membro avan\u00e7ado do Pacto Global das Na\u00e7\u00f5es Unidas. Para mais informa\u00e7\u00f5es sobre <a href=\"http:\/\/pt.lcpackaging.com\/sustentabilidade\">sustentabilidade<\/a>, consulte o nosso site institucional.<\/p>\n<hr \/>\n<h2><\/h2>\n<h2>V\u00eddeo da LC Packaging sobre sustentabilidade<\/h2>\n<p><iframe loading=\"lazy\" src=\"https:\/\/www.youtube.com\/embed\/Y0HjsysGXpo\" width=\"100%\" height=\"444\" frameborder=\"0\" allowfullscreen=\"allowfullscreen\"><\/iframe><\/p>\n","protected":false},"excerpt":{"rendered":"<p>Sustentabilidade Propomo-nos envolver todas as partes interessadas na nossa miss\u00e3o de oferecer solu\u00e7\u00f5es de embalagem sustent\u00e1veis, minimizando o impacto ambiental e o desperd\u00edcio de produtos de valor e enriquecendo as comunidades nas quais trabalhamos, a fim de deixar um legado melhor para as gera\u00e7\u00f5es futuras. Trabalhamos, juntamente com os nossos parceiros, para alcan\u00e7ar os nossos [&hellip;]<\/p>\n","protected":false},"author":1,"featured_media":0,"parent":0,"menu_order":0,"comment_status":"closed","ping_status":"closed","template":"","meta":{"inline_featured_image":false},"yoast_head":"<!-- This site is optimized with the Yoast SEO plugin v18.6 - https:\/\/yoast.com\/wordpress\/plugins\/seo\/ -->\n<title>Sustentabilidade &ndash; Bigbags.com<\/title>\n<meta name=\"robots\" content=\"index, follow, max-snippet:-1, max-image-preview:large, max-video-preview:-1\" \/>\n<link rel=\"canonical\" href=\"https:\/\/bigbags.com\/pt-pt\/sustentabilidade\/\" \/>\n<meta property=\"og:locale\" content=\"pt_PT\" \/>\n<meta property=\"og:type\" content=\"article\" \/>\n<meta property=\"og:title\" content=\"Sustentabilidade &ndash; Bigbags.com\" \/>\n<meta property=\"og:description\" content=\"Sustentabilidade Propomo-nos envolver todas as partes interessadas na nossa miss\u00e3o de oferecer solu\u00e7\u00f5es de embalagem sustent\u00e1veis, minimizando o impacto ambiental e o desperd\u00edcio de produtos de valor e enriquecendo as comunidades nas quais trabalhamos, a fim de deixar um legado melhor para as gera\u00e7\u00f5es futuras. Trabalhamos, juntamente com os nossos parceiros, para alcan\u00e7ar os nossos [&hellip;]\" \/>\n<meta property=\"og:url\" content=\"https:\/\/bigbags.com\/pt-pt\/sustentabilidade\/\" \/>\n<meta property=\"og:site_name\" content=\"Bigbags.com\" \/>\n<meta property=\"article:modified_time\" content=\"2017-03-14T13:39:52+00:00\" \/>\n<meta name=\"twitter:card\" content=\"summary\" \/>\n<meta name=\"twitter:label1\" content=\"Tempo estimado de leitura\" \/>\n\t<meta name=\"twitter:data1\" content=\"1 minuto\" \/>\n<script type=\"application\/ld+json\" class=\"yoast-schema-graph\">{\"@context\":\"https:\/\/schema.org\",\"@graph\":[{\"@type\":\"WebSite\",\"@id\":\"https:\/\/bigbags.com\/#website\",\"url\":\"https:\/\/bigbags.com\/\",\"name\":\"Bigbags.com\",\"description\":\"En nog een WordPress site\",\"potentialAction\":[{\"@type\":\"SearchAction\",\"target\":{\"@type\":\"EntryPoint\",\"urlTemplate\":\"https:\/\/bigbags.com\/?s={search_term_string}\"},\"query-input\":\"required name=search_term_string\"}],\"inLanguage\":\"pt-PT\"},{\"@type\":\"WebPage\",\"@id\":\"https:\/\/bigbags.com\/pt-pt\/sustentabilidade\/#webpage\",\"url\":\"https:\/\/bigbags.com\/pt-pt\/sustentabilidade\/\",\"name\":\"Sustentabilidade &ndash; Bigbags.com\",\"isPartOf\":{\"@id\":\"https:\/\/bigbags.com\/#website\"},\"datePublished\":\"2017-03-08T16:16:57+00:00\",\"dateModified\":\"2017-03-14T13:39:52+00:00\",\"breadcrumb\":{\"@id\":\"https:\/\/bigbags.com\/pt-pt\/sustentabilidade\/#breadcrumb\"},\"inLanguage\":\"pt-PT\",\"potentialAction\":[{\"@type\":\"ReadAction\",\"target\":[\"https:\/\/bigbags.com\/pt-pt\/sustentabilidade\/\"]}]},{\"@type\":\"BreadcrumbList\",\"@id\":\"https:\/\/bigbags.com\/pt-pt\/sustentabilidade\/#breadcrumb\",\"itemListElement\":[{\"@type\":\"ListItem\",\"position\":1,\"name\":\"Home\",\"item\":\"https:\/\/bigbags.com\/pt-pt\/\"},{\"@type\":\"ListItem\",\"position\":2,\"name\":\"Sustentabilidade\"}]}]}<\/script>\n<!-- \/ Yoast SEO plugin. -->","yoast_head_json":{"title":"Sustentabilidade &ndash; Bigbags.com","robots":{"index":"index","follow":"follow","max-snippet":"max-snippet:-1","max-image-preview":"max-image-preview:large","max-video-preview":"max-video-preview:-1"},"canonical":"https:\/\/bigbags.com\/pt-pt\/sustentabilidade\/","og_locale":"pt_PT","og_type":"article","og_title":"Sustentabilidade &ndash; Bigbags.com","og_description":"Sustentabilidade Propomo-nos envolver todas as partes interessadas na nossa miss\u00e3o de oferecer solu\u00e7\u00f5es de embalagem sustent\u00e1veis, minimizando o impacto ambiental e o desperd\u00edcio de produtos de valor e enriquecendo as comunidades nas quais trabalhamos, a fim de deixar um legado melhor para as gera\u00e7\u00f5es futuras. Trabalhamos, juntamente com os nossos parceiros, para alcan\u00e7ar os nossos [&hellip;]","og_url":"https:\/\/bigbags.com\/pt-pt\/sustentabilidade\/","og_site_name":"Bigbags.com","article_modified_time":"2017-03-14T13:39:52+00:00","twitter_card":"summary","twitter_misc":{"Tempo estimado de leitura":"1 minuto"},"schema":{"@context":"https:\/\/schema.org","@graph":[{"@type":"WebSite","@id":"https:\/\/bigbags.com\/#website","url":"https:\/\/bigbags.com\/","name":"Bigbags.com","description":"En nog een WordPress site","potentialAction":[{"@type":"SearchAction","target":{"@type":"EntryPoint","urlTemplate":"https:\/\/bigbags.com\/?s={search_term_string}"},"query-input":"required name=search_term_string"}],"inLanguage":"pt-PT"},{"@type":"WebPage","@id":"https:\/\/bigbags.com\/pt-pt\/sustentabilidade\/#webpage","url":"https:\/\/bigbags.com\/pt-pt\/sustentabilidade\/","name":"Sustentabilidade &ndash; Bigbags.com","isPartOf":{"@id":"https:\/\/bigbags.com\/#website"},"datePublished":"2017-03-08T16:16:57+00:00","dateModified":"2017-03-14T13:39:52+00:00","breadcrumb":{"@id":"https:\/\/bigbags.com\/pt-pt\/sustentabilidade\/#breadcrumb"},"inLanguage":"pt-PT","potentialAction":[{"@type":"ReadAction","target":["https:\/\/bigbags.com\/pt-pt\/sustentabilidade\/"]}]},{"@type":"BreadcrumbList","@id":"https:\/\/bigbags.com\/pt-pt\/sustentabilidade\/#breadcrumb","itemListElement":[{"@type":"ListItem","position":1,"name":"Home","item":"https:\/\/bigbags.com\/pt-pt\/"},{"@type":"ListItem","position":2,"name":"Sustentabilidade"}]}]}},"_links":{"self":[{"href":"https:\/\/bigbags.com\/pt-pt\/wp-json\/wp\/v2\/pages\/1933"}],"collection":[{"href":"https:\/\/bigbags.com\/pt-pt\/wp-json\/wp\/v2\/pages"}],"about":[{"href":"https:\/\/bigbags.com\/pt-pt\/wp-json\/wp\/v2\/types\/page"}],"author":[{"embeddable":true,"href":"https:\/\/bigbags.com\/pt-pt\/wp-json\/wp\/v2\/users\/1"}],"replies":[{"embeddable":true,"href":"https:\/\/bigbags.com\/pt-pt\/wp-json\/wp\/v2\/comments?post=1933"}],"version-history":[{"count":2,"href":"https:\/\/bigbags.com\/pt-pt\/wp-json\/wp\/v2\/pages\/1933\/revisions"}],"predecessor-version":[{"id":2093,"href":"https:\/\/bigbags.com\/pt-pt\/wp-json\/wp\/v2\/pages\/1933\/revisions\/2093"}],"wp:attachment":[{"href":"https:\/\/bigbags.com\/pt-pt\/wp-json\/wp\/v2\/media?parent=1933"}],"curies":[{"name":"wp","href":"https:\/\/api.w.org\/{rel}","templated":true}]}}