{"id":1940,"date":"2017-03-09T12:07:57","date_gmt":"2017-03-09T11:07:57","guid":{"rendered":"http:\/\/bigbags.com\/?page_id=1940\/"},"modified":"2017-03-14T14:11:51","modified_gmt":"2017-03-14T13:11:51","slug":"vantagens-de-um-big-bag","status":"publish","type":"page","link":"https:\/\/bigbags.com\/pt-pt\/porque-os-nossos-big-bags\/vantagens-de-um-big-bag\/","title":{"rendered":"As vantagens de um big bag"},"content":{"rendered":"<h2>As vantagens de um big bag<\/h2>\n<p class=\"lead\">Os big bags \u2013 tamb\u00e9m designados sacos a granel ou sacos jumbo \u2013 s\u00e3o a solu\u00e7\u00e3o ideal para o armazenamento tempor\u00e1rio e transporte de produtos secos a granel. Isso inclui p\u00f3s, min\u00e9rios, agregados e outros ingredientes. Vantagens dos big bags num relance:<\/p>\n<ul>\n<li>Embalagens extremamente econ\u00f3micas<\/li>\n<li>F\u00e1ceis de manusear, otimizam as opera\u00e7\u00f5es log\u00edsticas dos seus clientes<\/li>\n<li>Cumprem inteiramente as normas de higiene estritas a n\u00edvel da ind\u00fastria alimentar e farmac\u00eautica<\/li>\n<li>Podem transportar at\u00e9 mil vezes o seu pr\u00f3prio peso em seguran\u00e7a<\/li>\n<li>N\u00e3o necessitam de uma segunda embalagem<\/li>\n<li>Peso reduzido, menor espa\u00e7o de ocupa\u00e7\u00e3o \u2013 economia no armazenamento<\/li>\n<li>Os sacos estampados podem ser utilizados como pain\u00e9is publicit\u00e1rios m\u00f3veis e\/ou indicar as informa\u00e7\u00f5es essenciais do produto<\/li>\n<li>Ajudam a minimizar os fluxos de res\u00edduos<\/li>\n<li><a href=\"http:\/\/www.worldbag.com\/es\/\">Reciclagem e recondicionamento<\/a><\/li>\n<li>Os big bags podem ser personalizados de acordo com os seus requisitos espec\u00edficos<\/li>\n<\/ul>\n","protected":false},"excerpt":{"rendered":"<p>As vantagens de um big bag Embalagens extremamente econ\u00f3micas F\u00e1ceis de manusear, otimizam as opera\u00e7\u00f5es log\u00edsticas dos seus clientes Cumprem inteiramente as normas de higiene estritas a n\u00edvel da ind\u00fastria alimentar e farmac\u00eautica Podem transportar at\u00e9 mil vezes o seu pr\u00f3prio peso em seguran\u00e7a N\u00e3o necessitam de uma segunda embalagem Peso reduzido, menor espa\u00e7o de [&hellip;]<\/p>\n","protected":false},"author":1,"featured_media":0,"parent":1937,"menu_order":0,"comment_status":"closed","ping_status":"closed","template":"","meta":{"inline_featured_image":false},"yoast_head":"<!-- This site is optimized with the Yoast SEO plugin v18.6 - https:\/\/yoast.com\/wordpress\/plugins\/seo\/ -->\n<title>As vantagens de um big bag &ndash; Bigbags.com<\/title>\n<meta name=\"robots\" content=\"index, follow, max-snippet:-1, max-image-preview:large, max-video-preview:-1\" \/>\n<link rel=\"canonical\" href=\"https:\/\/bigbags.com\/pt-pt\/porque-os-nossos-big-bags\/vantagens-de-um-big-bag\/\" \/>\n<meta property=\"og:locale\" content=\"pt_PT\" \/>\n<meta property=\"og:type\" content=\"article\" \/>\n<meta property=\"og:title\" content=\"As vantagens de um big bag &ndash; Bigbags.com\" \/>\n<meta property=\"og:description\" content=\"As vantagens de um big bag Embalagens extremamente econ\u00f3micas F\u00e1ceis de manusear, otimizam as opera\u00e7\u00f5es log\u00edsticas dos seus clientes Cumprem inteiramente as normas de higiene estritas a n\u00edvel da ind\u00fastria alimentar e farmac\u00eautica Podem transportar at\u00e9 mil vezes o seu pr\u00f3prio peso em seguran\u00e7a N\u00e3o necessitam de uma segunda embalagem Peso reduzido, menor espa\u00e7o de [&hellip;]\" \/>\n<meta property=\"og:url\" content=\"https:\/\/bigbags.com\/pt-pt\/porque-os-nossos-big-bags\/vantagens-de-um-big-bag\/\" \/>\n<meta property=\"og:site_name\" content=\"Bigbags.com\" \/>\n<meta property=\"article:modified_time\" content=\"2017-03-14T13:11:51+00:00\" \/>\n<meta name=\"twitter:card\" content=\"summary\" \/>\n<meta name=\"twitter:label1\" content=\"Tempo estimado de leitura\" \/>\n\t<meta name=\"twitter:data1\" content=\"1 minuto\" \/>\n<script type=\"application\/ld+json\" class=\"yoast-schema-graph\">{\"@context\":\"https:\/\/schema.org\",\"@graph\":[{\"@type\":\"WebSite\",\"@id\":\"https:\/\/bigbags.com\/#website\",\"url\":\"https:\/\/bigbags.com\/\",\"name\":\"Bigbags.com\",\"description\":\"En nog een WordPress site\",\"potentialAction\":[{\"@type\":\"SearchAction\",\"target\":{\"@type\":\"EntryPoint\",\"urlTemplate\":\"https:\/\/bigbags.com\/?s={search_term_string}\"},\"query-input\":\"required name=search_term_string\"}],\"inLanguage\":\"pt-PT\"},{\"@type\":\"WebPage\",\"@id\":\"https:\/\/bigbags.com\/pt-pt\/porque-os-nossos-big-bags\/vantagens-de-um-big-bag\/#webpage\",\"url\":\"https:\/\/bigbags.com\/pt-pt\/porque-os-nossos-big-bags\/vantagens-de-um-big-bag\/\",\"name\":\"As vantagens de um big bag &ndash; Bigbags.com\",\"isPartOf\":{\"@id\":\"https:\/\/bigbags.com\/#website\"},\"datePublished\":\"2017-03-09T11:07:57+00:00\",\"dateModified\":\"2017-03-14T13:11:51+00:00\",\"breadcrumb\":{\"@id\":\"https:\/\/bigbags.com\/pt-pt\/porque-os-nossos-big-bags\/vantagens-de-um-big-bag\/#breadcrumb\"},\"inLanguage\":\"pt-PT\",\"potentialAction\":[{\"@type\":\"ReadAction\",\"target\":[\"https:\/\/bigbags.com\/pt-pt\/porque-os-nossos-big-bags\/vantagens-de-um-big-bag\/\"]}]},{\"@type\":\"BreadcrumbList\",\"@id\":\"https:\/\/bigbags.com\/pt-pt\/porque-os-nossos-big-bags\/vantagens-de-um-big-bag\/#breadcrumb\",\"itemListElement\":[{\"@type\":\"ListItem\",\"position\":1,\"name\":\"Home\",\"item\":\"https:\/\/bigbags.com\/pt-pt\/\"},{\"@type\":\"ListItem\",\"position\":2,\"name\":\"Porqu\u00ea os nossos big bags\",\"item\":\"https:\/\/bigbags.com\/pt-pt\/porque-os-nossos-big-bags\/\"},{\"@type\":\"ListItem\",\"position\":3,\"name\":\"As vantagens de um big bag\"}]}]}<\/script>\n<!-- \/ Yoast SEO plugin. -->","yoast_head_json":{"title":"As vantagens de um big bag &ndash; Bigbags.com","robots":{"index":"index","follow":"follow","max-snippet":"max-snippet:-1","max-image-preview":"max-image-preview:large","max-video-preview":"max-video-preview:-1"},"canonical":"https:\/\/bigbags.com\/pt-pt\/porque-os-nossos-big-bags\/vantagens-de-um-big-bag\/","og_locale":"pt_PT","og_type":"article","og_title":"As vantagens de um big bag &ndash; Bigbags.com","og_description":"As vantagens de um big bag Embalagens extremamente econ\u00f3micas F\u00e1ceis de manusear, otimizam as opera\u00e7\u00f5es log\u00edsticas dos seus clientes Cumprem inteiramente as normas de higiene estritas a n\u00edvel da ind\u00fastria alimentar e farmac\u00eautica Podem transportar at\u00e9 mil vezes o seu pr\u00f3prio peso em seguran\u00e7a N\u00e3o necessitam de uma segunda embalagem Peso reduzido, menor espa\u00e7o de [&hellip;]","og_url":"https:\/\/bigbags.com\/pt-pt\/porque-os-nossos-big-bags\/vantagens-de-um-big-bag\/","og_site_name":"Bigbags.com","article_modified_time":"2017-03-14T13:11:51+00:00","twitter_card":"summary","twitter_misc":{"Tempo estimado de leitura":"1 minuto"},"schema":{"@context":"https:\/\/schema.org","@graph":[{"@type":"WebSite","@id":"https:\/\/bigbags.com\/#website","url":"https:\/\/bigbags.com\/","name":"Bigbags.com","description":"En nog een WordPress site","potentialAction":[{"@type":"SearchAction","target":{"@type":"EntryPoint","urlTemplate":"https:\/\/bigbags.com\/?s={search_term_string}"},"query-input":"required name=search_term_string"}],"inLanguage":"pt-PT"},{"@type":"WebPage","@id":"https:\/\/bigbags.com\/pt-pt\/porque-os-nossos-big-bags\/vantagens-de-um-big-bag\/#webpage","url":"https:\/\/bigbags.com\/pt-pt\/porque-os-nossos-big-bags\/vantagens-de-um-big-bag\/","name":"As vantagens de um big bag &ndash; Bigbags.com","isPartOf":{"@id":"https:\/\/bigbags.com\/#website"},"datePublished":"2017-03-09T11:07:57+00:00","dateModified":"2017-03-14T13:11:51+00:00","breadcrumb":{"@id":"https:\/\/bigbags.com\/pt-pt\/porque-os-nossos-big-bags\/vantagens-de-um-big-bag\/#breadcrumb"},"inLanguage":"pt-PT","potentialAction":[{"@type":"ReadAction","target":["https:\/\/bigbags.com\/pt-pt\/porque-os-nossos-big-bags\/vantagens-de-um-big-bag\/"]}]},{"@type":"BreadcrumbList","@id":"https:\/\/bigbags.com\/pt-pt\/porque-os-nossos-big-bags\/vantagens-de-um-big-bag\/#breadcrumb","itemListElement":[{"@type":"ListItem","position":1,"name":"Home","item":"https:\/\/bigbags.com\/pt-pt\/"},{"@type":"ListItem","position":2,"name":"Porqu\u00ea os nossos big bags","item":"https:\/\/bigbags.com\/pt-pt\/porque-os-nossos-big-bags\/"},{"@type":"ListItem","position":3,"name":"As vantagens de um big bag"}]}]}},"_links":{"self":[{"href":"https:\/\/bigbags.com\/pt-pt\/wp-json\/wp\/v2\/pages\/1940"}],"collection":[{"href":"https:\/\/bigbags.com\/pt-pt\/wp-json\/wp\/v2\/pages"}],"about":[{"href":"https:\/\/bigbags.com\/pt-pt\/wp-json\/wp\/v2\/types\/page"}],"author":[{"embeddable":true,"href":"https:\/\/bigbags.com\/pt-pt\/wp-json\/wp\/v2\/users\/1"}],"replies":[{"embeddable":true,"href":"https:\/\/bigbags.com\/pt-pt\/wp-json\/wp\/v2\/comments?post=1940"}],"version-history":[{"count":1,"href":"https:\/\/bigbags.com\/pt-pt\/wp-json\/wp\/v2\/pages\/1940\/revisions"}],"predecessor-version":[{"id":1942,"href":"https:\/\/bigbags.com\/pt-pt\/wp-json\/wp\/v2\/pages\/1940\/revisions\/1942"}],"up":[{"embeddable":true,"href":"https:\/\/bigbags.com\/pt-pt\/wp-json\/wp\/v2\/pages\/1937"}],"wp:attachment":[{"href":"https:\/\/bigbags.com\/pt-pt\/wp-json\/wp\/v2\/media?parent=1940"}],"curies":[{"name":"wp","href":"https:\/\/api.w.org\/{rel}","templated":true}]}}