{"id":1946,"date":"2017-03-09T13:22:16","date_gmt":"2017-03-09T12:22:16","guid":{"rendered":"http:\/\/bigbags.com\/?page_id=1946\/"},"modified":"2017-03-16T17:24:43","modified_gmt":"2017-03-16T16:24:43","slug":"nossas-sugestoes-de-especialistas-sobre-o-trabalho-com-big-bags","status":"publish","type":"page","link":"https:\/\/bigbags.com\/pt-pt\/porque-os-nossos-big-bags\/nossas-sugestoes-de-especialistas-sobre-o-trabalho-com-big-bags\/","title":{"rendered":"As nossas sugest\u00f5es de especialistas sobre o trabalho com big bags"},"content":{"rendered":"<h2>Sugest\u00f5es dos nossos especialistas em big bags<\/h2>\n<p class=\"lead\">A popularidade dos big bags (saco a granel\/saco jumbo) est\u00e1 em constante crescimento.<\/p>\n<p>Atendendo \u00e0 sua enorme versatilidade, n\u00e3o \u00e9 de surpreender que um big bag possa ser utilizado de diferentes formas e transportar mil vezes o seu pr\u00f3prio peso, at\u00e9 cerca de 2500 kg por big bag. A LC Packaging compreende melhor do que ningu\u00e9m qu\u00e3o importante \u00e9 que os seus clientes utilizem os seus big bags corretamente, para que o transporte e a carga e descarga possam ser efetuados com seguran\u00e7a. Para que os nossos clientes tirem pleno partido das vantagens dos big bags, os nossos especialistas elaboraram as sugest\u00f5es seguintes:<\/p>\n<p><a class=\"btn btnfilled\" href=\"http:\/\/bigbags.com\/pt-pt\/contacto\/\"> contacte os nossos especialistas<\/a><\/p>\n","protected":false},"excerpt":{"rendered":"<p>Sugest\u00f5es dos nossos especialistas em big bags Atendendo \u00e0 sua enorme versatilidade, n\u00e3o \u00e9 de surpreender que um big bag possa ser utilizado de diferentes formas e transportar mil vezes o seu pr\u00f3prio peso, at\u00e9 cerca de 2500 kg por big bag. A LC Packaging compreende melhor do que ningu\u00e9m qu\u00e3o importante \u00e9 que os [&hellip;]<\/p>\n","protected":false},"author":1,"featured_media":0,"parent":1937,"menu_order":0,"comment_status":"closed","ping_status":"closed","template":"page-tips.php","meta":{"inline_featured_image":false},"yoast_head":"<!-- This site is optimized with the Yoast SEO plugin v18.6 - https:\/\/yoast.com\/wordpress\/plugins\/seo\/ -->\n<title>As nossas sugest\u00f5es de especialistas sobre o trabalho com big bags &ndash; Bigbags.com<\/title>\n<meta name=\"robots\" content=\"index, follow, max-snippet:-1, max-image-preview:large, max-video-preview:-1\" \/>\n<link rel=\"canonical\" href=\"https:\/\/bigbags.com\/pt-pt\/porque-os-nossos-big-bags\/nossas-sugestoes-de-especialistas-sobre-o-trabalho-com-big-bags\/\" \/>\n<meta property=\"og:locale\" content=\"pt_PT\" \/>\n<meta property=\"og:type\" content=\"article\" \/>\n<meta property=\"og:title\" content=\"As nossas sugest\u00f5es de especialistas sobre o trabalho com big bags &ndash; Bigbags.com\" \/>\n<meta property=\"og:description\" content=\"Sugest\u00f5es dos nossos especialistas em big bags Atendendo \u00e0 sua enorme versatilidade, n\u00e3o \u00e9 de surpreender que um big bag possa ser utilizado de diferentes formas e transportar mil vezes o seu pr\u00f3prio peso, at\u00e9 cerca de 2500 kg por big bag. A LC Packaging compreende melhor do que ningu\u00e9m qu\u00e3o importante \u00e9 que os [&hellip;]\" \/>\n<meta property=\"og:url\" content=\"https:\/\/bigbags.com\/pt-pt\/porque-os-nossos-big-bags\/nossas-sugestoes-de-especialistas-sobre-o-trabalho-com-big-bags\/\" \/>\n<meta property=\"og:site_name\" content=\"Bigbags.com\" \/>\n<meta property=\"article:modified_time\" content=\"2017-03-16T16:24:43+00:00\" \/>\n<meta name=\"twitter:card\" content=\"summary\" \/>\n<meta name=\"twitter:label1\" content=\"Tempo estimado de leitura\" \/>\n\t<meta name=\"twitter:data1\" content=\"1 minuto\" \/>\n<script type=\"application\/ld+json\" class=\"yoast-schema-graph\">{\"@context\":\"https:\/\/schema.org\",\"@graph\":[{\"@type\":\"WebSite\",\"@id\":\"https:\/\/bigbags.com\/#website\",\"url\":\"https:\/\/bigbags.com\/\",\"name\":\"Bigbags.com\",\"description\":\"En nog een WordPress site\",\"potentialAction\":[{\"@type\":\"SearchAction\",\"target\":{\"@type\":\"EntryPoint\",\"urlTemplate\":\"https:\/\/bigbags.com\/?s={search_term_string}\"},\"query-input\":\"required name=search_term_string\"}],\"inLanguage\":\"pt-PT\"},{\"@type\":\"WebPage\",\"@id\":\"https:\/\/bigbags.com\/pt-pt\/porque-os-nossos-big-bags\/nossas-sugestoes-de-especialistas-sobre-o-trabalho-com-big-bags\/#webpage\",\"url\":\"https:\/\/bigbags.com\/pt-pt\/porque-os-nossos-big-bags\/nossas-sugestoes-de-especialistas-sobre-o-trabalho-com-big-bags\/\",\"name\":\"As nossas sugest\u00f5es de especialistas sobre o trabalho com big bags &ndash; Bigbags.com\",\"isPartOf\":{\"@id\":\"https:\/\/bigbags.com\/#website\"},\"datePublished\":\"2017-03-09T12:22:16+00:00\",\"dateModified\":\"2017-03-16T16:24:43+00:00\",\"breadcrumb\":{\"@id\":\"https:\/\/bigbags.com\/pt-pt\/porque-os-nossos-big-bags\/nossas-sugestoes-de-especialistas-sobre-o-trabalho-com-big-bags\/#breadcrumb\"},\"inLanguage\":\"pt-PT\",\"potentialAction\":[{\"@type\":\"ReadAction\",\"target\":[\"https:\/\/bigbags.com\/pt-pt\/porque-os-nossos-big-bags\/nossas-sugestoes-de-especialistas-sobre-o-trabalho-com-big-bags\/\"]}]},{\"@type\":\"BreadcrumbList\",\"@id\":\"https:\/\/bigbags.com\/pt-pt\/porque-os-nossos-big-bags\/nossas-sugestoes-de-especialistas-sobre-o-trabalho-com-big-bags\/#breadcrumb\",\"itemListElement\":[{\"@type\":\"ListItem\",\"position\":1,\"name\":\"Home\",\"item\":\"https:\/\/bigbags.com\/pt-pt\/\"},{\"@type\":\"ListItem\",\"position\":2,\"name\":\"Porqu\u00ea os nossos big bags\",\"item\":\"https:\/\/bigbags.com\/pt-pt\/porque-os-nossos-big-bags\/\"},{\"@type\":\"ListItem\",\"position\":3,\"name\":\"As nossas sugest\u00f5es de especialistas sobre o trabalho com big bags\"}]}]}<\/script>\n<!-- \/ Yoast SEO plugin. -->","yoast_head_json":{"title":"As nossas sugest\u00f5es de especialistas sobre o trabalho com big bags &ndash; Bigbags.com","robots":{"index":"index","follow":"follow","max-snippet":"max-snippet:-1","max-image-preview":"max-image-preview:large","max-video-preview":"max-video-preview:-1"},"canonical":"https:\/\/bigbags.com\/pt-pt\/porque-os-nossos-big-bags\/nossas-sugestoes-de-especialistas-sobre-o-trabalho-com-big-bags\/","og_locale":"pt_PT","og_type":"article","og_title":"As nossas sugest\u00f5es de especialistas sobre o trabalho com big bags &ndash; Bigbags.com","og_description":"Sugest\u00f5es dos nossos especialistas em big bags Atendendo \u00e0 sua enorme versatilidade, n\u00e3o \u00e9 de surpreender que um big bag possa ser utilizado de diferentes formas e transportar mil vezes o seu pr\u00f3prio peso, at\u00e9 cerca de 2500 kg por big bag. A LC Packaging compreende melhor do que ningu\u00e9m qu\u00e3o importante \u00e9 que os [&hellip;]","og_url":"https:\/\/bigbags.com\/pt-pt\/porque-os-nossos-big-bags\/nossas-sugestoes-de-especialistas-sobre-o-trabalho-com-big-bags\/","og_site_name":"Bigbags.com","article_modified_time":"2017-03-16T16:24:43+00:00","twitter_card":"summary","twitter_misc":{"Tempo estimado de leitura":"1 minuto"},"schema":{"@context":"https:\/\/schema.org","@graph":[{"@type":"WebSite","@id":"https:\/\/bigbags.com\/#website","url":"https:\/\/bigbags.com\/","name":"Bigbags.com","description":"En nog een WordPress site","potentialAction":[{"@type":"SearchAction","target":{"@type":"EntryPoint","urlTemplate":"https:\/\/bigbags.com\/?s={search_term_string}"},"query-input":"required name=search_term_string"}],"inLanguage":"pt-PT"},{"@type":"WebPage","@id":"https:\/\/bigbags.com\/pt-pt\/porque-os-nossos-big-bags\/nossas-sugestoes-de-especialistas-sobre-o-trabalho-com-big-bags\/#webpage","url":"https:\/\/bigbags.com\/pt-pt\/porque-os-nossos-big-bags\/nossas-sugestoes-de-especialistas-sobre-o-trabalho-com-big-bags\/","name":"As nossas sugest\u00f5es de especialistas sobre o trabalho com big bags &ndash; Bigbags.com","isPartOf":{"@id":"https:\/\/bigbags.com\/#website"},"datePublished":"2017-03-09T12:22:16+00:00","dateModified":"2017-03-16T16:24:43+00:00","breadcrumb":{"@id":"https:\/\/bigbags.com\/pt-pt\/porque-os-nossos-big-bags\/nossas-sugestoes-de-especialistas-sobre-o-trabalho-com-big-bags\/#breadcrumb"},"inLanguage":"pt-PT","potentialAction":[{"@type":"ReadAction","target":["https:\/\/bigbags.com\/pt-pt\/porque-os-nossos-big-bags\/nossas-sugestoes-de-especialistas-sobre-o-trabalho-com-big-bags\/"]}]},{"@type":"BreadcrumbList","@id":"https:\/\/bigbags.com\/pt-pt\/porque-os-nossos-big-bags\/nossas-sugestoes-de-especialistas-sobre-o-trabalho-com-big-bags\/#breadcrumb","itemListElement":[{"@type":"ListItem","position":1,"name":"Home","item":"https:\/\/bigbags.com\/pt-pt\/"},{"@type":"ListItem","position":2,"name":"Porqu\u00ea os nossos big bags","item":"https:\/\/bigbags.com\/pt-pt\/porque-os-nossos-big-bags\/"},{"@type":"ListItem","position":3,"name":"As nossas sugest\u00f5es de especialistas sobre o trabalho com big bags"}]}]}},"_links":{"self":[{"href":"https:\/\/bigbags.com\/pt-pt\/wp-json\/wp\/v2\/pages\/1946"}],"collection":[{"href":"https:\/\/bigbags.com\/pt-pt\/wp-json\/wp\/v2\/pages"}],"about":[{"href":"https:\/\/bigbags.com\/pt-pt\/wp-json\/wp\/v2\/types\/page"}],"author":[{"embeddable":true,"href":"https:\/\/bigbags.com\/pt-pt\/wp-json\/wp\/v2\/users\/1"}],"replies":[{"embeddable":true,"href":"https:\/\/bigbags.com\/pt-pt\/wp-json\/wp\/v2\/comments?post=1946"}],"version-history":[{"count":2,"href":"https:\/\/bigbags.com\/pt-pt\/wp-json\/wp\/v2\/pages\/1946\/revisions"}],"predecessor-version":[{"id":2394,"href":"https:\/\/bigbags.com\/pt-pt\/wp-json\/wp\/v2\/pages\/1946\/revisions\/2394"}],"up":[{"embeddable":true,"href":"https:\/\/bigbags.com\/pt-pt\/wp-json\/wp\/v2\/pages\/1937"}],"wp:attachment":[{"href":"https:\/\/bigbags.com\/pt-pt\/wp-json\/wp\/v2\/media?parent=1946"}],"curies":[{"name":"wp","href":"https:\/\/api.w.org\/{rel}","templated":true}]}}