{"id":1385,"date":"2022-02-18T11:41:56","date_gmt":"2022-02-18T10:41:56","guid":{"rendered":"http:\/\/bigbags.com\/?page_id=1385\/"},"modified":"2022-02-18T12:43:32","modified_gmt":"2022-02-18T11:43:32","slug":"sustenabilitate","status":"publish","type":"page","link":"https:\/\/bigbags.com\/ro\/sustenabilitate\/","title":{"rendered":"Sustenabilitate"},"content":{"rendered":"<h1>Sustenabilitate<\/h1>\n<p class=\"lead\">Nicio companie nu \u00ee\u0219i poate construi o reputa\u021bie pe baza a ceea ce inten\u021bioneaz\u0103 s\u0103 fac\u0103, ci numai \u00een func\u021bie de ceea ce a realizat deja. \u00cen tot ceea ce \u00eentreprindem, \u00eencerc\u0103m s\u0103 facem lucrurile bine.<\/p>\n<p>Viziunea noastr\u0103 \u00ee\u0219i propune s\u0103 includ\u0103 toate p\u0103r\u021bile interesate \u00een munca noastr\u0103 de dezvoltare a unor solu\u021bii de ambalare sustenabile, minimiz\u00e2nd \u00een acela\u0219i timp impactul asupra mediului \u0219i risipa de produse valoroase, dezvolt\u00e2nd de asemenea comunit\u0103\u021bile \u00een care lucr\u0103m, astfel \u00eenc\u00e2t s\u0103 putem l\u0103sa \u00een urma noastr\u0103 o lume mai bun\u0103 pentru genera\u021biile urm\u0103toare.<\/p>\n<p>&nbsp;<\/p>\n<p>Al\u0103turi de partenerii no\u0219tri, ac\u021bion\u0103m pentru a contribui la Obiectivele globale de dezvoltare sustenabil\u0103, asigur\u00e2nd:<\/p>\n<ul>\n<li>un lan\u021b de distribu\u021bie sustenabil, care s\u0103 includ\u0103 aprovizionarea \u0219i produc\u021bia sustenabile<\/li>\n<li>bun\u0103starea oamenilor no\u0219tri \u0219i a comunit\u0103\u021bilor \u00een care ne desf\u0103\u0219ur\u0103m activitatea<\/li>\n<li>un impact redus asupra mediului<\/li>\n<li>inova\u021bie \u0219i solu\u021bii sustenabile de ambalare<\/li>\n<\/ul>\n<p>&nbsp;<\/p>\n<p>Ne angaj\u0103m la un parteneriat cu clien\u021bii no\u0219tri \u00een privin\u021ba valorilor, a standardelor \u0219i a responsabilit\u0103\u021bilor comune pentru a ne asigura c\u0103 \u00eentregul lan\u021b respect\u0103 cererile pie\u021bei \u00een privin\u021ba sustenabilit\u0103\u021bii. Ne str\u0103duim s\u0103 satisfacem sau s\u0103 dep\u0103\u0219im a\u0219tept\u0103rile utilizatorului final \u0219i s\u0103 asigur\u0103m un avantaj concuren\u021bial.<\/p>\n<p>\u00cen 2016, LC Packaging a fondat <a href=\"http:\/\/lcsupportsfoundation.com\/\" target=\"_blank\" rel=\"noopener\">LC Supports Foundation<\/a>. Obiectivul acestei funda\u021bii caritabile este s\u0103 sus\u021bin\u0103 bun\u0103starea social\u0103 \u0219i mediul din \u021b\u0103rile \u0219i comunit\u0103\u021bile locale \u00een care LC Packaging \u00ee\u0219i desf\u0103\u0219oar\u0103 activitatea.<\/p>\n<p>Printre certific\u0103rile LC Packaging se num\u0103r\u0103 SA 8000, EcoVadis, ISO 14001 \u0219i OHSAS 18001 \u0219i suntem membru al UN Global Compact. Pe site-ul web al corpora\u021biei noastre pute\u021bi g\u0103si mai multe informa\u021bii privind <a href=\"https:\/\/www.lcpackaging.com\/ro\/sustainability-lc\/sustainability-documents\/\" target=\"_blank\" rel=\"noopener\">sustenabilitatea<\/a>.<\/p>\n<hr \/>\n<h2><\/h2>\n<h2>Videoclip LC Packaging privind sustenabilitatea<\/h2>\n<p><iframe loading=\"lazy\" src=\"https:\/\/www.youtube.com\/embed\/Y0HjsysGXpo\" width=\"100%\" height=\"444\" frameborder=\"0\" allowfullscreen=\"allowfullscreen\"><\/iframe><\/p>\n","protected":false},"excerpt":{"rendered":"<p>Sustenabilitate Viziunea noastr\u0103 \u00ee\u0219i propune s\u0103 includ\u0103 toate p\u0103r\u021bile interesate \u00een munca noastr\u0103 de dezvoltare a unor solu\u021bii de ambalare sustenabile, minimiz\u00e2nd \u00een acela\u0219i timp impactul asupra mediului \u0219i risipa de produse valoroase, dezvolt\u00e2nd de asemenea comunit\u0103\u021bile \u00een care lucr\u0103m, astfel \u00eenc\u00e2t s\u0103 putem l\u0103sa \u00een urma noastr\u0103 o lume mai bun\u0103 pentru genera\u021biile urm\u0103toare. [&hellip;]<\/p>\n","protected":false},"author":1,"featured_media":0,"parent":0,"menu_order":0,"comment_status":"closed","ping_status":"closed","template":"","meta":{"inline_featured_image":false},"yoast_head":"<!-- This site is optimized with the Yoast SEO plugin v18.6 - https:\/\/yoast.com\/wordpress\/plugins\/seo\/ -->\n<title>Sustenabilitate &ndash; Bigbags.com<\/title>\n<meta name=\"robots\" content=\"index, follow, max-snippet:-1, max-image-preview:large, max-video-preview:-1\" \/>\n<link rel=\"canonical\" href=\"https:\/\/bigbags.com\/ro\/sustenabilitate\/\" \/>\n<meta property=\"og:locale\" content=\"ro_RO\" \/>\n<meta property=\"og:type\" content=\"article\" \/>\n<meta property=\"og:title\" content=\"Sustenabilitate &ndash; Bigbags.com\" \/>\n<meta property=\"og:description\" content=\"Sustenabilitate Viziunea noastr\u0103 \u00ee\u0219i propune s\u0103 includ\u0103 toate p\u0103r\u021bile interesate \u00een munca noastr\u0103 de dezvoltare a unor solu\u021bii de ambalare sustenabile, minimiz\u00e2nd \u00een acela\u0219i timp impactul asupra mediului \u0219i risipa de produse valoroase, dezvolt\u00e2nd de asemenea comunit\u0103\u021bile \u00een care lucr\u0103m, astfel \u00eenc\u00e2t s\u0103 putem l\u0103sa \u00een urma noastr\u0103 o lume mai bun\u0103 pentru genera\u021biile urm\u0103toare. [&hellip;]\" \/>\n<meta property=\"og:url\" content=\"https:\/\/bigbags.com\/ro\/sustenabilitate\/\" \/>\n<meta property=\"og:site_name\" content=\"Bigbags.com\" \/>\n<meta property=\"article:modified_time\" content=\"2022-02-18T11:43:32+00:00\" \/>\n<meta name=\"twitter:card\" content=\"summary\" \/>\n<meta name=\"twitter:label1\" content=\"Timp estimat pentru citire\" \/>\n\t<meta name=\"twitter:data1\" content=\"2 minute\" \/>\n<script type=\"application\/ld+json\" class=\"yoast-schema-graph\">{\"@context\":\"https:\/\/schema.org\",\"@graph\":[{\"@type\":\"WebSite\",\"@id\":\"https:\/\/bigbags.com\/#website\",\"url\":\"https:\/\/bigbags.com\/\",\"name\":\"Bigbags.com\",\"description\":\"En nog een WordPress site\",\"potentialAction\":[{\"@type\":\"SearchAction\",\"target\":{\"@type\":\"EntryPoint\",\"urlTemplate\":\"https:\/\/bigbags.com\/?s={search_term_string}\"},\"query-input\":\"required name=search_term_string\"}],\"inLanguage\":\"ro-RO\"},{\"@type\":\"WebPage\",\"@id\":\"https:\/\/bigbags.com\/ro\/sustenabilitate\/#webpage\",\"url\":\"https:\/\/bigbags.com\/ro\/sustenabilitate\/\",\"name\":\"Sustenabilitate &ndash; Bigbags.com\",\"isPartOf\":{\"@id\":\"https:\/\/bigbags.com\/#website\"},\"datePublished\":\"2022-02-18T10:41:56+00:00\",\"dateModified\":\"2022-02-18T11:43:32+00:00\",\"breadcrumb\":{\"@id\":\"https:\/\/bigbags.com\/ro\/sustenabilitate\/#breadcrumb\"},\"inLanguage\":\"ro-RO\",\"potentialAction\":[{\"@type\":\"ReadAction\",\"target\":[\"https:\/\/bigbags.com\/ro\/sustenabilitate\/\"]}]},{\"@type\":\"BreadcrumbList\",\"@id\":\"https:\/\/bigbags.com\/ro\/sustenabilitate\/#breadcrumb\",\"itemListElement\":[{\"@type\":\"ListItem\",\"position\":1,\"name\":\"Home\",\"item\":\"https:\/\/bigbags.com\/ro\/\"},{\"@type\":\"ListItem\",\"position\":2,\"name\":\"Sustenabilitate\"}]}]}<\/script>\n<!-- \/ Yoast SEO plugin. -->","yoast_head_json":{"title":"Sustenabilitate &ndash; Bigbags.com","robots":{"index":"index","follow":"follow","max-snippet":"max-snippet:-1","max-image-preview":"max-image-preview:large","max-video-preview":"max-video-preview:-1"},"canonical":"https:\/\/bigbags.com\/ro\/sustenabilitate\/","og_locale":"ro_RO","og_type":"article","og_title":"Sustenabilitate &ndash; Bigbags.com","og_description":"Sustenabilitate Viziunea noastr\u0103 \u00ee\u0219i propune s\u0103 includ\u0103 toate p\u0103r\u021bile interesate \u00een munca noastr\u0103 de dezvoltare a unor solu\u021bii de ambalare sustenabile, minimiz\u00e2nd \u00een acela\u0219i timp impactul asupra mediului \u0219i risipa de produse valoroase, dezvolt\u00e2nd de asemenea comunit\u0103\u021bile \u00een care lucr\u0103m, astfel \u00eenc\u00e2t s\u0103 putem l\u0103sa \u00een urma noastr\u0103 o lume mai bun\u0103 pentru genera\u021biile urm\u0103toare. [&hellip;]","og_url":"https:\/\/bigbags.com\/ro\/sustenabilitate\/","og_site_name":"Bigbags.com","article_modified_time":"2022-02-18T11:43:32+00:00","twitter_card":"summary","twitter_misc":{"Timp estimat pentru citire":"2 minute"},"schema":{"@context":"https:\/\/schema.org","@graph":[{"@type":"WebSite","@id":"https:\/\/bigbags.com\/#website","url":"https:\/\/bigbags.com\/","name":"Bigbags.com","description":"En nog een WordPress site","potentialAction":[{"@type":"SearchAction","target":{"@type":"EntryPoint","urlTemplate":"https:\/\/bigbags.com\/?s={search_term_string}"},"query-input":"required name=search_term_string"}],"inLanguage":"ro-RO"},{"@type":"WebPage","@id":"https:\/\/bigbags.com\/ro\/sustenabilitate\/#webpage","url":"https:\/\/bigbags.com\/ro\/sustenabilitate\/","name":"Sustenabilitate &ndash; Bigbags.com","isPartOf":{"@id":"https:\/\/bigbags.com\/#website"},"datePublished":"2022-02-18T10:41:56+00:00","dateModified":"2022-02-18T11:43:32+00:00","breadcrumb":{"@id":"https:\/\/bigbags.com\/ro\/sustenabilitate\/#breadcrumb"},"inLanguage":"ro-RO","potentialAction":[{"@type":"ReadAction","target":["https:\/\/bigbags.com\/ro\/sustenabilitate\/"]}]},{"@type":"BreadcrumbList","@id":"https:\/\/bigbags.com\/ro\/sustenabilitate\/#breadcrumb","itemListElement":[{"@type":"ListItem","position":1,"name":"Home","item":"https:\/\/bigbags.com\/ro\/"},{"@type":"ListItem","position":2,"name":"Sustenabilitate"}]}]}},"_links":{"self":[{"href":"https:\/\/bigbags.com\/ro\/wp-json\/wp\/v2\/pages\/1385"}],"collection":[{"href":"https:\/\/bigbags.com\/ro\/wp-json\/wp\/v2\/pages"}],"about":[{"href":"https:\/\/bigbags.com\/ro\/wp-json\/wp\/v2\/types\/page"}],"author":[{"embeddable":true,"href":"https:\/\/bigbags.com\/ro\/wp-json\/wp\/v2\/users\/1"}],"replies":[{"embeddable":true,"href":"https:\/\/bigbags.com\/ro\/wp-json\/wp\/v2\/comments?post=1385"}],"version-history":[{"count":5,"href":"https:\/\/bigbags.com\/ro\/wp-json\/wp\/v2\/pages\/1385\/revisions"}],"predecessor-version":[{"id":5204,"href":"https:\/\/bigbags.com\/ro\/wp-json\/wp\/v2\/pages\/1385\/revisions\/5204"}],"wp:attachment":[{"href":"https:\/\/bigbags.com\/ro\/wp-json\/wp\/v2\/media?parent=1385"}],"curies":[{"name":"wp","href":"https:\/\/api.w.org\/{rel}","templated":true}]}}