{"id":1391,"date":"2017-01-04T16:04:50","date_gmt":"2017-01-04T15:04:50","guid":{"rendered":"http:\/\/bigbags.com\/?page_id=1391\/"},"modified":"2017-01-09T13:13:48","modified_gmt":"2017-01-09T12:13:48","slug":"avantajele-unui-sac-big-bag","status":"publish","type":"page","link":"https:\/\/bigbags.com\/ro\/de-ce-sa-alegeti-sacii-nostri-big-bag\/avantajele-unui-sac-big-bag\/","title":{"rendered":"Avantajele unui sac big bag"},"content":{"rendered":"<h2>Avantajele unui sac big bag<\/h2>\n<p class=\"lead\">Sacii big bag, denumi\u021bi \u0219i saci mari, saci vrac sau saci uria\u0219i, reprezint\u0103 solu\u021bia ideal\u0103 pentru depozitarea temporar\u0103 \u0219i transportul de m\u0103rfuri vrac uscate. Acestea includ pulberi, minereuri, agregate \u0219i alte ingrediente. Avantajele pe scurt ale sacilor big bag:<\/p>\n<ul>\n<li>Ambalaj extrem de eficient din punct de vedere al costurilor<\/li>\n<li>U\u0219or de manevrat &#8211; optimizeaz\u0103 logistica clien\u021bilor dvs<\/li>\n<li>Respect\u0103 cu stricte\u021be cele mai \u00eenalte standarde de igien\u0103 din industria alimentar\u0103 \u0219i farmaceutic\u0103<\/li>\n<li>Pot transporta o greutate de p\u00e2n\u0103 la o mie de ori mai mare dec\u00e2t propria lor greutate<\/li>\n<li>Nu ave\u021bi nevoie de un ambalaj secundar<\/li>\n<li>Greutate redus\u0103, spa\u021biu minim &#8211; economisirea spa\u021biului de depozitare<\/li>\n<li>Saci imprima\u021bi, pentru publicitate mobil\u0103 \u0219i\/sau pentru men\u021bionarea informa\u021biilor esen\u021biale despre produse<\/li>\n<li>Ajut\u0103 la minimizarea fluxurilor de de\u0219euri<\/li>\n<li><a href=\"http:\/\/www.worldbag.com\/\" target=\"_blank\">Reciclare \u0219i recondi\u021bionare<\/a><\/li>\n<li>Sacii big bag sunt personalizabili, \u00een conformitate cu cerin\u021bele dvs. specifice<\/li>\n<\/ul>\n","protected":false},"excerpt":{"rendered":"<p>Avantajele unui sac big bag Ambalaj extrem de eficient din punct de vedere al costurilor U\u0219or de manevrat &#8211; optimizeaz\u0103 logistica clien\u021bilor dvs Respect\u0103 cu stricte\u021be cele mai \u00eenalte standarde de igien\u0103 din industria alimentar\u0103 \u0219i farmaceutic\u0103 Pot transporta o greutate de p\u00e2n\u0103 la o mie de ori mai mare dec\u00e2t propria lor greutate Nu [&hellip;]<\/p>\n","protected":false},"author":1,"featured_media":0,"parent":1389,"menu_order":0,"comment_status":"closed","ping_status":"closed","template":"","meta":{"inline_featured_image":false},"yoast_head":"<!-- This site is optimized with the Yoast SEO plugin v18.6 - https:\/\/yoast.com\/wordpress\/plugins\/seo\/ -->\n<title>Avantajele unui sac big bag &ndash; Bigbags.com<\/title>\n<meta name=\"robots\" content=\"index, follow, max-snippet:-1, max-image-preview:large, max-video-preview:-1\" \/>\n<link rel=\"canonical\" href=\"https:\/\/bigbags.com\/ro\/de-ce-sa-alegeti-sacii-nostri-big-bag\/avantajele-unui-sac-big-bag\/\" \/>\n<meta property=\"og:locale\" content=\"ro_RO\" \/>\n<meta property=\"og:type\" content=\"article\" \/>\n<meta property=\"og:title\" content=\"Avantajele unui sac big bag &ndash; Bigbags.com\" \/>\n<meta property=\"og:description\" content=\"Avantajele unui sac big bag Ambalaj extrem de eficient din punct de vedere al costurilor U\u0219or de manevrat &#8211; optimizeaz\u0103 logistica clien\u021bilor dvs Respect\u0103 cu stricte\u021be cele mai \u00eenalte standarde de igien\u0103 din industria alimentar\u0103 \u0219i farmaceutic\u0103 Pot transporta o greutate de p\u00e2n\u0103 la o mie de ori mai mare dec\u00e2t propria lor greutate Nu [&hellip;]\" \/>\n<meta property=\"og:url\" content=\"https:\/\/bigbags.com\/ro\/de-ce-sa-alegeti-sacii-nostri-big-bag\/avantajele-unui-sac-big-bag\/\" \/>\n<meta property=\"og:site_name\" content=\"Bigbags.com\" \/>\n<meta property=\"article:modified_time\" content=\"2017-01-09T12:13:48+00:00\" \/>\n<meta name=\"twitter:card\" content=\"summary\" \/>\n<meta name=\"twitter:label1\" content=\"Timp estimat pentru citire\" \/>\n\t<meta name=\"twitter:data1\" content=\"1 minut\" \/>\n<script type=\"application\/ld+json\" class=\"yoast-schema-graph\">{\"@context\":\"https:\/\/schema.org\",\"@graph\":[{\"@type\":\"WebSite\",\"@id\":\"https:\/\/bigbags.com\/#website\",\"url\":\"https:\/\/bigbags.com\/\",\"name\":\"Bigbags.com\",\"description\":\"En nog een WordPress site\",\"potentialAction\":[{\"@type\":\"SearchAction\",\"target\":{\"@type\":\"EntryPoint\",\"urlTemplate\":\"https:\/\/bigbags.com\/?s={search_term_string}\"},\"query-input\":\"required name=search_term_string\"}],\"inLanguage\":\"ro-RO\"},{\"@type\":\"WebPage\",\"@id\":\"https:\/\/bigbags.com\/ro\/de-ce-sa-alegeti-sacii-nostri-big-bag\/avantajele-unui-sac-big-bag\/#webpage\",\"url\":\"https:\/\/bigbags.com\/ro\/de-ce-sa-alegeti-sacii-nostri-big-bag\/avantajele-unui-sac-big-bag\/\",\"name\":\"Avantajele unui sac big bag &ndash; Bigbags.com\",\"isPartOf\":{\"@id\":\"https:\/\/bigbags.com\/#website\"},\"datePublished\":\"2017-01-04T15:04:50+00:00\",\"dateModified\":\"2017-01-09T12:13:48+00:00\",\"breadcrumb\":{\"@id\":\"https:\/\/bigbags.com\/ro\/de-ce-sa-alegeti-sacii-nostri-big-bag\/avantajele-unui-sac-big-bag\/#breadcrumb\"},\"inLanguage\":\"ro-RO\",\"potentialAction\":[{\"@type\":\"ReadAction\",\"target\":[\"https:\/\/bigbags.com\/ro\/de-ce-sa-alegeti-sacii-nostri-big-bag\/avantajele-unui-sac-big-bag\/\"]}]},{\"@type\":\"BreadcrumbList\",\"@id\":\"https:\/\/bigbags.com\/ro\/de-ce-sa-alegeti-sacii-nostri-big-bag\/avantajele-unui-sac-big-bag\/#breadcrumb\",\"itemListElement\":[{\"@type\":\"ListItem\",\"position\":1,\"name\":\"Home\",\"item\":\"https:\/\/bigbags.com\/ro\/\"},{\"@type\":\"ListItem\",\"position\":2,\"name\":\"De ce s\u0103 alege\u021bi sacii no\u0219tri big bag\",\"item\":\"https:\/\/bigbags.com\/ro\/de-ce-sa-alegeti-sacii-nostri-big-bag\/\"},{\"@type\":\"ListItem\",\"position\":3,\"name\":\"Avantajele unui sac big bag\"}]}]}<\/script>\n<!-- \/ Yoast SEO plugin. -->","yoast_head_json":{"title":"Avantajele unui sac big bag &ndash; Bigbags.com","robots":{"index":"index","follow":"follow","max-snippet":"max-snippet:-1","max-image-preview":"max-image-preview:large","max-video-preview":"max-video-preview:-1"},"canonical":"https:\/\/bigbags.com\/ro\/de-ce-sa-alegeti-sacii-nostri-big-bag\/avantajele-unui-sac-big-bag\/","og_locale":"ro_RO","og_type":"article","og_title":"Avantajele unui sac big bag &ndash; Bigbags.com","og_description":"Avantajele unui sac big bag Ambalaj extrem de eficient din punct de vedere al costurilor U\u0219or de manevrat &#8211; optimizeaz\u0103 logistica clien\u021bilor dvs Respect\u0103 cu stricte\u021be cele mai \u00eenalte standarde de igien\u0103 din industria alimentar\u0103 \u0219i farmaceutic\u0103 Pot transporta o greutate de p\u00e2n\u0103 la o mie de ori mai mare dec\u00e2t propria lor greutate Nu [&hellip;]","og_url":"https:\/\/bigbags.com\/ro\/de-ce-sa-alegeti-sacii-nostri-big-bag\/avantajele-unui-sac-big-bag\/","og_site_name":"Bigbags.com","article_modified_time":"2017-01-09T12:13:48+00:00","twitter_card":"summary","twitter_misc":{"Timp estimat pentru citire":"1 minut"},"schema":{"@context":"https:\/\/schema.org","@graph":[{"@type":"WebSite","@id":"https:\/\/bigbags.com\/#website","url":"https:\/\/bigbags.com\/","name":"Bigbags.com","description":"En nog een WordPress site","potentialAction":[{"@type":"SearchAction","target":{"@type":"EntryPoint","urlTemplate":"https:\/\/bigbags.com\/?s={search_term_string}"},"query-input":"required name=search_term_string"}],"inLanguage":"ro-RO"},{"@type":"WebPage","@id":"https:\/\/bigbags.com\/ro\/de-ce-sa-alegeti-sacii-nostri-big-bag\/avantajele-unui-sac-big-bag\/#webpage","url":"https:\/\/bigbags.com\/ro\/de-ce-sa-alegeti-sacii-nostri-big-bag\/avantajele-unui-sac-big-bag\/","name":"Avantajele unui sac big bag &ndash; Bigbags.com","isPartOf":{"@id":"https:\/\/bigbags.com\/#website"},"datePublished":"2017-01-04T15:04:50+00:00","dateModified":"2017-01-09T12:13:48+00:00","breadcrumb":{"@id":"https:\/\/bigbags.com\/ro\/de-ce-sa-alegeti-sacii-nostri-big-bag\/avantajele-unui-sac-big-bag\/#breadcrumb"},"inLanguage":"ro-RO","potentialAction":[{"@type":"ReadAction","target":["https:\/\/bigbags.com\/ro\/de-ce-sa-alegeti-sacii-nostri-big-bag\/avantajele-unui-sac-big-bag\/"]}]},{"@type":"BreadcrumbList","@id":"https:\/\/bigbags.com\/ro\/de-ce-sa-alegeti-sacii-nostri-big-bag\/avantajele-unui-sac-big-bag\/#breadcrumb","itemListElement":[{"@type":"ListItem","position":1,"name":"Home","item":"https:\/\/bigbags.com\/ro\/"},{"@type":"ListItem","position":2,"name":"De ce s\u0103 alege\u021bi sacii no\u0219tri big bag","item":"https:\/\/bigbags.com\/ro\/de-ce-sa-alegeti-sacii-nostri-big-bag\/"},{"@type":"ListItem","position":3,"name":"Avantajele unui sac big bag"}]}]}},"_links":{"self":[{"href":"https:\/\/bigbags.com\/ro\/wp-json\/wp\/v2\/pages\/1391"}],"collection":[{"href":"https:\/\/bigbags.com\/ro\/wp-json\/wp\/v2\/pages"}],"about":[{"href":"https:\/\/bigbags.com\/ro\/wp-json\/wp\/v2\/types\/page"}],"author":[{"embeddable":true,"href":"https:\/\/bigbags.com\/ro\/wp-json\/wp\/v2\/users\/1"}],"replies":[{"embeddable":true,"href":"https:\/\/bigbags.com\/ro\/wp-json\/wp\/v2\/comments?post=1391"}],"version-history":[{"count":1,"href":"https:\/\/bigbags.com\/ro\/wp-json\/wp\/v2\/pages\/1391\/revisions"}],"predecessor-version":[{"id":1392,"href":"https:\/\/bigbags.com\/ro\/wp-json\/wp\/v2\/pages\/1391\/revisions\/1392"}],"up":[{"embeddable":true,"href":"https:\/\/bigbags.com\/ro\/wp-json\/wp\/v2\/pages\/1389"}],"wp:attachment":[{"href":"https:\/\/bigbags.com\/ro\/wp-json\/wp\/v2\/media?parent=1391"}],"curies":[{"name":"wp","href":"https:\/\/api.w.org\/{rel}","templated":true}]}}