{"id":1395,"date":"2022-02-28T15:24:20","date_gmt":"2022-02-28T14:24:20","guid":{"rendered":"http:\/\/bigbags.com\/?page_id=1395\/"},"modified":"2022-02-28T16:27:17","modified_gmt":"2022-02-28T15:27:17","slug":"sugestii-oferite-de-expertii-nostri-privind-utilizarea-sacilor-big-bag","status":"publish","type":"page","link":"https:\/\/bigbags.com\/ro\/de-ce-sa-alegeti-sacii-nostri-big-bag\/sugestii-oferite-de-expertii-nostri-privind-utilizarea-sacilor-big-bag\/","title":{"rendered":"Sugestii oferite de exper\u021bii no\u0219tri privind utilizarea sacilor big bag"},"content":{"rendered":"<p>&nbsp;<\/p>\n<h2>Sugestii de la exper\u021bii no\u0219tri \u00een saci big bag<\/h2>\n<p class=\"lead\">Popularitatea sacilor big bag (saci mari\/saci uria\u0219i) este \u00een continu\u0103 cre\u0219tere.<\/p>\n<p>Datorit\u0103 marii sale versatilit\u0103\u021bi, acest lucru nu ar trebui s\u0103 fie o surpriz\u0103: un sac big bag poate fi utilizat \u00een numeroase moduri diferite \u0219i poate transporta de 1.000 de ori propria sa greutate, p\u00e2n\u0103 la aproximativ 2.500 de kilograme pe sac. Echipa LC Packaging \u00een\u021belege mai bine ca nimeni altcineva c\u00e2t este de important pentru clien\u021bii no\u0219tri s\u0103 \u00ee\u0219i utilizeze corect sacii big bag \u0219i s\u0103 ofere un transport, o \u00eenc\u0103rcare \u0219i o desc\u0103rcare \u00een condi\u021bii de siguran\u021b\u0103. Pentru a ob\u021bine avantaje maxime \u00een urma utiliz\u0103rii sacilor big bag, exper\u021bii no\u0219tri au elaborat urm\u0103toarele sugestii:<\/p>\n<p><a class=\"btn btnfilled\" href=\"https:\/\/bigbags.com\/ro\/contact\/\/\"> Contact our experts<\/a><\/p>\n","protected":false},"excerpt":{"rendered":"<p>&nbsp; Sugestii de la exper\u021bii no\u0219tri \u00een saci big bag Datorit\u0103 marii sale versatilit\u0103\u021bi, acest lucru nu ar trebui s\u0103 fie o surpriz\u0103: un sac big bag poate fi utilizat \u00een numeroase moduri diferite \u0219i poate transporta de 1.000 de ori propria sa greutate, p\u00e2n\u0103 la aproximativ 2.500 de kilograme pe sac. Echipa LC Packaging [&hellip;]<\/p>\n","protected":false},"author":1,"featured_media":0,"parent":1389,"menu_order":0,"comment_status":"closed","ping_status":"closed","template":"page-tips.php","meta":{"inline_featured_image":false},"yoast_head":"<!-- This site is optimized with the Yoast SEO plugin v18.6 - https:\/\/yoast.com\/wordpress\/plugins\/seo\/ -->\n<title>Sugestii oferite de exper\u021bii no\u0219tri privind utilizarea sacilor big bag &ndash; Bigbags.com<\/title>\n<meta name=\"robots\" content=\"index, follow, max-snippet:-1, max-image-preview:large, max-video-preview:-1\" \/>\n<link rel=\"canonical\" href=\"https:\/\/bigbags.com\/ro\/de-ce-sa-alegeti-sacii-nostri-big-bag\/sugestii-oferite-de-expertii-nostri-privind-utilizarea-sacilor-big-bag\/\" \/>\n<meta property=\"og:locale\" content=\"ro_RO\" \/>\n<meta property=\"og:type\" content=\"article\" \/>\n<meta property=\"og:title\" content=\"Sugestii oferite de exper\u021bii no\u0219tri privind utilizarea sacilor big bag &ndash; Bigbags.com\" \/>\n<meta property=\"og:description\" content=\"&nbsp; Sugestii de la exper\u021bii no\u0219tri \u00een saci big bag Datorit\u0103 marii sale versatilit\u0103\u021bi, acest lucru nu ar trebui s\u0103 fie o surpriz\u0103: un sac big bag poate fi utilizat \u00een numeroase moduri diferite \u0219i poate transporta de 1.000 de ori propria sa greutate, p\u00e2n\u0103 la aproximativ 2.500 de kilograme pe sac. Echipa LC Packaging [&hellip;]\" \/>\n<meta property=\"og:url\" content=\"https:\/\/bigbags.com\/ro\/de-ce-sa-alegeti-sacii-nostri-big-bag\/sugestii-oferite-de-expertii-nostri-privind-utilizarea-sacilor-big-bag\/\" \/>\n<meta property=\"og:site_name\" content=\"Bigbags.com\" \/>\n<meta property=\"article:modified_time\" content=\"2022-02-28T15:27:17+00:00\" \/>\n<meta name=\"twitter:card\" content=\"summary\" \/>\n<meta name=\"twitter:label1\" content=\"Timp estimat pentru citire\" \/>\n\t<meta name=\"twitter:data1\" content=\"1 minut\" \/>\n<script type=\"application\/ld+json\" class=\"yoast-schema-graph\">{\"@context\":\"https:\/\/schema.org\",\"@graph\":[{\"@type\":\"WebSite\",\"@id\":\"https:\/\/bigbags.com\/#website\",\"url\":\"https:\/\/bigbags.com\/\",\"name\":\"Bigbags.com\",\"description\":\"En nog een WordPress site\",\"potentialAction\":[{\"@type\":\"SearchAction\",\"target\":{\"@type\":\"EntryPoint\",\"urlTemplate\":\"https:\/\/bigbags.com\/?s={search_term_string}\"},\"query-input\":\"required name=search_term_string\"}],\"inLanguage\":\"ro-RO\"},{\"@type\":\"WebPage\",\"@id\":\"https:\/\/bigbags.com\/ro\/de-ce-sa-alegeti-sacii-nostri-big-bag\/sugestii-oferite-de-expertii-nostri-privind-utilizarea-sacilor-big-bag\/#webpage\",\"url\":\"https:\/\/bigbags.com\/ro\/de-ce-sa-alegeti-sacii-nostri-big-bag\/sugestii-oferite-de-expertii-nostri-privind-utilizarea-sacilor-big-bag\/\",\"name\":\"Sugestii oferite de exper\u021bii no\u0219tri privind utilizarea sacilor big bag &ndash; Bigbags.com\",\"isPartOf\":{\"@id\":\"https:\/\/bigbags.com\/#website\"},\"datePublished\":\"2022-02-28T14:24:20+00:00\",\"dateModified\":\"2022-02-28T15:27:17+00:00\",\"breadcrumb\":{\"@id\":\"https:\/\/bigbags.com\/ro\/de-ce-sa-alegeti-sacii-nostri-big-bag\/sugestii-oferite-de-expertii-nostri-privind-utilizarea-sacilor-big-bag\/#breadcrumb\"},\"inLanguage\":\"ro-RO\",\"potentialAction\":[{\"@type\":\"ReadAction\",\"target\":[\"https:\/\/bigbags.com\/ro\/de-ce-sa-alegeti-sacii-nostri-big-bag\/sugestii-oferite-de-expertii-nostri-privind-utilizarea-sacilor-big-bag\/\"]}]},{\"@type\":\"BreadcrumbList\",\"@id\":\"https:\/\/bigbags.com\/ro\/de-ce-sa-alegeti-sacii-nostri-big-bag\/sugestii-oferite-de-expertii-nostri-privind-utilizarea-sacilor-big-bag\/#breadcrumb\",\"itemListElement\":[{\"@type\":\"ListItem\",\"position\":1,\"name\":\"Home\",\"item\":\"https:\/\/bigbags.com\/ro\/\"},{\"@type\":\"ListItem\",\"position\":2,\"name\":\"De ce s\u0103 alege\u021bi sacii no\u0219tri big bag\",\"item\":\"https:\/\/bigbags.com\/ro\/de-ce-sa-alegeti-sacii-nostri-big-bag\/\"},{\"@type\":\"ListItem\",\"position\":3,\"name\":\"Sugestii oferite de exper\u021bii no\u0219tri privind utilizarea sacilor big bag\"}]}]}<\/script>\n<!-- \/ Yoast SEO plugin. -->","yoast_head_json":{"title":"Sugestii oferite de exper\u021bii no\u0219tri privind utilizarea sacilor big bag &ndash; Bigbags.com","robots":{"index":"index","follow":"follow","max-snippet":"max-snippet:-1","max-image-preview":"max-image-preview:large","max-video-preview":"max-video-preview:-1"},"canonical":"https:\/\/bigbags.com\/ro\/de-ce-sa-alegeti-sacii-nostri-big-bag\/sugestii-oferite-de-expertii-nostri-privind-utilizarea-sacilor-big-bag\/","og_locale":"ro_RO","og_type":"article","og_title":"Sugestii oferite de exper\u021bii no\u0219tri privind utilizarea sacilor big bag &ndash; Bigbags.com","og_description":"&nbsp; Sugestii de la exper\u021bii no\u0219tri \u00een saci big bag Datorit\u0103 marii sale versatilit\u0103\u021bi, acest lucru nu ar trebui s\u0103 fie o surpriz\u0103: un sac big bag poate fi utilizat \u00een numeroase moduri diferite \u0219i poate transporta de 1.000 de ori propria sa greutate, p\u00e2n\u0103 la aproximativ 2.500 de kilograme pe sac. Echipa LC Packaging [&hellip;]","og_url":"https:\/\/bigbags.com\/ro\/de-ce-sa-alegeti-sacii-nostri-big-bag\/sugestii-oferite-de-expertii-nostri-privind-utilizarea-sacilor-big-bag\/","og_site_name":"Bigbags.com","article_modified_time":"2022-02-28T15:27:17+00:00","twitter_card":"summary","twitter_misc":{"Timp estimat pentru citire":"1 minut"},"schema":{"@context":"https:\/\/schema.org","@graph":[{"@type":"WebSite","@id":"https:\/\/bigbags.com\/#website","url":"https:\/\/bigbags.com\/","name":"Bigbags.com","description":"En nog een WordPress site","potentialAction":[{"@type":"SearchAction","target":{"@type":"EntryPoint","urlTemplate":"https:\/\/bigbags.com\/?s={search_term_string}"},"query-input":"required name=search_term_string"}],"inLanguage":"ro-RO"},{"@type":"WebPage","@id":"https:\/\/bigbags.com\/ro\/de-ce-sa-alegeti-sacii-nostri-big-bag\/sugestii-oferite-de-expertii-nostri-privind-utilizarea-sacilor-big-bag\/#webpage","url":"https:\/\/bigbags.com\/ro\/de-ce-sa-alegeti-sacii-nostri-big-bag\/sugestii-oferite-de-expertii-nostri-privind-utilizarea-sacilor-big-bag\/","name":"Sugestii oferite de exper\u021bii no\u0219tri privind utilizarea sacilor big bag &ndash; Bigbags.com","isPartOf":{"@id":"https:\/\/bigbags.com\/#website"},"datePublished":"2022-02-28T14:24:20+00:00","dateModified":"2022-02-28T15:27:17+00:00","breadcrumb":{"@id":"https:\/\/bigbags.com\/ro\/de-ce-sa-alegeti-sacii-nostri-big-bag\/sugestii-oferite-de-expertii-nostri-privind-utilizarea-sacilor-big-bag\/#breadcrumb"},"inLanguage":"ro-RO","potentialAction":[{"@type":"ReadAction","target":["https:\/\/bigbags.com\/ro\/de-ce-sa-alegeti-sacii-nostri-big-bag\/sugestii-oferite-de-expertii-nostri-privind-utilizarea-sacilor-big-bag\/"]}]},{"@type":"BreadcrumbList","@id":"https:\/\/bigbags.com\/ro\/de-ce-sa-alegeti-sacii-nostri-big-bag\/sugestii-oferite-de-expertii-nostri-privind-utilizarea-sacilor-big-bag\/#breadcrumb","itemListElement":[{"@type":"ListItem","position":1,"name":"Home","item":"https:\/\/bigbags.com\/ro\/"},{"@type":"ListItem","position":2,"name":"De ce s\u0103 alege\u021bi sacii no\u0219tri big bag","item":"https:\/\/bigbags.com\/ro\/de-ce-sa-alegeti-sacii-nostri-big-bag\/"},{"@type":"ListItem","position":3,"name":"Sugestii oferite de exper\u021bii no\u0219tri privind utilizarea sacilor big bag"}]}]}},"_links":{"self":[{"href":"https:\/\/bigbags.com\/ro\/wp-json\/wp\/v2\/pages\/1395"}],"collection":[{"href":"https:\/\/bigbags.com\/ro\/wp-json\/wp\/v2\/pages"}],"about":[{"href":"https:\/\/bigbags.com\/ro\/wp-json\/wp\/v2\/types\/page"}],"author":[{"embeddable":true,"href":"https:\/\/bigbags.com\/ro\/wp-json\/wp\/v2\/users\/1"}],"replies":[{"embeddable":true,"href":"https:\/\/bigbags.com\/ro\/wp-json\/wp\/v2\/comments?post=1395"}],"version-history":[{"count":5,"href":"https:\/\/bigbags.com\/ro\/wp-json\/wp\/v2\/pages\/1395\/revisions"}],"predecessor-version":[{"id":5220,"href":"https:\/\/bigbags.com\/ro\/wp-json\/wp\/v2\/pages\/1395\/revisions\/5220"}],"up":[{"embeddable":true,"href":"https:\/\/bigbags.com\/ro\/wp-json\/wp\/v2\/pages\/1389"}],"wp:attachment":[{"href":"https:\/\/bigbags.com\/ro\/wp-json\/wp\/v2\/media?parent=1395"}],"curies":[{"name":"wp","href":"https:\/\/api.w.org\/{rel}","templated":true}]}}