{"id":1473,"date":"2017-01-11T16:51:28","date_gmt":"2017-01-11T15:51:28","guid":{"rendered":"http:\/\/bigbags.com\/?page_id=1473\/"},"modified":"2018-12-17T14:53:16","modified_gmt":"2018-12-17T13:53:16","slug":"contact","status":"publish","type":"page","link":"https:\/\/bigbags.com\/ro\/contact\/","title":{"rendered":"Contact romania"},"content":{"rendered":"<h2>Contacta\u021bi-ne pentru mai multe informa\u021bii<\/h2>\n<p class=\"lead\">Datorit\u0103 experien\u021bei noastre, le putem oferi clien\u021bilor no\u0219tri asigurarea c\u0103 vom proiecta, produce \u0219i livra orice tip de saci big bag, potrivi\u021bi pentru o gam\u0103 larg\u0103 de aplica\u021bii.<\/p>\n<p>V\u0103 rug\u0103m s\u0103 completa\u021bi formularul de contact pentru consiliere sau pentru a solicita o cota\u021bie. Exper\u021bii no\u0219tri \u00een saci big bag vor r\u0103spunde \u00een cel mai scurt timp solicit\u0103rii dvs.<\/p>\n<p><iframe loading=\"lazy\" src=\"http:\/\/analytics-eu.clickdimensions.com\/lcpackagingnl-aodhd\/pages\/phmqh1heeipgganorebeg.html\" allowtransparency=\"true\" width=\"100%\" height=\"500px\" type=\"text\/html\" frameborder=\"0\" style=\"border:0\"><\/iframe><\/p>\n","protected":false},"excerpt":{"rendered":"<p>Contacta\u021bi-ne pentru mai multe informa\u021bii V\u0103 rug\u0103m s\u0103 completa\u021bi formularul de contact pentru consiliere sau pentru a solicita o cota\u021bie. Exper\u021bii no\u0219tri \u00een saci big bag vor r\u0103spunde \u00een cel mai scurt timp solicit\u0103rii dvs.<\/p>\n","protected":false},"author":1,"featured_media":583,"parent":0,"menu_order":0,"comment_status":"closed","ping_status":"closed","template":"","meta":{"inline_featured_image":false},"yoast_head":"<!-- This site is optimized with the Yoast SEO plugin v18.6 - https:\/\/yoast.com\/wordpress\/plugins\/seo\/ -->\n<title>Contact romania &ndash; Bigbags.com<\/title>\n<meta name=\"robots\" content=\"index, follow, max-snippet:-1, max-image-preview:large, max-video-preview:-1\" \/>\n<link rel=\"canonical\" href=\"https:\/\/bigbags.com\/ro\/contact\/\" \/>\n<meta property=\"og:locale\" content=\"ro_RO\" \/>\n<meta property=\"og:type\" content=\"article\" \/>\n<meta property=\"og:title\" content=\"Contact romania &ndash; Bigbags.com\" \/>\n<meta property=\"og:description\" content=\"Contacta\u021bi-ne pentru mai multe informa\u021bii V\u0103 rug\u0103m s\u0103 completa\u021bi formularul de contact pentru consiliere sau pentru a solicita o cota\u021bie. Exper\u021bii no\u0219tri \u00een saci big bag vor r\u0103spunde \u00een cel mai scurt timp solicit\u0103rii dvs.\" \/>\n<meta property=\"og:url\" content=\"https:\/\/bigbags.com\/ro\/contact\/\" \/>\n<meta property=\"og:site_name\" content=\"Bigbags.com\" \/>\n<meta property=\"article:modified_time\" content=\"2018-12-17T13:53:16+00:00\" \/>\n<meta name=\"twitter:card\" content=\"summary\" \/>\n<meta name=\"twitter:image\" content=\"https:\/\/bigbags.com\/wp-content\/uploads\/2016\/12\/contact-1.svg\" \/>\n<script type=\"application\/ld+json\" class=\"yoast-schema-graph\">{\"@context\":\"https:\/\/schema.org\",\"@graph\":[{\"@type\":\"WebSite\",\"@id\":\"https:\/\/bigbags.com\/#website\",\"url\":\"https:\/\/bigbags.com\/\",\"name\":\"Bigbags.com\",\"description\":\"En nog een WordPress site\",\"potentialAction\":[{\"@type\":\"SearchAction\",\"target\":{\"@type\":\"EntryPoint\",\"urlTemplate\":\"https:\/\/bigbags.com\/?s={search_term_string}\"},\"query-input\":\"required name=search_term_string\"}],\"inLanguage\":\"ro-RO\"},{\"@type\":\"ImageObject\",\"@id\":\"https:\/\/bigbags.com\/ro\/contact\/#primaryimage\",\"inLanguage\":\"ro-RO\",\"url\":\"https:\/\/bigbags.com\/wp-content\/uploads\/2016\/12\/contact-1.svg\",\"contentUrl\":\"https:\/\/bigbags.com\/wp-content\/uploads\/2016\/12\/contact-1.svg\"},{\"@type\":\"WebPage\",\"@id\":\"https:\/\/bigbags.com\/ro\/contact\/#webpage\",\"url\":\"https:\/\/bigbags.com\/ro\/contact\/\",\"name\":\"Contact romania &ndash; Bigbags.com\",\"isPartOf\":{\"@id\":\"https:\/\/bigbags.com\/#website\"},\"primaryImageOfPage\":{\"@id\":\"https:\/\/bigbags.com\/ro\/contact\/#primaryimage\"},\"datePublished\":\"2017-01-11T15:51:28+00:00\",\"dateModified\":\"2018-12-17T13:53:16+00:00\",\"breadcrumb\":{\"@id\":\"https:\/\/bigbags.com\/ro\/contact\/#breadcrumb\"},\"inLanguage\":\"ro-RO\",\"potentialAction\":[{\"@type\":\"ReadAction\",\"target\":[\"https:\/\/bigbags.com\/ro\/contact\/\"]}]},{\"@type\":\"BreadcrumbList\",\"@id\":\"https:\/\/bigbags.com\/ro\/contact\/#breadcrumb\",\"itemListElement\":[{\"@type\":\"ListItem\",\"position\":1,\"name\":\"Home\",\"item\":\"https:\/\/bigbags.com\/ro\/\"},{\"@type\":\"ListItem\",\"position\":2,\"name\":\"Contact romania\"}]}]}<\/script>\n<!-- \/ Yoast SEO plugin. -->","yoast_head_json":{"title":"Contact romania &ndash; Bigbags.com","robots":{"index":"index","follow":"follow","max-snippet":"max-snippet:-1","max-image-preview":"max-image-preview:large","max-video-preview":"max-video-preview:-1"},"canonical":"https:\/\/bigbags.com\/ro\/contact\/","og_locale":"ro_RO","og_type":"article","og_title":"Contact romania &ndash; Bigbags.com","og_description":"Contacta\u021bi-ne pentru mai multe informa\u021bii V\u0103 rug\u0103m s\u0103 completa\u021bi formularul de contact pentru consiliere sau pentru a solicita o cota\u021bie. Exper\u021bii no\u0219tri \u00een saci big bag vor r\u0103spunde \u00een cel mai scurt timp solicit\u0103rii dvs.","og_url":"https:\/\/bigbags.com\/ro\/contact\/","og_site_name":"Bigbags.com","article_modified_time":"2018-12-17T13:53:16+00:00","twitter_card":"summary","twitter_image":"https:\/\/bigbags.com\/wp-content\/uploads\/2016\/12\/contact-1.svg","schema":{"@context":"https:\/\/schema.org","@graph":[{"@type":"WebSite","@id":"https:\/\/bigbags.com\/#website","url":"https:\/\/bigbags.com\/","name":"Bigbags.com","description":"En nog een WordPress site","potentialAction":[{"@type":"SearchAction","target":{"@type":"EntryPoint","urlTemplate":"https:\/\/bigbags.com\/?s={search_term_string}"},"query-input":"required name=search_term_string"}],"inLanguage":"ro-RO"},{"@type":"ImageObject","@id":"https:\/\/bigbags.com\/ro\/contact\/#primaryimage","inLanguage":"ro-RO","url":"https:\/\/bigbags.com\/wp-content\/uploads\/2016\/12\/contact-1.svg","contentUrl":"https:\/\/bigbags.com\/wp-content\/uploads\/2016\/12\/contact-1.svg"},{"@type":"WebPage","@id":"https:\/\/bigbags.com\/ro\/contact\/#webpage","url":"https:\/\/bigbags.com\/ro\/contact\/","name":"Contact romania &ndash; Bigbags.com","isPartOf":{"@id":"https:\/\/bigbags.com\/#website"},"primaryImageOfPage":{"@id":"https:\/\/bigbags.com\/ro\/contact\/#primaryimage"},"datePublished":"2017-01-11T15:51:28+00:00","dateModified":"2018-12-17T13:53:16+00:00","breadcrumb":{"@id":"https:\/\/bigbags.com\/ro\/contact\/#breadcrumb"},"inLanguage":"ro-RO","potentialAction":[{"@type":"ReadAction","target":["https:\/\/bigbags.com\/ro\/contact\/"]}]},{"@type":"BreadcrumbList","@id":"https:\/\/bigbags.com\/ro\/contact\/#breadcrumb","itemListElement":[{"@type":"ListItem","position":1,"name":"Home","item":"https:\/\/bigbags.com\/ro\/"},{"@type":"ListItem","position":2,"name":"Contact romania"}]}]}},"_links":{"self":[{"href":"https:\/\/bigbags.com\/ro\/wp-json\/wp\/v2\/pages\/1473"}],"collection":[{"href":"https:\/\/bigbags.com\/ro\/wp-json\/wp\/v2\/pages"}],"about":[{"href":"https:\/\/bigbags.com\/ro\/wp-json\/wp\/v2\/types\/page"}],"author":[{"embeddable":true,"href":"https:\/\/bigbags.com\/ro\/wp-json\/wp\/v2\/users\/1"}],"replies":[{"embeddable":true,"href":"https:\/\/bigbags.com\/ro\/wp-json\/wp\/v2\/comments?post=1473"}],"version-history":[{"count":6,"href":"https:\/\/bigbags.com\/ro\/wp-json\/wp\/v2\/pages\/1473\/revisions"}],"predecessor-version":[{"id":2446,"href":"https:\/\/bigbags.com\/ro\/wp-json\/wp\/v2\/pages\/1473\/revisions\/2446"}],"wp:featuredmedia":[{"embeddable":true,"href":"https:\/\/bigbags.com\/ro\/wp-json\/wp\/v2\/media\/583"}],"wp:attachment":[{"href":"https:\/\/bigbags.com\/ro\/wp-json\/wp\/v2\/media?parent=1473"}],"curies":[{"name":"wp","href":"https:\/\/api.w.org\/{rel}","templated":true}]}}