{"id":2028,"date":"2017-03-13T10:16:39","date_gmt":"2017-03-13T09:16:39","guid":{"rendered":"http:\/\/bigbags.com\/?page_id=2028\/"},"modified":"2017-03-16T16:10:47","modified_gmt":"2017-03-16T15:10:47","slug":"tipy-nasich-odbornikov-pre-pracu-s-velkymi-vakmi","status":"publish","type":"page","link":"https:\/\/bigbags.com\/sk\/preco-nase-velke-vaky\/tipy-nasich-odbornikov-pre-pracu-s-velkymi-vakmi\/","title":{"rendered":"Tipy na\u0161ich odborn\u00edkov pre pr\u00e1cu s\u00a0ve\u013ek\u00fdmi vakmi"},"content":{"rendered":"<h2>Tipy od na\u0161ich odborn\u00edkov na ve\u013ek\u00e9 vaky<\/h2>\n<p class=\"lead\">Popularita ve\u013ek\u00fdch vakov (vaky na sypk\u00fd materi\u00e1l, FIBC, obrovsk\u00e9 vaky) neust\u00e1le rastie.<\/p>\n<p>V\u010faka ich obrovskej v\u0161estrannosti, ktor\u00e1 nie je prekvapen\u00edm, mo\u017eno FIBC vaky pou\u017e\u00edva\u0165 mnoh\u00fdmi r\u00f4znymi sp\u00f4sobmi a tieto vaky dok\u00e1\u017eu unies\u0165 tis\u00edcn\u00e1sobok svojej vlastnej hmotnosti, \u010do je pribli\u017ene 2 500 kg na ka\u017ed\u00fd FIBC vak. V spolo\u010dnosti LC Packaging ch\u00e1peme ako nikto in\u00fd, ak\u00e9 je d\u00f4le\u017eit\u00e9, aby na\u0161i z\u00e1kazn\u00edci pou\u017e\u00edvali svoje FIBC vaky spr\u00e1vne s cie\u013eom zabezpe\u010di\u0165 bezpe\u010dn\u00fa prepravu, nakladanie a vykladanie. Na dosiahnutie maxim\u00e1lnej v\u00fdhody na\u0161ich ve\u013ek\u00fdch vakov na\u0161i odborn\u00edci sp\u00edsali tieto tipy:<\/p>\n<p><a class=\"btn btnfilled\" href=\"http:\/\/bigbags.com\/sk\/kontaktne\/\"> Kontaktova\u0165 na\u0161ich odborn\u00edkov<\/a><\/p>\n","protected":false},"excerpt":{"rendered":"<p>Tipy od na\u0161ich odborn\u00edkov na ve\u013ek\u00e9 vaky V\u010faka ich obrovskej v\u0161estrannosti, ktor\u00e1 nie je prekvapen\u00edm, mo\u017eno FIBC vaky pou\u017e\u00edva\u0165 mnoh\u00fdmi r\u00f4znymi sp\u00f4sobmi a tieto vaky dok\u00e1\u017eu unies\u0165 tis\u00edcn\u00e1sobok svojej vlastnej hmotnosti, \u010do je pribli\u017ene 2 500 kg na ka\u017ed\u00fd FIBC vak. V spolo\u010dnosti LC Packaging ch\u00e1peme ako nikto in\u00fd, ak\u00e9 je d\u00f4le\u017eit\u00e9, aby na\u0161i z\u00e1kazn\u00edci [&hellip;]<\/p>\n","protected":false},"author":1,"featured_media":0,"parent":2054,"menu_order":0,"comment_status":"closed","ping_status":"closed","template":"page-tips.php","meta":{"inline_featured_image":false},"yoast_head":"<!-- This site is optimized with the Yoast SEO plugin v18.6 - https:\/\/yoast.com\/wordpress\/plugins\/seo\/ -->\n<title>Tipy na\u0161ich odborn\u00edkov pre pr\u00e1cu s\u00a0ve\u013ek\u00fdmi vakmi &ndash; Bigbags.com<\/title>\n<meta name=\"robots\" content=\"index, follow, max-snippet:-1, max-image-preview:large, max-video-preview:-1\" \/>\n<link rel=\"canonical\" href=\"https:\/\/bigbags.com\/sk\/preco-nase-velke-vaky\/tipy-nasich-odbornikov-pre-pracu-s-velkymi-vakmi\/\" \/>\n<meta property=\"og:locale\" content=\"sk_SK\" \/>\n<meta property=\"og:type\" content=\"article\" \/>\n<meta property=\"og:title\" content=\"Tipy na\u0161ich odborn\u00edkov pre pr\u00e1cu s\u00a0ve\u013ek\u00fdmi vakmi &ndash; Bigbags.com\" \/>\n<meta property=\"og:description\" content=\"Tipy od na\u0161ich odborn\u00edkov na ve\u013ek\u00e9 vaky V\u010faka ich obrovskej v\u0161estrannosti, ktor\u00e1 nie je prekvapen\u00edm, mo\u017eno FIBC vaky pou\u017e\u00edva\u0165 mnoh\u00fdmi r\u00f4znymi sp\u00f4sobmi a tieto vaky dok\u00e1\u017eu unies\u0165 tis\u00edcn\u00e1sobok svojej vlastnej hmotnosti, \u010do je pribli\u017ene 2 500 kg na ka\u017ed\u00fd FIBC vak. V spolo\u010dnosti LC Packaging ch\u00e1peme ako nikto in\u00fd, ak\u00e9 je d\u00f4le\u017eit\u00e9, aby na\u0161i z\u00e1kazn\u00edci [&hellip;]\" \/>\n<meta property=\"og:url\" content=\"https:\/\/bigbags.com\/sk\/preco-nase-velke-vaky\/tipy-nasich-odbornikov-pre-pracu-s-velkymi-vakmi\/\" \/>\n<meta property=\"og:site_name\" content=\"Bigbags.com\" \/>\n<meta property=\"article:modified_time\" content=\"2017-03-16T15:10:47+00:00\" \/>\n<meta name=\"twitter:card\" content=\"summary\" \/>\n<meta name=\"twitter:label1\" content=\"Predpokladan\u00fd \u010das \u010d\u00edtania\" \/>\n\t<meta name=\"twitter:data1\" content=\"1 min\u00fata\" \/>\n<script type=\"application\/ld+json\" class=\"yoast-schema-graph\">{\"@context\":\"https:\/\/schema.org\",\"@graph\":[{\"@type\":\"WebSite\",\"@id\":\"https:\/\/bigbags.com\/#website\",\"url\":\"https:\/\/bigbags.com\/\",\"name\":\"Bigbags.com\",\"description\":\"En nog een WordPress site\",\"potentialAction\":[{\"@type\":\"SearchAction\",\"target\":{\"@type\":\"EntryPoint\",\"urlTemplate\":\"https:\/\/bigbags.com\/?s={search_term_string}\"},\"query-input\":\"required name=search_term_string\"}],\"inLanguage\":\"sk-SK\"},{\"@type\":\"WebPage\",\"@id\":\"https:\/\/bigbags.com\/sk\/preco-nase-velke-vaky\/tipy-nasich-odbornikov-pre-pracu-s-velkymi-vakmi\/#webpage\",\"url\":\"https:\/\/bigbags.com\/sk\/preco-nase-velke-vaky\/tipy-nasich-odbornikov-pre-pracu-s-velkymi-vakmi\/\",\"name\":\"Tipy na\u0161ich odborn\u00edkov pre pr\u00e1cu s\u00a0ve\u013ek\u00fdmi vakmi &ndash; Bigbags.com\",\"isPartOf\":{\"@id\":\"https:\/\/bigbags.com\/#website\"},\"datePublished\":\"2017-03-13T09:16:39+00:00\",\"dateModified\":\"2017-03-16T15:10:47+00:00\",\"breadcrumb\":{\"@id\":\"https:\/\/bigbags.com\/sk\/preco-nase-velke-vaky\/tipy-nasich-odbornikov-pre-pracu-s-velkymi-vakmi\/#breadcrumb\"},\"inLanguage\":\"sk-SK\",\"potentialAction\":[{\"@type\":\"ReadAction\",\"target\":[\"https:\/\/bigbags.com\/sk\/preco-nase-velke-vaky\/tipy-nasich-odbornikov-pre-pracu-s-velkymi-vakmi\/\"]}]},{\"@type\":\"BreadcrumbList\",\"@id\":\"https:\/\/bigbags.com\/sk\/preco-nase-velke-vaky\/tipy-nasich-odbornikov-pre-pracu-s-velkymi-vakmi\/#breadcrumb\",\"itemListElement\":[{\"@type\":\"ListItem\",\"position\":1,\"name\":\"Home\",\"item\":\"https:\/\/bigbags.com\/sk\/\"},{\"@type\":\"ListItem\",\"position\":2,\"name\":\"Pre\u010do na\u0161e ve\u013ek\u00e9 vaky\",\"item\":\"https:\/\/bigbags.com\/sk\/preco-nase-velke-vaky\/\"},{\"@type\":\"ListItem\",\"position\":3,\"name\":\"Tipy na\u0161ich odborn\u00edkov pre pr\u00e1cu s\u00a0ve\u013ek\u00fdmi vakmi\"}]}]}<\/script>\n<!-- \/ Yoast SEO plugin. -->","yoast_head_json":{"title":"Tipy na\u0161ich odborn\u00edkov pre pr\u00e1cu s\u00a0ve\u013ek\u00fdmi vakmi &ndash; Bigbags.com","robots":{"index":"index","follow":"follow","max-snippet":"max-snippet:-1","max-image-preview":"max-image-preview:large","max-video-preview":"max-video-preview:-1"},"canonical":"https:\/\/bigbags.com\/sk\/preco-nase-velke-vaky\/tipy-nasich-odbornikov-pre-pracu-s-velkymi-vakmi\/","og_locale":"sk_SK","og_type":"article","og_title":"Tipy na\u0161ich odborn\u00edkov pre pr\u00e1cu s\u00a0ve\u013ek\u00fdmi vakmi &ndash; Bigbags.com","og_description":"Tipy od na\u0161ich odborn\u00edkov na ve\u013ek\u00e9 vaky V\u010faka ich obrovskej v\u0161estrannosti, ktor\u00e1 nie je prekvapen\u00edm, mo\u017eno FIBC vaky pou\u017e\u00edva\u0165 mnoh\u00fdmi r\u00f4znymi sp\u00f4sobmi a tieto vaky dok\u00e1\u017eu unies\u0165 tis\u00edcn\u00e1sobok svojej vlastnej hmotnosti, \u010do je pribli\u017ene 2 500 kg na ka\u017ed\u00fd FIBC vak. V spolo\u010dnosti LC Packaging ch\u00e1peme ako nikto in\u00fd, ak\u00e9 je d\u00f4le\u017eit\u00e9, aby na\u0161i z\u00e1kazn\u00edci [&hellip;]","og_url":"https:\/\/bigbags.com\/sk\/preco-nase-velke-vaky\/tipy-nasich-odbornikov-pre-pracu-s-velkymi-vakmi\/","og_site_name":"Bigbags.com","article_modified_time":"2017-03-16T15:10:47+00:00","twitter_card":"summary","twitter_misc":{"Predpokladan\u00fd \u010das \u010d\u00edtania":"1 min\u00fata"},"schema":{"@context":"https:\/\/schema.org","@graph":[{"@type":"WebSite","@id":"https:\/\/bigbags.com\/#website","url":"https:\/\/bigbags.com\/","name":"Bigbags.com","description":"En nog een WordPress site","potentialAction":[{"@type":"SearchAction","target":{"@type":"EntryPoint","urlTemplate":"https:\/\/bigbags.com\/?s={search_term_string}"},"query-input":"required name=search_term_string"}],"inLanguage":"sk-SK"},{"@type":"WebPage","@id":"https:\/\/bigbags.com\/sk\/preco-nase-velke-vaky\/tipy-nasich-odbornikov-pre-pracu-s-velkymi-vakmi\/#webpage","url":"https:\/\/bigbags.com\/sk\/preco-nase-velke-vaky\/tipy-nasich-odbornikov-pre-pracu-s-velkymi-vakmi\/","name":"Tipy na\u0161ich odborn\u00edkov pre pr\u00e1cu s\u00a0ve\u013ek\u00fdmi vakmi &ndash; Bigbags.com","isPartOf":{"@id":"https:\/\/bigbags.com\/#website"},"datePublished":"2017-03-13T09:16:39+00:00","dateModified":"2017-03-16T15:10:47+00:00","breadcrumb":{"@id":"https:\/\/bigbags.com\/sk\/preco-nase-velke-vaky\/tipy-nasich-odbornikov-pre-pracu-s-velkymi-vakmi\/#breadcrumb"},"inLanguage":"sk-SK","potentialAction":[{"@type":"ReadAction","target":["https:\/\/bigbags.com\/sk\/preco-nase-velke-vaky\/tipy-nasich-odbornikov-pre-pracu-s-velkymi-vakmi\/"]}]},{"@type":"BreadcrumbList","@id":"https:\/\/bigbags.com\/sk\/preco-nase-velke-vaky\/tipy-nasich-odbornikov-pre-pracu-s-velkymi-vakmi\/#breadcrumb","itemListElement":[{"@type":"ListItem","position":1,"name":"Home","item":"https:\/\/bigbags.com\/sk\/"},{"@type":"ListItem","position":2,"name":"Pre\u010do na\u0161e ve\u013ek\u00e9 vaky","item":"https:\/\/bigbags.com\/sk\/preco-nase-velke-vaky\/"},{"@type":"ListItem","position":3,"name":"Tipy na\u0161ich odborn\u00edkov pre pr\u00e1cu s\u00a0ve\u013ek\u00fdmi vakmi"}]}]}},"_links":{"self":[{"href":"https:\/\/bigbags.com\/sk\/wp-json\/wp\/v2\/pages\/2028"}],"collection":[{"href":"https:\/\/bigbags.com\/sk\/wp-json\/wp\/v2\/pages"}],"about":[{"href":"https:\/\/bigbags.com\/sk\/wp-json\/wp\/v2\/types\/page"}],"author":[{"embeddable":true,"href":"https:\/\/bigbags.com\/sk\/wp-json\/wp\/v2\/users\/1"}],"replies":[{"embeddable":true,"href":"https:\/\/bigbags.com\/sk\/wp-json\/wp\/v2\/comments?post=2028"}],"version-history":[{"count":3,"href":"https:\/\/bigbags.com\/sk\/wp-json\/wp\/v2\/pages\/2028\/revisions"}],"predecessor-version":[{"id":2313,"href":"https:\/\/bigbags.com\/sk\/wp-json\/wp\/v2\/pages\/2028\/revisions\/2313"}],"up":[{"embeddable":true,"href":"https:\/\/bigbags.com\/sk\/wp-json\/wp\/v2\/pages\/2054"}],"wp:attachment":[{"href":"https:\/\/bigbags.com\/sk\/wp-json\/wp\/v2\/media?parent=2028"}],"curies":[{"name":"wp","href":"https:\/\/api.w.org\/{rel}","templated":true}]}}