{"id":2039,"date":"2017-03-14T14:09:46","date_gmt":"2017-03-14T13:09:46","guid":{"rendered":"http:\/\/bigbags.com\/?page_id=2039\/"},"modified":"2018-12-17T14:54:13","modified_gmt":"2018-12-17T13:54:13","slug":"kontaktne","status":"publish","type":"page","link":"https:\/\/bigbags.com\/sk\/kontaktne\/","title":{"rendered":"Kontaktn\u00e9"},"content":{"rendered":"<h2>Ak chcete z\u00edska\u0165 viac inform\u00e1ci\u00ed, kontaktujte n\u00e1s<\/h2>\n<p class=\"lead\">V\u010faka na\u0161ej preuk\u00e1zanej hist\u00f3rii m\u00f4\u017eeme ubezpe\u010di\u0165 v\u0161etk\u00fdch z\u00e1kazn\u00edkov, \u017ee m\u00f4\u017eeme navrhn\u00fa\u0165, vyrobi\u0165 a doda\u0165 ak\u00e9ko\u013evek ve\u013ek\u00e9 vaky, ktor\u00e9 potrebujete na r\u00f4zne \u00fa\u010dely.<\/p>\n<p>Vypl\u0148te kontaktn\u00fd formul\u00e1r a po\u017eiadajte o cenov\u00fa ponuku alebo po\u017eiadajte o radu. Na\u0161i odborn\u00edci na ve\u013ek\u00e9 vaky odpovedia na na\u0161u \u017eiados\u0165 \u010do najsk\u00f4r.<\/p>\n<p><iframe loading=\"lazy\" src=\"http:\/\/analytics-eu.clickdimensions.com\/lcpackagingnl-aodhd\/pages\/tovrzv1heeipgwanorjdg.html\" allowtransparency=\"true\" width=\"100%\" height=\"500px\" type=\"text\/html\" frameborder=\"0\" style=\"border:0\"><\/iframe><\/p>\n","protected":false},"excerpt":{"rendered":"<p>Ak chcete z\u00edska\u0165 viac inform\u00e1ci\u00ed, kontaktujte n\u00e1s Vypl\u0148te kontaktn\u00fd formul\u00e1r a po\u017eiadajte o cenov\u00fa ponuku alebo po\u017eiadajte o radu. Na\u0161i odborn\u00edci na ve\u013ek\u00e9 vaky odpovedia na na\u0161u \u017eiados\u0165 \u010do najsk\u00f4r.<\/p>\n","protected":false},"author":1,"featured_media":583,"parent":0,"menu_order":0,"comment_status":"closed","ping_status":"closed","template":"","meta":{"inline_featured_image":false},"yoast_head":"<!-- This site is optimized with the Yoast SEO plugin v18.6 - https:\/\/yoast.com\/wordpress\/plugins\/seo\/ -->\n<title>Kontaktn\u00e9 &ndash; Bigbags.com<\/title>\n<meta name=\"robots\" content=\"index, follow, max-snippet:-1, max-image-preview:large, max-video-preview:-1\" \/>\n<link rel=\"canonical\" href=\"https:\/\/bigbags.com\/sk\/kontaktne\/\" \/>\n<meta property=\"og:locale\" content=\"sk_SK\" \/>\n<meta property=\"og:type\" content=\"article\" \/>\n<meta property=\"og:title\" content=\"Kontaktn\u00e9 &ndash; Bigbags.com\" \/>\n<meta property=\"og:description\" content=\"Ak chcete z\u00edska\u0165 viac inform\u00e1ci\u00ed, kontaktujte n\u00e1s Vypl\u0148te kontaktn\u00fd formul\u00e1r a po\u017eiadajte o cenov\u00fa ponuku alebo po\u017eiadajte o radu. Na\u0161i odborn\u00edci na ve\u013ek\u00e9 vaky odpovedia na na\u0161u \u017eiados\u0165 \u010do najsk\u00f4r.\" \/>\n<meta property=\"og:url\" content=\"https:\/\/bigbags.com\/sk\/kontaktne\/\" \/>\n<meta property=\"og:site_name\" content=\"Bigbags.com\" \/>\n<meta property=\"article:modified_time\" content=\"2018-12-17T13:54:13+00:00\" \/>\n<meta name=\"twitter:card\" content=\"summary\" \/>\n<meta name=\"twitter:image\" content=\"https:\/\/bigbags.com\/wp-content\/uploads\/2016\/12\/contact-1.svg\" \/>\n<script type=\"application\/ld+json\" class=\"yoast-schema-graph\">{\"@context\":\"https:\/\/schema.org\",\"@graph\":[{\"@type\":\"WebSite\",\"@id\":\"https:\/\/bigbags.com\/#website\",\"url\":\"https:\/\/bigbags.com\/\",\"name\":\"Bigbags.com\",\"description\":\"En nog een WordPress site\",\"potentialAction\":[{\"@type\":\"SearchAction\",\"target\":{\"@type\":\"EntryPoint\",\"urlTemplate\":\"https:\/\/bigbags.com\/?s={search_term_string}\"},\"query-input\":\"required name=search_term_string\"}],\"inLanguage\":\"sk-SK\"},{\"@type\":\"ImageObject\",\"@id\":\"https:\/\/bigbags.com\/sk\/kontaktne\/#primaryimage\",\"inLanguage\":\"sk-SK\",\"url\":\"https:\/\/bigbags.com\/wp-content\/uploads\/2016\/12\/contact-1.svg\",\"contentUrl\":\"https:\/\/bigbags.com\/wp-content\/uploads\/2016\/12\/contact-1.svg\"},{\"@type\":\"WebPage\",\"@id\":\"https:\/\/bigbags.com\/sk\/kontaktne\/#webpage\",\"url\":\"https:\/\/bigbags.com\/sk\/kontaktne\/\",\"name\":\"Kontaktn\u00e9 &ndash; Bigbags.com\",\"isPartOf\":{\"@id\":\"https:\/\/bigbags.com\/#website\"},\"primaryImageOfPage\":{\"@id\":\"https:\/\/bigbags.com\/sk\/kontaktne\/#primaryimage\"},\"datePublished\":\"2017-03-14T13:09:46+00:00\",\"dateModified\":\"2018-12-17T13:54:13+00:00\",\"breadcrumb\":{\"@id\":\"https:\/\/bigbags.com\/sk\/kontaktne\/#breadcrumb\"},\"inLanguage\":\"sk-SK\",\"potentialAction\":[{\"@type\":\"ReadAction\",\"target\":[\"https:\/\/bigbags.com\/sk\/kontaktne\/\"]}]},{\"@type\":\"BreadcrumbList\",\"@id\":\"https:\/\/bigbags.com\/sk\/kontaktne\/#breadcrumb\",\"itemListElement\":[{\"@type\":\"ListItem\",\"position\":1,\"name\":\"Home\",\"item\":\"https:\/\/bigbags.com\/sk\/\"},{\"@type\":\"ListItem\",\"position\":2,\"name\":\"Kontaktn\u00e9\"}]}]}<\/script>\n<!-- \/ Yoast SEO plugin. -->","yoast_head_json":{"title":"Kontaktn\u00e9 &ndash; Bigbags.com","robots":{"index":"index","follow":"follow","max-snippet":"max-snippet:-1","max-image-preview":"max-image-preview:large","max-video-preview":"max-video-preview:-1"},"canonical":"https:\/\/bigbags.com\/sk\/kontaktne\/","og_locale":"sk_SK","og_type":"article","og_title":"Kontaktn\u00e9 &ndash; Bigbags.com","og_description":"Ak chcete z\u00edska\u0165 viac inform\u00e1ci\u00ed, kontaktujte n\u00e1s Vypl\u0148te kontaktn\u00fd formul\u00e1r a po\u017eiadajte o cenov\u00fa ponuku alebo po\u017eiadajte o radu. Na\u0161i odborn\u00edci na ve\u013ek\u00e9 vaky odpovedia na na\u0161u \u017eiados\u0165 \u010do najsk\u00f4r.","og_url":"https:\/\/bigbags.com\/sk\/kontaktne\/","og_site_name":"Bigbags.com","article_modified_time":"2018-12-17T13:54:13+00:00","twitter_card":"summary","twitter_image":"https:\/\/bigbags.com\/wp-content\/uploads\/2016\/12\/contact-1.svg","schema":{"@context":"https:\/\/schema.org","@graph":[{"@type":"WebSite","@id":"https:\/\/bigbags.com\/#website","url":"https:\/\/bigbags.com\/","name":"Bigbags.com","description":"En nog een WordPress site","potentialAction":[{"@type":"SearchAction","target":{"@type":"EntryPoint","urlTemplate":"https:\/\/bigbags.com\/?s={search_term_string}"},"query-input":"required name=search_term_string"}],"inLanguage":"sk-SK"},{"@type":"ImageObject","@id":"https:\/\/bigbags.com\/sk\/kontaktne\/#primaryimage","inLanguage":"sk-SK","url":"https:\/\/bigbags.com\/wp-content\/uploads\/2016\/12\/contact-1.svg","contentUrl":"https:\/\/bigbags.com\/wp-content\/uploads\/2016\/12\/contact-1.svg"},{"@type":"WebPage","@id":"https:\/\/bigbags.com\/sk\/kontaktne\/#webpage","url":"https:\/\/bigbags.com\/sk\/kontaktne\/","name":"Kontaktn\u00e9 &ndash; Bigbags.com","isPartOf":{"@id":"https:\/\/bigbags.com\/#website"},"primaryImageOfPage":{"@id":"https:\/\/bigbags.com\/sk\/kontaktne\/#primaryimage"},"datePublished":"2017-03-14T13:09:46+00:00","dateModified":"2018-12-17T13:54:13+00:00","breadcrumb":{"@id":"https:\/\/bigbags.com\/sk\/kontaktne\/#breadcrumb"},"inLanguage":"sk-SK","potentialAction":[{"@type":"ReadAction","target":["https:\/\/bigbags.com\/sk\/kontaktne\/"]}]},{"@type":"BreadcrumbList","@id":"https:\/\/bigbags.com\/sk\/kontaktne\/#breadcrumb","itemListElement":[{"@type":"ListItem","position":1,"name":"Home","item":"https:\/\/bigbags.com\/sk\/"},{"@type":"ListItem","position":2,"name":"Kontaktn\u00e9"}]}]}},"_links":{"self":[{"href":"https:\/\/bigbags.com\/sk\/wp-json\/wp\/v2\/pages\/2039"}],"collection":[{"href":"https:\/\/bigbags.com\/sk\/wp-json\/wp\/v2\/pages"}],"about":[{"href":"https:\/\/bigbags.com\/sk\/wp-json\/wp\/v2\/types\/page"}],"author":[{"embeddable":true,"href":"https:\/\/bigbags.com\/sk\/wp-json\/wp\/v2\/users\/1"}],"replies":[{"embeddable":true,"href":"https:\/\/bigbags.com\/sk\/wp-json\/wp\/v2\/comments?post=2039"}],"version-history":[{"count":5,"href":"https:\/\/bigbags.com\/sk\/wp-json\/wp\/v2\/pages\/2039\/revisions"}],"predecessor-version":[{"id":2621,"href":"https:\/\/bigbags.com\/sk\/wp-json\/wp\/v2\/pages\/2039\/revisions\/2621"}],"wp:featuredmedia":[{"embeddable":true,"href":"https:\/\/bigbags.com\/sk\/wp-json\/wp\/v2\/media\/583"}],"wp:attachment":[{"href":"https:\/\/bigbags.com\/sk\/wp-json\/wp\/v2\/media?parent=2039"}],"curies":[{"name":"wp","href":"https:\/\/api.w.org\/{rel}","templated":true}]}}