{"id":2048,"date":"2017-03-14T11:57:22","date_gmt":"2017-03-14T10:57:22","guid":{"rendered":"http:\/\/bigbags.com\/?page_id=2048\/"},"modified":"2017-03-16T15:55:52","modified_gmt":"2017-03-16T14:55:52","slug":"dodrziavanie-kvality","status":"publish","type":"page","link":"https:\/\/bigbags.com\/sk\/dodrziavanie-kvality\/","title":{"rendered":"Dodr\u017eiavanie kvality"},"content":{"rendered":"<h1>Dodr\u017eiavanie kvality<\/h1>\n<p class=\"lead\">V spolo\u010dnosti LC Packaging je kvalita na\u0161\u00edm najlep\u0161\u00edm obchodn\u00fdm modelom. Kvalita je omnoho viac ne\u017e sila n\u00e1\u0161ho balenia: Je to kompletn\u00e9 balenie.<\/p>\n<p>Je to v\u00a0materi\u00e1loch, ktor\u00e9 pou\u017e\u00edvame, kvalite dopravy a\u00a0skladovania a\u00a0kvalite slu\u017eieb, ktor\u00e9 poskytujeme, no tie\u017e v\u00a0pracovn\u00fdch podmienkach, v\u00a0ktor\u00fdch sa na\u0161e balenia vyr\u00e1baj\u00fa, a\u00a0v\u00a0zni\u017eovan\u00ed n\u00e1\u0161ho vplyvu na \u017eivotn\u00e9 prostredie. Na\u0161e \u0161pecializovan\u00e9 oddelenie kvality zabezpe\u010duje, aby sme pr\u00edsne dodr\u017eiavali v\u0161etky aspekty kvality. \u010co sa t\u00fdka kvality, na\u0161im z\u00e1kazn\u00edkom pon\u00fakame:<\/p>\n<ul>\n<li>Dokonal\u00fa kvalitu v\u010faka \u0161pecializovan\u00e9mu oddeleniu kvality,<\/li>\n<li>Dodr\u017eiavanie v\u0161etk\u00fdch po\u017eadovan\u00fdch noriem,<\/li>\n<li>Roz\u0161\u00edren\u00e9 a\u00a0zlep\u0161en\u00e9 normy kvality v celom re\u0165azci,<\/li>\n<li>Poradenstvo oh\u013eadom kvality, ktor\u00e9 spln\u00ed v\u00e1\u0161 program kvality.<\/li>\n<\/ul>\n<p>Spolo\u010dnos\u0165 LC Packaging m\u00e1 v\u0161etky po\u017eadovan\u00e9 certifik\u00e1ty, aby sme dok\u00e1zali doda\u0165 tie spr\u00e1vne ve\u013ek\u00e9 vaky pre ka\u017ed\u00e9 odvetvie. Okrem toho na\u0161a organiz\u00e1cia aj balenie sp\u013a\u0148aj\u00fa v\u0161etky nariadenia a\u00a0po\u017eiadavky na bezpe\u010dnos\u0165 v r\u00e1mci eur\u00f3pskych noriem.<\/p>\n<p>\u010eal\u0161ie inform\u00e1cie o\u00a0na\u0161ich <a href=\"http:\/\/sk.lcpackaging.com\/konzistentnost-kvality\">po\u017eiadavk\u00e1ch t\u00fdkaj\u00facich sa bezpe\u010dnosti a\u00a0certifik\u00e1toch<\/a> n\u00e1jdete na na\u0161ej webovej str\u00e1nke.<\/p>\n<p>&nbsp;<\/p>\n","protected":false},"excerpt":{"rendered":"<p>Dodr\u017eiavanie kvality Je to v\u00a0materi\u00e1loch, ktor\u00e9 pou\u017e\u00edvame, kvalite dopravy a\u00a0skladovania a\u00a0kvalite slu\u017eieb, ktor\u00e9 poskytujeme, no tie\u017e v\u00a0pracovn\u00fdch podmienkach, v\u00a0ktor\u00fdch sa na\u0161e balenia vyr\u00e1baj\u00fa, a\u00a0v\u00a0zni\u017eovan\u00ed n\u00e1\u0161ho vplyvu na \u017eivotn\u00e9 prostredie. Na\u0161e \u0161pecializovan\u00e9 oddelenie kvality zabezpe\u010duje, aby sme pr\u00edsne dodr\u017eiavali v\u0161etky aspekty kvality. \u010co sa t\u00fdka kvality, na\u0161im z\u00e1kazn\u00edkom pon\u00fakame: Dokonal\u00fa kvalitu v\u010faka \u0161pecializovan\u00e9mu oddeleniu kvality, Dodr\u017eiavanie [&hellip;]<\/p>\n","protected":false},"author":1,"featured_media":0,"parent":0,"menu_order":0,"comment_status":"closed","ping_status":"closed","template":"","meta":{"inline_featured_image":false},"yoast_head":"<!-- This site is optimized with the Yoast SEO plugin v18.6 - https:\/\/yoast.com\/wordpress\/plugins\/seo\/ -->\n<title>Dodr\u017eiavanie kvality &ndash; Bigbags.com<\/title>\n<meta name=\"robots\" content=\"index, follow, max-snippet:-1, max-image-preview:large, max-video-preview:-1\" \/>\n<link rel=\"canonical\" href=\"https:\/\/bigbags.com\/sk\/dodrziavanie-kvality\/\" \/>\n<meta property=\"og:locale\" content=\"sk_SK\" \/>\n<meta property=\"og:type\" content=\"article\" \/>\n<meta property=\"og:title\" content=\"Dodr\u017eiavanie kvality &ndash; Bigbags.com\" \/>\n<meta property=\"og:description\" content=\"Dodr\u017eiavanie kvality Je to v\u00a0materi\u00e1loch, ktor\u00e9 pou\u017e\u00edvame, kvalite dopravy a\u00a0skladovania a\u00a0kvalite slu\u017eieb, ktor\u00e9 poskytujeme, no tie\u017e v\u00a0pracovn\u00fdch podmienkach, v\u00a0ktor\u00fdch sa na\u0161e balenia vyr\u00e1baj\u00fa, a\u00a0v\u00a0zni\u017eovan\u00ed n\u00e1\u0161ho vplyvu na \u017eivotn\u00e9 prostredie. Na\u0161e \u0161pecializovan\u00e9 oddelenie kvality zabezpe\u010duje, aby sme pr\u00edsne dodr\u017eiavali v\u0161etky aspekty kvality. \u010co sa t\u00fdka kvality, na\u0161im z\u00e1kazn\u00edkom pon\u00fakame: Dokonal\u00fa kvalitu v\u010faka \u0161pecializovan\u00e9mu oddeleniu kvality, Dodr\u017eiavanie [&hellip;]\" \/>\n<meta property=\"og:url\" content=\"https:\/\/bigbags.com\/sk\/dodrziavanie-kvality\/\" \/>\n<meta property=\"og:site_name\" content=\"Bigbags.com\" \/>\n<meta property=\"article:modified_time\" content=\"2017-03-16T14:55:52+00:00\" \/>\n<meta name=\"twitter:card\" content=\"summary\" \/>\n<meta name=\"twitter:label1\" content=\"Predpokladan\u00fd \u010das \u010d\u00edtania\" \/>\n\t<meta name=\"twitter:data1\" content=\"1 min\u00fata\" \/>\n<script type=\"application\/ld+json\" class=\"yoast-schema-graph\">{\"@context\":\"https:\/\/schema.org\",\"@graph\":[{\"@type\":\"WebSite\",\"@id\":\"https:\/\/bigbags.com\/#website\",\"url\":\"https:\/\/bigbags.com\/\",\"name\":\"Bigbags.com\",\"description\":\"En nog een WordPress site\",\"potentialAction\":[{\"@type\":\"SearchAction\",\"target\":{\"@type\":\"EntryPoint\",\"urlTemplate\":\"https:\/\/bigbags.com\/?s={search_term_string}\"},\"query-input\":\"required name=search_term_string\"}],\"inLanguage\":\"sk-SK\"},{\"@type\":\"WebPage\",\"@id\":\"https:\/\/bigbags.com\/sk\/dodrziavanie-kvality\/#webpage\",\"url\":\"https:\/\/bigbags.com\/sk\/dodrziavanie-kvality\/\",\"name\":\"Dodr\u017eiavanie kvality &ndash; Bigbags.com\",\"isPartOf\":{\"@id\":\"https:\/\/bigbags.com\/#website\"},\"datePublished\":\"2017-03-14T10:57:22+00:00\",\"dateModified\":\"2017-03-16T14:55:52+00:00\",\"breadcrumb\":{\"@id\":\"https:\/\/bigbags.com\/sk\/dodrziavanie-kvality\/#breadcrumb\"},\"inLanguage\":\"sk-SK\",\"potentialAction\":[{\"@type\":\"ReadAction\",\"target\":[\"https:\/\/bigbags.com\/sk\/dodrziavanie-kvality\/\"]}]},{\"@type\":\"BreadcrumbList\",\"@id\":\"https:\/\/bigbags.com\/sk\/dodrziavanie-kvality\/#breadcrumb\",\"itemListElement\":[{\"@type\":\"ListItem\",\"position\":1,\"name\":\"Home\",\"item\":\"https:\/\/bigbags.com\/sk\/\"},{\"@type\":\"ListItem\",\"position\":2,\"name\":\"Dodr\u017eiavanie kvality\"}]}]}<\/script>\n<!-- \/ Yoast SEO plugin. -->","yoast_head_json":{"title":"Dodr\u017eiavanie kvality &ndash; Bigbags.com","robots":{"index":"index","follow":"follow","max-snippet":"max-snippet:-1","max-image-preview":"max-image-preview:large","max-video-preview":"max-video-preview:-1"},"canonical":"https:\/\/bigbags.com\/sk\/dodrziavanie-kvality\/","og_locale":"sk_SK","og_type":"article","og_title":"Dodr\u017eiavanie kvality &ndash; Bigbags.com","og_description":"Dodr\u017eiavanie kvality Je to v\u00a0materi\u00e1loch, ktor\u00e9 pou\u017e\u00edvame, kvalite dopravy a\u00a0skladovania a\u00a0kvalite slu\u017eieb, ktor\u00e9 poskytujeme, no tie\u017e v\u00a0pracovn\u00fdch podmienkach, v\u00a0ktor\u00fdch sa na\u0161e balenia vyr\u00e1baj\u00fa, a\u00a0v\u00a0zni\u017eovan\u00ed n\u00e1\u0161ho vplyvu na \u017eivotn\u00e9 prostredie. Na\u0161e \u0161pecializovan\u00e9 oddelenie kvality zabezpe\u010duje, aby sme pr\u00edsne dodr\u017eiavali v\u0161etky aspekty kvality. \u010co sa t\u00fdka kvality, na\u0161im z\u00e1kazn\u00edkom pon\u00fakame: Dokonal\u00fa kvalitu v\u010faka \u0161pecializovan\u00e9mu oddeleniu kvality, Dodr\u017eiavanie [&hellip;]","og_url":"https:\/\/bigbags.com\/sk\/dodrziavanie-kvality\/","og_site_name":"Bigbags.com","article_modified_time":"2017-03-16T14:55:52+00:00","twitter_card":"summary","twitter_misc":{"Predpokladan\u00fd \u010das \u010d\u00edtania":"1 min\u00fata"},"schema":{"@context":"https:\/\/schema.org","@graph":[{"@type":"WebSite","@id":"https:\/\/bigbags.com\/#website","url":"https:\/\/bigbags.com\/","name":"Bigbags.com","description":"En nog een WordPress site","potentialAction":[{"@type":"SearchAction","target":{"@type":"EntryPoint","urlTemplate":"https:\/\/bigbags.com\/?s={search_term_string}"},"query-input":"required name=search_term_string"}],"inLanguage":"sk-SK"},{"@type":"WebPage","@id":"https:\/\/bigbags.com\/sk\/dodrziavanie-kvality\/#webpage","url":"https:\/\/bigbags.com\/sk\/dodrziavanie-kvality\/","name":"Dodr\u017eiavanie kvality &ndash; Bigbags.com","isPartOf":{"@id":"https:\/\/bigbags.com\/#website"},"datePublished":"2017-03-14T10:57:22+00:00","dateModified":"2017-03-16T14:55:52+00:00","breadcrumb":{"@id":"https:\/\/bigbags.com\/sk\/dodrziavanie-kvality\/#breadcrumb"},"inLanguage":"sk-SK","potentialAction":[{"@type":"ReadAction","target":["https:\/\/bigbags.com\/sk\/dodrziavanie-kvality\/"]}]},{"@type":"BreadcrumbList","@id":"https:\/\/bigbags.com\/sk\/dodrziavanie-kvality\/#breadcrumb","itemListElement":[{"@type":"ListItem","position":1,"name":"Home","item":"https:\/\/bigbags.com\/sk\/"},{"@type":"ListItem","position":2,"name":"Dodr\u017eiavanie kvality"}]}]}},"_links":{"self":[{"href":"https:\/\/bigbags.com\/sk\/wp-json\/wp\/v2\/pages\/2048"}],"collection":[{"href":"https:\/\/bigbags.com\/sk\/wp-json\/wp\/v2\/pages"}],"about":[{"href":"https:\/\/bigbags.com\/sk\/wp-json\/wp\/v2\/types\/page"}],"author":[{"embeddable":true,"href":"https:\/\/bigbags.com\/sk\/wp-json\/wp\/v2\/users\/1"}],"replies":[{"embeddable":true,"href":"https:\/\/bigbags.com\/sk\/wp-json\/wp\/v2\/comments?post=2048"}],"version-history":[{"count":1,"href":"https:\/\/bigbags.com\/sk\/wp-json\/wp\/v2\/pages\/2048\/revisions"}],"predecessor-version":[{"id":2050,"href":"https:\/\/bigbags.com\/sk\/wp-json\/wp\/v2\/pages\/2048\/revisions\/2050"}],"wp:attachment":[{"href":"https:\/\/bigbags.com\/sk\/wp-json\/wp\/v2\/media?parent=2048"}],"curies":[{"name":"wp","href":"https:\/\/api.w.org\/{rel}","templated":true}]}}