{"id":2051,"date":"2017-03-14T12:02:45","date_gmt":"2017-03-14T11:02:45","guid":{"rendered":"http:\/\/bigbags.com\/?page_id=2051\/"},"modified":"2017-03-16T15:57:36","modified_gmt":"2017-03-16T14:57:36","slug":"trvala-udrzatelnost","status":"publish","type":"page","link":"https:\/\/bigbags.com\/sk\/trvala-udrzatelnost\/","title":{"rendered":"Trval\u00e1 udr\u017eate\u013enos\u0165"},"content":{"rendered":"<h1>Trval\u00e1 udr\u017eate\u013enos\u0165<\/h1>\n<p><p class=\"lead\">\u017diadna spolo\u010dnos\u0165 si nedok\u00e1\u017ee vybudova\u0165 dobr\u00e9 meno na tom, \u010do bude robi\u0165, ale len na tom, \u010do u\u017e dosiahla. \u010coko\u013evek rob\u00edme, sna\u017e\u00edme sa robi\u0165 to spr\u00e1vne.<\/p><br \/>\nNa\u0161ou v\u00edziou je zahrn\u00fa\u0165 v\u0161etky z\u00fa\u010dastnen\u00e9 strany do n\u00e1\u0161ho poslania poskytn\u00fa\u0165 trvalo udr\u017eate\u013en\u00e9 sp\u00f4soby balenia pri s\u00fa\u010dasnom minimalizovan\u00ed vplyvu na \u017eivotn\u00e9 prostredie a\u00a0odpadu z\u00a0cenn\u00fdch produktov a\u00a0obohacova\u0165 komunity, v\u00a0ktor\u00fdch p\u00f4sob\u00edme, aby sme pre bud\u00face gener\u00e1cie zanechali lep\u0161\u00ed svet.<\/p>\n<p>Spolu s\u00a0na\u0161imi partnermi sa sna\u017e\u00edme prispie\u0165 k\u00a0cie\u013eom trvalo udr\u017eate\u013en\u00e9ho rozvoja na celom svete zabezpe\u010den\u00edm:<\/p>\n<ul>\n<li>Trvalo udr\u017eate\u013en\u00e9ho dod\u00e1vate\u013esk\u00e9ho re\u0165azca vr\u00e1tane trvalo udr\u017eate\u013en\u00e9ho vyu\u017eitia zdrojov a\u00a0v\u00fdroby<\/li>\n<li>Blahobytu \u013eud\u00ed a\u00a0komun\u00edt, v\u00a0ktor\u00fdch p\u00f4sob\u00edme<\/li>\n<li>Minimalizovan\u00e9ho vplyvu na \u017eivotn\u00e9 prostredie<\/li>\n<li>Trvalo udr\u017eate\u013en\u00e9ho rie\u0161enia a\u00a0inov\u00e1ci\u00ed v balen\u00ed<\/li>\n<\/ul>\n<p>Vyt\u00e1rame partnerstvo s\u00a0na\u0161imi z\u00e1kazn\u00edkmi s\u00a0oh\u013eadom na spolo\u010dn\u00e9 hodnoty, \u0161tandardy a\u00a0zodpovednosti na zabezpe\u010denie toho, aby bol cel\u00fd re\u0165azec v\u00a0s\u00falade s\u00a0po\u017eiadavkami trhu na trval\u00fa udr\u017eate\u013enos\u0165. Sna\u017e\u00edme sa splni\u0165 alebo prekro\u010di\u0165 o\u010dak\u00e1vania koncov\u00e9ho pou\u017e\u00edvate\u013ea a\u00a0poskytn\u00fa\u0165 konkuren\u010dn\u00fa v\u00fdhodu.<\/p>\n<p>V\u00a0roku 2016 spolo\u010dnos\u0165 LC Packaging zalo\u017eila nad\u00e1ciu <a href=\"http:\/\/www.lcsupportsfoundation.com\/#first\">LC Supports Foundation.<\/a> Cie\u013eom tejto charitat\u00edvnej nad\u00e1cie je prispie\u0165 k\u00a0zlep\u0161eniu blahobytu a\u00a0\u017eivotn\u00e9mu prostrediu v\u00a0krajin\u00e1ch a\u00a0miestnych komunit\u00e1ch, v\u00a0ktor\u00fdch spolo\u010dnos\u0165 LC Packaging p\u00f4sob\u00ed.<\/p>\n<p>Certifik\u00e1cie LC Packaging zah\u0155\u0148aj\u00fa certifik\u00e1ty SA 8000, EcoVadis, ISO 14001 a\u00a0OHSAS 18001 a\u00a0sme hrd\u00ed na na\u0161e \u010dlenstvo v\u00a0 OSN Global Compact. \u010eal\u0161ie inform\u00e1cie o\u00a0<a href=\"http:\/\/sk.lcpackaging.com\/trvala-udrzatelnost\">trvalej udr\u017eate\u013enosti <\/a>n\u00e1jdete na na\u0161ej webovej str\u00e1nke.<\/p>\n<hr \/>\n<h2><\/h2>\n<h2>Video spolo\u010dnosti LC Packaging o udr\u017eate\u013enosti<\/h2>\n<p><iframe loading=\"lazy\" src=\"https:\/\/www.youtube.com\/embed\/Y0HjsysGXpo\" width=\"100%\" height=\"444\" frameborder=\"0\" allowfullscreen=\"allowfullscreen\"><\/iframe><\/p>\n","protected":false},"excerpt":{"rendered":"<p>Trval\u00e1 udr\u017eate\u013enos\u0165 Na\u0161ou v\u00edziou je zahrn\u00fa\u0165 v\u0161etky z\u00fa\u010dastnen\u00e9 strany do n\u00e1\u0161ho poslania poskytn\u00fa\u0165 trvalo udr\u017eate\u013en\u00e9 sp\u00f4soby balenia pri s\u00fa\u010dasnom minimalizovan\u00ed vplyvu na \u017eivotn\u00e9 prostredie a\u00a0odpadu z\u00a0cenn\u00fdch produktov a\u00a0obohacova\u0165 komunity, v\u00a0ktor\u00fdch p\u00f4sob\u00edme, aby sme pre bud\u00face gener\u00e1cie zanechali lep\u0161\u00ed svet. Spolu s\u00a0na\u0161imi partnermi sa sna\u017e\u00edme prispie\u0165 k\u00a0cie\u013eom trvalo udr\u017eate\u013en\u00e9ho rozvoja na celom svete zabezpe\u010den\u00edm: Trvalo udr\u017eate\u013en\u00e9ho [&hellip;]<\/p>\n","protected":false},"author":1,"featured_media":0,"parent":0,"menu_order":0,"comment_status":"closed","ping_status":"closed","template":"","meta":{"inline_featured_image":false},"yoast_head":"<!-- This site is optimized with the Yoast SEO plugin v18.6 - https:\/\/yoast.com\/wordpress\/plugins\/seo\/ -->\n<title>Trval\u00e1 udr\u017eate\u013enos\u0165 &ndash; Bigbags.com<\/title>\n<meta name=\"robots\" content=\"index, follow, max-snippet:-1, max-image-preview:large, max-video-preview:-1\" \/>\n<link rel=\"canonical\" href=\"https:\/\/bigbags.com\/sk\/trvala-udrzatelnost\/\" \/>\n<meta property=\"og:locale\" content=\"sk_SK\" \/>\n<meta property=\"og:type\" content=\"article\" \/>\n<meta property=\"og:title\" content=\"Trval\u00e1 udr\u017eate\u013enos\u0165 &ndash; Bigbags.com\" \/>\n<meta property=\"og:description\" content=\"Trval\u00e1 udr\u017eate\u013enos\u0165 Na\u0161ou v\u00edziou je zahrn\u00fa\u0165 v\u0161etky z\u00fa\u010dastnen\u00e9 strany do n\u00e1\u0161ho poslania poskytn\u00fa\u0165 trvalo udr\u017eate\u013en\u00e9 sp\u00f4soby balenia pri s\u00fa\u010dasnom minimalizovan\u00ed vplyvu na \u017eivotn\u00e9 prostredie a\u00a0odpadu z\u00a0cenn\u00fdch produktov a\u00a0obohacova\u0165 komunity, v\u00a0ktor\u00fdch p\u00f4sob\u00edme, aby sme pre bud\u00face gener\u00e1cie zanechali lep\u0161\u00ed svet. Spolu s\u00a0na\u0161imi partnermi sa sna\u017e\u00edme prispie\u0165 k\u00a0cie\u013eom trvalo udr\u017eate\u013en\u00e9ho rozvoja na celom svete zabezpe\u010den\u00edm: Trvalo udr\u017eate\u013en\u00e9ho [&hellip;]\" \/>\n<meta property=\"og:url\" content=\"https:\/\/bigbags.com\/sk\/trvala-udrzatelnost\/\" \/>\n<meta property=\"og:site_name\" content=\"Bigbags.com\" \/>\n<meta property=\"article:modified_time\" content=\"2017-03-16T14:57:36+00:00\" \/>\n<meta name=\"twitter:card\" content=\"summary\" \/>\n<meta name=\"twitter:label1\" content=\"Predpokladan\u00fd \u010das \u010d\u00edtania\" \/>\n\t<meta name=\"twitter:data1\" content=\"2 min\u00faty\" \/>\n<script type=\"application\/ld+json\" class=\"yoast-schema-graph\">{\"@context\":\"https:\/\/schema.org\",\"@graph\":[{\"@type\":\"WebSite\",\"@id\":\"https:\/\/bigbags.com\/#website\",\"url\":\"https:\/\/bigbags.com\/\",\"name\":\"Bigbags.com\",\"description\":\"En nog een WordPress site\",\"potentialAction\":[{\"@type\":\"SearchAction\",\"target\":{\"@type\":\"EntryPoint\",\"urlTemplate\":\"https:\/\/bigbags.com\/?s={search_term_string}\"},\"query-input\":\"required name=search_term_string\"}],\"inLanguage\":\"sk-SK\"},{\"@type\":\"WebPage\",\"@id\":\"https:\/\/bigbags.com\/sk\/trvala-udrzatelnost\/#webpage\",\"url\":\"https:\/\/bigbags.com\/sk\/trvala-udrzatelnost\/\",\"name\":\"Trval\u00e1 udr\u017eate\u013enos\u0165 &ndash; Bigbags.com\",\"isPartOf\":{\"@id\":\"https:\/\/bigbags.com\/#website\"},\"datePublished\":\"2017-03-14T11:02:45+00:00\",\"dateModified\":\"2017-03-16T14:57:36+00:00\",\"breadcrumb\":{\"@id\":\"https:\/\/bigbags.com\/sk\/trvala-udrzatelnost\/#breadcrumb\"},\"inLanguage\":\"sk-SK\",\"potentialAction\":[{\"@type\":\"ReadAction\",\"target\":[\"https:\/\/bigbags.com\/sk\/trvala-udrzatelnost\/\"]}]},{\"@type\":\"BreadcrumbList\",\"@id\":\"https:\/\/bigbags.com\/sk\/trvala-udrzatelnost\/#breadcrumb\",\"itemListElement\":[{\"@type\":\"ListItem\",\"position\":1,\"name\":\"Home\",\"item\":\"https:\/\/bigbags.com\/sk\/\"},{\"@type\":\"ListItem\",\"position\":2,\"name\":\"Trval\u00e1 udr\u017eate\u013enos\u0165\"}]}]}<\/script>\n<!-- \/ Yoast SEO plugin. -->","yoast_head_json":{"title":"Trval\u00e1 udr\u017eate\u013enos\u0165 &ndash; Bigbags.com","robots":{"index":"index","follow":"follow","max-snippet":"max-snippet:-1","max-image-preview":"max-image-preview:large","max-video-preview":"max-video-preview:-1"},"canonical":"https:\/\/bigbags.com\/sk\/trvala-udrzatelnost\/","og_locale":"sk_SK","og_type":"article","og_title":"Trval\u00e1 udr\u017eate\u013enos\u0165 &ndash; Bigbags.com","og_description":"Trval\u00e1 udr\u017eate\u013enos\u0165 Na\u0161ou v\u00edziou je zahrn\u00fa\u0165 v\u0161etky z\u00fa\u010dastnen\u00e9 strany do n\u00e1\u0161ho poslania poskytn\u00fa\u0165 trvalo udr\u017eate\u013en\u00e9 sp\u00f4soby balenia pri s\u00fa\u010dasnom minimalizovan\u00ed vplyvu na \u017eivotn\u00e9 prostredie a\u00a0odpadu z\u00a0cenn\u00fdch produktov a\u00a0obohacova\u0165 komunity, v\u00a0ktor\u00fdch p\u00f4sob\u00edme, aby sme pre bud\u00face gener\u00e1cie zanechali lep\u0161\u00ed svet. Spolu s\u00a0na\u0161imi partnermi sa sna\u017e\u00edme prispie\u0165 k\u00a0cie\u013eom trvalo udr\u017eate\u013en\u00e9ho rozvoja na celom svete zabezpe\u010den\u00edm: Trvalo udr\u017eate\u013en\u00e9ho [&hellip;]","og_url":"https:\/\/bigbags.com\/sk\/trvala-udrzatelnost\/","og_site_name":"Bigbags.com","article_modified_time":"2017-03-16T14:57:36+00:00","twitter_card":"summary","twitter_misc":{"Predpokladan\u00fd \u010das \u010d\u00edtania":"2 min\u00faty"},"schema":{"@context":"https:\/\/schema.org","@graph":[{"@type":"WebSite","@id":"https:\/\/bigbags.com\/#website","url":"https:\/\/bigbags.com\/","name":"Bigbags.com","description":"En nog een WordPress site","potentialAction":[{"@type":"SearchAction","target":{"@type":"EntryPoint","urlTemplate":"https:\/\/bigbags.com\/?s={search_term_string}"},"query-input":"required name=search_term_string"}],"inLanguage":"sk-SK"},{"@type":"WebPage","@id":"https:\/\/bigbags.com\/sk\/trvala-udrzatelnost\/#webpage","url":"https:\/\/bigbags.com\/sk\/trvala-udrzatelnost\/","name":"Trval\u00e1 udr\u017eate\u013enos\u0165 &ndash; Bigbags.com","isPartOf":{"@id":"https:\/\/bigbags.com\/#website"},"datePublished":"2017-03-14T11:02:45+00:00","dateModified":"2017-03-16T14:57:36+00:00","breadcrumb":{"@id":"https:\/\/bigbags.com\/sk\/trvala-udrzatelnost\/#breadcrumb"},"inLanguage":"sk-SK","potentialAction":[{"@type":"ReadAction","target":["https:\/\/bigbags.com\/sk\/trvala-udrzatelnost\/"]}]},{"@type":"BreadcrumbList","@id":"https:\/\/bigbags.com\/sk\/trvala-udrzatelnost\/#breadcrumb","itemListElement":[{"@type":"ListItem","position":1,"name":"Home","item":"https:\/\/bigbags.com\/sk\/"},{"@type":"ListItem","position":2,"name":"Trval\u00e1 udr\u017eate\u013enos\u0165"}]}]}},"_links":{"self":[{"href":"https:\/\/bigbags.com\/sk\/wp-json\/wp\/v2\/pages\/2051"}],"collection":[{"href":"https:\/\/bigbags.com\/sk\/wp-json\/wp\/v2\/pages"}],"about":[{"href":"https:\/\/bigbags.com\/sk\/wp-json\/wp\/v2\/types\/page"}],"author":[{"embeddable":true,"href":"https:\/\/bigbags.com\/sk\/wp-json\/wp\/v2\/users\/1"}],"replies":[{"embeddable":true,"href":"https:\/\/bigbags.com\/sk\/wp-json\/wp\/v2\/comments?post=2051"}],"version-history":[{"count":1,"href":"https:\/\/bigbags.com\/sk\/wp-json\/wp\/v2\/pages\/2051\/revisions"}],"predecessor-version":[{"id":2053,"href":"https:\/\/bigbags.com\/sk\/wp-json\/wp\/v2\/pages\/2051\/revisions\/2053"}],"wp:attachment":[{"href":"https:\/\/bigbags.com\/sk\/wp-json\/wp\/v2\/media?parent=2051"}],"curies":[{"name":"wp","href":"https:\/\/api.w.org\/{rel}","templated":true}]}}