{"id":2054,"date":"2017-03-14T12:04:36","date_gmt":"2017-03-14T11:04:36","guid":{"rendered":"http:\/\/bigbags.com\/?page_id=2054\/"},"modified":"2017-03-16T15:56:39","modified_gmt":"2017-03-16T14:56:39","slug":"preco-nase-velke-vaky","status":"publish","type":"page","link":"https:\/\/bigbags.com\/sk\/preco-nase-velke-vaky\/","title":{"rendered":"Pre\u010do na\u0161e ve\u013ek\u00e9 vaky"},"content":{"rendered":"","protected":false},"excerpt":{"rendered":"","protected":false},"author":1,"featured_media":0,"parent":0,"menu_order":0,"comment_status":"closed","ping_status":"closed","template":"","meta":{"inline_featured_image":false},"yoast_head":"<!-- This site is optimized with the Yoast SEO plugin v18.6 - https:\/\/yoast.com\/wordpress\/plugins\/seo\/ -->\n<title>Pre\u010do na\u0161e ve\u013ek\u00e9 vaky &ndash; Bigbags.com<\/title>\n<meta name=\"robots\" content=\"index, follow, max-snippet:-1, max-image-preview:large, max-video-preview:-1\" \/>\n<link rel=\"canonical\" href=\"https:\/\/bigbags.com\/sk\/preco-nase-velke-vaky\/\" \/>\n<meta property=\"og:locale\" content=\"sk_SK\" \/>\n<meta property=\"og:type\" content=\"article\" \/>\n<meta property=\"og:title\" content=\"Pre\u010do na\u0161e ve\u013ek\u00e9 vaky &ndash; Bigbags.com\" \/>\n<meta property=\"og:url\" content=\"https:\/\/bigbags.com\/sk\/preco-nase-velke-vaky\/\" \/>\n<meta property=\"og:site_name\" content=\"Bigbags.com\" \/>\n<meta property=\"article:modified_time\" content=\"2017-03-16T14:56:39+00:00\" \/>\n<meta name=\"twitter:card\" content=\"summary\" \/>\n<script type=\"application\/ld+json\" class=\"yoast-schema-graph\">{\"@context\":\"https:\/\/schema.org\",\"@graph\":[{\"@type\":\"WebSite\",\"@id\":\"https:\/\/bigbags.com\/#website\",\"url\":\"https:\/\/bigbags.com\/\",\"name\":\"Bigbags.com\",\"description\":\"En nog een WordPress site\",\"potentialAction\":[{\"@type\":\"SearchAction\",\"target\":{\"@type\":\"EntryPoint\",\"urlTemplate\":\"https:\/\/bigbags.com\/?s={search_term_string}\"},\"query-input\":\"required name=search_term_string\"}],\"inLanguage\":\"sk-SK\"},{\"@type\":\"WebPage\",\"@id\":\"https:\/\/bigbags.com\/sk\/preco-nase-velke-vaky\/#webpage\",\"url\":\"https:\/\/bigbags.com\/sk\/preco-nase-velke-vaky\/\",\"name\":\"Pre\u010do na\u0161e ve\u013ek\u00e9 vaky &ndash; Bigbags.com\",\"isPartOf\":{\"@id\":\"https:\/\/bigbags.com\/#website\"},\"datePublished\":\"2017-03-14T11:04:36+00:00\",\"dateModified\":\"2017-03-16T14:56:39+00:00\",\"breadcrumb\":{\"@id\":\"https:\/\/bigbags.com\/sk\/preco-nase-velke-vaky\/#breadcrumb\"},\"inLanguage\":\"sk-SK\",\"potentialAction\":[{\"@type\":\"ReadAction\",\"target\":[\"https:\/\/bigbags.com\/sk\/preco-nase-velke-vaky\/\"]}]},{\"@type\":\"BreadcrumbList\",\"@id\":\"https:\/\/bigbags.com\/sk\/preco-nase-velke-vaky\/#breadcrumb\",\"itemListElement\":[{\"@type\":\"ListItem\",\"position\":1,\"name\":\"Home\",\"item\":\"https:\/\/bigbags.com\/sk\/\"},{\"@type\":\"ListItem\",\"position\":2,\"name\":\"Pre\u010do na\u0161e ve\u013ek\u00e9 vaky\"}]}]}<\/script>\n<!-- \/ Yoast SEO plugin. -->","yoast_head_json":{"title":"Pre\u010do na\u0161e ve\u013ek\u00e9 vaky &ndash; Bigbags.com","robots":{"index":"index","follow":"follow","max-snippet":"max-snippet:-1","max-image-preview":"max-image-preview:large","max-video-preview":"max-video-preview:-1"},"canonical":"https:\/\/bigbags.com\/sk\/preco-nase-velke-vaky\/","og_locale":"sk_SK","og_type":"article","og_title":"Pre\u010do na\u0161e ve\u013ek\u00e9 vaky &ndash; Bigbags.com","og_url":"https:\/\/bigbags.com\/sk\/preco-nase-velke-vaky\/","og_site_name":"Bigbags.com","article_modified_time":"2017-03-16T14:56:39+00:00","twitter_card":"summary","schema":{"@context":"https:\/\/schema.org","@graph":[{"@type":"WebSite","@id":"https:\/\/bigbags.com\/#website","url":"https:\/\/bigbags.com\/","name":"Bigbags.com","description":"En nog een WordPress site","potentialAction":[{"@type":"SearchAction","target":{"@type":"EntryPoint","urlTemplate":"https:\/\/bigbags.com\/?s={search_term_string}"},"query-input":"required name=search_term_string"}],"inLanguage":"sk-SK"},{"@type":"WebPage","@id":"https:\/\/bigbags.com\/sk\/preco-nase-velke-vaky\/#webpage","url":"https:\/\/bigbags.com\/sk\/preco-nase-velke-vaky\/","name":"Pre\u010do na\u0161e ve\u013ek\u00e9 vaky &ndash; Bigbags.com","isPartOf":{"@id":"https:\/\/bigbags.com\/#website"},"datePublished":"2017-03-14T11:04:36+00:00","dateModified":"2017-03-16T14:56:39+00:00","breadcrumb":{"@id":"https:\/\/bigbags.com\/sk\/preco-nase-velke-vaky\/#breadcrumb"},"inLanguage":"sk-SK","potentialAction":[{"@type":"ReadAction","target":["https:\/\/bigbags.com\/sk\/preco-nase-velke-vaky\/"]}]},{"@type":"BreadcrumbList","@id":"https:\/\/bigbags.com\/sk\/preco-nase-velke-vaky\/#breadcrumb","itemListElement":[{"@type":"ListItem","position":1,"name":"Home","item":"https:\/\/bigbags.com\/sk\/"},{"@type":"ListItem","position":2,"name":"Pre\u010do na\u0161e ve\u013ek\u00e9 vaky"}]}]}},"_links":{"self":[{"href":"https:\/\/bigbags.com\/sk\/wp-json\/wp\/v2\/pages\/2054"}],"collection":[{"href":"https:\/\/bigbags.com\/sk\/wp-json\/wp\/v2\/pages"}],"about":[{"href":"https:\/\/bigbags.com\/sk\/wp-json\/wp\/v2\/types\/page"}],"author":[{"embeddable":true,"href":"https:\/\/bigbags.com\/sk\/wp-json\/wp\/v2\/users\/1"}],"replies":[{"embeddable":true,"href":"https:\/\/bigbags.com\/sk\/wp-json\/wp\/v2\/comments?post=2054"}],"version-history":[{"count":1,"href":"https:\/\/bigbags.com\/sk\/wp-json\/wp\/v2\/pages\/2054\/revisions"}],"predecessor-version":[{"id":2056,"href":"https:\/\/bigbags.com\/sk\/wp-json\/wp\/v2\/pages\/2054\/revisions\/2056"}],"wp:attachment":[{"href":"https:\/\/bigbags.com\/sk\/wp-json\/wp\/v2\/media?parent=2054"}],"curies":[{"name":"wp","href":"https:\/\/api.w.org\/{rel}","templated":true}]}}