{"id":2057,"date":"2017-03-14T12:07:06","date_gmt":"2017-03-14T11:07:06","guid":{"rendered":"http:\/\/bigbags.com\/?page_id=2057\/"},"modified":"2017-03-16T16:33:10","modified_gmt":"2017-03-16T15:33:10","slug":"preco-nase-velke-vaky","status":"publish","type":"page","link":"https:\/\/bigbags.com\/sk\/preco-nase-velke-vaky\/preco-nase-velke-vaky\/","title":{"rendered":"V\u00fdhody ve\u013ek\u00e9ho vaku"},"content":{"rendered":"<h2>V\u00fdhody ve\u013ek\u00e9ho vaku<\/h2>\n<p class=\"lead\">Ve\u013ek\u00e9 vaky, ktor\u00e9 sa tie\u017e naz\u00fdvaj\u00fa FIBC, vaky na sypk\u00fd materi\u00e1l alebo obrovsk\u00e9 vaky s\u00fa ide\u00e1lnym rie\u0161en\u00edm na do\u010dasn\u00e9 skladovanie a prepravu such\u00e9ho sypk\u00e9ho tovaru. Patria sem pr\u00e1\u0161kov\u00fd materi\u00e1l, miner\u00e1lne rudy, kamenivo a in\u00e9 pr\u00edsady. V\u00fdhody ve\u013ek\u00fdch vakov v skratke:<\/p>\n<ul>\n<li>Vysoko cenovo efekt\u00edvne balenie<\/li>\n<li>Jednoduch\u00e1 manipul\u00e1cia, optimalizuje logistick\u00e9 slu\u017eby va\u0161ich z\u00e1kazn\u00edkov<\/li>\n<li>\u00dapln\u00e9 dodr\u017eiavanie pr\u00edsnych hygienick\u00fdch noriem pre potravin\u00e1rske a\u00a0farmaceutick\u00e9 pou\u017eitie<\/li>\n<li>Jednoduch\u00e9 nosenie a\u017e do tis\u00edcn\u00e1sobku ich vlastnej hmotnosti<\/li>\n<li>Nie je potrebn\u00e9 n\u00e1sledn\u00e9 balenie<\/li>\n<li>N\u00edzka hmotnos\u0165, minim\u00e1lny priestor \u2013 \u00faspora pri skladovan\u00ed<\/li>\n<li>Potla\u010den\u00e9 vaky ako mobiln\u00e1 reklama a\/alebo inform\u00e1cia o z\u00e1kladn\u00fdch \u00fadajoch o\u00a0v\u00fdrobku<\/li>\n<li>Pom\u00e1haj\u00fa minimalizova\u0165 odpad<\/li>\n<li><a href=\"http:\/\/www.worldbag.com\/\">Recyklovanie a\u00a0regener\u00e1cia<\/a><\/li>\n<li>Ve\u013ek\u00e9 vaky s\u00fa prisp\u00f4sobite\u013en\u00e9 va\u0161im \u0161pecifick\u00fdm po\u017eiadavk\u00e1m<\/li>\n<\/ul>\n","protected":false},"excerpt":{"rendered":"<p>V\u00fdhody ve\u013ek\u00e9ho vaku Vysoko cenovo efekt\u00edvne balenie Jednoduch\u00e1 manipul\u00e1cia, optimalizuje logistick\u00e9 slu\u017eby va\u0161ich z\u00e1kazn\u00edkov \u00dapln\u00e9 dodr\u017eiavanie pr\u00edsnych hygienick\u00fdch noriem pre potravin\u00e1rske a\u00a0farmaceutick\u00e9 pou\u017eitie Jednoduch\u00e9 nosenie a\u017e do tis\u00edcn\u00e1sobku ich vlastnej hmotnosti Nie je potrebn\u00e9 n\u00e1sledn\u00e9 balenie N\u00edzka hmotnos\u0165, minim\u00e1lny priestor \u2013 \u00faspora pri skladovan\u00ed Potla\u010den\u00e9 vaky ako mobiln\u00e1 reklama a\/alebo inform\u00e1cia o z\u00e1kladn\u00fdch \u00fadajoch o\u00a0v\u00fdrobku [&hellip;]<\/p>\n","protected":false},"author":1,"featured_media":0,"parent":2054,"menu_order":0,"comment_status":"closed","ping_status":"closed","template":"","meta":{"inline_featured_image":false},"yoast_head":"<!-- This site is optimized with the Yoast SEO plugin v18.6 - https:\/\/yoast.com\/wordpress\/plugins\/seo\/ -->\n<title>V\u00fdhody ve\u013ek\u00e9ho vaku &ndash; Bigbags.com<\/title>\n<meta name=\"robots\" content=\"index, follow, max-snippet:-1, max-image-preview:large, max-video-preview:-1\" \/>\n<link rel=\"canonical\" href=\"https:\/\/bigbags.com\/sk\/preco-nase-velke-vaky\/preco-nase-velke-vaky\/\" \/>\n<meta property=\"og:locale\" content=\"sk_SK\" \/>\n<meta property=\"og:type\" content=\"article\" \/>\n<meta property=\"og:title\" content=\"V\u00fdhody ve\u013ek\u00e9ho vaku &ndash; Bigbags.com\" \/>\n<meta property=\"og:description\" content=\"V\u00fdhody ve\u013ek\u00e9ho vaku Vysoko cenovo efekt\u00edvne balenie Jednoduch\u00e1 manipul\u00e1cia, optimalizuje logistick\u00e9 slu\u017eby va\u0161ich z\u00e1kazn\u00edkov \u00dapln\u00e9 dodr\u017eiavanie pr\u00edsnych hygienick\u00fdch noriem pre potravin\u00e1rske a\u00a0farmaceutick\u00e9 pou\u017eitie Jednoduch\u00e9 nosenie a\u017e do tis\u00edcn\u00e1sobku ich vlastnej hmotnosti Nie je potrebn\u00e9 n\u00e1sledn\u00e9 balenie N\u00edzka hmotnos\u0165, minim\u00e1lny priestor \u2013 \u00faspora pri skladovan\u00ed Potla\u010den\u00e9 vaky ako mobiln\u00e1 reklama a\/alebo inform\u00e1cia o z\u00e1kladn\u00fdch \u00fadajoch o\u00a0v\u00fdrobku [&hellip;]\" \/>\n<meta property=\"og:url\" content=\"https:\/\/bigbags.com\/sk\/preco-nase-velke-vaky\/preco-nase-velke-vaky\/\" \/>\n<meta property=\"og:site_name\" content=\"Bigbags.com\" \/>\n<meta property=\"article:modified_time\" content=\"2017-03-16T15:33:10+00:00\" \/>\n<meta name=\"twitter:card\" content=\"summary\" \/>\n<meta name=\"twitter:label1\" content=\"Predpokladan\u00fd \u010das \u010d\u00edtania\" \/>\n\t<meta name=\"twitter:data1\" content=\"1 min\u00fata\" \/>\n<script type=\"application\/ld+json\" class=\"yoast-schema-graph\">{\"@context\":\"https:\/\/schema.org\",\"@graph\":[{\"@type\":\"WebSite\",\"@id\":\"https:\/\/bigbags.com\/#website\",\"url\":\"https:\/\/bigbags.com\/\",\"name\":\"Bigbags.com\",\"description\":\"En nog een WordPress site\",\"potentialAction\":[{\"@type\":\"SearchAction\",\"target\":{\"@type\":\"EntryPoint\",\"urlTemplate\":\"https:\/\/bigbags.com\/?s={search_term_string}\"},\"query-input\":\"required name=search_term_string\"}],\"inLanguage\":\"sk-SK\"},{\"@type\":\"WebPage\",\"@id\":\"https:\/\/bigbags.com\/sk\/preco-nase-velke-vaky\/preco-nase-velke-vaky\/#webpage\",\"url\":\"https:\/\/bigbags.com\/sk\/preco-nase-velke-vaky\/preco-nase-velke-vaky\/\",\"name\":\"V\u00fdhody ve\u013ek\u00e9ho vaku &ndash; Bigbags.com\",\"isPartOf\":{\"@id\":\"https:\/\/bigbags.com\/#website\"},\"datePublished\":\"2017-03-14T11:07:06+00:00\",\"dateModified\":\"2017-03-16T15:33:10+00:00\",\"breadcrumb\":{\"@id\":\"https:\/\/bigbags.com\/sk\/preco-nase-velke-vaky\/preco-nase-velke-vaky\/#breadcrumb\"},\"inLanguage\":\"sk-SK\",\"potentialAction\":[{\"@type\":\"ReadAction\",\"target\":[\"https:\/\/bigbags.com\/sk\/preco-nase-velke-vaky\/preco-nase-velke-vaky\/\"]}]},{\"@type\":\"BreadcrumbList\",\"@id\":\"https:\/\/bigbags.com\/sk\/preco-nase-velke-vaky\/preco-nase-velke-vaky\/#breadcrumb\",\"itemListElement\":[{\"@type\":\"ListItem\",\"position\":1,\"name\":\"Home\",\"item\":\"https:\/\/bigbags.com\/sk\/\"},{\"@type\":\"ListItem\",\"position\":2,\"name\":\"Pre\u010do na\u0161e ve\u013ek\u00e9 vaky\",\"item\":\"https:\/\/bigbags.com\/sk\/preco-nase-velke-vaky\/\"},{\"@type\":\"ListItem\",\"position\":3,\"name\":\"V\u00fdhody ve\u013ek\u00e9ho vaku\"}]}]}<\/script>\n<!-- \/ Yoast SEO plugin. -->","yoast_head_json":{"title":"V\u00fdhody ve\u013ek\u00e9ho vaku &ndash; Bigbags.com","robots":{"index":"index","follow":"follow","max-snippet":"max-snippet:-1","max-image-preview":"max-image-preview:large","max-video-preview":"max-video-preview:-1"},"canonical":"https:\/\/bigbags.com\/sk\/preco-nase-velke-vaky\/preco-nase-velke-vaky\/","og_locale":"sk_SK","og_type":"article","og_title":"V\u00fdhody ve\u013ek\u00e9ho vaku &ndash; Bigbags.com","og_description":"V\u00fdhody ve\u013ek\u00e9ho vaku Vysoko cenovo efekt\u00edvne balenie Jednoduch\u00e1 manipul\u00e1cia, optimalizuje logistick\u00e9 slu\u017eby va\u0161ich z\u00e1kazn\u00edkov \u00dapln\u00e9 dodr\u017eiavanie pr\u00edsnych hygienick\u00fdch noriem pre potravin\u00e1rske a\u00a0farmaceutick\u00e9 pou\u017eitie Jednoduch\u00e9 nosenie a\u017e do tis\u00edcn\u00e1sobku ich vlastnej hmotnosti Nie je potrebn\u00e9 n\u00e1sledn\u00e9 balenie N\u00edzka hmotnos\u0165, minim\u00e1lny priestor \u2013 \u00faspora pri skladovan\u00ed Potla\u010den\u00e9 vaky ako mobiln\u00e1 reklama a\/alebo inform\u00e1cia o z\u00e1kladn\u00fdch \u00fadajoch o\u00a0v\u00fdrobku [&hellip;]","og_url":"https:\/\/bigbags.com\/sk\/preco-nase-velke-vaky\/preco-nase-velke-vaky\/","og_site_name":"Bigbags.com","article_modified_time":"2017-03-16T15:33:10+00:00","twitter_card":"summary","twitter_misc":{"Predpokladan\u00fd \u010das \u010d\u00edtania":"1 min\u00fata"},"schema":{"@context":"https:\/\/schema.org","@graph":[{"@type":"WebSite","@id":"https:\/\/bigbags.com\/#website","url":"https:\/\/bigbags.com\/","name":"Bigbags.com","description":"En nog een WordPress site","potentialAction":[{"@type":"SearchAction","target":{"@type":"EntryPoint","urlTemplate":"https:\/\/bigbags.com\/?s={search_term_string}"},"query-input":"required name=search_term_string"}],"inLanguage":"sk-SK"},{"@type":"WebPage","@id":"https:\/\/bigbags.com\/sk\/preco-nase-velke-vaky\/preco-nase-velke-vaky\/#webpage","url":"https:\/\/bigbags.com\/sk\/preco-nase-velke-vaky\/preco-nase-velke-vaky\/","name":"V\u00fdhody ve\u013ek\u00e9ho vaku &ndash; Bigbags.com","isPartOf":{"@id":"https:\/\/bigbags.com\/#website"},"datePublished":"2017-03-14T11:07:06+00:00","dateModified":"2017-03-16T15:33:10+00:00","breadcrumb":{"@id":"https:\/\/bigbags.com\/sk\/preco-nase-velke-vaky\/preco-nase-velke-vaky\/#breadcrumb"},"inLanguage":"sk-SK","potentialAction":[{"@type":"ReadAction","target":["https:\/\/bigbags.com\/sk\/preco-nase-velke-vaky\/preco-nase-velke-vaky\/"]}]},{"@type":"BreadcrumbList","@id":"https:\/\/bigbags.com\/sk\/preco-nase-velke-vaky\/preco-nase-velke-vaky\/#breadcrumb","itemListElement":[{"@type":"ListItem","position":1,"name":"Home","item":"https:\/\/bigbags.com\/sk\/"},{"@type":"ListItem","position":2,"name":"Pre\u010do na\u0161e ve\u013ek\u00e9 vaky","item":"https:\/\/bigbags.com\/sk\/preco-nase-velke-vaky\/"},{"@type":"ListItem","position":3,"name":"V\u00fdhody ve\u013ek\u00e9ho vaku"}]}]}},"_links":{"self":[{"href":"https:\/\/bigbags.com\/sk\/wp-json\/wp\/v2\/pages\/2057"}],"collection":[{"href":"https:\/\/bigbags.com\/sk\/wp-json\/wp\/v2\/pages"}],"about":[{"href":"https:\/\/bigbags.com\/sk\/wp-json\/wp\/v2\/types\/page"}],"author":[{"embeddable":true,"href":"https:\/\/bigbags.com\/sk\/wp-json\/wp\/v2\/users\/1"}],"replies":[{"embeddable":true,"href":"https:\/\/bigbags.com\/sk\/wp-json\/wp\/v2\/comments?post=2057"}],"version-history":[{"count":3,"href":"https:\/\/bigbags.com\/sk\/wp-json\/wp\/v2\/pages\/2057\/revisions"}],"predecessor-version":[{"id":2342,"href":"https:\/\/bigbags.com\/sk\/wp-json\/wp\/v2\/pages\/2057\/revisions\/2342"}],"up":[{"embeddable":true,"href":"https:\/\/bigbags.com\/sk\/wp-json\/wp\/v2\/pages\/2054"}],"wp:attachment":[{"href":"https:\/\/bigbags.com\/sk\/wp-json\/wp\/v2\/media?parent=2057"}],"curies":[{"name":"wp","href":"https:\/\/api.w.org\/{rel}","templated":true}]}}