{"id":2069,"date":"2017-03-14T13:23:45","date_gmt":"2017-03-14T12:23:45","guid":{"rendered":"http:\/\/bigbags.com\/?page_id=2069\/"},"modified":"2017-03-16T16:26:57","modified_gmt":"2017-03-16T15:26:57","slug":"chemicky-priemysel","status":"publish","type":"page","link":"https:\/\/bigbags.com\/sk\/prislusne-odvetvie\/chemicky-priemysel\/","title":{"rendered":"Chemick\u00fd priemysel"},"content":{"rendered":"","protected":false},"excerpt":{"rendered":"","protected":false},"author":1,"featured_media":587,"parent":2063,"menu_order":0,"comment_status":"closed","ping_status":"closed","template":"page-industrie.php","meta":{"inline_featured_image":false},"yoast_head":"<!-- This site is optimized with the Yoast SEO plugin v18.6 - https:\/\/yoast.com\/wordpress\/plugins\/seo\/ -->\n<title>Chemick\u00fd priemysel &ndash; Bigbags.com<\/title>\n<meta name=\"robots\" content=\"index, follow, max-snippet:-1, max-image-preview:large, max-video-preview:-1\" \/>\n<link rel=\"canonical\" href=\"https:\/\/bigbags.com\/sk\/prislusne-odvetvie\/chemicky-priemysel\/\" \/>\n<meta property=\"og:locale\" content=\"sk_SK\" \/>\n<meta property=\"og:type\" content=\"article\" \/>\n<meta property=\"og:title\" content=\"Chemick\u00fd priemysel &ndash; Bigbags.com\" \/>\n<meta property=\"og:url\" content=\"https:\/\/bigbags.com\/sk\/prislusne-odvetvie\/chemicky-priemysel\/\" \/>\n<meta property=\"og:site_name\" content=\"Bigbags.com\" \/>\n<meta property=\"article:modified_time\" content=\"2017-03-16T15:26:57+00:00\" \/>\n<meta name=\"twitter:card\" content=\"summary\" \/>\n<meta name=\"twitter:image\" content=\"https:\/\/bigbags.com\/wp-content\/uploads\/2016\/12\/droplet-1.svg\" \/>\n<script type=\"application\/ld+json\" class=\"yoast-schema-graph\">{\"@context\":\"https:\/\/schema.org\",\"@graph\":[{\"@type\":\"WebSite\",\"@id\":\"https:\/\/bigbags.com\/#website\",\"url\":\"https:\/\/bigbags.com\/\",\"name\":\"Bigbags.com\",\"description\":\"En nog een WordPress site\",\"potentialAction\":[{\"@type\":\"SearchAction\",\"target\":{\"@type\":\"EntryPoint\",\"urlTemplate\":\"https:\/\/bigbags.com\/?s={search_term_string}\"},\"query-input\":\"required name=search_term_string\"}],\"inLanguage\":\"sk-SK\"},{\"@type\":\"ImageObject\",\"@id\":\"https:\/\/bigbags.com\/sk\/prislusne-odvetvie\/chemicky-priemysel\/#primaryimage\",\"inLanguage\":\"sk-SK\",\"url\":\"https:\/\/bigbags.com\/wp-content\/uploads\/2016\/12\/droplet-1.svg\",\"contentUrl\":\"https:\/\/bigbags.com\/wp-content\/uploads\/2016\/12\/droplet-1.svg\"},{\"@type\":\"WebPage\",\"@id\":\"https:\/\/bigbags.com\/sk\/prislusne-odvetvie\/chemicky-priemysel\/#webpage\",\"url\":\"https:\/\/bigbags.com\/sk\/prislusne-odvetvie\/chemicky-priemysel\/\",\"name\":\"Chemick\u00fd priemysel &ndash; Bigbags.com\",\"isPartOf\":{\"@id\":\"https:\/\/bigbags.com\/#website\"},\"primaryImageOfPage\":{\"@id\":\"https:\/\/bigbags.com\/sk\/prislusne-odvetvie\/chemicky-priemysel\/#primaryimage\"},\"datePublished\":\"2017-03-14T12:23:45+00:00\",\"dateModified\":\"2017-03-16T15:26:57+00:00\",\"breadcrumb\":{\"@id\":\"https:\/\/bigbags.com\/sk\/prislusne-odvetvie\/chemicky-priemysel\/#breadcrumb\"},\"inLanguage\":\"sk-SK\",\"potentialAction\":[{\"@type\":\"ReadAction\",\"target\":[\"https:\/\/bigbags.com\/sk\/prislusne-odvetvie\/chemicky-priemysel\/\"]}]},{\"@type\":\"BreadcrumbList\",\"@id\":\"https:\/\/bigbags.com\/sk\/prislusne-odvetvie\/chemicky-priemysel\/#breadcrumb\",\"itemListElement\":[{\"@type\":\"ListItem\",\"position\":1,\"name\":\"Home\",\"item\":\"https:\/\/bigbags.com\/sk\/\"},{\"@type\":\"ListItem\",\"position\":2,\"name\":\"Pr\u00edslu\u0161n\u00e9 odvetvie\",\"item\":\"https:\/\/bigbags.com\/sk\/prislusne-odvetvie\/\"},{\"@type\":\"ListItem\",\"position\":3,\"name\":\"Chemick\u00fd priemysel\"}]}]}<\/script>\n<!-- \/ Yoast SEO plugin. -->","yoast_head_json":{"title":"Chemick\u00fd priemysel &ndash; Bigbags.com","robots":{"index":"index","follow":"follow","max-snippet":"max-snippet:-1","max-image-preview":"max-image-preview:large","max-video-preview":"max-video-preview:-1"},"canonical":"https:\/\/bigbags.com\/sk\/prislusne-odvetvie\/chemicky-priemysel\/","og_locale":"sk_SK","og_type":"article","og_title":"Chemick\u00fd priemysel &ndash; Bigbags.com","og_url":"https:\/\/bigbags.com\/sk\/prislusne-odvetvie\/chemicky-priemysel\/","og_site_name":"Bigbags.com","article_modified_time":"2017-03-16T15:26:57+00:00","twitter_card":"summary","twitter_image":"https:\/\/bigbags.com\/wp-content\/uploads\/2016\/12\/droplet-1.svg","schema":{"@context":"https:\/\/schema.org","@graph":[{"@type":"WebSite","@id":"https:\/\/bigbags.com\/#website","url":"https:\/\/bigbags.com\/","name":"Bigbags.com","description":"En nog een WordPress site","potentialAction":[{"@type":"SearchAction","target":{"@type":"EntryPoint","urlTemplate":"https:\/\/bigbags.com\/?s={search_term_string}"},"query-input":"required name=search_term_string"}],"inLanguage":"sk-SK"},{"@type":"ImageObject","@id":"https:\/\/bigbags.com\/sk\/prislusne-odvetvie\/chemicky-priemysel\/#primaryimage","inLanguage":"sk-SK","url":"https:\/\/bigbags.com\/wp-content\/uploads\/2016\/12\/droplet-1.svg","contentUrl":"https:\/\/bigbags.com\/wp-content\/uploads\/2016\/12\/droplet-1.svg"},{"@type":"WebPage","@id":"https:\/\/bigbags.com\/sk\/prislusne-odvetvie\/chemicky-priemysel\/#webpage","url":"https:\/\/bigbags.com\/sk\/prislusne-odvetvie\/chemicky-priemysel\/","name":"Chemick\u00fd priemysel &ndash; Bigbags.com","isPartOf":{"@id":"https:\/\/bigbags.com\/#website"},"primaryImageOfPage":{"@id":"https:\/\/bigbags.com\/sk\/prislusne-odvetvie\/chemicky-priemysel\/#primaryimage"},"datePublished":"2017-03-14T12:23:45+00:00","dateModified":"2017-03-16T15:26:57+00:00","breadcrumb":{"@id":"https:\/\/bigbags.com\/sk\/prislusne-odvetvie\/chemicky-priemysel\/#breadcrumb"},"inLanguage":"sk-SK","potentialAction":[{"@type":"ReadAction","target":["https:\/\/bigbags.com\/sk\/prislusne-odvetvie\/chemicky-priemysel\/"]}]},{"@type":"BreadcrumbList","@id":"https:\/\/bigbags.com\/sk\/prislusne-odvetvie\/chemicky-priemysel\/#breadcrumb","itemListElement":[{"@type":"ListItem","position":1,"name":"Home","item":"https:\/\/bigbags.com\/sk\/"},{"@type":"ListItem","position":2,"name":"Pr\u00edslu\u0161n\u00e9 odvetvie","item":"https:\/\/bigbags.com\/sk\/prislusne-odvetvie\/"},{"@type":"ListItem","position":3,"name":"Chemick\u00fd priemysel"}]}]}},"_links":{"self":[{"href":"https:\/\/bigbags.com\/sk\/wp-json\/wp\/v2\/pages\/2069"}],"collection":[{"href":"https:\/\/bigbags.com\/sk\/wp-json\/wp\/v2\/pages"}],"about":[{"href":"https:\/\/bigbags.com\/sk\/wp-json\/wp\/v2\/types\/page"}],"author":[{"embeddable":true,"href":"https:\/\/bigbags.com\/sk\/wp-json\/wp\/v2\/users\/1"}],"replies":[{"embeddable":true,"href":"https:\/\/bigbags.com\/sk\/wp-json\/wp\/v2\/comments?post=2069"}],"version-history":[{"count":1,"href":"https:\/\/bigbags.com\/sk\/wp-json\/wp\/v2\/pages\/2069\/revisions"}],"predecessor-version":[{"id":2071,"href":"https:\/\/bigbags.com\/sk\/wp-json\/wp\/v2\/pages\/2069\/revisions\/2071"}],"up":[{"embeddable":true,"href":"https:\/\/bigbags.com\/sk\/wp-json\/wp\/v2\/pages\/2063"}],"wp:featuredmedia":[{"embeddable":true,"href":"https:\/\/bigbags.com\/sk\/wp-json\/wp\/v2\/media\/587"}],"wp:attachment":[{"href":"https:\/\/bigbags.com\/sk\/wp-json\/wp\/v2\/media?parent=2069"}],"curies":[{"name":"wp","href":"https:\/\/api.w.org\/{rel}","templated":true}]}}