{"id":1737,"date":"2017-01-27T14:41:49","date_gmt":"2017-01-27T13:41:49","guid":{"rendered":"http:\/\/bigbags.com\/?page_id=1737\/"},"modified":"2018-10-24T15:43:50","modified_gmt":"2018-10-24T13:43:50","slug":"obratite","status":"publish","type":"page","link":"https:\/\/bigbags.com\/sr\/obratite\/","title":{"rendered":"Obratite"},"content":{"rendered":"<h2>Obratite nam se da biste dobili dodatne podatke<\/h2>\n<p class=\"lead\">Na\u0161im dokazanim referencama mo\u017eemo da uverimo klijente da mo\u017eemo da dizajniramo, proizvedemo i isporu\u010dimo bilo kakvu veliku vre\u0107u koja vam treba za svaku mogu\u0107u svrhu.<\/p>\n<p>Ispunite obrazac za kontaktiranje da biste saznali na\u0161e cene ili zatra\u017eili savet. Na\u0161i stru\u010dnjaci za velike vre\u0107e odgovori\u0107e na va\u0161 zahtev \u0161to je pre mogu\u0107e.<\/p>\n<p><iframe loading=\"lazy\" src=\"http:\/\/analytics-eu.clickdimensions.com\/lcpackagingnl-aodhd\/pages\/6krlkvneeipawanorj6qw.html\" allowtransparency=\"true\" width=\"100%\" height=\"500px\" type=\"text\/html\" frameborder=\"0\" style=\"border:0\"><\/iframe><\/p>\n","protected":false},"excerpt":{"rendered":"<p>Obratite nam se da biste dobili dodatne podatke Ispunite obrazac za kontaktiranje da biste saznali na\u0161e cene ili zatra\u017eili savet. Na\u0161i stru\u010dnjaci za velike vre\u0107e odgovori\u0107e na va\u0161 zahtev \u0161to je pre mogu\u0107e.<\/p>\n","protected":false},"author":1,"featured_media":583,"parent":0,"menu_order":0,"comment_status":"closed","ping_status":"closed","template":"","meta":{"inline_featured_image":false},"yoast_head":"<!-- This site is optimized with the Yoast SEO plugin v18.6 - https:\/\/yoast.com\/wordpress\/plugins\/seo\/ -->\n<title>Obratite &ndash; Bigbags.com<\/title>\n<meta name=\"robots\" content=\"index, follow, max-snippet:-1, max-image-preview:large, max-video-preview:-1\" \/>\n<link rel=\"canonical\" href=\"https:\/\/bigbags.com\/sr\/obratite\/\" \/>\n<meta property=\"og:locale\" content=\"sr_RS\" \/>\n<meta property=\"og:type\" content=\"article\" \/>\n<meta property=\"og:title\" content=\"Obratite &ndash; Bigbags.com\" \/>\n<meta property=\"og:description\" content=\"Obratite nam se da biste dobili dodatne podatke Ispunite obrazac za kontaktiranje da biste saznali na\u0161e cene ili zatra\u017eili savet. Na\u0161i stru\u010dnjaci za velike vre\u0107e odgovori\u0107e na va\u0161 zahtev \u0161to je pre mogu\u0107e.\" \/>\n<meta property=\"og:url\" content=\"https:\/\/bigbags.com\/sr\/obratite\/\" \/>\n<meta property=\"og:site_name\" content=\"Bigbags.com\" \/>\n<meta property=\"article:modified_time\" content=\"2018-10-24T13:43:50+00:00\" \/>\n<meta name=\"twitter:card\" content=\"summary\" \/>\n<meta name=\"twitter:image\" content=\"https:\/\/bigbags.com\/wp-content\/uploads\/2016\/12\/contact-1.svg\" \/>\n<script type=\"application\/ld+json\" class=\"yoast-schema-graph\">{\"@context\":\"https:\/\/schema.org\",\"@graph\":[{\"@type\":\"WebSite\",\"@id\":\"https:\/\/bigbags.com\/#website\",\"url\":\"https:\/\/bigbags.com\/\",\"name\":\"Bigbags.com\",\"description\":\"En nog een WordPress site\",\"potentialAction\":[{\"@type\":\"SearchAction\",\"target\":{\"@type\":\"EntryPoint\",\"urlTemplate\":\"https:\/\/bigbags.com\/?s={search_term_string}\"},\"query-input\":\"required name=search_term_string\"}],\"inLanguage\":\"sr-RS\"},{\"@type\":\"ImageObject\",\"@id\":\"https:\/\/bigbags.com\/sr\/obratite\/#primaryimage\",\"inLanguage\":\"sr-RS\",\"url\":\"https:\/\/bigbags.com\/wp-content\/uploads\/2016\/12\/contact-1.svg\",\"contentUrl\":\"https:\/\/bigbags.com\/wp-content\/uploads\/2016\/12\/contact-1.svg\"},{\"@type\":\"WebPage\",\"@id\":\"https:\/\/bigbags.com\/sr\/obratite\/#webpage\",\"url\":\"https:\/\/bigbags.com\/sr\/obratite\/\",\"name\":\"Obratite &ndash; Bigbags.com\",\"isPartOf\":{\"@id\":\"https:\/\/bigbags.com\/#website\"},\"primaryImageOfPage\":{\"@id\":\"https:\/\/bigbags.com\/sr\/obratite\/#primaryimage\"},\"datePublished\":\"2017-01-27T13:41:49+00:00\",\"dateModified\":\"2018-10-24T13:43:50+00:00\",\"breadcrumb\":{\"@id\":\"https:\/\/bigbags.com\/sr\/obratite\/#breadcrumb\"},\"inLanguage\":\"sr-RS\",\"potentialAction\":[{\"@type\":\"ReadAction\",\"target\":[\"https:\/\/bigbags.com\/sr\/obratite\/\"]}]},{\"@type\":\"BreadcrumbList\",\"@id\":\"https:\/\/bigbags.com\/sr\/obratite\/#breadcrumb\",\"itemListElement\":[{\"@type\":\"ListItem\",\"position\":1,\"name\":\"Home\",\"item\":\"https:\/\/bigbags.com\/sr\/\"},{\"@type\":\"ListItem\",\"position\":2,\"name\":\"Obratite\"}]}]}<\/script>\n<!-- \/ Yoast SEO plugin. -->","yoast_head_json":{"title":"Obratite &ndash; Bigbags.com","robots":{"index":"index","follow":"follow","max-snippet":"max-snippet:-1","max-image-preview":"max-image-preview:large","max-video-preview":"max-video-preview:-1"},"canonical":"https:\/\/bigbags.com\/sr\/obratite\/","og_locale":"sr_RS","og_type":"article","og_title":"Obratite &ndash; Bigbags.com","og_description":"Obratite nam se da biste dobili dodatne podatke Ispunite obrazac za kontaktiranje da biste saznali na\u0161e cene ili zatra\u017eili savet. Na\u0161i stru\u010dnjaci za velike vre\u0107e odgovori\u0107e na va\u0161 zahtev \u0161to je pre mogu\u0107e.","og_url":"https:\/\/bigbags.com\/sr\/obratite\/","og_site_name":"Bigbags.com","article_modified_time":"2018-10-24T13:43:50+00:00","twitter_card":"summary","twitter_image":"https:\/\/bigbags.com\/wp-content\/uploads\/2016\/12\/contact-1.svg","schema":{"@context":"https:\/\/schema.org","@graph":[{"@type":"WebSite","@id":"https:\/\/bigbags.com\/#website","url":"https:\/\/bigbags.com\/","name":"Bigbags.com","description":"En nog een WordPress site","potentialAction":[{"@type":"SearchAction","target":{"@type":"EntryPoint","urlTemplate":"https:\/\/bigbags.com\/?s={search_term_string}"},"query-input":"required name=search_term_string"}],"inLanguage":"sr-RS"},{"@type":"ImageObject","@id":"https:\/\/bigbags.com\/sr\/obratite\/#primaryimage","inLanguage":"sr-RS","url":"https:\/\/bigbags.com\/wp-content\/uploads\/2016\/12\/contact-1.svg","contentUrl":"https:\/\/bigbags.com\/wp-content\/uploads\/2016\/12\/contact-1.svg"},{"@type":"WebPage","@id":"https:\/\/bigbags.com\/sr\/obratite\/#webpage","url":"https:\/\/bigbags.com\/sr\/obratite\/","name":"Obratite &ndash; Bigbags.com","isPartOf":{"@id":"https:\/\/bigbags.com\/#website"},"primaryImageOfPage":{"@id":"https:\/\/bigbags.com\/sr\/obratite\/#primaryimage"},"datePublished":"2017-01-27T13:41:49+00:00","dateModified":"2018-10-24T13:43:50+00:00","breadcrumb":{"@id":"https:\/\/bigbags.com\/sr\/obratite\/#breadcrumb"},"inLanguage":"sr-RS","potentialAction":[{"@type":"ReadAction","target":["https:\/\/bigbags.com\/sr\/obratite\/"]}]},{"@type":"BreadcrumbList","@id":"https:\/\/bigbags.com\/sr\/obratite\/#breadcrumb","itemListElement":[{"@type":"ListItem","position":1,"name":"Home","item":"https:\/\/bigbags.com\/sr\/"},{"@type":"ListItem","position":2,"name":"Obratite"}]}]}},"_links":{"self":[{"href":"https:\/\/bigbags.com\/sr\/wp-json\/wp\/v2\/pages\/1737"}],"collection":[{"href":"https:\/\/bigbags.com\/sr\/wp-json\/wp\/v2\/pages"}],"about":[{"href":"https:\/\/bigbags.com\/sr\/wp-json\/wp\/v2\/types\/page"}],"author":[{"embeddable":true,"href":"https:\/\/bigbags.com\/sr\/wp-json\/wp\/v2\/users\/1"}],"replies":[{"embeddable":true,"href":"https:\/\/bigbags.com\/sr\/wp-json\/wp\/v2\/comments?post=1737"}],"version-history":[{"count":3,"href":"https:\/\/bigbags.com\/sr\/wp-json\/wp\/v2\/pages\/1737\/revisions"}],"predecessor-version":[{"id":2605,"href":"https:\/\/bigbags.com\/sr\/wp-json\/wp\/v2\/pages\/1737\/revisions\/2605"}],"wp:featuredmedia":[{"embeddable":true,"href":"https:\/\/bigbags.com\/sr\/wp-json\/wp\/v2\/media\/583"}],"wp:attachment":[{"href":"https:\/\/bigbags.com\/sr\/wp-json\/wp\/v2\/media?parent=1737"}],"curies":[{"name":"wp","href":"https:\/\/api.w.org\/{rel}","templated":true}]}}