{"id":1747,"date":"2017-01-27T12:06:02","date_gmt":"2017-01-27T11:06:02","guid":{"rendered":"http:\/\/bigbags.com\/?page_id=1747\/"},"modified":"2017-03-23T11:16:09","modified_gmt":"2017-03-23T10:16:09","slug":"uskladenost-sa-kvalitetom","status":"publish","type":"page","link":"https:\/\/bigbags.com\/sr\/uskladenost-sa-kvalitetom\/","title":{"rendered":"Uskla\u0111enost sa kvalitetom"},"content":{"rendered":"<h1>Uskla\u0111enost sa kvalitetom<\/h1>\n<p class=\"lead\">U kompaniji LC Packaging, kvalitet je na\u0161 najbolji poslovni model. Kvalitet je mnogo vi\u0161e od ja\u010dine na\u0161eg pakovanja: I to je kompletan paket.<\/p>\n<p>On se nalazi u materijalima koje koristimo, i u kvalitetu usluga koje pru\u017eamo, ali, isto tako, i u radnim uslovima u kojima se na\u0161e pakovanje proizvodi, kao i u smanjenju ekolo\u0161kog otiska. Na\u0161e posve\u0107eno odeljenje za kvalitet \u010dini sve da se budemo strogo u skladu sa svim vidovima kvaliteta. Kada se radi o kvalitetu, mi na\u0161im klijentima nudimo:<\/p>\n<ul>\n<li>Izvrstan kvalitet koji dolazi iz na\u0161eg odeljenja za kvalitet<\/li>\n<li>Uskla\u0111enost sa sveobuhvatnim portfoliom neophodnih standarda<\/li>\n<li>Pro\u0161ireni i pobolj\u0161ani standardi kvaliteta du\u017einom \u010ditavog lanca<\/li>\n<li>Saveti o kvalitetu da bi se zadovoljio va\u0161 program kvaliteta<\/li>\n<\/ul>\n<p>U kompaniji LC Packaging imamo sve neophodne sertifikate da za svaku industriju obezbedimo nabavku prave velike vre\u0107e. Uz to, na\u0161a organizacija i pakovanje zadovoljavaju sve propise i zahteve koji se ti\u010du bezbednosti koji spadaju u evropske standarde.<\/p>\n<p>Dodatni podaci o na\u0161im<a href=\"http:\/\/lcpackaging.com\/consistent-quality\"> zahtevima i sertifikatima<\/a> mogu se na\u0107i na veb-sajtu na\u0161e korporacije.<\/p>\n<p>&nbsp;<\/p>\n","protected":false},"excerpt":{"rendered":"<p>Uskla\u0111enost sa kvalitetom On se nalazi u materijalima koje koristimo, i u kvalitetu usluga koje pru\u017eamo, ali, isto tako, i u radnim uslovima u kojima se na\u0161e pakovanje proizvodi, kao i u smanjenju ekolo\u0161kog otiska. Na\u0161e posve\u0107eno odeljenje za kvalitet \u010dini sve da se budemo strogo u skladu sa svim vidovima kvaliteta. Kada se radi [&hellip;]<\/p>\n","protected":false},"author":1,"featured_media":0,"parent":0,"menu_order":0,"comment_status":"closed","ping_status":"closed","template":"","meta":{"inline_featured_image":false},"yoast_head":"<!-- This site is optimized with the Yoast SEO plugin v18.6 - https:\/\/yoast.com\/wordpress\/plugins\/seo\/ -->\n<title>Uskla\u0111enost sa kvalitetom &ndash; Bigbags.com<\/title>\n<meta name=\"robots\" content=\"index, follow, max-snippet:-1, max-image-preview:large, max-video-preview:-1\" \/>\n<link rel=\"canonical\" href=\"https:\/\/bigbags.com\/sr\/uskladenost-sa-kvalitetom\/\" \/>\n<meta property=\"og:locale\" content=\"sr_RS\" \/>\n<meta property=\"og:type\" content=\"article\" \/>\n<meta property=\"og:title\" content=\"Uskla\u0111enost sa kvalitetom &ndash; Bigbags.com\" \/>\n<meta property=\"og:description\" content=\"Uskla\u0111enost sa kvalitetom On se nalazi u materijalima koje koristimo, i u kvalitetu usluga koje pru\u017eamo, ali, isto tako, i u radnim uslovima u kojima se na\u0161e pakovanje proizvodi, kao i u smanjenju ekolo\u0161kog otiska. Na\u0161e posve\u0107eno odeljenje za kvalitet \u010dini sve da se budemo strogo u skladu sa svim vidovima kvaliteta. Kada se radi [&hellip;]\" \/>\n<meta property=\"og:url\" content=\"https:\/\/bigbags.com\/sr\/uskladenost-sa-kvalitetom\/\" \/>\n<meta property=\"og:site_name\" content=\"Bigbags.com\" \/>\n<meta property=\"article:modified_time\" content=\"2017-03-23T10:16:09+00:00\" \/>\n<meta name=\"twitter:card\" content=\"summary\" \/>\n<meta name=\"twitter:label1\" content=\"\u041f\u0440\u043e\u0446\u0435\u045a\u0435\u043d\u043e \u0432\u0440\u0435\u043c\u0435 \u0447\u0438\u0442\u0430\u045a\u0430\" \/>\n\t<meta name=\"twitter:data1\" content=\"1 \u043c\u0438\u043d\u0443\u0442\" \/>\n<script type=\"application\/ld+json\" class=\"yoast-schema-graph\">{\"@context\":\"https:\/\/schema.org\",\"@graph\":[{\"@type\":\"WebSite\",\"@id\":\"https:\/\/bigbags.com\/#website\",\"url\":\"https:\/\/bigbags.com\/\",\"name\":\"Bigbags.com\",\"description\":\"En nog een WordPress site\",\"potentialAction\":[{\"@type\":\"SearchAction\",\"target\":{\"@type\":\"EntryPoint\",\"urlTemplate\":\"https:\/\/bigbags.com\/?s={search_term_string}\"},\"query-input\":\"required name=search_term_string\"}],\"inLanguage\":\"sr-RS\"},{\"@type\":\"WebPage\",\"@id\":\"https:\/\/bigbags.com\/sr\/uskladenost-sa-kvalitetom\/#webpage\",\"url\":\"https:\/\/bigbags.com\/sr\/uskladenost-sa-kvalitetom\/\",\"name\":\"Uskla\u0111enost sa kvalitetom &ndash; Bigbags.com\",\"isPartOf\":{\"@id\":\"https:\/\/bigbags.com\/#website\"},\"datePublished\":\"2017-01-27T11:06:02+00:00\",\"dateModified\":\"2017-03-23T10:16:09+00:00\",\"breadcrumb\":{\"@id\":\"https:\/\/bigbags.com\/sr\/uskladenost-sa-kvalitetom\/#breadcrumb\"},\"inLanguage\":\"sr-RS\",\"potentialAction\":[{\"@type\":\"ReadAction\",\"target\":[\"https:\/\/bigbags.com\/sr\/uskladenost-sa-kvalitetom\/\"]}]},{\"@type\":\"BreadcrumbList\",\"@id\":\"https:\/\/bigbags.com\/sr\/uskladenost-sa-kvalitetom\/#breadcrumb\",\"itemListElement\":[{\"@type\":\"ListItem\",\"position\":1,\"name\":\"Home\",\"item\":\"https:\/\/bigbags.com\/sr\/\"},{\"@type\":\"ListItem\",\"position\":2,\"name\":\"Uskla\u0111enost sa kvalitetom\"}]}]}<\/script>\n<!-- \/ Yoast SEO plugin. -->","yoast_head_json":{"title":"Uskla\u0111enost sa kvalitetom &ndash; Bigbags.com","robots":{"index":"index","follow":"follow","max-snippet":"max-snippet:-1","max-image-preview":"max-image-preview:large","max-video-preview":"max-video-preview:-1"},"canonical":"https:\/\/bigbags.com\/sr\/uskladenost-sa-kvalitetom\/","og_locale":"sr_RS","og_type":"article","og_title":"Uskla\u0111enost sa kvalitetom &ndash; Bigbags.com","og_description":"Uskla\u0111enost sa kvalitetom On se nalazi u materijalima koje koristimo, i u kvalitetu usluga koje pru\u017eamo, ali, isto tako, i u radnim uslovima u kojima se na\u0161e pakovanje proizvodi, kao i u smanjenju ekolo\u0161kog otiska. Na\u0161e posve\u0107eno odeljenje za kvalitet \u010dini sve da se budemo strogo u skladu sa svim vidovima kvaliteta. Kada se radi [&hellip;]","og_url":"https:\/\/bigbags.com\/sr\/uskladenost-sa-kvalitetom\/","og_site_name":"Bigbags.com","article_modified_time":"2017-03-23T10:16:09+00:00","twitter_card":"summary","twitter_misc":{"\u041f\u0440\u043e\u0446\u0435\u045a\u0435\u043d\u043e \u0432\u0440\u0435\u043c\u0435 \u0447\u0438\u0442\u0430\u045a\u0430":"1 \u043c\u0438\u043d\u0443\u0442"},"schema":{"@context":"https:\/\/schema.org","@graph":[{"@type":"WebSite","@id":"https:\/\/bigbags.com\/#website","url":"https:\/\/bigbags.com\/","name":"Bigbags.com","description":"En nog een WordPress site","potentialAction":[{"@type":"SearchAction","target":{"@type":"EntryPoint","urlTemplate":"https:\/\/bigbags.com\/?s={search_term_string}"},"query-input":"required name=search_term_string"}],"inLanguage":"sr-RS"},{"@type":"WebPage","@id":"https:\/\/bigbags.com\/sr\/uskladenost-sa-kvalitetom\/#webpage","url":"https:\/\/bigbags.com\/sr\/uskladenost-sa-kvalitetom\/","name":"Uskla\u0111enost sa kvalitetom &ndash; Bigbags.com","isPartOf":{"@id":"https:\/\/bigbags.com\/#website"},"datePublished":"2017-01-27T11:06:02+00:00","dateModified":"2017-03-23T10:16:09+00:00","breadcrumb":{"@id":"https:\/\/bigbags.com\/sr\/uskladenost-sa-kvalitetom\/#breadcrumb"},"inLanguage":"sr-RS","potentialAction":[{"@type":"ReadAction","target":["https:\/\/bigbags.com\/sr\/uskladenost-sa-kvalitetom\/"]}]},{"@type":"BreadcrumbList","@id":"https:\/\/bigbags.com\/sr\/uskladenost-sa-kvalitetom\/#breadcrumb","itemListElement":[{"@type":"ListItem","position":1,"name":"Home","item":"https:\/\/bigbags.com\/sr\/"},{"@type":"ListItem","position":2,"name":"Uskla\u0111enost sa kvalitetom"}]}]}},"_links":{"self":[{"href":"https:\/\/bigbags.com\/sr\/wp-json\/wp\/v2\/pages\/1747"}],"collection":[{"href":"https:\/\/bigbags.com\/sr\/wp-json\/wp\/v2\/pages"}],"about":[{"href":"https:\/\/bigbags.com\/sr\/wp-json\/wp\/v2\/types\/page"}],"author":[{"embeddable":true,"href":"https:\/\/bigbags.com\/sr\/wp-json\/wp\/v2\/users\/1"}],"replies":[{"embeddable":true,"href":"https:\/\/bigbags.com\/sr\/wp-json\/wp\/v2\/comments?post=1747"}],"version-history":[{"count":1,"href":"https:\/\/bigbags.com\/sr\/wp-json\/wp\/v2\/pages\/1747\/revisions"}],"predecessor-version":[{"id":1749,"href":"https:\/\/bigbags.com\/sr\/wp-json\/wp\/v2\/pages\/1747\/revisions\/1749"}],"wp:attachment":[{"href":"https:\/\/bigbags.com\/sr\/wp-json\/wp\/v2\/media?parent=1747"}],"curies":[{"name":"wp","href":"https:\/\/api.w.org\/{rel}","templated":true}]}}