{"id":1756,"date":"2017-01-27T12:26:29","date_gmt":"2017-01-27T11:26:29","guid":{"rendered":"http:\/\/bigbags.com\/?page_id=1756\/"},"modified":"2017-01-27T14:45:21","modified_gmt":"2017-01-27T13:45:21","slug":"prednosti-velike-vrece","status":"publish","type":"page","link":"https:\/\/bigbags.com\/sr\/zasto-bas-nase-velike-vrece\/prednosti-velike-vrece\/","title":{"rendered":"Prednosti velike vre\u0107e"},"content":{"rendered":"<h2>Prednosti velike vre\u0107e<\/h2>\n<p class=\"lead\">Velike vre\u0107e, koje se jo\u0161 zovu i FIBC kontejneri, rinfuzne vre\u0107e ili d\u017eambo vre\u0107e, predstavljaju idealno re\u0161enje za privremeno \u010duvanje i prevoz suve rinfuzne robe. To podrazumeva pra\u0161kaste materijale, rude, agregate i druge sastojke. Prednost velikih vre\u0107a na prvi pogled:<\/p>\n<ul>\n<li>Veoma isplativo pakovanje<\/li>\n<li>Lako rukovanje &#8211; optimizuje logisti\u010dke potrebe va\u0161ih kupaca<\/li>\n<li>U potpunosti u skladu sa strogim higijenskim standardima koji se primenjuju u prehrambenoj i farmaceutskoj proizvodnji<\/li>\n<li>Bezbedno nosi do hiljadu puta svoju te\u017einu<\/li>\n<li>Nema potrebe za sekundarnim pakovanjem<\/li>\n<li>Lagane, zauzimaju malo prostora \u2013 u\u0161teda kod skladi\u0161tenja<\/li>\n<li>\u0160tampane vre\u0107e slu\u017ee kao pokretna reklama, odnosno, napominju najva\u017enije podatke o proizvodu<\/li>\n<li>Poma\u017eu da se protok otpada svede na najmanju mogu\u0107u meru<\/li>\n<li><a href=\"http:\/\/www.worldbag.com\/\">Recikla\u017ea i prerada<\/a><\/li>\n<li>Velike vre\u0107e se mogu prilagoditi va\u0161im odre\u0111enim zahtevima<\/li>\n<\/ul>\n","protected":false},"excerpt":{"rendered":"<p>Prednosti velike vre\u0107e Veoma isplativo pakovanje Lako rukovanje &#8211; optimizuje logisti\u010dke potrebe va\u0161ih kupaca U potpunosti u skladu sa strogim higijenskim standardima koji se primenjuju u prehrambenoj i farmaceutskoj proizvodnji Bezbedno nosi do hiljadu puta svoju te\u017einu Nema potrebe za sekundarnim pakovanjem Lagane, zauzimaju malo prostora \u2013 u\u0161teda kod skladi\u0161tenja \u0160tampane vre\u0107e slu\u017ee kao pokretna [&hellip;]<\/p>\n","protected":false},"author":1,"featured_media":0,"parent":1753,"menu_order":0,"comment_status":"closed","ping_status":"closed","template":"","meta":{"inline_featured_image":false},"yoast_head":"<!-- This site is optimized with the Yoast SEO plugin v18.6 - https:\/\/yoast.com\/wordpress\/plugins\/seo\/ -->\n<title>Prednosti velike vre\u0107e &ndash; Bigbags.com<\/title>\n<meta name=\"robots\" content=\"index, follow, max-snippet:-1, max-image-preview:large, max-video-preview:-1\" \/>\n<link rel=\"canonical\" href=\"https:\/\/bigbags.com\/sr\/zasto-bas-nase-velike-vrece\/prednosti-velike-vrece\/\" \/>\n<meta property=\"og:locale\" content=\"sr_RS\" \/>\n<meta property=\"og:type\" content=\"article\" \/>\n<meta property=\"og:title\" content=\"Prednosti velike vre\u0107e &ndash; Bigbags.com\" \/>\n<meta property=\"og:description\" content=\"Prednosti velike vre\u0107e Veoma isplativo pakovanje Lako rukovanje &#8211; optimizuje logisti\u010dke potrebe va\u0161ih kupaca U potpunosti u skladu sa strogim higijenskim standardima koji se primenjuju u prehrambenoj i farmaceutskoj proizvodnji Bezbedno nosi do hiljadu puta svoju te\u017einu Nema potrebe za sekundarnim pakovanjem Lagane, zauzimaju malo prostora \u2013 u\u0161teda kod skladi\u0161tenja \u0160tampane vre\u0107e slu\u017ee kao pokretna [&hellip;]\" \/>\n<meta property=\"og:url\" content=\"https:\/\/bigbags.com\/sr\/zasto-bas-nase-velike-vrece\/prednosti-velike-vrece\/\" \/>\n<meta property=\"og:site_name\" content=\"Bigbags.com\" \/>\n<meta property=\"article:modified_time\" content=\"2017-01-27T13:45:21+00:00\" \/>\n<meta name=\"twitter:card\" content=\"summary\" \/>\n<meta name=\"twitter:label1\" content=\"\u041f\u0440\u043e\u0446\u0435\u045a\u0435\u043d\u043e \u0432\u0440\u0435\u043c\u0435 \u0447\u0438\u0442\u0430\u045a\u0430\" \/>\n\t<meta name=\"twitter:data1\" content=\"1 \u043c\u0438\u043d\u0443\u0442\" \/>\n<script type=\"application\/ld+json\" class=\"yoast-schema-graph\">{\"@context\":\"https:\/\/schema.org\",\"@graph\":[{\"@type\":\"WebSite\",\"@id\":\"https:\/\/bigbags.com\/#website\",\"url\":\"https:\/\/bigbags.com\/\",\"name\":\"Bigbags.com\",\"description\":\"En nog een WordPress site\",\"potentialAction\":[{\"@type\":\"SearchAction\",\"target\":{\"@type\":\"EntryPoint\",\"urlTemplate\":\"https:\/\/bigbags.com\/?s={search_term_string}\"},\"query-input\":\"required name=search_term_string\"}],\"inLanguage\":\"sr-RS\"},{\"@type\":\"WebPage\",\"@id\":\"https:\/\/bigbags.com\/sr\/zasto-bas-nase-velike-vrece\/prednosti-velike-vrece\/#webpage\",\"url\":\"https:\/\/bigbags.com\/sr\/zasto-bas-nase-velike-vrece\/prednosti-velike-vrece\/\",\"name\":\"Prednosti velike vre\u0107e &ndash; Bigbags.com\",\"isPartOf\":{\"@id\":\"https:\/\/bigbags.com\/#website\"},\"datePublished\":\"2017-01-27T11:26:29+00:00\",\"dateModified\":\"2017-01-27T13:45:21+00:00\",\"breadcrumb\":{\"@id\":\"https:\/\/bigbags.com\/sr\/zasto-bas-nase-velike-vrece\/prednosti-velike-vrece\/#breadcrumb\"},\"inLanguage\":\"sr-RS\",\"potentialAction\":[{\"@type\":\"ReadAction\",\"target\":[\"https:\/\/bigbags.com\/sr\/zasto-bas-nase-velike-vrece\/prednosti-velike-vrece\/\"]}]},{\"@type\":\"BreadcrumbList\",\"@id\":\"https:\/\/bigbags.com\/sr\/zasto-bas-nase-velike-vrece\/prednosti-velike-vrece\/#breadcrumb\",\"itemListElement\":[{\"@type\":\"ListItem\",\"position\":1,\"name\":\"Home\",\"item\":\"https:\/\/bigbags.com\/sr\/\"},{\"@type\":\"ListItem\",\"position\":2,\"name\":\"Za\u0161to ba\u0161 na\u0161e velike vre\u0107e\",\"item\":\"https:\/\/bigbags.com\/sr\/zasto-bas-nase-velike-vrece\/\"},{\"@type\":\"ListItem\",\"position\":3,\"name\":\"Prednosti velike vre\u0107e\"}]}]}<\/script>\n<!-- \/ Yoast SEO plugin. -->","yoast_head_json":{"title":"Prednosti velike vre\u0107e &ndash; Bigbags.com","robots":{"index":"index","follow":"follow","max-snippet":"max-snippet:-1","max-image-preview":"max-image-preview:large","max-video-preview":"max-video-preview:-1"},"canonical":"https:\/\/bigbags.com\/sr\/zasto-bas-nase-velike-vrece\/prednosti-velike-vrece\/","og_locale":"sr_RS","og_type":"article","og_title":"Prednosti velike vre\u0107e &ndash; Bigbags.com","og_description":"Prednosti velike vre\u0107e Veoma isplativo pakovanje Lako rukovanje &#8211; optimizuje logisti\u010dke potrebe va\u0161ih kupaca U potpunosti u skladu sa strogim higijenskim standardima koji se primenjuju u prehrambenoj i farmaceutskoj proizvodnji Bezbedno nosi do hiljadu puta svoju te\u017einu Nema potrebe za sekundarnim pakovanjem Lagane, zauzimaju malo prostora \u2013 u\u0161teda kod skladi\u0161tenja \u0160tampane vre\u0107e slu\u017ee kao pokretna [&hellip;]","og_url":"https:\/\/bigbags.com\/sr\/zasto-bas-nase-velike-vrece\/prednosti-velike-vrece\/","og_site_name":"Bigbags.com","article_modified_time":"2017-01-27T13:45:21+00:00","twitter_card":"summary","twitter_misc":{"\u041f\u0440\u043e\u0446\u0435\u045a\u0435\u043d\u043e \u0432\u0440\u0435\u043c\u0435 \u0447\u0438\u0442\u0430\u045a\u0430":"1 \u043c\u0438\u043d\u0443\u0442"},"schema":{"@context":"https:\/\/schema.org","@graph":[{"@type":"WebSite","@id":"https:\/\/bigbags.com\/#website","url":"https:\/\/bigbags.com\/","name":"Bigbags.com","description":"En nog een WordPress site","potentialAction":[{"@type":"SearchAction","target":{"@type":"EntryPoint","urlTemplate":"https:\/\/bigbags.com\/?s={search_term_string}"},"query-input":"required name=search_term_string"}],"inLanguage":"sr-RS"},{"@type":"WebPage","@id":"https:\/\/bigbags.com\/sr\/zasto-bas-nase-velike-vrece\/prednosti-velike-vrece\/#webpage","url":"https:\/\/bigbags.com\/sr\/zasto-bas-nase-velike-vrece\/prednosti-velike-vrece\/","name":"Prednosti velike vre\u0107e &ndash; Bigbags.com","isPartOf":{"@id":"https:\/\/bigbags.com\/#website"},"datePublished":"2017-01-27T11:26:29+00:00","dateModified":"2017-01-27T13:45:21+00:00","breadcrumb":{"@id":"https:\/\/bigbags.com\/sr\/zasto-bas-nase-velike-vrece\/prednosti-velike-vrece\/#breadcrumb"},"inLanguage":"sr-RS","potentialAction":[{"@type":"ReadAction","target":["https:\/\/bigbags.com\/sr\/zasto-bas-nase-velike-vrece\/prednosti-velike-vrece\/"]}]},{"@type":"BreadcrumbList","@id":"https:\/\/bigbags.com\/sr\/zasto-bas-nase-velike-vrece\/prednosti-velike-vrece\/#breadcrumb","itemListElement":[{"@type":"ListItem","position":1,"name":"Home","item":"https:\/\/bigbags.com\/sr\/"},{"@type":"ListItem","position":2,"name":"Za\u0161to ba\u0161 na\u0161e velike vre\u0107e","item":"https:\/\/bigbags.com\/sr\/zasto-bas-nase-velike-vrece\/"},{"@type":"ListItem","position":3,"name":"Prednosti velike vre\u0107e"}]}]}},"_links":{"self":[{"href":"https:\/\/bigbags.com\/sr\/wp-json\/wp\/v2\/pages\/1756"}],"collection":[{"href":"https:\/\/bigbags.com\/sr\/wp-json\/wp\/v2\/pages"}],"about":[{"href":"https:\/\/bigbags.com\/sr\/wp-json\/wp\/v2\/types\/page"}],"author":[{"embeddable":true,"href":"https:\/\/bigbags.com\/sr\/wp-json\/wp\/v2\/users\/1"}],"replies":[{"embeddable":true,"href":"https:\/\/bigbags.com\/sr\/wp-json\/wp\/v2\/comments?post=1756"}],"version-history":[{"count":1,"href":"https:\/\/bigbags.com\/sr\/wp-json\/wp\/v2\/pages\/1756\/revisions"}],"predecessor-version":[{"id":1758,"href":"https:\/\/bigbags.com\/sr\/wp-json\/wp\/v2\/pages\/1756\/revisions\/1758"}],"up":[{"embeddable":true,"href":"https:\/\/bigbags.com\/sr\/wp-json\/wp\/v2\/pages\/1753"}],"wp:attachment":[{"href":"https:\/\/bigbags.com\/sr\/wp-json\/wp\/v2\/media?parent=1756"}],"curies":[{"name":"wp","href":"https:\/\/api.w.org\/{rel}","templated":true}]}}