{"id":1759,"date":"2017-01-27T12:34:11","date_gmt":"2017-01-27T11:34:11","guid":{"rendered":"http:\/\/bigbags.com\/?page_id=1759\/"},"modified":"2024-01-02T11:29:14","modified_gmt":"2024-01-02T10:29:14","slug":"prednosti-fibc-kontejnera-kompanije-lc-packaging","status":"publish","type":"page","link":"https:\/\/bigbags.com\/sr\/zasto-bas-nase-velike-vrece\/prednosti-fibc-kontejnera-kompanije-lc-packaging\/","title":{"rendered":"Prednosti FIBC kontejnera kompanije LC Packaging"},"content":{"rendered":"","protected":false},"excerpt":{"rendered":"","protected":false},"author":1,"featured_media":0,"parent":1753,"menu_order":0,"comment_status":"closed","ping_status":"closed","template":"page-advantages.php","meta":{"inline_featured_image":false},"yoast_head":"<!-- This site is optimized with the Yoast SEO plugin v18.6 - https:\/\/yoast.com\/wordpress\/plugins\/seo\/ -->\n<title>Prednosti FIBC kontejnera kompanije LC Packaging &ndash; Bigbags.com<\/title>\n<meta name=\"robots\" content=\"index, follow, max-snippet:-1, max-image-preview:large, max-video-preview:-1\" \/>\n<link rel=\"canonical\" href=\"https:\/\/bigbags.com\/sr\/zasto-bas-nase-velike-vrece\/prednosti-fibc-kontejnera-kompanije-lc-packaging\/\" \/>\n<meta property=\"og:locale\" content=\"sr_RS\" \/>\n<meta property=\"og:type\" content=\"article\" \/>\n<meta property=\"og:title\" content=\"Prednosti FIBC kontejnera kompanije LC Packaging &ndash; Bigbags.com\" \/>\n<meta property=\"og:url\" content=\"https:\/\/bigbags.com\/sr\/zasto-bas-nase-velike-vrece\/prednosti-fibc-kontejnera-kompanije-lc-packaging\/\" \/>\n<meta property=\"og:site_name\" content=\"Bigbags.com\" \/>\n<meta property=\"article:modified_time\" content=\"2024-01-02T10:29:14+00:00\" \/>\n<meta name=\"twitter:card\" content=\"summary\" \/>\n<script type=\"application\/ld+json\" class=\"yoast-schema-graph\">{\"@context\":\"https:\/\/schema.org\",\"@graph\":[{\"@type\":\"WebSite\",\"@id\":\"https:\/\/bigbags.com\/#website\",\"url\":\"https:\/\/bigbags.com\/\",\"name\":\"Bigbags.com\",\"description\":\"En nog een WordPress site\",\"potentialAction\":[{\"@type\":\"SearchAction\",\"target\":{\"@type\":\"EntryPoint\",\"urlTemplate\":\"https:\/\/bigbags.com\/?s={search_term_string}\"},\"query-input\":\"required name=search_term_string\"}],\"inLanguage\":\"sr-RS\"},{\"@type\":\"WebPage\",\"@id\":\"https:\/\/bigbags.com\/sr\/zasto-bas-nase-velike-vrece\/prednosti-fibc-kontejnera-kompanije-lc-packaging\/#webpage\",\"url\":\"https:\/\/bigbags.com\/sr\/zasto-bas-nase-velike-vrece\/prednosti-fibc-kontejnera-kompanije-lc-packaging\/\",\"name\":\"Prednosti FIBC kontejnera kompanije LC Packaging &ndash; Bigbags.com\",\"isPartOf\":{\"@id\":\"https:\/\/bigbags.com\/#website\"},\"datePublished\":\"2017-01-27T11:34:11+00:00\",\"dateModified\":\"2024-01-02T10:29:14+00:00\",\"breadcrumb\":{\"@id\":\"https:\/\/bigbags.com\/sr\/zasto-bas-nase-velike-vrece\/prednosti-fibc-kontejnera-kompanije-lc-packaging\/#breadcrumb\"},\"inLanguage\":\"sr-RS\",\"potentialAction\":[{\"@type\":\"ReadAction\",\"target\":[\"https:\/\/bigbags.com\/sr\/zasto-bas-nase-velike-vrece\/prednosti-fibc-kontejnera-kompanije-lc-packaging\/\"]}]},{\"@type\":\"BreadcrumbList\",\"@id\":\"https:\/\/bigbags.com\/sr\/zasto-bas-nase-velike-vrece\/prednosti-fibc-kontejnera-kompanije-lc-packaging\/#breadcrumb\",\"itemListElement\":[{\"@type\":\"ListItem\",\"position\":1,\"name\":\"Home\",\"item\":\"https:\/\/bigbags.com\/sr\/\"},{\"@type\":\"ListItem\",\"position\":2,\"name\":\"Za\u0161to ba\u0161 na\u0161e velike vre\u0107e\",\"item\":\"https:\/\/bigbags.com\/sr\/zasto-bas-nase-velike-vrece\/\"},{\"@type\":\"ListItem\",\"position\":3,\"name\":\"Prednosti FIBC kontejnera kompanije LC Packaging\"}]}]}<\/script>\n<!-- \/ Yoast SEO plugin. -->","yoast_head_json":{"title":"Prednosti FIBC kontejnera kompanije LC Packaging &ndash; Bigbags.com","robots":{"index":"index","follow":"follow","max-snippet":"max-snippet:-1","max-image-preview":"max-image-preview:large","max-video-preview":"max-video-preview:-1"},"canonical":"https:\/\/bigbags.com\/sr\/zasto-bas-nase-velike-vrece\/prednosti-fibc-kontejnera-kompanije-lc-packaging\/","og_locale":"sr_RS","og_type":"article","og_title":"Prednosti FIBC kontejnera kompanije LC Packaging &ndash; Bigbags.com","og_url":"https:\/\/bigbags.com\/sr\/zasto-bas-nase-velike-vrece\/prednosti-fibc-kontejnera-kompanije-lc-packaging\/","og_site_name":"Bigbags.com","article_modified_time":"2024-01-02T10:29:14+00:00","twitter_card":"summary","schema":{"@context":"https:\/\/schema.org","@graph":[{"@type":"WebSite","@id":"https:\/\/bigbags.com\/#website","url":"https:\/\/bigbags.com\/","name":"Bigbags.com","description":"En nog een WordPress site","potentialAction":[{"@type":"SearchAction","target":{"@type":"EntryPoint","urlTemplate":"https:\/\/bigbags.com\/?s={search_term_string}"},"query-input":"required name=search_term_string"}],"inLanguage":"sr-RS"},{"@type":"WebPage","@id":"https:\/\/bigbags.com\/sr\/zasto-bas-nase-velike-vrece\/prednosti-fibc-kontejnera-kompanije-lc-packaging\/#webpage","url":"https:\/\/bigbags.com\/sr\/zasto-bas-nase-velike-vrece\/prednosti-fibc-kontejnera-kompanije-lc-packaging\/","name":"Prednosti FIBC kontejnera kompanije LC Packaging &ndash; Bigbags.com","isPartOf":{"@id":"https:\/\/bigbags.com\/#website"},"datePublished":"2017-01-27T11:34:11+00:00","dateModified":"2024-01-02T10:29:14+00:00","breadcrumb":{"@id":"https:\/\/bigbags.com\/sr\/zasto-bas-nase-velike-vrece\/prednosti-fibc-kontejnera-kompanije-lc-packaging\/#breadcrumb"},"inLanguage":"sr-RS","potentialAction":[{"@type":"ReadAction","target":["https:\/\/bigbags.com\/sr\/zasto-bas-nase-velike-vrece\/prednosti-fibc-kontejnera-kompanije-lc-packaging\/"]}]},{"@type":"BreadcrumbList","@id":"https:\/\/bigbags.com\/sr\/zasto-bas-nase-velike-vrece\/prednosti-fibc-kontejnera-kompanije-lc-packaging\/#breadcrumb","itemListElement":[{"@type":"ListItem","position":1,"name":"Home","item":"https:\/\/bigbags.com\/sr\/"},{"@type":"ListItem","position":2,"name":"Za\u0161to ba\u0161 na\u0161e velike vre\u0107e","item":"https:\/\/bigbags.com\/sr\/zasto-bas-nase-velike-vrece\/"},{"@type":"ListItem","position":3,"name":"Prednosti FIBC kontejnera kompanije LC Packaging"}]}]}},"_links":{"self":[{"href":"https:\/\/bigbags.com\/sr\/wp-json\/wp\/v2\/pages\/1759"}],"collection":[{"href":"https:\/\/bigbags.com\/sr\/wp-json\/wp\/v2\/pages"}],"about":[{"href":"https:\/\/bigbags.com\/sr\/wp-json\/wp\/v2\/types\/page"}],"author":[{"embeddable":true,"href":"https:\/\/bigbags.com\/sr\/wp-json\/wp\/v2\/users\/1"}],"replies":[{"embeddable":true,"href":"https:\/\/bigbags.com\/sr\/wp-json\/wp\/v2\/comments?post=1759"}],"version-history":[{"count":3,"href":"https:\/\/bigbags.com\/sr\/wp-json\/wp\/v2\/pages\/1759\/revisions"}],"predecessor-version":[{"id":5304,"href":"https:\/\/bigbags.com\/sr\/wp-json\/wp\/v2\/pages\/1759\/revisions\/5304"}],"up":[{"embeddable":true,"href":"https:\/\/bigbags.com\/sr\/wp-json\/wp\/v2\/pages\/1753"}],"wp:attachment":[{"href":"https:\/\/bigbags.com\/sr\/wp-json\/wp\/v2\/media?parent=1759"}],"curies":[{"name":"wp","href":"https:\/\/api.w.org\/{rel}","templated":true}]}}