{"id":1837,"date":"2017-01-31T14:28:12","date_gmt":"2017-01-31T13:28:12","guid":{"rendered":"http:\/\/bigbags.com\/?page_id=1837\/"},"modified":"2017-01-31T14:47:20","modified_gmt":"2017-01-31T13:47:20","slug":"odrzivost","status":"publish","type":"page","link":"https:\/\/bigbags.com\/sr\/odrzivost\/","title":{"rendered":"Odr\u017eivost"},"content":{"rendered":"<h1>Odr\u017eivost<\/h1>\n<h1>Sustainability<\/h1>\n<p class=\"lead\">Nijedna kompanija ne mo\u017ee da stvori reputaciju zasnovanu na onom \u0161to planira da uradi, ve\u0107 samo na onom \u0161to je ve\u0107 ostvareno. \u0160ta god da uradimo, poku\u0161avamo da uradimo kako treba.<\/p>\n<p>Na\u0161a vizija jeste da uklju\u010dimo sve na\u0161e interesne grupe u \u017eelji da pru\u017eimo odr\u017eiva re\u0161enja za pakovanje, dok istovremeno na najmanju meru svodimo uticaj na \u010dovekovu okolinu i bacanje vrednih proizvoda, a te\u017eimo i oboga\u0107enju zajednica u kojima poslujemo, da bismo iza sebe ostavili bolji svet za budu\u0107e generacije koje \u0107e u njemu u\u017eivati.<\/p>\n<p>Zajedno sa na\u0161im partnerima, te\u017eimo ka tome da damo doprinos razvoju globalno odr\u017eivih ciljeva tako \u0161to smo obezbedili:<\/p>\n<ul>\n<li>Odr\u017eiv lanac nabavke, uklju\u010duju\u0107i tu i odr\u017eivo obezbe\u0111ivanje izvora i proizvodnje<\/li>\n<li>Dobrobit na\u0161ih ljudi i zajednica u kojima poslujemo<\/li>\n<li>Svo\u0111enje uticaja na \u010dovekovu okolinu na najmanju meru<\/li>\n<li>Odr\u017eiva re\u0161enja za pakovanje i inovaciju<\/li>\n<\/ul>\n<p>Anga\u017eovani smo u partnerstvu sa na\u0161im klijentima u vezi sa zajedni\u010dkim vrednostima, standardima i odgovornostima da bismo obezbedili da \u010ditav lanac bude u skladu sa zahtevima tr\u017ei\u0161ta, a koji se ti\u010du odr\u017eivosti. Te\u017eimo ka tome da zadovoljimo ili prevazi\u0111emo o\u010dekivanja krajnjih korisnika i damo konkurentnu prednost.<\/p>\n<p>Godine 2016., LC Packaging je osnovao<a href=\"http:\/\/www.lcsupportsfoundation.com\/#first\"> LC fondaciju za podr\u0161ku<\/a>. Cilj ove dobrotvorne fondacije jeste da se da doprinos pobolj\u0161anju dobrobiti i \u017eivotne sredine zemalja i lokalnih zajednica u kojima je kompanija LC Packaging aktivna.<\/p>\n<p>LC Packaging sertifikacija podrazumeva SA 8000, EcoVadis, ISO 14001 i OHSAS 18001, a i ponosni smo \u010dlan inicijative UN Global Compact. Dodatne podatke u vezi sa <a href=\"https:\/\/bigbags.com\/sr\/odrzivost\/\">odr\u017eivo\u0161\u0107u<\/a> mogu se na\u0107i veb-sajtu na\u0161e korporacije.<\/p>\n<hr \/>\n<h2><\/h2>\n<h2>Video snimak kompanije LC Packaging o odr\u017eivosti<\/h2>\n<p><iframe loading=\"lazy\" src=\"https:\/\/www.youtube.com\/embed\/Y0HjsysGXpo\" width=\"100%\" height=\"444\" frameborder=\"0\" allowfullscreen=\"allowfullscreen\"><\/iframe><\/p>\n","protected":false},"excerpt":{"rendered":"<p>Odr\u017eivost Sustainability Na\u0161a vizija jeste da uklju\u010dimo sve na\u0161e interesne grupe u \u017eelji da pru\u017eimo odr\u017eiva re\u0161enja za pakovanje, dok istovremeno na najmanju meru svodimo uticaj na \u010dovekovu okolinu i bacanje vrednih proizvoda, a te\u017eimo i oboga\u0107enju zajednica u kojima poslujemo, da bismo iza sebe ostavili bolji svet za budu\u0107e generacije koje \u0107e u njemu [&hellip;]<\/p>\n","protected":false},"author":1,"featured_media":0,"parent":0,"menu_order":0,"comment_status":"closed","ping_status":"closed","template":"","meta":{"inline_featured_image":false},"yoast_head":"<!-- This site is optimized with the Yoast SEO plugin v18.6 - https:\/\/yoast.com\/wordpress\/plugins\/seo\/ -->\n<title>Odr\u017eivost &ndash; Bigbags.com<\/title>\n<meta name=\"robots\" content=\"index, follow, max-snippet:-1, max-image-preview:large, max-video-preview:-1\" \/>\n<link rel=\"canonical\" href=\"https:\/\/bigbags.com\/sr\/odrzivost\/\" \/>\n<meta property=\"og:locale\" content=\"sr_RS\" \/>\n<meta property=\"og:type\" content=\"article\" \/>\n<meta property=\"og:title\" content=\"Odr\u017eivost &ndash; Bigbags.com\" \/>\n<meta property=\"og:description\" content=\"Odr\u017eivost Sustainability Na\u0161a vizija jeste da uklju\u010dimo sve na\u0161e interesne grupe u \u017eelji da pru\u017eimo odr\u017eiva re\u0161enja za pakovanje, dok istovremeno na najmanju meru svodimo uticaj na \u010dovekovu okolinu i bacanje vrednih proizvoda, a te\u017eimo i oboga\u0107enju zajednica u kojima poslujemo, da bismo iza sebe ostavili bolji svet za budu\u0107e generacije koje \u0107e u njemu [&hellip;]\" \/>\n<meta property=\"og:url\" content=\"https:\/\/bigbags.com\/sr\/odrzivost\/\" \/>\n<meta property=\"og:site_name\" content=\"Bigbags.com\" \/>\n<meta property=\"article:modified_time\" content=\"2017-01-31T13:47:20+00:00\" \/>\n<meta name=\"twitter:card\" content=\"summary\" \/>\n<meta name=\"twitter:label1\" content=\"\u041f\u0440\u043e\u0446\u0435\u045a\u0435\u043d\u043e \u0432\u0440\u0435\u043c\u0435 \u0447\u0438\u0442\u0430\u045a\u0430\" \/>\n\t<meta name=\"twitter:data1\" content=\"2 \u043c\u0438\u043d\u0443\u0442\u0430\" \/>\n<script type=\"application\/ld+json\" class=\"yoast-schema-graph\">{\"@context\":\"https:\/\/schema.org\",\"@graph\":[{\"@type\":\"WebSite\",\"@id\":\"https:\/\/bigbags.com\/#website\",\"url\":\"https:\/\/bigbags.com\/\",\"name\":\"Bigbags.com\",\"description\":\"En nog een WordPress site\",\"potentialAction\":[{\"@type\":\"SearchAction\",\"target\":{\"@type\":\"EntryPoint\",\"urlTemplate\":\"https:\/\/bigbags.com\/?s={search_term_string}\"},\"query-input\":\"required name=search_term_string\"}],\"inLanguage\":\"sr-RS\"},{\"@type\":\"WebPage\",\"@id\":\"https:\/\/bigbags.com\/sr\/odrzivost\/#webpage\",\"url\":\"https:\/\/bigbags.com\/sr\/odrzivost\/\",\"name\":\"Odr\u017eivost &ndash; Bigbags.com\",\"isPartOf\":{\"@id\":\"https:\/\/bigbags.com\/#website\"},\"datePublished\":\"2017-01-31T13:28:12+00:00\",\"dateModified\":\"2017-01-31T13:47:20+00:00\",\"breadcrumb\":{\"@id\":\"https:\/\/bigbags.com\/sr\/odrzivost\/#breadcrumb\"},\"inLanguage\":\"sr-RS\",\"potentialAction\":[{\"@type\":\"ReadAction\",\"target\":[\"https:\/\/bigbags.com\/sr\/odrzivost\/\"]}]},{\"@type\":\"BreadcrumbList\",\"@id\":\"https:\/\/bigbags.com\/sr\/odrzivost\/#breadcrumb\",\"itemListElement\":[{\"@type\":\"ListItem\",\"position\":1,\"name\":\"Home\",\"item\":\"https:\/\/bigbags.com\/sr\/\"},{\"@type\":\"ListItem\",\"position\":2,\"name\":\"Odr\u017eivost\"}]}]}<\/script>\n<!-- \/ Yoast SEO plugin. -->","yoast_head_json":{"title":"Odr\u017eivost &ndash; Bigbags.com","robots":{"index":"index","follow":"follow","max-snippet":"max-snippet:-1","max-image-preview":"max-image-preview:large","max-video-preview":"max-video-preview:-1"},"canonical":"https:\/\/bigbags.com\/sr\/odrzivost\/","og_locale":"sr_RS","og_type":"article","og_title":"Odr\u017eivost &ndash; Bigbags.com","og_description":"Odr\u017eivost Sustainability Na\u0161a vizija jeste da uklju\u010dimo sve na\u0161e interesne grupe u \u017eelji da pru\u017eimo odr\u017eiva re\u0161enja za pakovanje, dok istovremeno na najmanju meru svodimo uticaj na \u010dovekovu okolinu i bacanje vrednih proizvoda, a te\u017eimo i oboga\u0107enju zajednica u kojima poslujemo, da bismo iza sebe ostavili bolji svet za budu\u0107e generacije koje \u0107e u njemu [&hellip;]","og_url":"https:\/\/bigbags.com\/sr\/odrzivost\/","og_site_name":"Bigbags.com","article_modified_time":"2017-01-31T13:47:20+00:00","twitter_card":"summary","twitter_misc":{"\u041f\u0440\u043e\u0446\u0435\u045a\u0435\u043d\u043e \u0432\u0440\u0435\u043c\u0435 \u0447\u0438\u0442\u0430\u045a\u0430":"2 \u043c\u0438\u043d\u0443\u0442\u0430"},"schema":{"@context":"https:\/\/schema.org","@graph":[{"@type":"WebSite","@id":"https:\/\/bigbags.com\/#website","url":"https:\/\/bigbags.com\/","name":"Bigbags.com","description":"En nog een WordPress site","potentialAction":[{"@type":"SearchAction","target":{"@type":"EntryPoint","urlTemplate":"https:\/\/bigbags.com\/?s={search_term_string}"},"query-input":"required name=search_term_string"}],"inLanguage":"sr-RS"},{"@type":"WebPage","@id":"https:\/\/bigbags.com\/sr\/odrzivost\/#webpage","url":"https:\/\/bigbags.com\/sr\/odrzivost\/","name":"Odr\u017eivost &ndash; Bigbags.com","isPartOf":{"@id":"https:\/\/bigbags.com\/#website"},"datePublished":"2017-01-31T13:28:12+00:00","dateModified":"2017-01-31T13:47:20+00:00","breadcrumb":{"@id":"https:\/\/bigbags.com\/sr\/odrzivost\/#breadcrumb"},"inLanguage":"sr-RS","potentialAction":[{"@type":"ReadAction","target":["https:\/\/bigbags.com\/sr\/odrzivost\/"]}]},{"@type":"BreadcrumbList","@id":"https:\/\/bigbags.com\/sr\/odrzivost\/#breadcrumb","itemListElement":[{"@type":"ListItem","position":1,"name":"Home","item":"https:\/\/bigbags.com\/sr\/"},{"@type":"ListItem","position":2,"name":"Odr\u017eivost"}]}]}},"_links":{"self":[{"href":"https:\/\/bigbags.com\/sr\/wp-json\/wp\/v2\/pages\/1837"}],"collection":[{"href":"https:\/\/bigbags.com\/sr\/wp-json\/wp\/v2\/pages"}],"about":[{"href":"https:\/\/bigbags.com\/sr\/wp-json\/wp\/v2\/types\/page"}],"author":[{"embeddable":true,"href":"https:\/\/bigbags.com\/sr\/wp-json\/wp\/v2\/users\/1"}],"replies":[{"embeddable":true,"href":"https:\/\/bigbags.com\/sr\/wp-json\/wp\/v2\/comments?post=1837"}],"version-history":[{"count":2,"href":"https:\/\/bigbags.com\/sr\/wp-json\/wp\/v2\/pages\/1837\/revisions"}],"predecessor-version":[{"id":1843,"href":"https:\/\/bigbags.com\/sr\/wp-json\/wp\/v2\/pages\/1837\/revisions\/1843"}],"wp:attachment":[{"href":"https:\/\/bigbags.com\/sr\/wp-json\/wp\/v2\/media?parent=1837"}],"curies":[{"name":"wp","href":"https:\/\/api.w.org\/{rel}","templated":true}]}}