{"id":2225,"date":"2017-03-16T12:29:45","date_gmt":"2017-03-16T11:29:45","guid":{"rendered":"http:\/\/bigbags.com\/?page_id=2225\/"},"modified":"2017-03-16T14:39:46","modified_gmt":"2017-03-16T13:39:46","slug":"haallbarhet","status":"publish","type":"page","link":"https:\/\/bigbags.com\/sv\/haallbarhet\/","title":{"rendered":"H\u00e5llbarhet"},"content":{"rendered":"<h1>H\u00e5llbarhet<\/h1>\n<p><p class=\"lead\">Inget f\u00f6retag kan skapa ett gott rykte kring det, som de t\u00e4nker g\u00f6ra. Det kan endast g\u00f6ras kring det, som f\u00f6retaget redan har uppn\u00e5tt. Oavsett vad vi g\u00f6r, f\u00f6rs\u00f6ker vi g\u00f6ra det r\u00e4tta.<\/p><br \/>\nV\u00e5r vision best\u00e5r av att g\u00f6ra alla intressenter delaktiga i v\u00e5r str\u00e4van efter att tillhandah\u00e5lla h\u00e5llbara f\u00f6rpackningsl\u00f6sningar och samtidigt minimera v\u00e5r inverkan p\u00e5 milj\u00f6n och sl\u00f6seriet med v\u00e4rdefulla produkter. Vi arbetar \u00e4ven f\u00f6r att berika de samh\u00e4llen, d\u00e4r vi \u00e4r verksamma och d\u00e4rigenom skapa en b\u00e4ttre v\u00e4rld, som framtida generationer kan njuta av.<\/p>\n<p>Tillsammans med v\u00e5ra partner str\u00e4var vi efter att bidra till de globala m\u00e5len f\u00f6r h\u00e5llbar utveckling genom att s\u00e4kerst\u00e4lla:<\/p>\n<ul>\n<li>En h\u00e5llbar leveranskedja, inklusive h\u00e5llbar anskaffning och produktion<\/li>\n<li>V\u00e4lbefinnandet f\u00f6r v\u00e5r personal och de samh\u00e4llen, d\u00e4r vi \u00e4r verksamma<\/li>\n<li>Minimerad inverkan p\u00e5 milj\u00f6n<\/li>\n<li>H\u00e5llbara f\u00f6rpackningsl\u00f6sningar och innovation<\/li>\n<\/ul>\n<p>Vi samarbetar med v\u00e5ra kunder med avseende p\u00e5 gemensamma v\u00e4rderingar, normer och ansvarsomr\u00e5den, i syfte att s\u00e4kerst\u00e4lla att hela kedjan efterlever marknadens h\u00e5llbarhetskrav. Vi str\u00e4var efter att uppfylla eller \u00f6vertr\u00e4ffa slutanv\u00e4ndarnas f\u00f6rv\u00e4ntningar och leverera konkurrensf\u00f6rdelar.<\/p>\n<p>Under 2016 grundade LC Packaging v\u00e4lg\u00f6renhetsstiftelsen <a href=\"http:\/\/www.lcsupportsfoundation.com\/#first\">LC Supports Foundation<\/a>. M\u00e5ls\u00e4ttningen med denna stiftelse \u00e4r att bidra till f\u00f6rb\u00e4ttringar av v\u00e4lbefinnandet och milj\u00f6n i l\u00e4nder och lokala samh\u00e4llen, d\u00e4r LC Packaging \u00e4r etablerat.<\/p>\n<p>LC Packaging \u00e4r certifierat enligt SA8000, EcoVadis, ISO 14001 och OHSAS 18001 och vi \u00e4r dessutom medlem i FN:s Global Compact. V\u00e5r koncernwebbplats inneh\u00e5ller mer information om <a href=\"http:\/\/se.lcpackaging.com\/hallbarhet\">h\u00e5llbarhet<\/a>.<\/p>\n<hr \/>\n<h2><\/h2>\n<h2>LC Packagings video om h\u00e5llbarhet<\/h2>\n<p><iframe loading=\"lazy\" src=\"https:\/\/www.youtube.com\/embed\/Y0HjsysGXpo\" width=\"100%\" height=\"444\" frameborder=\"0\" allowfullscreen=\"allowfullscreen\"><\/iframe><\/p>\n","protected":false},"excerpt":{"rendered":"<p>H\u00e5llbarhet V\u00e5r vision best\u00e5r av att g\u00f6ra alla intressenter delaktiga i v\u00e5r str\u00e4van efter att tillhandah\u00e5lla h\u00e5llbara f\u00f6rpackningsl\u00f6sningar och samtidigt minimera v\u00e5r inverkan p\u00e5 milj\u00f6n och sl\u00f6seriet med v\u00e4rdefulla produkter. Vi arbetar \u00e4ven f\u00f6r att berika de samh\u00e4llen, d\u00e4r vi \u00e4r verksamma och d\u00e4rigenom skapa en b\u00e4ttre v\u00e4rld, som framtida generationer kan njuta av. Tillsammans [&hellip;]<\/p>\n","protected":false},"author":1,"featured_media":0,"parent":0,"menu_order":0,"comment_status":"closed","ping_status":"closed","template":"","meta":{"inline_featured_image":false},"yoast_head":"<!-- This site is optimized with the Yoast SEO plugin v18.6 - https:\/\/yoast.com\/wordpress\/plugins\/seo\/ -->\n<title>H\u00e5llbarhet &ndash; Bigbags.com<\/title>\n<meta name=\"robots\" content=\"index, follow, max-snippet:-1, max-image-preview:large, max-video-preview:-1\" \/>\n<link rel=\"canonical\" href=\"https:\/\/bigbags.com\/sv\/haallbarhet\/\" \/>\n<meta property=\"og:locale\" content=\"sv_SE\" \/>\n<meta property=\"og:type\" content=\"article\" \/>\n<meta property=\"og:title\" content=\"H\u00e5llbarhet &ndash; Bigbags.com\" \/>\n<meta property=\"og:description\" content=\"H\u00e5llbarhet V\u00e5r vision best\u00e5r av att g\u00f6ra alla intressenter delaktiga i v\u00e5r str\u00e4van efter att tillhandah\u00e5lla h\u00e5llbara f\u00f6rpackningsl\u00f6sningar och samtidigt minimera v\u00e5r inverkan p\u00e5 milj\u00f6n och sl\u00f6seriet med v\u00e4rdefulla produkter. Vi arbetar \u00e4ven f\u00f6r att berika de samh\u00e4llen, d\u00e4r vi \u00e4r verksamma och d\u00e4rigenom skapa en b\u00e4ttre v\u00e4rld, som framtida generationer kan njuta av. Tillsammans [&hellip;]\" \/>\n<meta property=\"og:url\" content=\"https:\/\/bigbags.com\/sv\/haallbarhet\/\" \/>\n<meta property=\"og:site_name\" content=\"Bigbags.com\" \/>\n<meta property=\"article:modified_time\" content=\"2017-03-16T13:39:46+00:00\" \/>\n<meta name=\"twitter:card\" content=\"summary\" \/>\n<meta name=\"twitter:label1\" content=\"Ber\u00e4knad l\u00e4stid\" \/>\n\t<meta name=\"twitter:data1\" content=\"2 minuter\" \/>\n<script type=\"application\/ld+json\" class=\"yoast-schema-graph\">{\"@context\":\"https:\/\/schema.org\",\"@graph\":[{\"@type\":\"WebSite\",\"@id\":\"https:\/\/bigbags.com\/#website\",\"url\":\"https:\/\/bigbags.com\/\",\"name\":\"Bigbags.com\",\"description\":\"En nog een WordPress site\",\"potentialAction\":[{\"@type\":\"SearchAction\",\"target\":{\"@type\":\"EntryPoint\",\"urlTemplate\":\"https:\/\/bigbags.com\/?s={search_term_string}\"},\"query-input\":\"required name=search_term_string\"}],\"inLanguage\":\"sv-SE\"},{\"@type\":\"WebPage\",\"@id\":\"https:\/\/bigbags.com\/sv\/haallbarhet\/#webpage\",\"url\":\"https:\/\/bigbags.com\/sv\/haallbarhet\/\",\"name\":\"H\u00e5llbarhet &ndash; Bigbags.com\",\"isPartOf\":{\"@id\":\"https:\/\/bigbags.com\/#website\"},\"datePublished\":\"2017-03-16T11:29:45+00:00\",\"dateModified\":\"2017-03-16T13:39:46+00:00\",\"breadcrumb\":{\"@id\":\"https:\/\/bigbags.com\/sv\/haallbarhet\/#breadcrumb\"},\"inLanguage\":\"sv-SE\",\"potentialAction\":[{\"@type\":\"ReadAction\",\"target\":[\"https:\/\/bigbags.com\/sv\/haallbarhet\/\"]}]},{\"@type\":\"BreadcrumbList\",\"@id\":\"https:\/\/bigbags.com\/sv\/haallbarhet\/#breadcrumb\",\"itemListElement\":[{\"@type\":\"ListItem\",\"position\":1,\"name\":\"Home\",\"item\":\"https:\/\/bigbags.com\/sv\/\"},{\"@type\":\"ListItem\",\"position\":2,\"name\":\"H\u00e5llbarhet\"}]}]}<\/script>\n<!-- \/ Yoast SEO plugin. -->","yoast_head_json":{"title":"H\u00e5llbarhet &ndash; Bigbags.com","robots":{"index":"index","follow":"follow","max-snippet":"max-snippet:-1","max-image-preview":"max-image-preview:large","max-video-preview":"max-video-preview:-1"},"canonical":"https:\/\/bigbags.com\/sv\/haallbarhet\/","og_locale":"sv_SE","og_type":"article","og_title":"H\u00e5llbarhet &ndash; Bigbags.com","og_description":"H\u00e5llbarhet V\u00e5r vision best\u00e5r av att g\u00f6ra alla intressenter delaktiga i v\u00e5r str\u00e4van efter att tillhandah\u00e5lla h\u00e5llbara f\u00f6rpackningsl\u00f6sningar och samtidigt minimera v\u00e5r inverkan p\u00e5 milj\u00f6n och sl\u00f6seriet med v\u00e4rdefulla produkter. Vi arbetar \u00e4ven f\u00f6r att berika de samh\u00e4llen, d\u00e4r vi \u00e4r verksamma och d\u00e4rigenom skapa en b\u00e4ttre v\u00e4rld, som framtida generationer kan njuta av. Tillsammans [&hellip;]","og_url":"https:\/\/bigbags.com\/sv\/haallbarhet\/","og_site_name":"Bigbags.com","article_modified_time":"2017-03-16T13:39:46+00:00","twitter_card":"summary","twitter_misc":{"Ber\u00e4knad l\u00e4stid":"2 minuter"},"schema":{"@context":"https:\/\/schema.org","@graph":[{"@type":"WebSite","@id":"https:\/\/bigbags.com\/#website","url":"https:\/\/bigbags.com\/","name":"Bigbags.com","description":"En nog een WordPress site","potentialAction":[{"@type":"SearchAction","target":{"@type":"EntryPoint","urlTemplate":"https:\/\/bigbags.com\/?s={search_term_string}"},"query-input":"required name=search_term_string"}],"inLanguage":"sv-SE"},{"@type":"WebPage","@id":"https:\/\/bigbags.com\/sv\/haallbarhet\/#webpage","url":"https:\/\/bigbags.com\/sv\/haallbarhet\/","name":"H\u00e5llbarhet &ndash; Bigbags.com","isPartOf":{"@id":"https:\/\/bigbags.com\/#website"},"datePublished":"2017-03-16T11:29:45+00:00","dateModified":"2017-03-16T13:39:46+00:00","breadcrumb":{"@id":"https:\/\/bigbags.com\/sv\/haallbarhet\/#breadcrumb"},"inLanguage":"sv-SE","potentialAction":[{"@type":"ReadAction","target":["https:\/\/bigbags.com\/sv\/haallbarhet\/"]}]},{"@type":"BreadcrumbList","@id":"https:\/\/bigbags.com\/sv\/haallbarhet\/#breadcrumb","itemListElement":[{"@type":"ListItem","position":1,"name":"Home","item":"https:\/\/bigbags.com\/sv\/"},{"@type":"ListItem","position":2,"name":"H\u00e5llbarhet"}]}]}},"_links":{"self":[{"href":"https:\/\/bigbags.com\/sv\/wp-json\/wp\/v2\/pages\/2225"}],"collection":[{"href":"https:\/\/bigbags.com\/sv\/wp-json\/wp\/v2\/pages"}],"about":[{"href":"https:\/\/bigbags.com\/sv\/wp-json\/wp\/v2\/types\/page"}],"author":[{"embeddable":true,"href":"https:\/\/bigbags.com\/sv\/wp-json\/wp\/v2\/users\/1"}],"replies":[{"embeddable":true,"href":"https:\/\/bigbags.com\/sv\/wp-json\/wp\/v2\/comments?post=2225"}],"version-history":[{"count":1,"href":"https:\/\/bigbags.com\/sv\/wp-json\/wp\/v2\/pages\/2225\/revisions"}],"predecessor-version":[{"id":2227,"href":"https:\/\/bigbags.com\/sv\/wp-json\/wp\/v2\/pages\/2225\/revisions\/2227"}],"wp:attachment":[{"href":"https:\/\/bigbags.com\/sv\/wp-json\/wp\/v2\/media?parent=2225"}],"curies":[{"name":"wp","href":"https:\/\/api.w.org\/{rel}","templated":true}]}}