{"id":2241,"date":"2017-03-16T14:09:59","date_gmt":"2017-03-16T13:09:59","guid":{"rendered":"http:\/\/bigbags.com\/?page_id=2241\/"},"modified":"2017-03-16T14:51:37","modified_gmt":"2017-03-16T13:51:37","slug":"vaara-expertraad-om-arbete-med-storsaeckar","status":"publish","type":"page","link":"https:\/\/bigbags.com\/sv\/varfoer-vaara-storsaeckar\/vaara-expertraad-om-arbete-med-storsaeckar\/","title":{"rendered":"V\u00e5ra expertr\u00e5d om arbete med stors\u00e4ckar"},"content":{"rendered":"<h2>Tips fr\u00e5n v\u00e5ra experter p\u00e5 stors\u00e4ckar<\/h2>\n<p><p class=\"lead\">Stors\u00e4ckar (bulks\u00e4ckar\/big bags\/jumbos\u00e4ckar) blir kontinuerligt alltmer popul\u00e4ra.<\/p><br \/>\nDen stora m\u00e5ngsidigheten inneb\u00e4r att detta inte borde komma som en \u00f6verraskning: en stors\u00e4ck kan anv\u00e4ndas p\u00e5 m\u00e5nga olika s\u00e4tt och b\u00e4ra upp till ett tusen g\u00e5nger sin egen vikt, upp till ca 2500 kg per stors\u00e4ck. Hos LC Packaging f\u00f6rst\u00e5r vi hur viktigt det \u00e4r att v\u00e5ra kunder anv\u00e4nder sina stors\u00e4ckar p\u00e5 ett korrekt s\u00e4tt f\u00f6r att s\u00e4kerst\u00e4lla att transport, lastning och lossning sker p\u00e5 ett s\u00e4kert s\u00e4tt. V\u00e5ra experter har tagit fram f\u00f6ljande r\u00e5d och tips om hur man f\u00e5r ut st\u00f6rsta m\u00f6jliga nytta vid anv\u00e4ndningen av stors\u00e4ckar:<\/p>\n<p><a class=\"btn btnfilled\" href=\"http:\/\/bigbags.com\/sv\/kontakta\/\"> Kontakta v\u00e5ra experter<\/a><\/p>\n<p>&nbsp;<\/p>\n","protected":false},"excerpt":{"rendered":"<p>Tips fr\u00e5n v\u00e5ra experter p\u00e5 stors\u00e4ckar Den stora m\u00e5ngsidigheten inneb\u00e4r att detta inte borde komma som en \u00f6verraskning: en stors\u00e4ck kan anv\u00e4ndas p\u00e5 m\u00e5nga olika s\u00e4tt och b\u00e4ra upp till ett tusen g\u00e5nger sin egen vikt, upp till ca 2500 kg per stors\u00e4ck. Hos LC Packaging f\u00f6rst\u00e5r vi hur viktigt det \u00e4r att v\u00e5ra kunder [&hellip;]<\/p>\n","protected":false},"author":1,"featured_media":0,"parent":2228,"menu_order":0,"comment_status":"closed","ping_status":"closed","template":"page-tips.php","meta":{"inline_featured_image":false},"yoast_head":"<!-- This site is optimized with the Yoast SEO plugin v18.6 - https:\/\/yoast.com\/wordpress\/plugins\/seo\/ -->\n<title>V\u00e5ra expertr\u00e5d om arbete med stors\u00e4ckar &ndash; Bigbags.com<\/title>\n<meta name=\"robots\" content=\"index, follow, max-snippet:-1, max-image-preview:large, max-video-preview:-1\" \/>\n<link rel=\"canonical\" href=\"https:\/\/bigbags.com\/sv\/varfoer-vaara-storsaeckar\/vaara-expertraad-om-arbete-med-storsaeckar\/\" \/>\n<meta property=\"og:locale\" content=\"sv_SE\" \/>\n<meta property=\"og:type\" content=\"article\" \/>\n<meta property=\"og:title\" content=\"V\u00e5ra expertr\u00e5d om arbete med stors\u00e4ckar &ndash; Bigbags.com\" \/>\n<meta property=\"og:description\" content=\"Tips fr\u00e5n v\u00e5ra experter p\u00e5 stors\u00e4ckar Den stora m\u00e5ngsidigheten inneb\u00e4r att detta inte borde komma som en \u00f6verraskning: en stors\u00e4ck kan anv\u00e4ndas p\u00e5 m\u00e5nga olika s\u00e4tt och b\u00e4ra upp till ett tusen g\u00e5nger sin egen vikt, upp till ca 2500 kg per stors\u00e4ck. Hos LC Packaging f\u00f6rst\u00e5r vi hur viktigt det \u00e4r att v\u00e5ra kunder [&hellip;]\" \/>\n<meta property=\"og:url\" content=\"https:\/\/bigbags.com\/sv\/varfoer-vaara-storsaeckar\/vaara-expertraad-om-arbete-med-storsaeckar\/\" \/>\n<meta property=\"og:site_name\" content=\"Bigbags.com\" \/>\n<meta property=\"article:modified_time\" content=\"2017-03-16T13:51:37+00:00\" \/>\n<meta name=\"twitter:card\" content=\"summary\" \/>\n<meta name=\"twitter:label1\" content=\"Ber\u00e4knad l\u00e4stid\" \/>\n\t<meta name=\"twitter:data1\" content=\"1 minut\" \/>\n<script type=\"application\/ld+json\" class=\"yoast-schema-graph\">{\"@context\":\"https:\/\/schema.org\",\"@graph\":[{\"@type\":\"WebSite\",\"@id\":\"https:\/\/bigbags.com\/#website\",\"url\":\"https:\/\/bigbags.com\/\",\"name\":\"Bigbags.com\",\"description\":\"En nog een WordPress site\",\"potentialAction\":[{\"@type\":\"SearchAction\",\"target\":{\"@type\":\"EntryPoint\",\"urlTemplate\":\"https:\/\/bigbags.com\/?s={search_term_string}\"},\"query-input\":\"required name=search_term_string\"}],\"inLanguage\":\"sv-SE\"},{\"@type\":\"WebPage\",\"@id\":\"https:\/\/bigbags.com\/sv\/varfoer-vaara-storsaeckar\/vaara-expertraad-om-arbete-med-storsaeckar\/#webpage\",\"url\":\"https:\/\/bigbags.com\/sv\/varfoer-vaara-storsaeckar\/vaara-expertraad-om-arbete-med-storsaeckar\/\",\"name\":\"V\u00e5ra expertr\u00e5d om arbete med stors\u00e4ckar &ndash; Bigbags.com\",\"isPartOf\":{\"@id\":\"https:\/\/bigbags.com\/#website\"},\"datePublished\":\"2017-03-16T13:09:59+00:00\",\"dateModified\":\"2017-03-16T13:51:37+00:00\",\"breadcrumb\":{\"@id\":\"https:\/\/bigbags.com\/sv\/varfoer-vaara-storsaeckar\/vaara-expertraad-om-arbete-med-storsaeckar\/#breadcrumb\"},\"inLanguage\":\"sv-SE\",\"potentialAction\":[{\"@type\":\"ReadAction\",\"target\":[\"https:\/\/bigbags.com\/sv\/varfoer-vaara-storsaeckar\/vaara-expertraad-om-arbete-med-storsaeckar\/\"]}]},{\"@type\":\"BreadcrumbList\",\"@id\":\"https:\/\/bigbags.com\/sv\/varfoer-vaara-storsaeckar\/vaara-expertraad-om-arbete-med-storsaeckar\/#breadcrumb\",\"itemListElement\":[{\"@type\":\"ListItem\",\"position\":1,\"name\":\"Home\",\"item\":\"https:\/\/bigbags.com\/sv\/\"},{\"@type\":\"ListItem\",\"position\":2,\"name\":\"Varf\u00f6r v\u00e5ra stors\u00e4ckar\",\"item\":\"https:\/\/bigbags.com\/sv\/varfoer-vaara-storsaeckar\/\"},{\"@type\":\"ListItem\",\"position\":3,\"name\":\"V\u00e5ra expertr\u00e5d om arbete med stors\u00e4ckar\"}]}]}<\/script>\n<!-- \/ Yoast SEO plugin. -->","yoast_head_json":{"title":"V\u00e5ra expertr\u00e5d om arbete med stors\u00e4ckar &ndash; Bigbags.com","robots":{"index":"index","follow":"follow","max-snippet":"max-snippet:-1","max-image-preview":"max-image-preview:large","max-video-preview":"max-video-preview:-1"},"canonical":"https:\/\/bigbags.com\/sv\/varfoer-vaara-storsaeckar\/vaara-expertraad-om-arbete-med-storsaeckar\/","og_locale":"sv_SE","og_type":"article","og_title":"V\u00e5ra expertr\u00e5d om arbete med stors\u00e4ckar &ndash; Bigbags.com","og_description":"Tips fr\u00e5n v\u00e5ra experter p\u00e5 stors\u00e4ckar Den stora m\u00e5ngsidigheten inneb\u00e4r att detta inte borde komma som en \u00f6verraskning: en stors\u00e4ck kan anv\u00e4ndas p\u00e5 m\u00e5nga olika s\u00e4tt och b\u00e4ra upp till ett tusen g\u00e5nger sin egen vikt, upp till ca 2500 kg per stors\u00e4ck. Hos LC Packaging f\u00f6rst\u00e5r vi hur viktigt det \u00e4r att v\u00e5ra kunder [&hellip;]","og_url":"https:\/\/bigbags.com\/sv\/varfoer-vaara-storsaeckar\/vaara-expertraad-om-arbete-med-storsaeckar\/","og_site_name":"Bigbags.com","article_modified_time":"2017-03-16T13:51:37+00:00","twitter_card":"summary","twitter_misc":{"Ber\u00e4knad l\u00e4stid":"1 minut"},"schema":{"@context":"https:\/\/schema.org","@graph":[{"@type":"WebSite","@id":"https:\/\/bigbags.com\/#website","url":"https:\/\/bigbags.com\/","name":"Bigbags.com","description":"En nog een WordPress site","potentialAction":[{"@type":"SearchAction","target":{"@type":"EntryPoint","urlTemplate":"https:\/\/bigbags.com\/?s={search_term_string}"},"query-input":"required name=search_term_string"}],"inLanguage":"sv-SE"},{"@type":"WebPage","@id":"https:\/\/bigbags.com\/sv\/varfoer-vaara-storsaeckar\/vaara-expertraad-om-arbete-med-storsaeckar\/#webpage","url":"https:\/\/bigbags.com\/sv\/varfoer-vaara-storsaeckar\/vaara-expertraad-om-arbete-med-storsaeckar\/","name":"V\u00e5ra expertr\u00e5d om arbete med stors\u00e4ckar &ndash; Bigbags.com","isPartOf":{"@id":"https:\/\/bigbags.com\/#website"},"datePublished":"2017-03-16T13:09:59+00:00","dateModified":"2017-03-16T13:51:37+00:00","breadcrumb":{"@id":"https:\/\/bigbags.com\/sv\/varfoer-vaara-storsaeckar\/vaara-expertraad-om-arbete-med-storsaeckar\/#breadcrumb"},"inLanguage":"sv-SE","potentialAction":[{"@type":"ReadAction","target":["https:\/\/bigbags.com\/sv\/varfoer-vaara-storsaeckar\/vaara-expertraad-om-arbete-med-storsaeckar\/"]}]},{"@type":"BreadcrumbList","@id":"https:\/\/bigbags.com\/sv\/varfoer-vaara-storsaeckar\/vaara-expertraad-om-arbete-med-storsaeckar\/#breadcrumb","itemListElement":[{"@type":"ListItem","position":1,"name":"Home","item":"https:\/\/bigbags.com\/sv\/"},{"@type":"ListItem","position":2,"name":"Varf\u00f6r v\u00e5ra stors\u00e4ckar","item":"https:\/\/bigbags.com\/sv\/varfoer-vaara-storsaeckar\/"},{"@type":"ListItem","position":3,"name":"V\u00e5ra expertr\u00e5d om arbete med stors\u00e4ckar"}]}]}},"_links":{"self":[{"href":"https:\/\/bigbags.com\/sv\/wp-json\/wp\/v2\/pages\/2241"}],"collection":[{"href":"https:\/\/bigbags.com\/sv\/wp-json\/wp\/v2\/pages"}],"about":[{"href":"https:\/\/bigbags.com\/sv\/wp-json\/wp\/v2\/types\/page"}],"author":[{"embeddable":true,"href":"https:\/\/bigbags.com\/sv\/wp-json\/wp\/v2\/users\/1"}],"replies":[{"embeddable":true,"href":"https:\/\/bigbags.com\/sv\/wp-json\/wp\/v2\/comments?post=2241"}],"version-history":[{"count":2,"href":"https:\/\/bigbags.com\/sv\/wp-json\/wp\/v2\/pages\/2241\/revisions"}],"predecessor-version":[{"id":2274,"href":"https:\/\/bigbags.com\/sv\/wp-json\/wp\/v2\/pages\/2241\/revisions\/2274"}],"up":[{"embeddable":true,"href":"https:\/\/bigbags.com\/sv\/wp-json\/wp\/v2\/pages\/2228"}],"wp:attachment":[{"href":"https:\/\/bigbags.com\/sv\/wp-json\/wp\/v2\/media?parent=2241"}],"curies":[{"name":"wp","href":"https:\/\/api.w.org\/{rel}","templated":true}]}}